{"id":154877,"date":"2022-03-21T12:21:07","date_gmt":"2022-03-21T11:21:07","guid":{"rendered":"https:\/\/www.rimadesio.it\/collection-finitions\/"},"modified":"2022-04-05T17:15:20","modified_gmt":"2022-04-05T15:15:20","slug":"collection-finitions","status":"publish","type":"page","link":"https:\/\/www.rimadesio.it\/fr\/philosophie\/collection-finitions\/","title":{"rendered":"Collection finitions"},"content":{"rendered":"<p>Au verre et \u00e0 l&#8217;aluminium s&#8217;ajoutent aujourd&#8217;hui de nouveaux mat\u00e9riaux, s\u00e9lectionn\u00e9s avec des logiques pr\u00e9cises : de style et d&#8217;esth\u00e9tique dans le cas du marbre, bois et tissus ; d&#8217;opportunit\u00e9 environnementale par rapport \u00e0 des propositions de nouvelle conception comme le Lites, le similicuir et les m\u00e9lamin\u00e9s.<\/p>\n","protected":false},"excerpt":{"rendered":"<p>Au verre et \u00e0 l&#8217;aluminium s&#8217;ajoutent aujourd&#8217;hui de nouveaux mat\u00e9riaux, s\u00e9lectionn\u00e9s avec des logiques pr\u00e9cises : de style et d&#8217;esth\u00e9tique dans le cas du marbre, bois et tissus ; d&#8217;opportunit\u00e9 environnementale par rapport \u00e0 des propositions de nouvelle conception comme le Lites, le similicuir et les m\u00e9lamin\u00e9s.<\/p>\n","protected":false},"author":65156,"featured_media":151290,"parent":154880,"menu_order":221,"comment_status":"closed","ping_status":"closed","template":"","meta":{"inline_featured_image":false},"acf":[],"yoast_head":"<!-- This site is optimized with the Yoast SEO plugin v20.4 - https:\/\/yoast.com\/wordpress\/plugins\/seo\/ -->\n<title>Collection finitions - Rimadesio<\/title>\n<meta name=\"description\" content=\"Au verre et \u00e0 l&#039;aluminium s&#039;ajoutent aujourd&#039;hui de nouveaux mat\u00e9riaux, s\u00e9lectionn\u00e9s avec des logiques pr\u00e9cises : de style et d&#039;esth\u00e9tique dans le cas du\" \/>\n<meta name=\"robots\" content=\"index, follow, max-snippet:-1, max-image-preview:large, max-video-preview:-1\" \/>\n<link rel=\"canonical\" href=\"https:\/\/www.rimadesio.it\/fr\/philosophie\/collection-finitions\/\" \/>\n<meta property=\"og:locale\" content=\"fr_FR\" \/>\n<meta property=\"og:type\" content=\"article\" \/>\n<meta property=\"og:title\" content=\"Collection finitions - Rimadesio\" \/>\n<meta property=\"og:description\" content=\"Au verre et \u00e0 l&#039;aluminium s&#039;ajoutent aujourd&#039;hui de nouveaux mat\u00e9riaux, s\u00e9lectionn\u00e9s avec des logiques pr\u00e9cises : de style et d&#039;esth\u00e9tique dans le cas du\" \/>\n<meta property=\"og:url\" content=\"https:\/\/www.rimadesio.it\/fr\/philosophie\/collection-finitions\/\" \/>\n<meta property=\"og:site_name\" content=\"Rimadesio\" \/>\n<meta property=\"article:modified_time\" content=\"2022-04-05T15:15:20+00:00\" \/>\n<meta property=\"og:image\" content=\"https:\/\/static.rimadesio.it\/media\/2021\/08\/5-rimadesio-materialifiniture.jpg\" \/>\n\t<meta property=\"og:image:width\" content=\"1920\" \/>\n\t<meta property=\"og:image:height\" content=\"1280\" \/>\n\t<meta property=\"og:image:type\" content=\"image\/jpeg\" \/>\n<meta name=\"twitter:card\" content=\"summary_large_image\" \/>\n<script type=\"application\/ld+json\" class=\"yoast-schema-graph\">{\"@context\":\"https:\/\/schema.org\",\"@graph\":[{\"@type\":\"WebPage\",\"@id\":\"https:\/\/www.rimadesio.it\/fr\/philosophie\/collection-finitions\/\",\"url\":\"https:\/\/www.rimadesio.it\/fr\/philosophie\/collection-finitions\/\",\"name\":\"Collection finitions - Rimadesio\",\"isPartOf\":{\"@id\":\"https:\/\/www.rimadesio.it\/fr\/#website\"},\"datePublished\":\"2022-03-21T11:21:07+00:00\",\"dateModified\":\"2022-04-05T15:15:20+00:00\",\"description\":\"Au verre et \u00e0 l'aluminium s'ajoutent aujourd'hui de nouveaux mat\u00e9riaux, s\u00e9lectionn\u00e9s avec des logiques pr\u00e9cises : de style et d'esth\u00e9tique dans le cas du\",\"breadcrumb\":{\"@id\":\"https:\/\/www.rimadesio.it\/fr\/philosophie\/collection-finitions\/#breadcrumb\"},\"inLanguage\":\"fr-FR\",\"potentialAction\":[{\"@type\":\"ReadAction\",\"target\":[\"https:\/\/www.rimadesio.it\/fr\/philosophie\/collection-finitions\/\"]}]},{\"@type\":\"BreadcrumbList\",\"@id\":\"https:\/\/www.rimadesio.it\/fr\/philosophie\/collection-finitions\/#breadcrumb\",\"itemListElement\":[{\"@type\":\"ListItem\",\"position\":1,\"name\":\"Homepage\",\"item\":\"https:\/\/www.rimadesio.it\/fr\/\"},{\"@type\":\"ListItem\",\"position\":2,\"name\":\"Philosophie\",\"item\":\"https:\/\/www.rimadesio.it\/fr\/philosophie\/\"},{\"@type\":\"ListItem\",\"position\":3,\"name\":\"Collection finitions\"}]},{\"@type\":\"WebSite\",\"@id\":\"https:\/\/www.rimadesio.it\/fr\/#website\",\"url\":\"https:\/\/www.rimadesio.it\/fr\/\",\"name\":\"Rimadesio\",\"description\":\"Rimadesio official website\",\"publisher\":{\"@id\":\"https:\/\/www.rimadesio.it\/fr\/#organization\"},\"potentialAction\":[{\"@type\":\"SearchAction\",\"target\":{\"@type\":\"EntryPoint\",\"urlTemplate\":\"https:\/\/www.rimadesio.it\/fr\/?s={search_term_string}\"},\"query-input\":\"required name=search_term_string\"}],\"inLanguage\":\"fr-FR\"},{\"@type\":\"Organization\",\"@id\":\"https:\/\/www.rimadesio.it\/fr\/#organization\",\"name\":\"Rimadesio\",\"url\":\"https:\/\/www.rimadesio.it\/fr\/\",\"logo\":{\"@type\":\"ImageObject\",\"inLanguage\":\"fr-FR\",\"@id\":\"https:\/\/www.rimadesio.it\/fr\/#\/schema\/logo\/image\/\",\"url\":\"https:\/\/static.rimadesio.it\/media\/2021\/08\/Logo.png\",\"contentUrl\":\"https:\/\/static.rimadesio.it\/media\/2021\/08\/Logo.png\",\"width\":102,\"height\":18,\"caption\":\"Rimadesio\"},\"image\":{\"@id\":\"https:\/\/www.rimadesio.it\/fr\/#\/schema\/logo\/image\/\"}}]}<\/script>\n<!-- \/ Yoast SEO plugin. -->","yoast_head_json":{"title":"Collection finitions - Rimadesio","description":"Au verre et \u00e0 l'aluminium s'ajoutent aujourd'hui de nouveaux mat\u00e9riaux, s\u00e9lectionn\u00e9s avec des logiques pr\u00e9cises : de style et d'esth\u00e9tique dans le cas du","robots":{"index":"index","follow":"follow","max-snippet":"max-snippet:-1","max-image-preview":"max-image-preview:large","max-video-preview":"max-video-preview:-1"},"canonical":"https:\/\/www.rimadesio.it\/fr\/philosophie\/collection-finitions\/","og_locale":"fr_FR","og_type":"article","og_title":"Collection finitions - Rimadesio","og_description":"Au verre et \u00e0 l'aluminium s'ajoutent aujourd'hui de nouveaux mat\u00e9riaux, s\u00e9lectionn\u00e9s avec des logiques pr\u00e9cises : de style et d'esth\u00e9tique dans le cas du","og_url":"https:\/\/www.rimadesio.it\/fr\/philosophie\/collection-finitions\/","og_site_name":"Rimadesio","article_modified_time":"2022-04-05T15:15:20+00:00","og_image":[{"width":1920,"height":1280,"url":"https:\/\/static.rimadesio.it\/media\/2021\/08\/5-rimadesio-materialifiniture.jpg","type":"image\/jpeg"}],"twitter_card":"summary_large_image","schema":{"@context":"https:\/\/schema.org","@graph":[{"@type":"WebPage","@id":"https:\/\/www.rimadesio.it\/fr\/philosophie\/collection-finitions\/","url":"https:\/\/www.rimadesio.it\/fr\/philosophie\/collection-finitions\/","name":"Collection finitions - Rimadesio","isPartOf":{"@id":"https:\/\/www.rimadesio.it\/fr\/#website"},"datePublished":"2022-03-21T11:21:07+00:00","dateModified":"2022-04-05T15:15:20+00:00","description":"Au verre et \u00e0 l'aluminium s'ajoutent aujourd'hui de nouveaux mat\u00e9riaux, s\u00e9lectionn\u00e9s avec des logiques pr\u00e9cises : de style et d'esth\u00e9tique dans le cas du","breadcrumb":{"@id":"https:\/\/www.rimadesio.it\/fr\/philosophie\/collection-finitions\/#breadcrumb"},"inLanguage":"fr-FR","potentialAction":[{"@type":"ReadAction","target":["https:\/\/www.rimadesio.it\/fr\/philosophie\/collection-finitions\/"]}]},{"@type":"BreadcrumbList","@id":"https:\/\/www.rimadesio.it\/fr\/philosophie\/collection-finitions\/#breadcrumb","itemListElement":[{"@type":"ListItem","position":1,"name":"Homepage","item":"https:\/\/www.rimadesio.it\/fr\/"},{"@type":"ListItem","position":2,"name":"Philosophie","item":"https:\/\/www.rimadesio.it\/fr\/philosophie\/"},{"@type":"ListItem","position":3,"name":"Collection finitions"}]},{"@type":"WebSite","@id":"https:\/\/www.rimadesio.it\/fr\/#website","url":"https:\/\/www.rimadesio.it\/fr\/","name":"Rimadesio","description":"Rimadesio official website","publisher":{"@id":"https:\/\/www.rimadesio.it\/fr\/#organization"},"potentialAction":[{"@type":"SearchAction","target":{"@type":"EntryPoint","urlTemplate":"https:\/\/www.rimadesio.it\/fr\/?s={search_term_string}"},"query-input":"required name=search_term_string"}],"inLanguage":"fr-FR"},{"@type":"Organization","@id":"https:\/\/www.rimadesio.it\/fr\/#organization","name":"Rimadesio","url":"https:\/\/www.rimadesio.it\/fr\/","logo":{"@type":"ImageObject","inLanguage":"fr-FR","@id":"https:\/\/www.rimadesio.it\/fr\/#\/schema\/logo\/image\/","url":"https:\/\/static.rimadesio.it\/media\/2021\/08\/Logo.png","contentUrl":"https:\/\/static.rimadesio.it\/media\/2021\/08\/Logo.png","width":102,"height":18,"caption":"Rimadesio"},"image":{"@id":"https:\/\/www.rimadesio.it\/fr\/#\/schema\/logo\/image\/"}}]}},"_links":{"self":[{"href":"https:\/\/www.rimadesio.it\/fr\/wp-json\/wp\/v2\/pages\/154877"}],"collection":[{"href":"https:\/\/www.rimadesio.it\/fr\/wp-json\/wp\/v2\/pages"}],"about":[{"href":"https:\/\/www.rimadesio.it\/fr\/wp-json\/wp\/v2\/types\/page"}],"author":[{"embeddable":true,"href":"https:\/\/www.rimadesio.it\/fr\/wp-json\/wp\/v2\/users\/65156"}],"replies":[{"embeddable":true,"href":"https:\/\/www.rimadesio.it\/fr\/wp-json\/wp\/v2\/comments?post=154877"}],"version-history":[{"count":1,"href":"https:\/\/www.rimadesio.it\/fr\/wp-json\/wp\/v2\/pages\/154877\/revisions"}],"predecessor-version":[{"id":156333,"href":"https:\/\/www.rimadesio.it\/fr\/wp-json\/wp\/v2\/pages\/154877\/revisions\/156333"}],"up":[{"embeddable":true,"href":"https:\/\/www.rimadesio.it\/fr\/wp-json\/wp\/v2\/pages\/154880"}],"wp:featuredmedia":[{"embeddable":true,"href":"https:\/\/www.rimadesio.it\/fr\/wp-json\/wp\/v2\/media\/151290"}],"wp:attachment":[{"href":"https:\/\/www.rimadesio.it\/fr\/wp-json\/wp\/v2\/media?parent=154877"}],"curies":[{"name":"wp","href":"https:\/\/api.w.org\/{rel}","templated":true}]}}