{"id":154875,"date":"2022-03-21T12:19:51","date_gmt":"2022-03-21T11:19:51","guid":{"rendered":"https:\/\/www.rimadesio.it\/about-us\/"},"modified":"2024-11-15T16:31:05","modified_gmt":"2024-11-15T15:31:05","slug":"about-us","status":"publish","type":"page","link":"https:\/\/www.rimadesio.it\/fr\/about-us\/","title":{"rendered":"About Us"},"content":{"rendered":"<p><span data-sheets-value=\"{&quot;1&quot;:2,&quot;2&quot;:&quot;Rimadesio produit des syst\u00e8mes pour la s\u00e9paration des pi\u00e8ces et la d\u00e9finition architecturale des int\u00e9rieurs. Portes, portes coulissantes, biblioth\u00e8ques et syst\u00e8mes composables pour la partie jour, cabines armoire et une collection de compl\u00e9ments : une offre qui ne cesse de s'\u00e9largir et avec une \u00e9volution stylistique constante. Des projets caract\u00e9ris\u00e9s par le caract\u00e8re concret, dans lesquels la simplicit\u00e9 du concept zza, dove la semplicit\u00e0 del concetto viene elaborata attraverso un\u2019eccezionale competenza tecnica. L\u2019obiettivo di Rimadesio \u00e8 continuare a sviluppare la propria cultura progettuale e tecnologia produttiva, per offrire proposte funzionalmente innovative, in grado di assicurare la massima affidabilit\u00e0 nel tempo.&quot;}\" data-sheets-userformat=\"{&quot;2&quot;:899,&quot;3&quot;:{&quot;1&quot;:0},&quot;4&quot;:[null,2,14281427],&quot;10&quot;:1,&quot;11&quot;:4,&quot;12&quot;:0}\">Rimadesio produit des syst\u00e8mes pour la s\u00e9paration des espaces et \u00a0la d\u00e9finition architecturale des int\u00e9rieurs. Portes, portes coulissantes, biblioth\u00e8ques et syst\u00e8mes composables pour la partie jour, cabines armoires et une collection de compl\u00e9ments: une offre qui s&#8217;\u00e9largit continuellement et dont le style \u00e9volue constamment. Des projets d\u00e9finis par leur caract\u00e8re concret, dans lesquels la simplicit\u00e9 du concept est \u00e9labor\u00e9e \u00e0 travers une exceptionnelle comp\u00e9tence technique. L\u2019objectif de Rimadesio est de continuer \u00e0 d\u00e9velopper sa culture de projet et sa technologie de production, pour offrir des propositions fonctionnellement innovantes, en mesure de garantir une fiabilit\u00e9 maximale dans le temps.<\/span><\/p>\n","protected":false},"excerpt":{"rendered":"<p>Rimadesio produit des syst\u00e8mes pour la s\u00e9paration des espaces et \u00a0la d\u00e9finition architecturale des int\u00e9rieurs. Portes, portes coulissantes, biblioth\u00e8ques et syst\u00e8mes composables pour la partie jour, cabines armoires et une collection de compl\u00e9ments: une offre qui s&#8217;\u00e9largit continuellement et dont le style \u00e9volue constamment. Des projets d\u00e9finis par leur caract\u00e8re concret, dans lesquels la simplicit\u00e9 &hellip; <a href=\"https:\/\/www.rimadesio.it\/fr\/about-us\/\">More<\/a><\/p>\n","protected":false},"author":65156,"featured_media":0,"parent":0,"menu_order":223,"comment_status":"closed","ping_status":"closed","template":"","meta":{"inline_featured_image":false},"acf":[],"yoast_head":"<!-- This site is optimized with the Yoast SEO plugin v20.4 - https:\/\/yoast.com\/wordpress\/plugins\/seo\/ -->\n<title>About Us - Rimadesio<\/title>\n<meta name=\"description\" content=\"Rimadesio produit des syst\u00e8mes pour la s\u00e9paration des espaces et \u00a0la d\u00e9finition architecturale des int\u00e9rieurs. Portes, portes coulissantes, biblioth\u00e8ques\" \/>\n<meta name=\"robots\" content=\"index, follow, max-snippet:-1, max-image-preview:large, max-video-preview:-1\" \/>\n<link rel=\"canonical\" href=\"https:\/\/www.rimadesio.it\/fr\/about-us\/\" \/>\n<meta property=\"og:locale\" content=\"fr_FR\" \/>\n<meta property=\"og:type\" content=\"article\" \/>\n<meta property=\"og:title\" content=\"About Us - Rimadesio\" \/>\n<meta property=\"og:description\" content=\"Rimadesio produit des syst\u00e8mes pour la s\u00e9paration des espaces et \u00a0la d\u00e9finition architecturale des int\u00e9rieurs. Portes, portes coulissantes, biblioth\u00e8ques\" \/>\n<meta property=\"og:url\" content=\"https:\/\/www.rimadesio.it\/fr\/about-us\/\" \/>\n<meta property=\"og:site_name\" content=\"Rimadesio\" \/>\n<meta property=\"article:modified_time\" content=\"2024-11-15T15:31:05+00:00\" \/>\n<meta name=\"twitter:card\" content=\"summary_large_image\" \/>\n<meta name=\"twitter:label1\" content=\"Est. reading time\" \/>\n\t<meta name=\"twitter:data1\" content=\"1 minute\" \/>\n<script type=\"application\/ld+json\" class=\"yoast-schema-graph\">{\"@context\":\"https:\/\/schema.org\",\"@graph\":[{\"@type\":\"WebPage\",\"@id\":\"https:\/\/www.rimadesio.it\/fr\/about-us\/\",\"url\":\"https:\/\/www.rimadesio.it\/fr\/about-us\/\",\"name\":\"About Us - Rimadesio\",\"isPartOf\":{\"@id\":\"https:\/\/www.rimadesio.it\/fr\/#website\"},\"datePublished\":\"2022-03-21T11:19:51+00:00\",\"dateModified\":\"2024-11-15T15:31:05+00:00\",\"description\":\"Rimadesio produit des syst\u00e8mes pour la s\u00e9paration des espaces et \u00a0la d\u00e9finition architecturale des int\u00e9rieurs. Portes, portes coulissantes, biblioth\u00e8ques\",\"breadcrumb\":{\"@id\":\"https:\/\/www.rimadesio.it\/fr\/about-us\/#breadcrumb\"},\"inLanguage\":\"fr-FR\",\"potentialAction\":[{\"@type\":\"ReadAction\",\"target\":[\"https:\/\/www.rimadesio.it\/fr\/about-us\/\"]}]},{\"@type\":\"BreadcrumbList\",\"@id\":\"https:\/\/www.rimadesio.it\/fr\/about-us\/#breadcrumb\",\"itemListElement\":[{\"@type\":\"ListItem\",\"position\":1,\"name\":\"Homepage\",\"item\":\"https:\/\/www.rimadesio.it\/fr\/\"},{\"@type\":\"ListItem\",\"position\":2,\"name\":\"About Us\"}]},{\"@type\":\"WebSite\",\"@id\":\"https:\/\/www.rimadesio.it\/fr\/#website\",\"url\":\"https:\/\/www.rimadesio.it\/fr\/\",\"name\":\"Rimadesio\",\"description\":\"Rimadesio official website\",\"publisher\":{\"@id\":\"https:\/\/www.rimadesio.it\/fr\/#organization\"},\"potentialAction\":[{\"@type\":\"SearchAction\",\"target\":{\"@type\":\"EntryPoint\",\"urlTemplate\":\"https:\/\/www.rimadesio.it\/fr\/?s={search_term_string}\"},\"query-input\":\"required name=search_term_string\"}],\"inLanguage\":\"fr-FR\"},{\"@type\":\"Organization\",\"@id\":\"https:\/\/www.rimadesio.it\/fr\/#organization\",\"name\":\"Rimadesio\",\"url\":\"https:\/\/www.rimadesio.it\/fr\/\",\"logo\":{\"@type\":\"ImageObject\",\"inLanguage\":\"fr-FR\",\"@id\":\"https:\/\/www.rimadesio.it\/fr\/#\/schema\/logo\/image\/\",\"url\":\"https:\/\/static.rimadesio.it\/media\/2021\/08\/Logo.png\",\"contentUrl\":\"https:\/\/static.rimadesio.it\/media\/2021\/08\/Logo.png\",\"width\":102,\"height\":18,\"caption\":\"Rimadesio\"},\"image\":{\"@id\":\"https:\/\/www.rimadesio.it\/fr\/#\/schema\/logo\/image\/\"}}]}<\/script>\n<!-- \/ Yoast SEO plugin. -->","yoast_head_json":{"title":"About Us - Rimadesio","description":"Rimadesio produit des syst\u00e8mes pour la s\u00e9paration des espaces et \u00a0la d\u00e9finition architecturale des int\u00e9rieurs. Portes, portes coulissantes, biblioth\u00e8ques","robots":{"index":"index","follow":"follow","max-snippet":"max-snippet:-1","max-image-preview":"max-image-preview:large","max-video-preview":"max-video-preview:-1"},"canonical":"https:\/\/www.rimadesio.it\/fr\/about-us\/","og_locale":"fr_FR","og_type":"article","og_title":"About Us - Rimadesio","og_description":"Rimadesio produit des syst\u00e8mes pour la s\u00e9paration des espaces et \u00a0la d\u00e9finition architecturale des int\u00e9rieurs. Portes, portes coulissantes, biblioth\u00e8ques","og_url":"https:\/\/www.rimadesio.it\/fr\/about-us\/","og_site_name":"Rimadesio","article_modified_time":"2024-11-15T15:31:05+00:00","twitter_card":"summary_large_image","twitter_misc":{"Est. reading time":"1 minute"},"schema":{"@context":"https:\/\/schema.org","@graph":[{"@type":"WebPage","@id":"https:\/\/www.rimadesio.it\/fr\/about-us\/","url":"https:\/\/www.rimadesio.it\/fr\/about-us\/","name":"About Us - Rimadesio","isPartOf":{"@id":"https:\/\/www.rimadesio.it\/fr\/#website"},"datePublished":"2022-03-21T11:19:51+00:00","dateModified":"2024-11-15T15:31:05+00:00","description":"Rimadesio produit des syst\u00e8mes pour la s\u00e9paration des espaces et \u00a0la d\u00e9finition architecturale des int\u00e9rieurs. Portes, portes coulissantes, biblioth\u00e8ques","breadcrumb":{"@id":"https:\/\/www.rimadesio.it\/fr\/about-us\/#breadcrumb"},"inLanguage":"fr-FR","potentialAction":[{"@type":"ReadAction","target":["https:\/\/www.rimadesio.it\/fr\/about-us\/"]}]},{"@type":"BreadcrumbList","@id":"https:\/\/www.rimadesio.it\/fr\/about-us\/#breadcrumb","itemListElement":[{"@type":"ListItem","position":1,"name":"Homepage","item":"https:\/\/www.rimadesio.it\/fr\/"},{"@type":"ListItem","position":2,"name":"About Us"}]},{"@type":"WebSite","@id":"https:\/\/www.rimadesio.it\/fr\/#website","url":"https:\/\/www.rimadesio.it\/fr\/","name":"Rimadesio","description":"Rimadesio official website","publisher":{"@id":"https:\/\/www.rimadesio.it\/fr\/#organization"},"potentialAction":[{"@type":"SearchAction","target":{"@type":"EntryPoint","urlTemplate":"https:\/\/www.rimadesio.it\/fr\/?s={search_term_string}"},"query-input":"required name=search_term_string"}],"inLanguage":"fr-FR"},{"@type":"Organization","@id":"https:\/\/www.rimadesio.it\/fr\/#organization","name":"Rimadesio","url":"https:\/\/www.rimadesio.it\/fr\/","logo":{"@type":"ImageObject","inLanguage":"fr-FR","@id":"https:\/\/www.rimadesio.it\/fr\/#\/schema\/logo\/image\/","url":"https:\/\/static.rimadesio.it\/media\/2021\/08\/Logo.png","contentUrl":"https:\/\/static.rimadesio.it\/media\/2021\/08\/Logo.png","width":102,"height":18,"caption":"Rimadesio"},"image":{"@id":"https:\/\/www.rimadesio.it\/fr\/#\/schema\/logo\/image\/"}}]}},"_links":{"self":[{"href":"https:\/\/www.rimadesio.it\/fr\/wp-json\/wp\/v2\/pages\/154875"}],"collection":[{"href":"https:\/\/www.rimadesio.it\/fr\/wp-json\/wp\/v2\/pages"}],"about":[{"href":"https:\/\/www.rimadesio.it\/fr\/wp-json\/wp\/v2\/types\/page"}],"author":[{"embeddable":true,"href":"https:\/\/www.rimadesio.it\/fr\/wp-json\/wp\/v2\/users\/65156"}],"replies":[{"embeddable":true,"href":"https:\/\/www.rimadesio.it\/fr\/wp-json\/wp\/v2\/comments?post=154875"}],"version-history":[{"count":5,"href":"https:\/\/www.rimadesio.it\/fr\/wp-json\/wp\/v2\/pages\/154875\/revisions"}],"predecessor-version":[{"id":167026,"href":"https:\/\/www.rimadesio.it\/fr\/wp-json\/wp\/v2\/pages\/154875\/revisions\/167026"}],"wp:attachment":[{"href":"https:\/\/www.rimadesio.it\/fr\/wp-json\/wp\/v2\/media?parent=154875"}],"curies":[{"name":"wp","href":"https:\/\/api.w.org\/{rel}","templated":true}]}}