{"id":152399,"date":"2022-01-19T15:58:54","date_gmt":"2022-01-19T14:58:54","guid":{"rendered":"https:\/\/www.rimadesio.it\/rimadesio-project-2\/"},"modified":"2022-04-11T15:22:56","modified_gmt":"2022-04-11T13:22:56","slug":"rimadesio-project","status":"publish","type":"page","link":"https:\/\/www.rimadesio.it\/fr\/rimadesio-project\/","title":{"rendered":"Rimadesio Project"},"content":{"rendered":"<p>Rimadesio project est la division d\u00e9di\u00e9e aux grandes fournitures et \u00e0 l\u2019am\u00e9nagement des \u00e9difices publics, h\u00f4tels, espaces communautaires et tout type de projet qui n\u00e9cessite une approche custom made. Un service exclusif d\u00e9di\u00e9 aux professionnels du monde contract qui comprend les phases de conseil pour la conception, recherche de mat\u00e9riaux, assistance logistique, montage et assistance technique.<\/p>\n","protected":false},"excerpt":{"rendered":"<p>Rimadesio project est la division d\u00e9di\u00e9e aux grandes fournitures et \u00e0 l\u2019am\u00e9nagement des \u00e9difices publics, h\u00f4tels, espaces communautaires et tout type de projet qui n\u00e9cessite une approche custom made. Un service exclusif d\u00e9di\u00e9 aux professionnels du monde contract qui comprend les phases de conseil pour la conception, recherche de mat\u00e9riaux, assistance logistique, montage et assistance &hellip; <a href=\"https:\/\/www.rimadesio.it\/fr\/rimadesio-project\/\">More<\/a><\/p>\n","protected":false},"author":65156,"featured_media":0,"parent":0,"menu_order":371,"comment_status":"closed","ping_status":"closed","template":"","meta":{"inline_featured_image":false},"acf":[],"yoast_head":"<!-- This site is optimized with the Yoast SEO plugin v20.4 - https:\/\/yoast.com\/wordpress\/plugins\/seo\/ -->\n<title>Rimadesio Project - Rimadesio<\/title>\n<meta name=\"description\" content=\"Rimadesio project est la division d\u00e9di\u00e9e aux grandes fournitures et \u00e0 l\u2019am\u00e9nagement des \u00e9difices publics, h\u00f4tels, espaces communautaires et tout type de\" \/>\n<meta name=\"robots\" content=\"index, follow, max-snippet:-1, max-image-preview:large, max-video-preview:-1\" \/>\n<link rel=\"canonical\" href=\"https:\/\/www.rimadesio.it\/fr\/rimadesio-project\/\" \/>\n<meta property=\"og:locale\" content=\"fr_FR\" \/>\n<meta property=\"og:type\" content=\"article\" \/>\n<meta property=\"og:title\" content=\"Rimadesio Project - Rimadesio\" \/>\n<meta property=\"og:description\" content=\"Rimadesio project est la division d\u00e9di\u00e9e aux grandes fournitures et \u00e0 l\u2019am\u00e9nagement des \u00e9difices publics, h\u00f4tels, espaces communautaires et tout type de\" \/>\n<meta property=\"og:url\" content=\"https:\/\/www.rimadesio.it\/fr\/rimadesio-project\/\" \/>\n<meta property=\"og:site_name\" content=\"Rimadesio\" \/>\n<meta property=\"article:modified_time\" content=\"2022-04-11T13:22:56+00:00\" \/>\n<meta name=\"twitter:card\" content=\"summary_large_image\" \/>\n<script type=\"application\/ld+json\" class=\"yoast-schema-graph\">{\"@context\":\"https:\/\/schema.org\",\"@graph\":[{\"@type\":\"WebPage\",\"@id\":\"https:\/\/www.rimadesio.it\/fr\/rimadesio-project\/\",\"url\":\"https:\/\/www.rimadesio.it\/fr\/rimadesio-project\/\",\"name\":\"Rimadesio Project - Rimadesio\",\"isPartOf\":{\"@id\":\"https:\/\/www.rimadesio.it\/fr\/#website\"},\"datePublished\":\"2022-01-19T14:58:54+00:00\",\"dateModified\":\"2022-04-11T13:22:56+00:00\",\"description\":\"Rimadesio project est la division d\u00e9di\u00e9e aux grandes fournitures et \u00e0 l\u2019am\u00e9nagement des \u00e9difices publics, h\u00f4tels, espaces communautaires et tout type de\",\"breadcrumb\":{\"@id\":\"https:\/\/www.rimadesio.it\/fr\/rimadesio-project\/#breadcrumb\"},\"inLanguage\":\"fr-FR\",\"potentialAction\":[{\"@type\":\"ReadAction\",\"target\":[\"https:\/\/www.rimadesio.it\/fr\/rimadesio-project\/\"]}]},{\"@type\":\"BreadcrumbList\",\"@id\":\"https:\/\/www.rimadesio.it\/fr\/rimadesio-project\/#breadcrumb\",\"itemListElement\":[{\"@type\":\"ListItem\",\"position\":1,\"name\":\"Homepage\",\"item\":\"https:\/\/www.rimadesio.it\/fr\/\"},{\"@type\":\"ListItem\",\"position\":2,\"name\":\"Rimadesio Project\"}]},{\"@type\":\"WebSite\",\"@id\":\"https:\/\/www.rimadesio.it\/fr\/#website\",\"url\":\"https:\/\/www.rimadesio.it\/fr\/\",\"name\":\"Rimadesio\",\"description\":\"Rimadesio official website\",\"publisher\":{\"@id\":\"https:\/\/www.rimadesio.it\/fr\/#organization\"},\"potentialAction\":[{\"@type\":\"SearchAction\",\"target\":{\"@type\":\"EntryPoint\",\"urlTemplate\":\"https:\/\/www.rimadesio.it\/fr\/?s={search_term_string}\"},\"query-input\":\"required name=search_term_string\"}],\"inLanguage\":\"fr-FR\"},{\"@type\":\"Organization\",\"@id\":\"https:\/\/www.rimadesio.it\/fr\/#organization\",\"name\":\"Rimadesio\",\"url\":\"https:\/\/www.rimadesio.it\/fr\/\",\"logo\":{\"@type\":\"ImageObject\",\"inLanguage\":\"fr-FR\",\"@id\":\"https:\/\/www.rimadesio.it\/fr\/#\/schema\/logo\/image\/\",\"url\":\"https:\/\/static.rimadesio.it\/media\/2021\/08\/Logo.png\",\"contentUrl\":\"https:\/\/static.rimadesio.it\/media\/2021\/08\/Logo.png\",\"width\":102,\"height\":18,\"caption\":\"Rimadesio\"},\"image\":{\"@id\":\"https:\/\/www.rimadesio.it\/fr\/#\/schema\/logo\/image\/\"}}]}<\/script>\n<!-- \/ Yoast SEO plugin. -->","yoast_head_json":{"title":"Rimadesio Project - Rimadesio","description":"Rimadesio project est la division d\u00e9di\u00e9e aux grandes fournitures et \u00e0 l\u2019am\u00e9nagement des \u00e9difices publics, h\u00f4tels, espaces communautaires et tout type de","robots":{"index":"index","follow":"follow","max-snippet":"max-snippet:-1","max-image-preview":"max-image-preview:large","max-video-preview":"max-video-preview:-1"},"canonical":"https:\/\/www.rimadesio.it\/fr\/rimadesio-project\/","og_locale":"fr_FR","og_type":"article","og_title":"Rimadesio Project - Rimadesio","og_description":"Rimadesio project est la division d\u00e9di\u00e9e aux grandes fournitures et \u00e0 l\u2019am\u00e9nagement des \u00e9difices publics, h\u00f4tels, espaces communautaires et tout type de","og_url":"https:\/\/www.rimadesio.it\/fr\/rimadesio-project\/","og_site_name":"Rimadesio","article_modified_time":"2022-04-11T13:22:56+00:00","twitter_card":"summary_large_image","schema":{"@context":"https:\/\/schema.org","@graph":[{"@type":"WebPage","@id":"https:\/\/www.rimadesio.it\/fr\/rimadesio-project\/","url":"https:\/\/www.rimadesio.it\/fr\/rimadesio-project\/","name":"Rimadesio Project - Rimadesio","isPartOf":{"@id":"https:\/\/www.rimadesio.it\/fr\/#website"},"datePublished":"2022-01-19T14:58:54+00:00","dateModified":"2022-04-11T13:22:56+00:00","description":"Rimadesio project est la division d\u00e9di\u00e9e aux grandes fournitures et \u00e0 l\u2019am\u00e9nagement des \u00e9difices publics, h\u00f4tels, espaces communautaires et tout type de","breadcrumb":{"@id":"https:\/\/www.rimadesio.it\/fr\/rimadesio-project\/#breadcrumb"},"inLanguage":"fr-FR","potentialAction":[{"@type":"ReadAction","target":["https:\/\/www.rimadesio.it\/fr\/rimadesio-project\/"]}]},{"@type":"BreadcrumbList","@id":"https:\/\/www.rimadesio.it\/fr\/rimadesio-project\/#breadcrumb","itemListElement":[{"@type":"ListItem","position":1,"name":"Homepage","item":"https:\/\/www.rimadesio.it\/fr\/"},{"@type":"ListItem","position":2,"name":"Rimadesio Project"}]},{"@type":"WebSite","@id":"https:\/\/www.rimadesio.it\/fr\/#website","url":"https:\/\/www.rimadesio.it\/fr\/","name":"Rimadesio","description":"Rimadesio official website","publisher":{"@id":"https:\/\/www.rimadesio.it\/fr\/#organization"},"potentialAction":[{"@type":"SearchAction","target":{"@type":"EntryPoint","urlTemplate":"https:\/\/www.rimadesio.it\/fr\/?s={search_term_string}"},"query-input":"required name=search_term_string"}],"inLanguage":"fr-FR"},{"@type":"Organization","@id":"https:\/\/www.rimadesio.it\/fr\/#organization","name":"Rimadesio","url":"https:\/\/www.rimadesio.it\/fr\/","logo":{"@type":"ImageObject","inLanguage":"fr-FR","@id":"https:\/\/www.rimadesio.it\/fr\/#\/schema\/logo\/image\/","url":"https:\/\/static.rimadesio.it\/media\/2021\/08\/Logo.png","contentUrl":"https:\/\/static.rimadesio.it\/media\/2021\/08\/Logo.png","width":102,"height":18,"caption":"Rimadesio"},"image":{"@id":"https:\/\/www.rimadesio.it\/fr\/#\/schema\/logo\/image\/"}}]}},"_links":{"self":[{"href":"https:\/\/www.rimadesio.it\/fr\/wp-json\/wp\/v2\/pages\/152399"}],"collection":[{"href":"https:\/\/www.rimadesio.it\/fr\/wp-json\/wp\/v2\/pages"}],"about":[{"href":"https:\/\/www.rimadesio.it\/fr\/wp-json\/wp\/v2\/types\/page"}],"author":[{"embeddable":true,"href":"https:\/\/www.rimadesio.it\/fr\/wp-json\/wp\/v2\/users\/65156"}],"replies":[{"embeddable":true,"href":"https:\/\/www.rimadesio.it\/fr\/wp-json\/wp\/v2\/comments?post=152399"}],"version-history":[{"count":3,"href":"https:\/\/www.rimadesio.it\/fr\/wp-json\/wp\/v2\/pages\/152399\/revisions"}],"predecessor-version":[{"id":156397,"href":"https:\/\/www.rimadesio.it\/fr\/wp-json\/wp\/v2\/pages\/152399\/revisions\/156397"}],"wp:attachment":[{"href":"https:\/\/www.rimadesio.it\/fr\/wp-json\/wp\/v2\/media?parent=152399"}],"curies":[{"name":"wp","href":"https:\/\/api.w.org\/{rel}","templated":true}]}}