{"id":152398,"date":"2022-01-19T15:58:25","date_gmt":"2022-01-19T14:58:25","guid":{"rendered":"https:\/\/www.rimadesio.it\/style\/"},"modified":"2022-04-05T17:12:46","modified_gmt":"2022-04-05T15:12:46","slug":"style","status":"publish","type":"page","link":"https:\/\/www.rimadesio.it\/fr\/philosophie\/style\/","title":{"rendered":"Style"},"content":{"rendered":"<p>Chaque aspect de ce qu\u2019est Rimadesio, de la collection aux mat\u00e9riaux et les finitions, du lieu de production au showrooms internationaux, de la communication num\u00e9rique aux instruments de vente, puise son inspiration dans une id\u00e9e commune de qualit\u00e9 formelle, faite d\u2019essentialit\u00e9, harmonie et pr\u00e9cision. La recherche de la coh\u00e9rence dans chaque d\u00e9tail est fondamentale pour exprimer efficacement l\u2019identit\u00e9 de l\u2019entreprise et donc de toutes les qualit\u00e9s de la proposition.<\/p>\n","protected":false},"excerpt":{"rendered":"<p>Chaque aspect de ce qu\u2019est Rimadesio, de la collection aux mat\u00e9riaux et les finitions, du lieu de production au showrooms internationaux, de la communication num\u00e9rique aux instruments de vente, puise son inspiration dans une id\u00e9e commune de qualit\u00e9 formelle, faite d\u2019essentialit\u00e9, harmonie et pr\u00e9cision. La recherche de la coh\u00e9rence dans chaque d\u00e9tail est fondamentale pour &hellip; <a href=\"https:\/\/www.rimadesio.it\/fr\/philosophie\/style\/\">More<\/a><\/p>\n","protected":false},"author":65156,"featured_media":20633,"parent":154880,"menu_order":268,"comment_status":"closed","ping_status":"closed","template":"","meta":{"inline_featured_image":false},"acf":[],"yoast_head":"<!-- This site is optimized with the Yoast SEO plugin v20.4 - https:\/\/yoast.com\/wordpress\/plugins\/seo\/ -->\n<title>Style - Rimadesio<\/title>\n<meta name=\"description\" content=\"Chaque aspect de ce qu\u2019est Rimadesio, de la collection aux mat\u00e9riaux et les finitions, du lieu de production au showrooms internationaux, de la\" \/>\n<meta name=\"robots\" content=\"index, follow, max-snippet:-1, max-image-preview:large, max-video-preview:-1\" \/>\n<link rel=\"canonical\" href=\"https:\/\/www.rimadesio.it\/fr\/philosophie\/style\/\" \/>\n<meta property=\"og:locale\" content=\"fr_FR\" \/>\n<meta property=\"og:type\" content=\"article\" \/>\n<meta property=\"og:title\" content=\"Style - Rimadesio\" \/>\n<meta property=\"og:description\" content=\"Chaque aspect de ce qu\u2019est Rimadesio, de la collection aux mat\u00e9riaux et les finitions, du lieu de production au showrooms internationaux, de la\" \/>\n<meta property=\"og:url\" content=\"https:\/\/www.rimadesio.it\/fr\/philosophie\/style\/\" \/>\n<meta property=\"og:site_name\" content=\"Rimadesio\" \/>\n<meta property=\"article:modified_time\" content=\"2022-04-05T15:12:46+00:00\" \/>\n<meta property=\"og:image\" content=\"https:\/\/static.rimadesio.it\/media\/2021\/08\/img-style.png\" \/>\n\t<meta property=\"og:image:width\" content=\"672\" \/>\n\t<meta property=\"og:image:height\" content=\"449\" \/>\n\t<meta property=\"og:image:type\" content=\"image\/png\" \/>\n<meta name=\"twitter:card\" content=\"summary_large_image\" \/>\n<script type=\"application\/ld+json\" class=\"yoast-schema-graph\">{\"@context\":\"https:\/\/schema.org\",\"@graph\":[{\"@type\":\"WebPage\",\"@id\":\"https:\/\/www.rimadesio.it\/fr\/philosophie\/style\/\",\"url\":\"https:\/\/www.rimadesio.it\/fr\/philosophie\/style\/\",\"name\":\"Style - Rimadesio\",\"isPartOf\":{\"@id\":\"https:\/\/www.rimadesio.it\/fr\/#website\"},\"datePublished\":\"2022-01-19T14:58:25+00:00\",\"dateModified\":\"2022-04-05T15:12:46+00:00\",\"description\":\"Chaque aspect de ce qu\u2019est Rimadesio, de la collection aux mat\u00e9riaux et les finitions, du lieu de production au showrooms internationaux, de la\",\"breadcrumb\":{\"@id\":\"https:\/\/www.rimadesio.it\/fr\/philosophie\/style\/#breadcrumb\"},\"inLanguage\":\"fr-FR\",\"potentialAction\":[{\"@type\":\"ReadAction\",\"target\":[\"https:\/\/www.rimadesio.it\/fr\/philosophie\/style\/\"]}]},{\"@type\":\"BreadcrumbList\",\"@id\":\"https:\/\/www.rimadesio.it\/fr\/philosophie\/style\/#breadcrumb\",\"itemListElement\":[{\"@type\":\"ListItem\",\"position\":1,\"name\":\"Homepage\",\"item\":\"https:\/\/www.rimadesio.it\/fr\/\"},{\"@type\":\"ListItem\",\"position\":2,\"name\":\"Philosophie\",\"item\":\"https:\/\/www.rimadesio.it\/fr\/philosophie\/\"},{\"@type\":\"ListItem\",\"position\":3,\"name\":\"Style\"}]},{\"@type\":\"WebSite\",\"@id\":\"https:\/\/www.rimadesio.it\/fr\/#website\",\"url\":\"https:\/\/www.rimadesio.it\/fr\/\",\"name\":\"Rimadesio\",\"description\":\"Rimadesio official website\",\"publisher\":{\"@id\":\"https:\/\/www.rimadesio.it\/fr\/#organization\"},\"potentialAction\":[{\"@type\":\"SearchAction\",\"target\":{\"@type\":\"EntryPoint\",\"urlTemplate\":\"https:\/\/www.rimadesio.it\/fr\/?s={search_term_string}\"},\"query-input\":\"required name=search_term_string\"}],\"inLanguage\":\"fr-FR\"},{\"@type\":\"Organization\",\"@id\":\"https:\/\/www.rimadesio.it\/fr\/#organization\",\"name\":\"Rimadesio\",\"url\":\"https:\/\/www.rimadesio.it\/fr\/\",\"logo\":{\"@type\":\"ImageObject\",\"inLanguage\":\"fr-FR\",\"@id\":\"https:\/\/www.rimadesio.it\/fr\/#\/schema\/logo\/image\/\",\"url\":\"https:\/\/static.rimadesio.it\/media\/2021\/08\/Logo.png\",\"contentUrl\":\"https:\/\/static.rimadesio.it\/media\/2021\/08\/Logo.png\",\"width\":102,\"height\":18,\"caption\":\"Rimadesio\"},\"image\":{\"@id\":\"https:\/\/www.rimadesio.it\/fr\/#\/schema\/logo\/image\/\"}}]}<\/script>\n<!-- \/ Yoast SEO plugin. -->","yoast_head_json":{"title":"Style - Rimadesio","description":"Chaque aspect de ce qu\u2019est Rimadesio, de la collection aux mat\u00e9riaux et les finitions, du lieu de production au showrooms internationaux, de la","robots":{"index":"index","follow":"follow","max-snippet":"max-snippet:-1","max-image-preview":"max-image-preview:large","max-video-preview":"max-video-preview:-1"},"canonical":"https:\/\/www.rimadesio.it\/fr\/philosophie\/style\/","og_locale":"fr_FR","og_type":"article","og_title":"Style - Rimadesio","og_description":"Chaque aspect de ce qu\u2019est Rimadesio, de la collection aux mat\u00e9riaux et les finitions, du lieu de production au showrooms internationaux, de la","og_url":"https:\/\/www.rimadesio.it\/fr\/philosophie\/style\/","og_site_name":"Rimadesio","article_modified_time":"2022-04-05T15:12:46+00:00","og_image":[{"width":672,"height":449,"url":"https:\/\/static.rimadesio.it\/media\/2021\/08\/img-style.png","type":"image\/png"}],"twitter_card":"summary_large_image","schema":{"@context":"https:\/\/schema.org","@graph":[{"@type":"WebPage","@id":"https:\/\/www.rimadesio.it\/fr\/philosophie\/style\/","url":"https:\/\/www.rimadesio.it\/fr\/philosophie\/style\/","name":"Style - Rimadesio","isPartOf":{"@id":"https:\/\/www.rimadesio.it\/fr\/#website"},"datePublished":"2022-01-19T14:58:25+00:00","dateModified":"2022-04-05T15:12:46+00:00","description":"Chaque aspect de ce qu\u2019est Rimadesio, de la collection aux mat\u00e9riaux et les finitions, du lieu de production au showrooms internationaux, de la","breadcrumb":{"@id":"https:\/\/www.rimadesio.it\/fr\/philosophie\/style\/#breadcrumb"},"inLanguage":"fr-FR","potentialAction":[{"@type":"ReadAction","target":["https:\/\/www.rimadesio.it\/fr\/philosophie\/style\/"]}]},{"@type":"BreadcrumbList","@id":"https:\/\/www.rimadesio.it\/fr\/philosophie\/style\/#breadcrumb","itemListElement":[{"@type":"ListItem","position":1,"name":"Homepage","item":"https:\/\/www.rimadesio.it\/fr\/"},{"@type":"ListItem","position":2,"name":"Philosophie","item":"https:\/\/www.rimadesio.it\/fr\/philosophie\/"},{"@type":"ListItem","position":3,"name":"Style"}]},{"@type":"WebSite","@id":"https:\/\/www.rimadesio.it\/fr\/#website","url":"https:\/\/www.rimadesio.it\/fr\/","name":"Rimadesio","description":"Rimadesio official website","publisher":{"@id":"https:\/\/www.rimadesio.it\/fr\/#organization"},"potentialAction":[{"@type":"SearchAction","target":{"@type":"EntryPoint","urlTemplate":"https:\/\/www.rimadesio.it\/fr\/?s={search_term_string}"},"query-input":"required name=search_term_string"}],"inLanguage":"fr-FR"},{"@type":"Organization","@id":"https:\/\/www.rimadesio.it\/fr\/#organization","name":"Rimadesio","url":"https:\/\/www.rimadesio.it\/fr\/","logo":{"@type":"ImageObject","inLanguage":"fr-FR","@id":"https:\/\/www.rimadesio.it\/fr\/#\/schema\/logo\/image\/","url":"https:\/\/static.rimadesio.it\/media\/2021\/08\/Logo.png","contentUrl":"https:\/\/static.rimadesio.it\/media\/2021\/08\/Logo.png","width":102,"height":18,"caption":"Rimadesio"},"image":{"@id":"https:\/\/www.rimadesio.it\/fr\/#\/schema\/logo\/image\/"}}]}},"_links":{"self":[{"href":"https:\/\/www.rimadesio.it\/fr\/wp-json\/wp\/v2\/pages\/152398"}],"collection":[{"href":"https:\/\/www.rimadesio.it\/fr\/wp-json\/wp\/v2\/pages"}],"about":[{"href":"https:\/\/www.rimadesio.it\/fr\/wp-json\/wp\/v2\/types\/page"}],"author":[{"embeddable":true,"href":"https:\/\/www.rimadesio.it\/fr\/wp-json\/wp\/v2\/users\/65156"}],"replies":[{"embeddable":true,"href":"https:\/\/www.rimadesio.it\/fr\/wp-json\/wp\/v2\/comments?post=152398"}],"version-history":[{"count":1,"href":"https:\/\/www.rimadesio.it\/fr\/wp-json\/wp\/v2\/pages\/152398\/revisions"}],"predecessor-version":[{"id":156330,"href":"https:\/\/www.rimadesio.it\/fr\/wp-json\/wp\/v2\/pages\/152398\/revisions\/156330"}],"up":[{"embeddable":true,"href":"https:\/\/www.rimadesio.it\/fr\/wp-json\/wp\/v2\/pages\/154880"}],"wp:featuredmedia":[{"embeddable":true,"href":"https:\/\/www.rimadesio.it\/fr\/wp-json\/wp\/v2\/media\/20633"}],"wp:attachment":[{"href":"https:\/\/www.rimadesio.it\/fr\/wp-json\/wp\/v2\/media?parent=152398"}],"curies":[{"name":"wp","href":"https:\/\/api.w.org\/{rel}","templated":true}]}}