{"id":151635,"date":"2022-01-10T14:05:18","date_gmt":"2022-01-10T13:05:18","guid":{"rendered":"https:\/\/www.rimadesio.it\/register-2\/"},"modified":"2023-04-11T17:02:28","modified_gmt":"2023-04-11T15:02:28","slug":"register","status":"publish","type":"page","link":"https:\/\/www.rimadesio.it\/fr\/register\/","title":{"rendered":"Register"},"content":{"rendered":"<div class=\"tml tml-rimadesio_register\">\n<div class=\"tml-alerts\"><\/div><form name=\"rimadesio_register\" action=\"https:\/\/www.rimadesio.it\/fr\/register\/\" method=\"post\" novalidate=\"novalidate\">\n<div class=\"tml-field-wrap tml-intro_text-wrap\">\nLes champs marqu\u00e9s d'un * sont obligatoires<\/div>\n\n<div class=\"rimadesio-register-grid\">\n<div class=\"tml-field-wrap tml-first_name-wrap\">\n<input name=\"first_name\" type=\"text\" value=\"\" id=\"first_name\" autocapitalize=\"off\" placeholder=\"Pr\u00e9nom*\" class=\"tml-field\">\n<\/div>\n\n<div class=\"tml-field-wrap tml-last_name-wrap\">\n<input name=\"last_name\" type=\"text\" value=\"\" id=\"last_name\" autocapitalize=\"off\" placeholder=\"Nom*\" class=\"tml-field\">\n<\/div>\n\n<div class=\"tml-field-wrap tml-company-wrap\">\n<input name=\"company\" type=\"text\" value=\"\" id=\"company\" autocapitalize=\"off\" placeholder=\"Company\" required=\"\" class=\"tml-field\">\n<\/div>\n\n<div class=\"tml-field-wrap tml-work-wrap\">\n<select name=\"work\" id=\"work\" autocapitalize=\"off\" placeholder=\"Profession*\" required=\"1\" class=\"tml-field\">\n<option value=\"\" selected=\"selected\">Job title*<\/option>\n<option value=\"Private\">Private<\/option>\n<option value=\"Architects_and_more\">Architects, Designer &amp; Developers<\/option>\n<option value=\"Dealers_and_more\">Dealers &amp; Distributors<\/option>\n<option value=\"Press\">Press<\/option>\n<\/select>\n<\/div>\n\n<div class=\"tml-field-wrap tml-phone-wrap\">\n<input name=\"phone\" type=\"text\" value=\"\" id=\"phone\" autocapitalize=\"off\" placeholder=\"T\u00e9l\u00e9phone\" class=\"tml-field\">\n<\/div>\n\n<div class=\"tml-field-wrap tml-email-wrap\">\n<input name=\"email\" type=\"email\" value=\"\" id=\"email\" autocapitalize=\"off\" placeholder=\"Email *\" class=\"tml-field\">\n<\/div>\n\n<div class=\"tml-field-wrap tml-autocomplete-wrap\">\n<input name=\"autocomplete\" type=\"text\" value=\"\" id=\"autocomplete\" placeholder=\"Ville*\" class=\"tml-field\">\n<\/div>\n\n<input name=\"country_iso\" type=\"hidden\" value=\"\" id=\"country_iso\">\n\n<input name=\"country\" type=\"hidden\" value=\"\" id=\"country\">\n\n<input name=\"state\" type=\"hidden\" value=\"\" id=\"state\">\n\n<input name=\"postal_code\" type=\"hidden\" value=\"\" id=\"postal_code\">\n\n<input name=\"city\" type=\"hidden\" value=\"\" id=\"city\">\n\n<\/div>\n<div class=\"tml-field-wrap tml-register_privacy_text-wrap\">\nConform\u00e9ment aux art 7,13 et suivants du R\u00e8glement UE 2016\/679 le Responsable du Traitement, Rimadesio S.p.A. en la personne de son repr\u00e9sentant l\u00e9gal en exercice, dont le si\u00e8ge est Via Furlanelli 96 Giussano (MB), vous informe que vos donn\u00e9es seront trait\u00e9es selon des modalit\u00e9s informatiques et manuelles, en vous garantissant la plus grande confidentialit\u00e9 y compris par le biais de personnes externes conform\u00e9ment \u00e0 l'article 5.1 pour les finalit\u00e9s suivantes\u00a0:\nA) activit\u00e9s administratives, comptables et pr\u00e9contractuelles li\u00e9es, par ex\u00a0: collecte de donn\u00e9es pour recevoir des infomations, catalogues \u00e0 la suite d'un \u00e9v\u00e8nement\/exposition auquel vous avez particip\u00e9 - art. 6 par. 1, lett. b) RGPD\nB) consentement pr\u00e9alable et jusqu'\u00e0 opposition de votre part pour des activit\u00e9s de marketing direct de la part du Responsable, par ex\u00a0: newsletter, \u00e9tudes de march\u00e9 pour recevoir \"par le biais de moyens automatis\u00e9s des courriers \u00e9lectroniques ou postaux\", mat\u00e9riels d'information, pour la constation du degr\u00e9 de satisfaction, mat\u00e9riel promotionnelle ou relatif \u00e0 des \u00e9v\u00e8nements ou des initiatives, de la part du Responsable - art. 6 par. 1, lett. a) RGPD - consentement. Les donn\u00e9es ne seront pas diffus\u00e9es mais pourront \u00eatre communiqu\u00e9es \u00e0 des tiers, y compris pour l'envoi de courriers promotionnels. Les donn\u00e9es \u00e0 caract\u00e8re personnel fournies pourront \u00eatre transf\u00e9r\u00e9es en dehors de l'UE, dans les limites et aux conditions vis\u00e9es aux articles 44 et suivants du R\u00e8glemetn UE 2016\/679, afin de se conformer \u00e0 des finalit\u00e9s li\u00e9es \u00e0 ce m\u00eame transfert. Vous pourrez r\u00e9voquer ce consentement \u00e0 tout moment sous r\u00e9serve des finalit\u00e9s A).Informations concernant la dur\u00e9e de conservation des donn\u00e9es et les titulaires du traitement sur demande. En qualit\u00e9 de personne concern\u00e9e vous disposez des droits vis\u00e9s aux articles 15 et suivants du R\u00e8glement UE 2016\/679 et vous pourrez les exercercer en envoyant un courreiel \u00e0 l'adresse <a href=\"mailto:privacy@rimadesio.it\">privacy@rimadesio.it<\/a>. La notice d'information compl\u00e8te est disponible au bureau informations ou par courriel \u00e0 l'adresse <a href=\"mailto:privacy@rimadesio.it\">privacy@rimadesio.it<\/a>.<\/div>\n\n<div class=\"tml-field-wrap tml-register_password-wrap\">\n<span class=\"tml-label\">Acconsento al trattamento dei dati per la creazione e comunicazione di password di accesso<\/span>\n<input name=\"register_password\" id=\"register_password_1\" type=\"radio\" value=\"1\" class=\"tml-checkbox\">\n<label class=\"tml-label\" for=\"register_password_1\">J'accepte<\/label>\n<br \/><input name=\"register_password\" id=\"register_password_0\" type=\"radio\" value=\"0\" class=\"tml-checkbox\">\n<label class=\"tml-label\" for=\"register_password_0\">Je refuse<\/label>\n<\/div>\n\n<div class=\"tml-field-wrap tml-register_newsletter-wrap\">\n<span class=\"tml-label\">Acconsento al trattamento dei miei dati personali per finalit\u00e0 di marketing e di invio di comunicazioni commerciali di Rimadesio S.p.A.<\/span>\n<input name=\"register_newsletter\" id=\"register_newsletter_1\" type=\"radio\" value=\"1\" class=\"tml-checkbox\">\n<label class=\"tml-label\" for=\"register_newsletter_1\">J'accepte<\/label>\n<br \/><input name=\"register_newsletter\" id=\"register_newsletter_0\" type=\"radio\" value=\"0\" class=\"tml-checkbox\">\n<label class=\"tml-label\" for=\"register_newsletter_0\">Je refuse<\/label>\n<\/div>\n\n<div class=\"tml-field-wrap tml-register_profilazione-wrap\">\n<span class=\"tml-label\">Acconsento al trattamento dei miei dati personali per individuare e definire i gusti, le preferenze, le abitudini, i bisogni e le scelte di consumo della mia persona (\u201cprofilazione\u201d)<\/span>\n<input name=\"register_profilazione\" id=\"register_profilazione_1\" type=\"radio\" value=\"1\" class=\"tml-checkbox\">\n<label class=\"tml-label\" for=\"register_profilazione_1\">J'accepte<\/label>\n<br \/><input name=\"register_profilazione\" id=\"register_profilazione_0\" type=\"radio\" value=\"0\" class=\"tml-checkbox\">\n<label class=\"tml-label\" for=\"register_profilazione_0\">Je refuse<\/label>\n<\/div>\n\n<div class=\"tml-field-wrap tml-recaptcha-wrap\">\n<div class=\"g-recaptcha\" data-sitekey=\"6Lc1mj8kAAAAADixcXyOUGuWTfTBQrNX2ZQfPKE8\" data-theme=\"light\"><\/div><\/div>\n\n\n<div class=\"tml-field-wrap tml-submit-wrap\">\n<button name=\"submit\" type=\"submit\" class=\"tml-button\">Enregistrez-vous<\/button>\n<\/div>\n\n<input name=\"redirect_to\" type=\"hidden\" value=\"https:\/\/www.rimadesio.it\/fr\/reserved-area\/\">\n\n<input name=\"form_name_register\" type=\"hidden\" value=\"register_form\">\n\n<\/form>\n<\/div>\n\n","protected":false},"excerpt":{"rendered":"","protected":false},"author":64297,"featured_media":0,"parent":0,"menu_order":272,"comment_status":"closed","ping_status":"closed","template":"template-register-login.php","meta":{"inline_featured_image":false},"acf":[],"yoast_head":"<!-- This site is optimized with the Yoast SEO plugin v20.4 - https:\/\/yoast.com\/wordpress\/plugins\/seo\/ -->\n<title>Register - Rimadesio<\/title>\n<meta name=\"robots\" content=\"index, follow, max-snippet:-1, max-image-preview:large, max-video-preview:-1\" \/>\n<link rel=\"canonical\" href=\"https:\/\/www.rimadesio.it\/fr\/register\/\" \/>\n<meta property=\"og:locale\" content=\"fr_FR\" \/>\n<meta property=\"og:type\" content=\"article\" \/>\n<meta property=\"og:title\" content=\"Register - Rimadesio\" \/>\n<meta property=\"og:url\" content=\"https:\/\/www.rimadesio.it\/fr\/register\/\" \/>\n<meta property=\"og:site_name\" content=\"Rimadesio\" \/>\n<meta property=\"article:modified_time\" content=\"2023-04-11T15:02:28+00:00\" \/>\n<meta name=\"twitter:card\" content=\"summary_large_image\" \/>\n<script type=\"application\/ld+json\" class=\"yoast-schema-graph\">{\"@context\":\"https:\/\/schema.org\",\"@graph\":[{\"@type\":\"WebPage\",\"@id\":\"https:\/\/www.rimadesio.it\/fr\/register\/\",\"url\":\"https:\/\/www.rimadesio.it\/fr\/register\/\",\"name\":\"Register - Rimadesio\",\"isPartOf\":{\"@id\":\"https:\/\/www.rimadesio.it\/fr\/#website\"},\"datePublished\":\"2022-01-10T13:05:18+00:00\",\"dateModified\":\"2023-04-11T15:02:28+00:00\",\"breadcrumb\":{\"@id\":\"https:\/\/www.rimadesio.it\/fr\/register\/#breadcrumb\"},\"inLanguage\":\"fr-FR\",\"potentialAction\":[{\"@type\":\"ReadAction\",\"target\":[\"https:\/\/www.rimadesio.it\/fr\/register\/\"]}]},{\"@type\":\"BreadcrumbList\",\"@id\":\"https:\/\/www.rimadesio.it\/fr\/register\/#breadcrumb\",\"itemListElement\":[{\"@type\":\"ListItem\",\"position\":1,\"name\":\"Homepage\",\"item\":\"https:\/\/www.rimadesio.it\/fr\/\"},{\"@type\":\"ListItem\",\"position\":2,\"name\":\"Register\"}]},{\"@type\":\"WebSite\",\"@id\":\"https:\/\/www.rimadesio.it\/fr\/#website\",\"url\":\"https:\/\/www.rimadesio.it\/fr\/\",\"name\":\"Rimadesio\",\"description\":\"Rimadesio official website\",\"publisher\":{\"@id\":\"https:\/\/www.rimadesio.it\/fr\/#organization\"},\"potentialAction\":[{\"@type\":\"SearchAction\",\"target\":{\"@type\":\"EntryPoint\",\"urlTemplate\":\"https:\/\/www.rimadesio.it\/fr\/?s={search_term_string}\"},\"query-input\":\"required name=search_term_string\"}],\"inLanguage\":\"fr-FR\"},{\"@type\":\"Organization\",\"@id\":\"https:\/\/www.rimadesio.it\/fr\/#organization\",\"name\":\"Rimadesio\",\"url\":\"https:\/\/www.rimadesio.it\/fr\/\",\"logo\":{\"@type\":\"ImageObject\",\"inLanguage\":\"fr-FR\",\"@id\":\"https:\/\/www.rimadesio.it\/fr\/#\/schema\/logo\/image\/\",\"url\":\"https:\/\/static.rimadesio.it\/media\/2021\/08\/Logo.png\",\"contentUrl\":\"https:\/\/static.rimadesio.it\/media\/2021\/08\/Logo.png\",\"width\":102,\"height\":18,\"caption\":\"Rimadesio\"},\"image\":{\"@id\":\"https:\/\/www.rimadesio.it\/fr\/#\/schema\/logo\/image\/\"}}]}<\/script>\n<!-- \/ Yoast SEO plugin. -->","yoast_head_json":{"title":"Register - Rimadesio","robots":{"index":"index","follow":"follow","max-snippet":"max-snippet:-1","max-image-preview":"max-image-preview:large","max-video-preview":"max-video-preview:-1"},"canonical":"https:\/\/www.rimadesio.it\/fr\/register\/","og_locale":"fr_FR","og_type":"article","og_title":"Register - Rimadesio","og_url":"https:\/\/www.rimadesio.it\/fr\/register\/","og_site_name":"Rimadesio","article_modified_time":"2023-04-11T15:02:28+00:00","twitter_card":"summary_large_image","schema":{"@context":"https:\/\/schema.org","@graph":[{"@type":"WebPage","@id":"https:\/\/www.rimadesio.it\/fr\/register\/","url":"https:\/\/www.rimadesio.it\/fr\/register\/","name":"Register - Rimadesio","isPartOf":{"@id":"https:\/\/www.rimadesio.it\/fr\/#website"},"datePublished":"2022-01-10T13:05:18+00:00","dateModified":"2023-04-11T15:02:28+00:00","breadcrumb":{"@id":"https:\/\/www.rimadesio.it\/fr\/register\/#breadcrumb"},"inLanguage":"fr-FR","potentialAction":[{"@type":"ReadAction","target":["https:\/\/www.rimadesio.it\/fr\/register\/"]}]},{"@type":"BreadcrumbList","@id":"https:\/\/www.rimadesio.it\/fr\/register\/#breadcrumb","itemListElement":[{"@type":"ListItem","position":1,"name":"Homepage","item":"https:\/\/www.rimadesio.it\/fr\/"},{"@type":"ListItem","position":2,"name":"Register"}]},{"@type":"WebSite","@id":"https:\/\/www.rimadesio.it\/fr\/#website","url":"https:\/\/www.rimadesio.it\/fr\/","name":"Rimadesio","description":"Rimadesio official website","publisher":{"@id":"https:\/\/www.rimadesio.it\/fr\/#organization"},"potentialAction":[{"@type":"SearchAction","target":{"@type":"EntryPoint","urlTemplate":"https:\/\/www.rimadesio.it\/fr\/?s={search_term_string}"},"query-input":"required name=search_term_string"}],"inLanguage":"fr-FR"},{"@type":"Organization","@id":"https:\/\/www.rimadesio.it\/fr\/#organization","name":"Rimadesio","url":"https:\/\/www.rimadesio.it\/fr\/","logo":{"@type":"ImageObject","inLanguage":"fr-FR","@id":"https:\/\/www.rimadesio.it\/fr\/#\/schema\/logo\/image\/","url":"https:\/\/static.rimadesio.it\/media\/2021\/08\/Logo.png","contentUrl":"https:\/\/static.rimadesio.it\/media\/2021\/08\/Logo.png","width":102,"height":18,"caption":"Rimadesio"},"image":{"@id":"https:\/\/www.rimadesio.it\/fr\/#\/schema\/logo\/image\/"}}]}},"_links":{"self":[{"href":"https:\/\/www.rimadesio.it\/fr\/wp-json\/wp\/v2\/pages\/151635"}],"collection":[{"href":"https:\/\/www.rimadesio.it\/fr\/wp-json\/wp\/v2\/pages"}],"about":[{"href":"https:\/\/www.rimadesio.it\/fr\/wp-json\/wp\/v2\/types\/page"}],"author":[{"embeddable":true,"href":"https:\/\/www.rimadesio.it\/fr\/wp-json\/wp\/v2\/users\/64297"}],"replies":[{"embeddable":true,"href":"https:\/\/www.rimadesio.it\/fr\/wp-json\/wp\/v2\/comments?post=151635"}],"version-history":[{"count":1,"href":"https:\/\/www.rimadesio.it\/fr\/wp-json\/wp\/v2\/pages\/151635\/revisions"}],"predecessor-version":[{"id":159074,"href":"https:\/\/www.rimadesio.it\/fr\/wp-json\/wp\/v2\/pages\/151635\/revisions\/159074"}],"wp:attachment":[{"href":"https:\/\/www.rimadesio.it\/fr\/wp-json\/wp\/v2\/media?parent=151635"}],"curies":[{"name":"wp","href":"https:\/\/api.w.org\/{rel}","templated":true}]}}