{"id":148420,"date":"2022-01-07T11:26:36","date_gmt":"2022-01-07T10:26:36","guid":{"rendered":"https:\/\/www.rimadesio.it\/verre\/"},"modified":"2023-09-15T11:11:31","modified_gmt":"2023-09-15T09:11:31","slug":"verre","status":"publish","type":"page","link":"https:\/\/www.rimadesio.it\/fr\/philosophie\/verre\/","title":{"rendered":"Verre"},"content":{"rendered":"<div class=\"row module-bottom-small \">\n<div class=\"col-12 main-description module-top-small \">\n<div class=\"font-large-sans\">\n<p>Le verre peut \u00eatre consid\u00e9r\u00e9 comme le premier mat\u00e9riaux artificiel invent\u00e9 et utilis\u00e9 par l\u2019homme. Aujourd&#8217;hui encore ses qualit\u00e9s uniques le rendent irrempla\u00e7able dans certains domaines. En outre le verre est recyclable \u00e0 l\u2019infini et r\u00e9pond donc aux principes de durabilit\u00e9 environnementale.<\/p>\n<\/div>\n<\/div>\n<\/div>\n","protected":false},"excerpt":{"rendered":"<p>Le verre peut \u00eatre consid\u00e9r\u00e9 comme le premier mat\u00e9riaux artificiel invent\u00e9 et utilis\u00e9 par l\u2019homme. Aujourd&#8217;hui encore ses qualit\u00e9s uniques le rendent irrempla\u00e7able dans certains domaines. En outre le verre est recyclable \u00e0 l\u2019infini et r\u00e9pond donc aux principes de durabilit\u00e9 environnementale.<\/p>\n","protected":false},"author":65156,"featured_media":151625,"parent":154880,"menu_order":299,"comment_status":"closed","ping_status":"closed","template":"","meta":{"inline_featured_image":false},"acf":[],"yoast_head":"<!-- This site is optimized with the Yoast SEO plugin v20.4 - https:\/\/yoast.com\/wordpress\/plugins\/seo\/ -->\n<title>Verre - Rimadesio<\/title>\n<meta name=\"description\" content=\"Le verre peut \u00eatre consid\u00e9r\u00e9 comme le premier mat\u00e9riaux artificiel invent\u00e9 et utilis\u00e9 par l\u2019homme. Aujourd&#039;hui encore ses qualit\u00e9s uniques le rendent\" \/>\n<meta name=\"robots\" content=\"index, follow, max-snippet:-1, max-image-preview:large, max-video-preview:-1\" \/>\n<link rel=\"canonical\" href=\"https:\/\/www.rimadesio.it\/fr\/philosophie\/verre\/\" \/>\n<meta property=\"og:locale\" content=\"fr_FR\" \/>\n<meta property=\"og:type\" content=\"article\" \/>\n<meta property=\"og:title\" content=\"Verre - Rimadesio\" \/>\n<meta property=\"og:description\" content=\"Le verre peut \u00eatre consid\u00e9r\u00e9 comme le premier mat\u00e9riaux artificiel invent\u00e9 et utilis\u00e9 par l\u2019homme. Aujourd&#039;hui encore ses qualit\u00e9s uniques le rendent\" \/>\n<meta property=\"og:url\" content=\"https:\/\/www.rimadesio.it\/fr\/philosophie\/verre\/\" \/>\n<meta property=\"og:site_name\" content=\"Rimadesio\" \/>\n<meta property=\"article:modified_time\" content=\"2023-09-15T09:11:31+00:00\" \/>\n<meta property=\"og:image\" content=\"https:\/\/static.rimadesio.it\/media\/2021\/01\/Homepage_Vetro_gen20211.jpg\" \/>\n\t<meta property=\"og:image:width\" content=\"1500\" \/>\n\t<meta property=\"og:image:height\" content=\"1000\" \/>\n\t<meta property=\"og:image:type\" content=\"image\/jpeg\" \/>\n<meta name=\"twitter:card\" content=\"summary_large_image\" \/>\n<script type=\"application\/ld+json\" class=\"yoast-schema-graph\">{\"@context\":\"https:\/\/schema.org\",\"@graph\":[{\"@type\":\"WebPage\",\"@id\":\"https:\/\/www.rimadesio.it\/fr\/philosophie\/verre\/\",\"url\":\"https:\/\/www.rimadesio.it\/fr\/philosophie\/verre\/\",\"name\":\"Verre - Rimadesio\",\"isPartOf\":{\"@id\":\"https:\/\/www.rimadesio.it\/fr\/#website\"},\"datePublished\":\"2022-01-07T10:26:36+00:00\",\"dateModified\":\"2023-09-15T09:11:31+00:00\",\"description\":\"Le verre peut \u00eatre consid\u00e9r\u00e9 comme le premier mat\u00e9riaux artificiel invent\u00e9 et utilis\u00e9 par l\u2019homme. Aujourd'hui encore ses qualit\u00e9s uniques le rendent\",\"breadcrumb\":{\"@id\":\"https:\/\/www.rimadesio.it\/fr\/philosophie\/verre\/#breadcrumb\"},\"inLanguage\":\"fr-FR\",\"potentialAction\":[{\"@type\":\"ReadAction\",\"target\":[\"https:\/\/www.rimadesio.it\/fr\/philosophie\/verre\/\"]}]},{\"@type\":\"BreadcrumbList\",\"@id\":\"https:\/\/www.rimadesio.it\/fr\/philosophie\/verre\/#breadcrumb\",\"itemListElement\":[{\"@type\":\"ListItem\",\"position\":1,\"name\":\"Homepage\",\"item\":\"https:\/\/www.rimadesio.it\/fr\/\"},{\"@type\":\"ListItem\",\"position\":2,\"name\":\"Philosophie\",\"item\":\"https:\/\/www.rimadesio.it\/fr\/philosophie\/\"},{\"@type\":\"ListItem\",\"position\":3,\"name\":\"Verre\"}]},{\"@type\":\"WebSite\",\"@id\":\"https:\/\/www.rimadesio.it\/fr\/#website\",\"url\":\"https:\/\/www.rimadesio.it\/fr\/\",\"name\":\"Rimadesio\",\"description\":\"Rimadesio official website\",\"publisher\":{\"@id\":\"https:\/\/www.rimadesio.it\/fr\/#organization\"},\"potentialAction\":[{\"@type\":\"SearchAction\",\"target\":{\"@type\":\"EntryPoint\",\"urlTemplate\":\"https:\/\/www.rimadesio.it\/fr\/?s={search_term_string}\"},\"query-input\":\"required name=search_term_string\"}],\"inLanguage\":\"fr-FR\"},{\"@type\":\"Organization\",\"@id\":\"https:\/\/www.rimadesio.it\/fr\/#organization\",\"name\":\"Rimadesio\",\"url\":\"https:\/\/www.rimadesio.it\/fr\/\",\"logo\":{\"@type\":\"ImageObject\",\"inLanguage\":\"fr-FR\",\"@id\":\"https:\/\/www.rimadesio.it\/fr\/#\/schema\/logo\/image\/\",\"url\":\"https:\/\/static.rimadesio.it\/media\/2021\/08\/Logo.png\",\"contentUrl\":\"https:\/\/static.rimadesio.it\/media\/2021\/08\/Logo.png\",\"width\":102,\"height\":18,\"caption\":\"Rimadesio\"},\"image\":{\"@id\":\"https:\/\/www.rimadesio.it\/fr\/#\/schema\/logo\/image\/\"}}]}<\/script>\n<!-- \/ Yoast SEO plugin. -->","yoast_head_json":{"title":"Verre - Rimadesio","description":"Le verre peut \u00eatre consid\u00e9r\u00e9 comme le premier mat\u00e9riaux artificiel invent\u00e9 et utilis\u00e9 par l\u2019homme. Aujourd'hui encore ses qualit\u00e9s uniques le rendent","robots":{"index":"index","follow":"follow","max-snippet":"max-snippet:-1","max-image-preview":"max-image-preview:large","max-video-preview":"max-video-preview:-1"},"canonical":"https:\/\/www.rimadesio.it\/fr\/philosophie\/verre\/","og_locale":"fr_FR","og_type":"article","og_title":"Verre - Rimadesio","og_description":"Le verre peut \u00eatre consid\u00e9r\u00e9 comme le premier mat\u00e9riaux artificiel invent\u00e9 et utilis\u00e9 par l\u2019homme. Aujourd'hui encore ses qualit\u00e9s uniques le rendent","og_url":"https:\/\/www.rimadesio.it\/fr\/philosophie\/verre\/","og_site_name":"Rimadesio","article_modified_time":"2023-09-15T09:11:31+00:00","og_image":[{"width":1500,"height":1000,"url":"https:\/\/static.rimadesio.it\/media\/2021\/01\/Homepage_Vetro_gen20211.jpg","type":"image\/jpeg"}],"twitter_card":"summary_large_image","schema":{"@context":"https:\/\/schema.org","@graph":[{"@type":"WebPage","@id":"https:\/\/www.rimadesio.it\/fr\/philosophie\/verre\/","url":"https:\/\/www.rimadesio.it\/fr\/philosophie\/verre\/","name":"Verre - Rimadesio","isPartOf":{"@id":"https:\/\/www.rimadesio.it\/fr\/#website"},"datePublished":"2022-01-07T10:26:36+00:00","dateModified":"2023-09-15T09:11:31+00:00","description":"Le verre peut \u00eatre consid\u00e9r\u00e9 comme le premier mat\u00e9riaux artificiel invent\u00e9 et utilis\u00e9 par l\u2019homme. Aujourd'hui encore ses qualit\u00e9s uniques le rendent","breadcrumb":{"@id":"https:\/\/www.rimadesio.it\/fr\/philosophie\/verre\/#breadcrumb"},"inLanguage":"fr-FR","potentialAction":[{"@type":"ReadAction","target":["https:\/\/www.rimadesio.it\/fr\/philosophie\/verre\/"]}]},{"@type":"BreadcrumbList","@id":"https:\/\/www.rimadesio.it\/fr\/philosophie\/verre\/#breadcrumb","itemListElement":[{"@type":"ListItem","position":1,"name":"Homepage","item":"https:\/\/www.rimadesio.it\/fr\/"},{"@type":"ListItem","position":2,"name":"Philosophie","item":"https:\/\/www.rimadesio.it\/fr\/philosophie\/"},{"@type":"ListItem","position":3,"name":"Verre"}]},{"@type":"WebSite","@id":"https:\/\/www.rimadesio.it\/fr\/#website","url":"https:\/\/www.rimadesio.it\/fr\/","name":"Rimadesio","description":"Rimadesio official website","publisher":{"@id":"https:\/\/www.rimadesio.it\/fr\/#organization"},"potentialAction":[{"@type":"SearchAction","target":{"@type":"EntryPoint","urlTemplate":"https:\/\/www.rimadesio.it\/fr\/?s={search_term_string}"},"query-input":"required name=search_term_string"}],"inLanguage":"fr-FR"},{"@type":"Organization","@id":"https:\/\/www.rimadesio.it\/fr\/#organization","name":"Rimadesio","url":"https:\/\/www.rimadesio.it\/fr\/","logo":{"@type":"ImageObject","inLanguage":"fr-FR","@id":"https:\/\/www.rimadesio.it\/fr\/#\/schema\/logo\/image\/","url":"https:\/\/static.rimadesio.it\/media\/2021\/08\/Logo.png","contentUrl":"https:\/\/static.rimadesio.it\/media\/2021\/08\/Logo.png","width":102,"height":18,"caption":"Rimadesio"},"image":{"@id":"https:\/\/www.rimadesio.it\/fr\/#\/schema\/logo\/image\/"}}]}},"_links":{"self":[{"href":"https:\/\/www.rimadesio.it\/fr\/wp-json\/wp\/v2\/pages\/148420"}],"collection":[{"href":"https:\/\/www.rimadesio.it\/fr\/wp-json\/wp\/v2\/pages"}],"about":[{"href":"https:\/\/www.rimadesio.it\/fr\/wp-json\/wp\/v2\/types\/page"}],"author":[{"embeddable":true,"href":"https:\/\/www.rimadesio.it\/fr\/wp-json\/wp\/v2\/users\/65156"}],"replies":[{"embeddable":true,"href":"https:\/\/www.rimadesio.it\/fr\/wp-json\/wp\/v2\/comments?post=148420"}],"version-history":[{"count":2,"href":"https:\/\/www.rimadesio.it\/fr\/wp-json\/wp\/v2\/pages\/148420\/revisions"}],"predecessor-version":[{"id":160862,"href":"https:\/\/www.rimadesio.it\/fr\/wp-json\/wp\/v2\/pages\/148420\/revisions\/160862"}],"up":[{"embeddable":true,"href":"https:\/\/www.rimadesio.it\/fr\/wp-json\/wp\/v2\/pages\/154880"}],"wp:featuredmedia":[{"embeddable":true,"href":"https:\/\/www.rimadesio.it\/fr\/wp-json\/wp\/v2\/media\/151625"}],"wp:attachment":[{"href":"https:\/\/www.rimadesio.it\/fr\/wp-json\/wp\/v2\/media?parent=148420"}],"curies":[{"name":"wp","href":"https:\/\/api.w.org\/{rel}","templated":true}]}}