{"id":148396,"date":"2022-01-06T21:03:49","date_gmt":"2022-01-06T20:03:49","guid":{"rendered":"https:\/\/www.rimadesio.it\/progetto-sostenibilita-ambientale\/"},"modified":"2022-06-08T11:47:37","modified_gmt":"2022-06-08T09:47:37","slug":"progetto-sostenibilita-ambientale","status":"publish","type":"page","link":"https:\/\/www.rimadesio.it\/fr\/about-us\/progetto-sostenibilita-ambientale\/","title":{"rendered":"Projet de durabilit\u00e9 environnementale"},"content":{"rendered":"<p>L\u2019attention \u00e0 l\u2019environnement et aux personnes est une pr\u00e9rogative pr\u00e9sente depuis toujours dans l\u2019ADN de Rimadesio\u00a0: de la production d\u2019\u00e9nergie solaire par des panneaux photovolta\u00efques, au parcours de conversion \u00e0 l\u2019\u00e9lectrique de la flotte de l\u2019entreprise\u00a0; de la fabrication de mat\u00e9riaux 100% recyclables comme l\u2019aluminium et \u00e0 l\u2019utilisation de seules peintures hydrosolubles, jusqu\u2019\u00e0 l\u2019\u00e9limination totale du polystyr\u00e8ne, remplac\u00e9 par du carton recycl\u00e9 et \u00e0 son tour compl\u00e8tement recyclable. Le d\u00e9fi de Rimadesio se base sur la recherche, l\u2019innovation et des investissement en croissance\u00a0: une engagement concret et tangible, qui se r\u00e9sume en donn\u00e9es pr\u00e9cises.<\/p>\n","protected":false},"excerpt":{"rendered":"<p>L\u2019attention \u00e0 l\u2019environnement et aux personnes est une pr\u00e9rogative pr\u00e9sente depuis toujours dans l\u2019ADN de Rimadesio\u00a0: de la production d\u2019\u00e9nergie solaire par des panneaux photovolta\u00efques, au parcours de conversion \u00e0 l\u2019\u00e9lectrique de la flotte de l\u2019entreprise\u00a0; de la fabrication de mat\u00e9riaux 100% recyclables comme l\u2019aluminium et \u00e0 l\u2019utilisation de seules peintures hydrosolubles, jusqu\u2019\u00e0 l\u2019\u00e9limination totale &hellip; <a href=\"https:\/\/www.rimadesio.it\/fr\/about-us\/progetto-sostenibilita-ambientale\/\">More<\/a><\/p>\n","protected":false},"author":65156,"featured_media":21111,"parent":154875,"menu_order":300,"comment_status":"closed","ping_status":"closed","template":"template-sustainability.php","meta":{"inline_featured_image":false},"acf":[],"yoast_head":"<!-- This site is optimized with the Yoast SEO plugin v20.4 - https:\/\/yoast.com\/wordpress\/plugins\/seo\/ -->\n<title>Projet de durabilit\u00e9 environnementale - Rimadesio<\/title>\n<meta name=\"description\" content=\"L\u2019attention \u00e0 l\u2019environnement et aux personnes est une pr\u00e9rogative pr\u00e9sente depuis toujours dans l\u2019ADN de Rimadesio\u00a0: de la production d\u2019\u00e9nergie solaire\" \/>\n<meta name=\"robots\" content=\"index, follow, max-snippet:-1, max-image-preview:large, max-video-preview:-1\" \/>\n<link rel=\"canonical\" href=\"https:\/\/www.rimadesio.it\/fr\/about-us\/progetto-sostenibilita-ambientale\/\" \/>\n<meta property=\"og:locale\" content=\"fr_FR\" \/>\n<meta property=\"og:type\" content=\"article\" \/>\n<meta property=\"og:title\" content=\"Projet de durabilit\u00e9 environnementale - Rimadesio\" \/>\n<meta property=\"og:description\" content=\"L\u2019attention \u00e0 l\u2019environnement et aux personnes est une pr\u00e9rogative pr\u00e9sente depuis toujours dans l\u2019ADN de Rimadesio\u00a0: de la production d\u2019\u00e9nergie solaire\" \/>\n<meta property=\"og:url\" content=\"https:\/\/www.rimadesio.it\/fr\/about-us\/progetto-sostenibilita-ambientale\/\" \/>\n<meta property=\"og:site_name\" content=\"Rimadesio\" \/>\n<meta property=\"article:modified_time\" content=\"2022-06-08T09:47:37+00:00\" \/>\n<meta property=\"og:image\" content=\"https:\/\/static.rimadesio.it\/media\/2021\/08\/3-rimadesio-sostenibilita.jpg\" \/>\n\t<meta property=\"og:image:width\" content=\"1920\" \/>\n\t<meta property=\"og:image:height\" content=\"1280\" \/>\n\t<meta property=\"og:image:type\" content=\"image\/jpeg\" \/>\n<meta name=\"twitter:card\" content=\"summary_large_image\" \/>\n<meta name=\"twitter:label1\" content=\"Est. reading time\" \/>\n\t<meta name=\"twitter:data1\" content=\"1 minute\" \/>\n<script type=\"application\/ld+json\" class=\"yoast-schema-graph\">{\"@context\":\"https:\/\/schema.org\",\"@graph\":[{\"@type\":\"WebPage\",\"@id\":\"https:\/\/www.rimadesio.it\/fr\/about-us\/progetto-sostenibilita-ambientale\/\",\"url\":\"https:\/\/www.rimadesio.it\/fr\/about-us\/progetto-sostenibilita-ambientale\/\",\"name\":\"Projet de durabilit\u00e9 environnementale - Rimadesio\",\"isPartOf\":{\"@id\":\"https:\/\/www.rimadesio.it\/fr\/#website\"},\"datePublished\":\"2022-01-06T20:03:49+00:00\",\"dateModified\":\"2022-06-08T09:47:37+00:00\",\"description\":\"L\u2019attention \u00e0 l\u2019environnement et aux personnes est une pr\u00e9rogative pr\u00e9sente depuis toujours dans l\u2019ADN de Rimadesio\u00a0: de la production d\u2019\u00e9nergie solaire\",\"breadcrumb\":{\"@id\":\"https:\/\/www.rimadesio.it\/fr\/about-us\/progetto-sostenibilita-ambientale\/#breadcrumb\"},\"inLanguage\":\"fr-FR\",\"potentialAction\":[{\"@type\":\"ReadAction\",\"target\":[\"https:\/\/www.rimadesio.it\/fr\/about-us\/progetto-sostenibilita-ambientale\/\"]}]},{\"@type\":\"BreadcrumbList\",\"@id\":\"https:\/\/www.rimadesio.it\/fr\/about-us\/progetto-sostenibilita-ambientale\/#breadcrumb\",\"itemListElement\":[{\"@type\":\"ListItem\",\"position\":1,\"name\":\"Homepage\",\"item\":\"https:\/\/www.rimadesio.it\/fr\/\"},{\"@type\":\"ListItem\",\"position\":2,\"name\":\"About Us\",\"item\":\"https:\/\/www.rimadesio.it\/fr\/about-us\/\"},{\"@type\":\"ListItem\",\"position\":3,\"name\":\"Projet de durabilit\u00e9 environnementale\"}]},{\"@type\":\"WebSite\",\"@id\":\"https:\/\/www.rimadesio.it\/fr\/#website\",\"url\":\"https:\/\/www.rimadesio.it\/fr\/\",\"name\":\"Rimadesio\",\"description\":\"Rimadesio official website\",\"publisher\":{\"@id\":\"https:\/\/www.rimadesio.it\/fr\/#organization\"},\"potentialAction\":[{\"@type\":\"SearchAction\",\"target\":{\"@type\":\"EntryPoint\",\"urlTemplate\":\"https:\/\/www.rimadesio.it\/fr\/?s={search_term_string}\"},\"query-input\":\"required name=search_term_string\"}],\"inLanguage\":\"fr-FR\"},{\"@type\":\"Organization\",\"@id\":\"https:\/\/www.rimadesio.it\/fr\/#organization\",\"name\":\"Rimadesio\",\"url\":\"https:\/\/www.rimadesio.it\/fr\/\",\"logo\":{\"@type\":\"ImageObject\",\"inLanguage\":\"fr-FR\",\"@id\":\"https:\/\/www.rimadesio.it\/fr\/#\/schema\/logo\/image\/\",\"url\":\"https:\/\/static.rimadesio.it\/media\/2021\/08\/Logo.png\",\"contentUrl\":\"https:\/\/static.rimadesio.it\/media\/2021\/08\/Logo.png\",\"width\":102,\"height\":18,\"caption\":\"Rimadesio\"},\"image\":{\"@id\":\"https:\/\/www.rimadesio.it\/fr\/#\/schema\/logo\/image\/\"}}]}<\/script>\n<!-- \/ Yoast SEO plugin. -->","yoast_head_json":{"title":"Projet de durabilit\u00e9 environnementale - Rimadesio","description":"L\u2019attention \u00e0 l\u2019environnement et aux personnes est une pr\u00e9rogative pr\u00e9sente depuis toujours dans l\u2019ADN de Rimadesio\u00a0: de la production d\u2019\u00e9nergie solaire","robots":{"index":"index","follow":"follow","max-snippet":"max-snippet:-1","max-image-preview":"max-image-preview:large","max-video-preview":"max-video-preview:-1"},"canonical":"https:\/\/www.rimadesio.it\/fr\/about-us\/progetto-sostenibilita-ambientale\/","og_locale":"fr_FR","og_type":"article","og_title":"Projet de durabilit\u00e9 environnementale - Rimadesio","og_description":"L\u2019attention \u00e0 l\u2019environnement et aux personnes est une pr\u00e9rogative pr\u00e9sente depuis toujours dans l\u2019ADN de Rimadesio\u00a0: de la production d\u2019\u00e9nergie solaire","og_url":"https:\/\/www.rimadesio.it\/fr\/about-us\/progetto-sostenibilita-ambientale\/","og_site_name":"Rimadesio","article_modified_time":"2022-06-08T09:47:37+00:00","og_image":[{"width":1920,"height":1280,"url":"https:\/\/static.rimadesio.it\/media\/2021\/08\/3-rimadesio-sostenibilita.jpg","type":"image\/jpeg"}],"twitter_card":"summary_large_image","twitter_misc":{"Est. reading time":"1 minute"},"schema":{"@context":"https:\/\/schema.org","@graph":[{"@type":"WebPage","@id":"https:\/\/www.rimadesio.it\/fr\/about-us\/progetto-sostenibilita-ambientale\/","url":"https:\/\/www.rimadesio.it\/fr\/about-us\/progetto-sostenibilita-ambientale\/","name":"Projet de durabilit\u00e9 environnementale - Rimadesio","isPartOf":{"@id":"https:\/\/www.rimadesio.it\/fr\/#website"},"datePublished":"2022-01-06T20:03:49+00:00","dateModified":"2022-06-08T09:47:37+00:00","description":"L\u2019attention \u00e0 l\u2019environnement et aux personnes est une pr\u00e9rogative pr\u00e9sente depuis toujours dans l\u2019ADN de Rimadesio\u00a0: de la production d\u2019\u00e9nergie solaire","breadcrumb":{"@id":"https:\/\/www.rimadesio.it\/fr\/about-us\/progetto-sostenibilita-ambientale\/#breadcrumb"},"inLanguage":"fr-FR","potentialAction":[{"@type":"ReadAction","target":["https:\/\/www.rimadesio.it\/fr\/about-us\/progetto-sostenibilita-ambientale\/"]}]},{"@type":"BreadcrumbList","@id":"https:\/\/www.rimadesio.it\/fr\/about-us\/progetto-sostenibilita-ambientale\/#breadcrumb","itemListElement":[{"@type":"ListItem","position":1,"name":"Homepage","item":"https:\/\/www.rimadesio.it\/fr\/"},{"@type":"ListItem","position":2,"name":"About Us","item":"https:\/\/www.rimadesio.it\/fr\/about-us\/"},{"@type":"ListItem","position":3,"name":"Projet de durabilit\u00e9 environnementale"}]},{"@type":"WebSite","@id":"https:\/\/www.rimadesio.it\/fr\/#website","url":"https:\/\/www.rimadesio.it\/fr\/","name":"Rimadesio","description":"Rimadesio official website","publisher":{"@id":"https:\/\/www.rimadesio.it\/fr\/#organization"},"potentialAction":[{"@type":"SearchAction","target":{"@type":"EntryPoint","urlTemplate":"https:\/\/www.rimadesio.it\/fr\/?s={search_term_string}"},"query-input":"required name=search_term_string"}],"inLanguage":"fr-FR"},{"@type":"Organization","@id":"https:\/\/www.rimadesio.it\/fr\/#organization","name":"Rimadesio","url":"https:\/\/www.rimadesio.it\/fr\/","logo":{"@type":"ImageObject","inLanguage":"fr-FR","@id":"https:\/\/www.rimadesio.it\/fr\/#\/schema\/logo\/image\/","url":"https:\/\/static.rimadesio.it\/media\/2021\/08\/Logo.png","contentUrl":"https:\/\/static.rimadesio.it\/media\/2021\/08\/Logo.png","width":102,"height":18,"caption":"Rimadesio"},"image":{"@id":"https:\/\/www.rimadesio.it\/fr\/#\/schema\/logo\/image\/"}}]}},"_links":{"self":[{"href":"https:\/\/www.rimadesio.it\/fr\/wp-json\/wp\/v2\/pages\/148396"}],"collection":[{"href":"https:\/\/www.rimadesio.it\/fr\/wp-json\/wp\/v2\/pages"}],"about":[{"href":"https:\/\/www.rimadesio.it\/fr\/wp-json\/wp\/v2\/types\/page"}],"author":[{"embeddable":true,"href":"https:\/\/www.rimadesio.it\/fr\/wp-json\/wp\/v2\/users\/65156"}],"replies":[{"embeddable":true,"href":"https:\/\/www.rimadesio.it\/fr\/wp-json\/wp\/v2\/comments?post=148396"}],"version-history":[{"count":3,"href":"https:\/\/www.rimadesio.it\/fr\/wp-json\/wp\/v2\/pages\/148396\/revisions"}],"predecessor-version":[{"id":157373,"href":"https:\/\/www.rimadesio.it\/fr\/wp-json\/wp\/v2\/pages\/148396\/revisions\/157373"}],"up":[{"embeddable":true,"href":"https:\/\/www.rimadesio.it\/fr\/wp-json\/wp\/v2\/pages\/154875"}],"wp:featuredmedia":[{"embeddable":true,"href":"https:\/\/www.rimadesio.it\/fr\/wp-json\/wp\/v2\/media\/21111"}],"wp:attachment":[{"href":"https:\/\/www.rimadesio.it\/fr\/wp-json\/wp\/v2\/media?parent=148396"}],"curies":[{"name":"wp","href":"https:\/\/api.w.org\/{rel}","templated":true}]}}