{"id":148067,"date":"2022-01-06T01:27:42","date_gmt":"2022-01-06T00:27:42","guid":{"rendered":"https:\/\/www.rimadesio.it\/privacy-policy-2\/"},"modified":"2024-07-02T10:48:39","modified_gmt":"2024-07-02T08:48:39","slug":"privacy-policy-2","status":"publish","type":"page","link":"https:\/\/www.rimadesio.it\/fr\/privacy-policy-2\/","title":{"rendered":"NOTE D\u2019INFORMATION SUR LE TRAITEMENT DES DONN\u00c9ES PERSONNELLES"},"content":{"rendered":"<p>ART. 13 R\u00c8GLEMENT UE 2016\/679 (RGPD)<\/p>\n<p>&nbsp;<\/p>\n<p>Conform\u00e9ment \u00e0 l\u2019article 13 du R\u00e8glement UE 679\/2016 sur la protection des donn\u00e9es personnelles (RGPD), nous vous informons que les donn\u00e9es personnelles que vous fournissez pourront \u00eatre trait\u00e9es dans le respect de ce qui suit.<\/p>\n<p>&nbsp;<\/p>\n<h2>1.IDENTIT\u00c9 ET COORDONN\u00c9ES<\/h2>\n<p>Responsable du traitement des donn\u00e9es Rimadesio S.p.A.<br \/>\nNum\u00e9ro de TVA 00685930968<br \/>\nvia Furlanelli, 96 \u2013 20833 Giussano (MB)<br \/>\nrimadesio@rimadesio.it | T\u00e9l. : (+39) 0362 3171<\/p>\n<p>&nbsp;<\/p>\n<h2>2.FINALIT\u00c9 DU TRAITEMENT ET CADRE L\u00c9GAL<\/h2>\n<p>Apr\u00e8s obtention de votre consentement expr\u00e8s (art. 6, alin\u00e9a 1, lettres A du RGPD), vos donn\u00e9es personnelles pourront \u00eatre utilis\u00e9es dans le but de vous envoyer du mat\u00e9riel d\u2019information et commercial, illustrant les produits et services de la soci\u00e9t\u00e9 Rimadesio S.p.A.<br \/>\nEn cas de demande de devis, vos donn\u00e9es personnelles pourront \u00e9galement \u00eatre trait\u00e9es afin de pouvoir donner suite<\/p>\n<ul>\n<li>cette demande et la g\u00e9rer. Le traitement en question est autoris\u00e9 afin d\u2019\u00e9x\u00e9cuter les mesures pr\u00e9contractuelles adopt\u00e9es \u00e0 la demande de l\u2019int\u00e9ress\u00e9 (art. 6, alin\u00e9a 1, lettre B du RGPD).<\/li>\n<\/ul>\n<p>Les donn\u00e9es r\u00e9sultant de nos formulaires remplis ou des devis demand\u00e9s, des int\u00e9r\u00eats que vous avez manifest\u00e9s pour nos produits et de vos types d\u2019achat, pourront \u00eatre utilis\u00e9es exclusivement apr\u00e8s obtention de votre consentement libre, facultatif, sp\u00e9cifique et explicite (art. 6, alin\u00e9a 1, lettres A du RGPD), y compris pour identifier et d\u00e9finir vos go\u00fbts, pr\u00e9f\u00e9rences, habitudes, besoins et choix de consommation (\u00ab profilage \u00bb).<\/p>\n<p>&nbsp;<\/p>\n<h2>3.COMMUNICATION DES DONN\u00c9ES \u00c0 D\u2019AUTRES ACTEURS QUE LE RESPONSABLE DU TRAITEMENT<\/h2>\n<p>Vos donn\u00e9es personnelles pourront \u00eatre destin\u00e9es aux acteurs suivants :<\/p>\n<ol>\n<li>Sous-traitants ult\u00e9rieurs sous l\u2019autorit\u00e9 du responsable du traitement ;<\/li>\n<li>Sous-traitants d\u00e9sign\u00e9s par le responsable du traitement.<\/li>\n<\/ol>\n<p>Les \u00e9ventuels sous-traitants d\u00e9sign\u00e9s seront tenus de respecter la confidentialit\u00e9 et la s\u00e9curit\u00e9 des donn\u00e9es, \u00e0 travers un contrat et la liste actualis\u00e9e de ces sous-traitants pourra toujours \u00eatre demand\u00e9e au Responsable du traitement.<\/p>\n<p>&nbsp;<\/p>\n<h2>4.TRANSFERT DES DONN\u00c9ES VERS PAYS TIERS<\/h2>\n<p>Il pourrait \u00eatre n\u00e9cessaire de communiquer vos donn\u00e9es personnelles y compris hors de l\u2019Union europ\u00e9enne, \u00e0 travers la garantie de la d\u00e9cision d\u2019ad\u00e9quation (art. 45 du RGPD), ou des clauses contractuelles types de la Commission europ\u00e9enne (art. 46, alin\u00e9a 2, lettre C du RGPD), qui peuvent \u00eatre demand\u00e9es aupr\u00e8s du responsable du traitement, aux coordonn\u00e9es indiqu\u00e9es ci-dessus.<\/p>\n<p>&nbsp;<\/p>\n<h2>5.D\u00c9LAIS DE CONSERVATION DES DONN\u00c9ES<\/h2>\n<ul>\n<li>Les donn\u00e9es personnelles acquises dans le cadre du traitement de votre demande de devis seront trait\u00e9es pendant une dur\u00e9e n\u2019exc\u00e9dant pas 12 mois.<\/li>\n<li>Les donn\u00e9es personnelles acquises dans le but d\u2019envoyer du mat\u00e9riel d\u2019information et commercial seront conserv\u00e9es jusqu\u2019\u00e0 ce que vous demandiez votre d\u00e9sabonnement du service et, dans tous les cas, pendant une p\u00e9riode n\u2019exc\u00e9dant pas 24 mois \u00e0 compter de l\u2019obtention de votre consentement.<\/li>\n<li>Les donn\u00e9es personnelles trait\u00e9es \u00e0 des fins de profilage seront conserv\u00e9es pendant 12 mois \u00e0 compter de l\u2019enregistrement de vos donn\u00e9es, ou jusqu\u2019\u00e0 la r\u00e9vocation de votre consentement.<\/li>\n<\/ul>\n<p>&nbsp;<\/p>\n<h2>6.DROITS DE L\u2019INT\u00c9RESS\u00c9<\/h2>\n<p>Pour faire valoir vos droits, comme pr\u00e9vu \u00e0 l\u2019article 15 du RGPD et aux art. suivants, vous pourrez vous adresser au Responsable du traitement ou au D\u00e9l\u00e9gu\u00e9 \u00e0 la protection des donn\u00e9es, joignables via les coordonn\u00e9es indiqu\u00e9es ci-dessus, en vous identifiant et en pr\u00e9cisant la nature de votre demande ou du probl\u00e8me soulign\u00e9.<br \/>\nVous pourrez exercer sur vos donn\u00e9es vos droits d\u2019acc\u00e8s, de rectification, de suppression, de limitation et d\u2019opposition au traitement.<br \/>\nL\u2019int\u00e9ress\u00e9 a le droit de proc\u00e9der, \u00e0 tout moment, \u00e0 la r\u00e9vocation de son consentement au traitement de ses donn\u00e9es personnelles en contactant la soci\u00e9t\u00e9 Rimadesio S.p.A. aux coordonn\u00e9es indiqu\u00e9es ci-avant. Conform\u00e9ment \u00e0 l\u2019art. 7 du R\u00e8glement UE, la r\u00e9vocation du consentement n\u2019affecte pas la l\u00e9galit\u00e9 du traitement fond\u00e9e sur le consentement donn\u00e9 avant la r\u00e9vocation.<br \/>\nL\u2019int\u00e9ress\u00e9 a \u00e9galement le droit de pr\u00e9senter une r\u00e9clamation aupr\u00e8s de l\u2019autorit\u00e9 de contr\u00f4le comp\u00e9tente, Garante de la confidentialit\u00e9 des donn\u00e9es, sise Piazza Venezia, 11 &#8211; 00187 Rome &#8211; T\u00e9l. : 06.696771 &#8211; E-mail : protocollo@gpdp.it<\/p>\n<p style=\"text-align: right;\">1er Juillet 2024<\/p>\n","protected":false},"excerpt":{"rendered":"<p>ART. 13 R\u00c8GLEMENT UE 2016\/679 (RGPD) &nbsp; Conform\u00e9ment \u00e0 l\u2019article 13 du R\u00e8glement UE 679\/2016 sur la protection des donn\u00e9es personnelles (RGPD), nous vous informons que les donn\u00e9es personnelles que vous fournissez pourront \u00eatre trait\u00e9es dans le respect de ce qui suit. &nbsp; 1.IDENTIT\u00c9 ET COORDONN\u00c9ES Responsable du traitement des donn\u00e9es Rimadesio S.p.A. Num\u00e9ro de &hellip; <a href=\"https:\/\/www.rimadesio.it\/fr\/privacy-policy-2\/\">More<\/a><\/p>\n","protected":false},"author":64297,"featured_media":0,"parent":0,"menu_order":301,"comment_status":"closed","ping_status":"closed","template":"","meta":{"inline_featured_image":false},"acf":[],"yoast_head":"<!-- This site is optimized with the Yoast SEO plugin v20.4 - https:\/\/yoast.com\/wordpress\/plugins\/seo\/ -->\n<title>NOTE D\u2019INFORMATION SUR LE TRAITEMENT DES DONN\u00c9ES PERSONNELLES - Rimadesio<\/title>\n<meta name=\"description\" content=\"ART. 13 R\u00c8GLEMENT UE 2016\/679 (RGPD) &nbsp; Conform\u00e9ment \u00e0 l\u2019article 13 du R\u00e8glement UE 679\/2016 sur la protection des donn\u00e9es personnelles (RGPD), nous\" \/>\n<meta name=\"robots\" content=\"index, follow, max-snippet:-1, max-image-preview:large, max-video-preview:-1\" \/>\n<link rel=\"canonical\" href=\"https:\/\/www.rimadesio.it\/fr\/privacy-policy-2\/\" \/>\n<meta property=\"og:locale\" content=\"fr_FR\" \/>\n<meta property=\"og:type\" content=\"article\" \/>\n<meta property=\"og:title\" content=\"NOTE D\u2019INFORMATION SUR LE TRAITEMENT DES DONN\u00c9ES PERSONNELLES - Rimadesio\" \/>\n<meta property=\"og:description\" content=\"ART. 13 R\u00c8GLEMENT UE 2016\/679 (RGPD) &nbsp; Conform\u00e9ment \u00e0 l\u2019article 13 du R\u00e8glement UE 679\/2016 sur la protection des donn\u00e9es personnelles (RGPD), nous\" \/>\n<meta property=\"og:url\" content=\"https:\/\/www.rimadesio.it\/fr\/privacy-policy-2\/\" \/>\n<meta property=\"og:site_name\" content=\"Rimadesio\" \/>\n<meta property=\"article:modified_time\" content=\"2024-07-02T08:48:39+00:00\" \/>\n<meta name=\"twitter:card\" content=\"summary_large_image\" \/>\n<meta name=\"twitter:label1\" content=\"Est. reading time\" \/>\n\t<meta name=\"twitter:data1\" content=\"4 minutes\" \/>\n<script type=\"application\/ld+json\" class=\"yoast-schema-graph\">{\"@context\":\"https:\/\/schema.org\",\"@graph\":[{\"@type\":\"WebPage\",\"@id\":\"https:\/\/www.rimadesio.it\/fr\/privacy-policy-2\/\",\"url\":\"https:\/\/www.rimadesio.it\/fr\/privacy-policy-2\/\",\"name\":\"NOTE D\u2019INFORMATION SUR LE TRAITEMENT DES DONN\u00c9ES PERSONNELLES - Rimadesio\",\"isPartOf\":{\"@id\":\"https:\/\/www.rimadesio.it\/fr\/#website\"},\"datePublished\":\"2022-01-06T00:27:42+00:00\",\"dateModified\":\"2024-07-02T08:48:39+00:00\",\"description\":\"ART. 13 R\u00c8GLEMENT UE 2016\/679 (RGPD) &nbsp; Conform\u00e9ment \u00e0 l\u2019article 13 du R\u00e8glement UE 679\/2016 sur la protection des donn\u00e9es personnelles (RGPD), nous\",\"breadcrumb\":{\"@id\":\"https:\/\/www.rimadesio.it\/fr\/privacy-policy-2\/#breadcrumb\"},\"inLanguage\":\"fr-FR\",\"potentialAction\":[{\"@type\":\"ReadAction\",\"target\":[\"https:\/\/www.rimadesio.it\/fr\/privacy-policy-2\/\"]}]},{\"@type\":\"BreadcrumbList\",\"@id\":\"https:\/\/www.rimadesio.it\/fr\/privacy-policy-2\/#breadcrumb\",\"itemListElement\":[{\"@type\":\"ListItem\",\"position\":1,\"name\":\"Homepage\",\"item\":\"https:\/\/www.rimadesio.it\/fr\/\"},{\"@type\":\"ListItem\",\"position\":2,\"name\":\"NOTE D\u2019INFORMATION SUR LE TRAITEMENT DES DONN\u00c9ES PERSONNELLES\"}]},{\"@type\":\"WebSite\",\"@id\":\"https:\/\/www.rimadesio.it\/fr\/#website\",\"url\":\"https:\/\/www.rimadesio.it\/fr\/\",\"name\":\"Rimadesio\",\"description\":\"Rimadesio official website\",\"publisher\":{\"@id\":\"https:\/\/www.rimadesio.it\/fr\/#organization\"},\"potentialAction\":[{\"@type\":\"SearchAction\",\"target\":{\"@type\":\"EntryPoint\",\"urlTemplate\":\"https:\/\/www.rimadesio.it\/fr\/?s={search_term_string}\"},\"query-input\":\"required name=search_term_string\"}],\"inLanguage\":\"fr-FR\"},{\"@type\":\"Organization\",\"@id\":\"https:\/\/www.rimadesio.it\/fr\/#organization\",\"name\":\"Rimadesio\",\"url\":\"https:\/\/www.rimadesio.it\/fr\/\",\"logo\":{\"@type\":\"ImageObject\",\"inLanguage\":\"fr-FR\",\"@id\":\"https:\/\/www.rimadesio.it\/fr\/#\/schema\/logo\/image\/\",\"url\":\"https:\/\/static.rimadesio.it\/media\/2021\/08\/Logo.png\",\"contentUrl\":\"https:\/\/static.rimadesio.it\/media\/2021\/08\/Logo.png\",\"width\":102,\"height\":18,\"caption\":\"Rimadesio\"},\"image\":{\"@id\":\"https:\/\/www.rimadesio.it\/fr\/#\/schema\/logo\/image\/\"}}]}<\/script>\n<!-- \/ Yoast SEO plugin. -->","yoast_head_json":{"title":"NOTE D\u2019INFORMATION SUR LE TRAITEMENT DES DONN\u00c9ES PERSONNELLES - Rimadesio","description":"ART. 13 R\u00c8GLEMENT UE 2016\/679 (RGPD) &nbsp; Conform\u00e9ment \u00e0 l\u2019article 13 du R\u00e8glement UE 679\/2016 sur la protection des donn\u00e9es personnelles (RGPD), nous","robots":{"index":"index","follow":"follow","max-snippet":"max-snippet:-1","max-image-preview":"max-image-preview:large","max-video-preview":"max-video-preview:-1"},"canonical":"https:\/\/www.rimadesio.it\/fr\/privacy-policy-2\/","og_locale":"fr_FR","og_type":"article","og_title":"NOTE D\u2019INFORMATION SUR LE TRAITEMENT DES DONN\u00c9ES PERSONNELLES - Rimadesio","og_description":"ART. 13 R\u00c8GLEMENT UE 2016\/679 (RGPD) &nbsp; Conform\u00e9ment \u00e0 l\u2019article 13 du R\u00e8glement UE 679\/2016 sur la protection des donn\u00e9es personnelles (RGPD), nous","og_url":"https:\/\/www.rimadesio.it\/fr\/privacy-policy-2\/","og_site_name":"Rimadesio","article_modified_time":"2024-07-02T08:48:39+00:00","twitter_card":"summary_large_image","twitter_misc":{"Est. reading time":"4 minutes"},"schema":{"@context":"https:\/\/schema.org","@graph":[{"@type":"WebPage","@id":"https:\/\/www.rimadesio.it\/fr\/privacy-policy-2\/","url":"https:\/\/www.rimadesio.it\/fr\/privacy-policy-2\/","name":"NOTE D\u2019INFORMATION SUR LE TRAITEMENT DES DONN\u00c9ES PERSONNELLES - Rimadesio","isPartOf":{"@id":"https:\/\/www.rimadesio.it\/fr\/#website"},"datePublished":"2022-01-06T00:27:42+00:00","dateModified":"2024-07-02T08:48:39+00:00","description":"ART. 13 R\u00c8GLEMENT UE 2016\/679 (RGPD) &nbsp; Conform\u00e9ment \u00e0 l\u2019article 13 du R\u00e8glement UE 679\/2016 sur la protection des donn\u00e9es personnelles (RGPD), nous","breadcrumb":{"@id":"https:\/\/www.rimadesio.it\/fr\/privacy-policy-2\/#breadcrumb"},"inLanguage":"fr-FR","potentialAction":[{"@type":"ReadAction","target":["https:\/\/www.rimadesio.it\/fr\/privacy-policy-2\/"]}]},{"@type":"BreadcrumbList","@id":"https:\/\/www.rimadesio.it\/fr\/privacy-policy-2\/#breadcrumb","itemListElement":[{"@type":"ListItem","position":1,"name":"Homepage","item":"https:\/\/www.rimadesio.it\/fr\/"},{"@type":"ListItem","position":2,"name":"NOTE D\u2019INFORMATION SUR LE TRAITEMENT DES DONN\u00c9ES PERSONNELLES"}]},{"@type":"WebSite","@id":"https:\/\/www.rimadesio.it\/fr\/#website","url":"https:\/\/www.rimadesio.it\/fr\/","name":"Rimadesio","description":"Rimadesio official website","publisher":{"@id":"https:\/\/www.rimadesio.it\/fr\/#organization"},"potentialAction":[{"@type":"SearchAction","target":{"@type":"EntryPoint","urlTemplate":"https:\/\/www.rimadesio.it\/fr\/?s={search_term_string}"},"query-input":"required name=search_term_string"}],"inLanguage":"fr-FR"},{"@type":"Organization","@id":"https:\/\/www.rimadesio.it\/fr\/#organization","name":"Rimadesio","url":"https:\/\/www.rimadesio.it\/fr\/","logo":{"@type":"ImageObject","inLanguage":"fr-FR","@id":"https:\/\/www.rimadesio.it\/fr\/#\/schema\/logo\/image\/","url":"https:\/\/static.rimadesio.it\/media\/2021\/08\/Logo.png","contentUrl":"https:\/\/static.rimadesio.it\/media\/2021\/08\/Logo.png","width":102,"height":18,"caption":"Rimadesio"},"image":{"@id":"https:\/\/www.rimadesio.it\/fr\/#\/schema\/logo\/image\/"}}]}},"_links":{"self":[{"href":"https:\/\/www.rimadesio.it\/fr\/wp-json\/wp\/v2\/pages\/148067"}],"collection":[{"href":"https:\/\/www.rimadesio.it\/fr\/wp-json\/wp\/v2\/pages"}],"about":[{"href":"https:\/\/www.rimadesio.it\/fr\/wp-json\/wp\/v2\/types\/page"}],"author":[{"embeddable":true,"href":"https:\/\/www.rimadesio.it\/fr\/wp-json\/wp\/v2\/users\/64297"}],"replies":[{"embeddable":true,"href":"https:\/\/www.rimadesio.it\/fr\/wp-json\/wp\/v2\/comments?post=148067"}],"version-history":[{"count":3,"href":"https:\/\/www.rimadesio.it\/fr\/wp-json\/wp\/v2\/pages\/148067\/revisions"}],"predecessor-version":[{"id":164144,"href":"https:\/\/www.rimadesio.it\/fr\/wp-json\/wp\/v2\/pages\/148067\/revisions\/164144"}],"wp:attachment":[{"href":"https:\/\/www.rimadesio.it\/fr\/wp-json\/wp\/v2\/media?parent=148067"}],"curies":[{"name":"wp","href":"https:\/\/api.w.org\/{rel}","templated":true}]}}