{"id":171735,"date":"2026-04-20T08:33:36","date_gmt":"2026-04-20T06:33:36","guid":{"rendered":"https:\/\/www.rimadesio.it\/?post_type=product&#038;p=171735"},"modified":"2026-04-20T16:44:10","modified_gmt":"2026-04-20T14:44:10","slug":"self-blade","status":"publish","type":"product","link":"https:\/\/www.rimadesio.it\/es\/producto\/self-blade\/","title":{"rendered":"Self Blade"},"content":{"rendered":"<p>Self Blade reinterpreta el sistema modular Self de Rimadesio a trav\u00e9s de un nuevo signo, esencial y distintivo. El lateral de aluminio define las composiciones con elegancia y marca su ritmo visual. La modularidad se abre a configuraciones m\u00e1s libres, entre elementos freestanding y vol\u00famenes apoyados, en un sutil equilibrio entre llenos y vac\u00edos. El compartimento abierto bajo la encimera, iluminado, integra la luz como parte del proyecto. Vers\u00e1til tanto para los ambientes de d\u00eda y de noche, el sistema permite la libre composici\u00f3n de aparadores, c\u00f3modas y mesitas de noche con o sin compartimento iluminado, ofreciendo soluciones siempre diferentes y personalizadas.<\/p>\n","protected":false},"featured_media":0,"template":"","product_category":[463,467,462],"acf":[],"yoast_head":"<!-- This site is optimized with the Yoast SEO plugin v20.4 - https:\/\/yoast.com\/wordpress\/plugins\/seo\/ -->\n<title>Self Blade - Rimadesio<\/title>\n<meta name=\"description\" content=\"Self Blade reinterpreta el sistema modular Self de Rimadesio a trav\u00e9s de un nuevo signo, esencial y distintivo. El lateral de aluminio define las\" \/>\n<meta name=\"robots\" content=\"index, follow, max-snippet:-1, max-image-preview:large, max-video-preview:-1\" \/>\n<link rel=\"canonical\" href=\"https:\/\/www.rimadesio.it\/es\/producto\/self-blade\/\" \/>\n<meta property=\"og:locale\" content=\"es_ES\" \/>\n<meta property=\"og:type\" content=\"article\" \/>\n<meta property=\"og:title\" content=\"Self Blade - Rimadesio\" \/>\n<meta property=\"og:description\" content=\"Self Blade reinterpreta el sistema modular Self de Rimadesio a trav\u00e9s de un nuevo signo, esencial y distintivo. El lateral de aluminio define las\" \/>\n<meta property=\"og:url\" content=\"https:\/\/www.rimadesio.it\/es\/producto\/self-blade\/\" \/>\n<meta property=\"og:site_name\" content=\"Rimadesio\" \/>\n<meta property=\"article:modified_time\" content=\"2026-04-20T14:44:10+00:00\" \/>\n<meta name=\"twitter:card\" content=\"summary_large_image\" \/>\n<meta name=\"twitter:label1\" content=\"Est. reading time\" \/>\n\t<meta name=\"twitter:data1\" content=\"1 minute\" \/>\n<script type=\"application\/ld+json\" class=\"yoast-schema-graph\">{\"@context\":\"https:\/\/schema.org\",\"@graph\":[{\"@type\":\"WebPage\",\"@id\":\"https:\/\/www.rimadesio.it\/es\/producto\/self-blade\/\",\"url\":\"https:\/\/www.rimadesio.it\/es\/producto\/self-blade\/\",\"name\":\"Self Blade - Rimadesio\",\"isPartOf\":{\"@id\":\"https:\/\/www.rimadesio.it\/es\/#website\"},\"datePublished\":\"2026-04-20T06:33:36+00:00\",\"dateModified\":\"2026-04-20T14:44:10+00:00\",\"description\":\"Self Blade reinterpreta el sistema modular Self de Rimadesio a trav\u00e9s de un nuevo signo, esencial y distintivo. El lateral de aluminio define las\",\"breadcrumb\":{\"@id\":\"https:\/\/www.rimadesio.it\/es\/producto\/self-blade\/#breadcrumb\"},\"inLanguage\":\"es-ES\",\"potentialAction\":[{\"@type\":\"ReadAction\",\"target\":[\"https:\/\/www.rimadesio.it\/es\/producto\/self-blade\/\"]}]},{\"@type\":\"BreadcrumbList\",\"@id\":\"https:\/\/www.rimadesio.it\/es\/producto\/self-blade\/#breadcrumb\",\"itemListElement\":[{\"@type\":\"ListItem\",\"position\":1,\"name\":\"Homepage\",\"item\":\"https:\/\/www.rimadesio.it\/es\/\"},{\"@type\":\"ListItem\",\"position\":2,\"name\":\"Productos\",\"item\":\"https:\/\/www.rimadesio.it\/es\/producto\/\"},{\"@type\":\"ListItem\",\"position\":3,\"name\":\"Sistemas d\u00eda\",\"item\":\"https:\/\/www.rimadesio.it\/es\/product-category\/sistemas-dia\/\"},{\"@type\":\"ListItem\",\"position\":4,\"name\":\"Muebles modulares\",\"item\":\"https:\/\/www.rimadesio.it\/es\/product-category\/sistemas-dia\/sistemas-modulares\/\"},{\"@type\":\"ListItem\",\"position\":5,\"name\":\"Self Blade\"}]},{\"@type\":\"WebSite\",\"@id\":\"https:\/\/www.rimadesio.it\/es\/#website\",\"url\":\"https:\/\/www.rimadesio.it\/es\/\",\"name\":\"Rimadesio\",\"description\":\"Rimadesio official website\",\"publisher\":{\"@id\":\"https:\/\/www.rimadesio.it\/es\/#organization\"},\"potentialAction\":[{\"@type\":\"SearchAction\",\"target\":{\"@type\":\"EntryPoint\",\"urlTemplate\":\"https:\/\/www.rimadesio.it\/es\/?s={search_term_string}\"},\"query-input\":\"required name=search_term_string\"}],\"inLanguage\":\"es-ES\"},{\"@type\":\"Organization\",\"@id\":\"https:\/\/www.rimadesio.it\/es\/#organization\",\"name\":\"Rimadesio\",\"url\":\"https:\/\/www.rimadesio.it\/es\/\",\"logo\":{\"@type\":\"ImageObject\",\"inLanguage\":\"es-ES\",\"@id\":\"https:\/\/www.rimadesio.it\/es\/#\/schema\/logo\/image\/\",\"url\":\"https:\/\/static.rimadesio.it\/media\/2021\/08\/Logo.png\",\"contentUrl\":\"https:\/\/static.rimadesio.it\/media\/2021\/08\/Logo.png\",\"width\":102,\"height\":18,\"caption\":\"Rimadesio\"},\"image\":{\"@id\":\"https:\/\/www.rimadesio.it\/es\/#\/schema\/logo\/image\/\"}}]}<\/script>\n<!-- \/ Yoast SEO plugin. -->","yoast_head_json":{"title":"Self Blade - Rimadesio","description":"Self Blade reinterpreta el sistema modular Self de Rimadesio a trav\u00e9s de un nuevo signo, esencial y distintivo. El lateral de aluminio define las","robots":{"index":"index","follow":"follow","max-snippet":"max-snippet:-1","max-image-preview":"max-image-preview:large","max-video-preview":"max-video-preview:-1"},"canonical":"https:\/\/www.rimadesio.it\/es\/producto\/self-blade\/","og_locale":"es_ES","og_type":"article","og_title":"Self Blade - Rimadesio","og_description":"Self Blade reinterpreta el sistema modular Self de Rimadesio a trav\u00e9s de un nuevo signo, esencial y distintivo. El lateral de aluminio define las","og_url":"https:\/\/www.rimadesio.it\/es\/producto\/self-blade\/","og_site_name":"Rimadesio","article_modified_time":"2026-04-20T14:44:10+00:00","twitter_card":"summary_large_image","twitter_misc":{"Est. reading time":"1 minute"},"schema":{"@context":"https:\/\/schema.org","@graph":[{"@type":"WebPage","@id":"https:\/\/www.rimadesio.it\/es\/producto\/self-blade\/","url":"https:\/\/www.rimadesio.it\/es\/producto\/self-blade\/","name":"Self Blade - Rimadesio","isPartOf":{"@id":"https:\/\/www.rimadesio.it\/es\/#website"},"datePublished":"2026-04-20T06:33:36+00:00","dateModified":"2026-04-20T14:44:10+00:00","description":"Self Blade reinterpreta el sistema modular Self de Rimadesio a trav\u00e9s de un nuevo signo, esencial y distintivo. El lateral de aluminio define las","breadcrumb":{"@id":"https:\/\/www.rimadesio.it\/es\/producto\/self-blade\/#breadcrumb"},"inLanguage":"es-ES","potentialAction":[{"@type":"ReadAction","target":["https:\/\/www.rimadesio.it\/es\/producto\/self-blade\/"]}]},{"@type":"BreadcrumbList","@id":"https:\/\/www.rimadesio.it\/es\/producto\/self-blade\/#breadcrumb","itemListElement":[{"@type":"ListItem","position":1,"name":"Homepage","item":"https:\/\/www.rimadesio.it\/es\/"},{"@type":"ListItem","position":2,"name":"Productos","item":"https:\/\/www.rimadesio.it\/es\/producto\/"},{"@type":"ListItem","position":3,"name":"Sistemas d\u00eda","item":"https:\/\/www.rimadesio.it\/es\/product-category\/sistemas-dia\/"},{"@type":"ListItem","position":4,"name":"Muebles modulares","item":"https:\/\/www.rimadesio.it\/es\/product-category\/sistemas-dia\/sistemas-modulares\/"},{"@type":"ListItem","position":5,"name":"Self Blade"}]},{"@type":"WebSite","@id":"https:\/\/www.rimadesio.it\/es\/#website","url":"https:\/\/www.rimadesio.it\/es\/","name":"Rimadesio","description":"Rimadesio official website","publisher":{"@id":"https:\/\/www.rimadesio.it\/es\/#organization"},"potentialAction":[{"@type":"SearchAction","target":{"@type":"EntryPoint","urlTemplate":"https:\/\/www.rimadesio.it\/es\/?s={search_term_string}"},"query-input":"required name=search_term_string"}],"inLanguage":"es-ES"},{"@type":"Organization","@id":"https:\/\/www.rimadesio.it\/es\/#organization","name":"Rimadesio","url":"https:\/\/www.rimadesio.it\/es\/","logo":{"@type":"ImageObject","inLanguage":"es-ES","@id":"https:\/\/www.rimadesio.it\/es\/#\/schema\/logo\/image\/","url":"https:\/\/static.rimadesio.it\/media\/2021\/08\/Logo.png","contentUrl":"https:\/\/static.rimadesio.it\/media\/2021\/08\/Logo.png","width":102,"height":18,"caption":"Rimadesio"},"image":{"@id":"https:\/\/www.rimadesio.it\/es\/#\/schema\/logo\/image\/"}}]}},"_links":{"self":[{"href":"https:\/\/www.rimadesio.it\/es\/wp-json\/wp\/v2\/product\/171735"}],"collection":[{"href":"https:\/\/www.rimadesio.it\/es\/wp-json\/wp\/v2\/product"}],"about":[{"href":"https:\/\/www.rimadesio.it\/es\/wp-json\/wp\/v2\/types\/product"}],"wp:attachment":[{"href":"https:\/\/www.rimadesio.it\/es\/wp-json\/wp\/v2\/media?parent=171735"}],"wp:term":[{"taxonomy":"product_category","embeddable":true,"href":"https:\/\/www.rimadesio.it\/es\/wp-json\/wp\/v2\/product_category?post=171735"}],"curies":[{"name":"wp","href":"https:\/\/api.w.org\/{rel}","templated":true}]}}