{"id":171673,"date":"2026-04-20T08:35:43","date_gmt":"2026-04-20T06:35:43","guid":{"rendered":"https:\/\/www.rimadesio.it\/?post_type=product&#038;p=171673"},"modified":"2026-04-20T14:10:33","modified_gmt":"2026-04-20T12:10:33","slug":"ori","status":"publish","type":"product","link":"https:\/\/www.rimadesio.it\/es\/producto\/ori\/","title":{"rendered":"Ori"},"content":{"rendered":"<p>Entre la ligereza del signo y el saber artesanal, Ori revela el valor de un trabajo de la madera realizado con precisi\u00f3n y sensibilidad. La estructura nace de un cuidadoso trabajo de ebanister\u00eda: uniones y lijados realizados artesanalmente definen superficies continuas y proporciones equilibradas. El respaldo, una cinta de material que al doblarse, dibuja tambi\u00e9n los reposabrazos, aprovecha la elasticidad natural de la madera. El asiento, con cinchado el\u00e1stico, garantiza un confort sorprendente, comparable al de una butaca. Dos interpretaciones: un fino coj\u00edn acolchado revestido en piel o tejido, o el dise\u00f1o de un trenzado en cuerda. L\u00edneas esenciales y detalles cuidados definen una presencia discreta pero distintiva, en di\u00e1logo natural con la arquitectura contempor\u00e1nea.<\/p>\n","protected":false},"featured_media":0,"template":"","product_category":[664,464],"acf":[],"yoast_head":"<!-- This site is optimized with the Yoast SEO plugin v20.4 - https:\/\/yoast.com\/wordpress\/plugins\/seo\/ -->\n<title>Ori - Rimadesio<\/title>\n<meta name=\"description\" content=\"Entre la ligereza del signo y el saber artesanal, Ori revela el valor de un trabajo de la madera realizado con precisi\u00f3n y sensibilidad. La estructura\" \/>\n<meta name=\"robots\" content=\"index, follow, max-snippet:-1, max-image-preview:large, max-video-preview:-1\" \/>\n<link rel=\"canonical\" href=\"https:\/\/www.rimadesio.it\/es\/producto\/ori\/\" \/>\n<meta property=\"og:locale\" content=\"es_ES\" \/>\n<meta property=\"og:type\" content=\"article\" \/>\n<meta property=\"og:title\" content=\"Ori - Rimadesio\" \/>\n<meta property=\"og:description\" content=\"Entre la ligereza del signo y el saber artesanal, Ori revela el valor de un trabajo de la madera realizado con precisi\u00f3n y sensibilidad. La estructura\" \/>\n<meta property=\"og:url\" content=\"https:\/\/www.rimadesio.it\/es\/producto\/ori\/\" \/>\n<meta property=\"og:site_name\" content=\"Rimadesio\" \/>\n<meta property=\"article:modified_time\" content=\"2026-04-20T12:10:33+00:00\" \/>\n<meta name=\"twitter:card\" content=\"summary_large_image\" \/>\n<meta name=\"twitter:label1\" content=\"Est. reading time\" \/>\n\t<meta name=\"twitter:data1\" content=\"1 minute\" \/>\n<script type=\"application\/ld+json\" class=\"yoast-schema-graph\">{\"@context\":\"https:\/\/schema.org\",\"@graph\":[{\"@type\":\"WebPage\",\"@id\":\"https:\/\/www.rimadesio.it\/es\/producto\/ori\/\",\"url\":\"https:\/\/www.rimadesio.it\/es\/producto\/ori\/\",\"name\":\"Ori - Rimadesio\",\"isPartOf\":{\"@id\":\"https:\/\/www.rimadesio.it\/es\/#website\"},\"datePublished\":\"2026-04-20T06:35:43+00:00\",\"dateModified\":\"2026-04-20T12:10:33+00:00\",\"description\":\"Entre la ligereza del signo y el saber artesanal, Ori revela el valor de un trabajo de la madera realizado con precisi\u00f3n y sensibilidad. La estructura\",\"breadcrumb\":{\"@id\":\"https:\/\/www.rimadesio.it\/es\/producto\/ori\/#breadcrumb\"},\"inLanguage\":\"es-ES\",\"potentialAction\":[{\"@type\":\"ReadAction\",\"target\":[\"https:\/\/www.rimadesio.it\/es\/producto\/ori\/\"]}]},{\"@type\":\"BreadcrumbList\",\"@id\":\"https:\/\/www.rimadesio.it\/es\/producto\/ori\/#breadcrumb\",\"itemListElement\":[{\"@type\":\"ListItem\",\"position\":1,\"name\":\"Homepage\",\"item\":\"https:\/\/www.rimadesio.it\/es\/\"},{\"@type\":\"ListItem\",\"position\":2,\"name\":\"Productos\",\"item\":\"https:\/\/www.rimadesio.it\/es\/producto\/\"},{\"@type\":\"ListItem\",\"position\":3,\"name\":\"Mobiliario\",\"item\":\"https:\/\/www.rimadesio.it\/es\/product-category\/complementos-decorativos\/\"},{\"@type\":\"ListItem\",\"position\":4,\"name\":\"Sillas\",\"item\":\"https:\/\/www.rimadesio.it\/es\/product-category\/complementos-decorativos\/sillas\/\"},{\"@type\":\"ListItem\",\"position\":5,\"name\":\"Ori\"}]},{\"@type\":\"WebSite\",\"@id\":\"https:\/\/www.rimadesio.it\/es\/#website\",\"url\":\"https:\/\/www.rimadesio.it\/es\/\",\"name\":\"Rimadesio\",\"description\":\"Rimadesio official website\",\"publisher\":{\"@id\":\"https:\/\/www.rimadesio.it\/es\/#organization\"},\"potentialAction\":[{\"@type\":\"SearchAction\",\"target\":{\"@type\":\"EntryPoint\",\"urlTemplate\":\"https:\/\/www.rimadesio.it\/es\/?s={search_term_string}\"},\"query-input\":\"required name=search_term_string\"}],\"inLanguage\":\"es-ES\"},{\"@type\":\"Organization\",\"@id\":\"https:\/\/www.rimadesio.it\/es\/#organization\",\"name\":\"Rimadesio\",\"url\":\"https:\/\/www.rimadesio.it\/es\/\",\"logo\":{\"@type\":\"ImageObject\",\"inLanguage\":\"es-ES\",\"@id\":\"https:\/\/www.rimadesio.it\/es\/#\/schema\/logo\/image\/\",\"url\":\"https:\/\/static.rimadesio.it\/media\/2021\/08\/Logo.png\",\"contentUrl\":\"https:\/\/static.rimadesio.it\/media\/2021\/08\/Logo.png\",\"width\":102,\"height\":18,\"caption\":\"Rimadesio\"},\"image\":{\"@id\":\"https:\/\/www.rimadesio.it\/es\/#\/schema\/logo\/image\/\"}}]}<\/script>\n<!-- \/ Yoast SEO plugin. -->","yoast_head_json":{"title":"Ori - Rimadesio","description":"Entre la ligereza del signo y el saber artesanal, Ori revela el valor de un trabajo de la madera realizado con precisi\u00f3n y sensibilidad. La estructura","robots":{"index":"index","follow":"follow","max-snippet":"max-snippet:-1","max-image-preview":"max-image-preview:large","max-video-preview":"max-video-preview:-1"},"canonical":"https:\/\/www.rimadesio.it\/es\/producto\/ori\/","og_locale":"es_ES","og_type":"article","og_title":"Ori - Rimadesio","og_description":"Entre la ligereza del signo y el saber artesanal, Ori revela el valor de un trabajo de la madera realizado con precisi\u00f3n y sensibilidad. La estructura","og_url":"https:\/\/www.rimadesio.it\/es\/producto\/ori\/","og_site_name":"Rimadesio","article_modified_time":"2026-04-20T12:10:33+00:00","twitter_card":"summary_large_image","twitter_misc":{"Est. reading time":"1 minute"},"schema":{"@context":"https:\/\/schema.org","@graph":[{"@type":"WebPage","@id":"https:\/\/www.rimadesio.it\/es\/producto\/ori\/","url":"https:\/\/www.rimadesio.it\/es\/producto\/ori\/","name":"Ori - Rimadesio","isPartOf":{"@id":"https:\/\/www.rimadesio.it\/es\/#website"},"datePublished":"2026-04-20T06:35:43+00:00","dateModified":"2026-04-20T12:10:33+00:00","description":"Entre la ligereza del signo y el saber artesanal, Ori revela el valor de un trabajo de la madera realizado con precisi\u00f3n y sensibilidad. La estructura","breadcrumb":{"@id":"https:\/\/www.rimadesio.it\/es\/producto\/ori\/#breadcrumb"},"inLanguage":"es-ES","potentialAction":[{"@type":"ReadAction","target":["https:\/\/www.rimadesio.it\/es\/producto\/ori\/"]}]},{"@type":"BreadcrumbList","@id":"https:\/\/www.rimadesio.it\/es\/producto\/ori\/#breadcrumb","itemListElement":[{"@type":"ListItem","position":1,"name":"Homepage","item":"https:\/\/www.rimadesio.it\/es\/"},{"@type":"ListItem","position":2,"name":"Productos","item":"https:\/\/www.rimadesio.it\/es\/producto\/"},{"@type":"ListItem","position":3,"name":"Mobiliario","item":"https:\/\/www.rimadesio.it\/es\/product-category\/complementos-decorativos\/"},{"@type":"ListItem","position":4,"name":"Sillas","item":"https:\/\/www.rimadesio.it\/es\/product-category\/complementos-decorativos\/sillas\/"},{"@type":"ListItem","position":5,"name":"Ori"}]},{"@type":"WebSite","@id":"https:\/\/www.rimadesio.it\/es\/#website","url":"https:\/\/www.rimadesio.it\/es\/","name":"Rimadesio","description":"Rimadesio official website","publisher":{"@id":"https:\/\/www.rimadesio.it\/es\/#organization"},"potentialAction":[{"@type":"SearchAction","target":{"@type":"EntryPoint","urlTemplate":"https:\/\/www.rimadesio.it\/es\/?s={search_term_string}"},"query-input":"required name=search_term_string"}],"inLanguage":"es-ES"},{"@type":"Organization","@id":"https:\/\/www.rimadesio.it\/es\/#organization","name":"Rimadesio","url":"https:\/\/www.rimadesio.it\/es\/","logo":{"@type":"ImageObject","inLanguage":"es-ES","@id":"https:\/\/www.rimadesio.it\/es\/#\/schema\/logo\/image\/","url":"https:\/\/static.rimadesio.it\/media\/2021\/08\/Logo.png","contentUrl":"https:\/\/static.rimadesio.it\/media\/2021\/08\/Logo.png","width":102,"height":18,"caption":"Rimadesio"},"image":{"@id":"https:\/\/www.rimadesio.it\/es\/#\/schema\/logo\/image\/"}}]}},"_links":{"self":[{"href":"https:\/\/www.rimadesio.it\/es\/wp-json\/wp\/v2\/product\/171673"}],"collection":[{"href":"https:\/\/www.rimadesio.it\/es\/wp-json\/wp\/v2\/product"}],"about":[{"href":"https:\/\/www.rimadesio.it\/es\/wp-json\/wp\/v2\/types\/product"}],"wp:attachment":[{"href":"https:\/\/www.rimadesio.it\/es\/wp-json\/wp\/v2\/media?parent=171673"}],"wp:term":[{"taxonomy":"product_category","embeddable":true,"href":"https:\/\/www.rimadesio.it\/es\/wp-json\/wp\/v2\/product_category?post=171673"}],"curies":[{"name":"wp","href":"https:\/\/api.w.org\/{rel}","templated":true}]}}