{"id":171504,"date":"2026-04-20T08:37:09","date_gmt":"2026-04-20T06:37:09","guid":{"rendered":"https:\/\/www.rimadesio.it\/?post_type=product&#038;p=171504"},"modified":"2026-04-21T09:54:31","modified_gmt":"2026-04-21T07:54:31","slug":"air-syncro","status":"publish","type":"product","link":"https:\/\/www.rimadesio.it\/es\/producto\/air-syncro\/","title":{"rendered":"AIR"},"content":{"rendered":"<p>El sistema de puertas Air est\u00e1 disponible en versiones correderas con gu\u00eda Rimadesio y Syncro . Air es un panel corredero que se caracteriza por su est\u00e9tica minimalista y un movimiento fluido, en cmambio que Air Syncro cuenta con un mecanismo que permite el movimiento sincronizado y simult\u00e1neo de todos los paneles. Sin pivote en el suelo, los paneles se deslizan con precisi\u00f3n y fluidez en ambas direcciones, logrando una superposici\u00f3n perfecta.<\/p>\n","protected":false},"featured_media":0,"template":"","product_category":[724,476,477],"acf":[],"yoast_head":"<!-- This site is optimized with the Yoast SEO plugin v20.4 - https:\/\/yoast.com\/wordpress\/plugins\/seo\/ -->\n<title>AIR - Rimadesio<\/title>\n<meta name=\"description\" content=\"El sistema de puertas Air est\u00e1 disponible en versiones correderas con gu\u00eda Rimadesio y Syncro . Air es un panel corredero que se caracteriza por su\" \/>\n<meta name=\"robots\" content=\"index, follow, max-snippet:-1, max-image-preview:large, max-video-preview:-1\" \/>\n<link rel=\"canonical\" href=\"https:\/\/www.rimadesio.it\/es\/producto\/air-syncro\/\" \/>\n<meta property=\"og:locale\" content=\"es_ES\" \/>\n<meta property=\"og:type\" content=\"article\" \/>\n<meta property=\"og:title\" content=\"AIR - Rimadesio\" \/>\n<meta property=\"og:description\" content=\"El sistema de puertas Air est\u00e1 disponible en versiones correderas con gu\u00eda Rimadesio y Syncro . Air es un panel corredero que se caracteriza por su\" \/>\n<meta property=\"og:url\" content=\"https:\/\/www.rimadesio.it\/es\/producto\/air-syncro\/\" \/>\n<meta property=\"og:site_name\" content=\"Rimadesio\" \/>\n<meta property=\"article:modified_time\" content=\"2026-04-21T07:54:31+00:00\" \/>\n<meta name=\"twitter:card\" content=\"summary_large_image\" \/>\n<script type=\"application\/ld+json\" class=\"yoast-schema-graph\">{\"@context\":\"https:\/\/schema.org\",\"@graph\":[{\"@type\":\"WebPage\",\"@id\":\"https:\/\/www.rimadesio.it\/es\/producto\/air-syncro\/\",\"url\":\"https:\/\/www.rimadesio.it\/es\/producto\/air-syncro\/\",\"name\":\"AIR - Rimadesio\",\"isPartOf\":{\"@id\":\"https:\/\/www.rimadesio.it\/es\/#website\"},\"datePublished\":\"2026-04-20T06:37:09+00:00\",\"dateModified\":\"2026-04-21T07:54:31+00:00\",\"description\":\"El sistema de puertas Air est\u00e1 disponible en versiones correderas con gu\u00eda Rimadesio y Syncro . Air es un panel corredero que se caracteriza por su\",\"breadcrumb\":{\"@id\":\"https:\/\/www.rimadesio.it\/es\/producto\/air-syncro\/#breadcrumb\"},\"inLanguage\":\"es-ES\",\"potentialAction\":[{\"@type\":\"ReadAction\",\"target\":[\"https:\/\/www.rimadesio.it\/es\/producto\/air-syncro\/\"]}]},{\"@type\":\"BreadcrumbList\",\"@id\":\"https:\/\/www.rimadesio.it\/es\/producto\/air-syncro\/#breadcrumb\",\"itemListElement\":[{\"@type\":\"ListItem\",\"position\":1,\"name\":\"Homepage\",\"item\":\"https:\/\/www.rimadesio.it\/es\/\"},{\"@type\":\"ListItem\",\"position\":2,\"name\":\"Productos\",\"item\":\"https:\/\/www.rimadesio.it\/es\/producto\/\"},{\"@type\":\"ListItem\",\"position\":3,\"name\":\"AIR\"}]},{\"@type\":\"WebSite\",\"@id\":\"https:\/\/www.rimadesio.it\/es\/#website\",\"url\":\"https:\/\/www.rimadesio.it\/es\/\",\"name\":\"Rimadesio\",\"description\":\"Rimadesio official website\",\"publisher\":{\"@id\":\"https:\/\/www.rimadesio.it\/es\/#organization\"},\"potentialAction\":[{\"@type\":\"SearchAction\",\"target\":{\"@type\":\"EntryPoint\",\"urlTemplate\":\"https:\/\/www.rimadesio.it\/es\/?s={search_term_string}\"},\"query-input\":\"required name=search_term_string\"}],\"inLanguage\":\"es-ES\"},{\"@type\":\"Organization\",\"@id\":\"https:\/\/www.rimadesio.it\/es\/#organization\",\"name\":\"Rimadesio\",\"url\":\"https:\/\/www.rimadesio.it\/es\/\",\"logo\":{\"@type\":\"ImageObject\",\"inLanguage\":\"es-ES\",\"@id\":\"https:\/\/www.rimadesio.it\/es\/#\/schema\/logo\/image\/\",\"url\":\"https:\/\/static.rimadesio.it\/media\/2021\/08\/Logo.png\",\"contentUrl\":\"https:\/\/static.rimadesio.it\/media\/2021\/08\/Logo.png\",\"width\":102,\"height\":18,\"caption\":\"Rimadesio\"},\"image\":{\"@id\":\"https:\/\/www.rimadesio.it\/es\/#\/schema\/logo\/image\/\"}}]}<\/script>\n<!-- \/ Yoast SEO plugin. -->","yoast_head_json":{"title":"AIR - Rimadesio","description":"El sistema de puertas Air est\u00e1 disponible en versiones correderas con gu\u00eda Rimadesio y Syncro . Air es un panel corredero que se caracteriza por su","robots":{"index":"index","follow":"follow","max-snippet":"max-snippet:-1","max-image-preview":"max-image-preview:large","max-video-preview":"max-video-preview:-1"},"canonical":"https:\/\/www.rimadesio.it\/es\/producto\/air-syncro\/","og_locale":"es_ES","og_type":"article","og_title":"AIR - Rimadesio","og_description":"El sistema de puertas Air est\u00e1 disponible en versiones correderas con gu\u00eda Rimadesio y Syncro . Air es un panel corredero que se caracteriza por su","og_url":"https:\/\/www.rimadesio.it\/es\/producto\/air-syncro\/","og_site_name":"Rimadesio","article_modified_time":"2026-04-21T07:54:31+00:00","twitter_card":"summary_large_image","schema":{"@context":"https:\/\/schema.org","@graph":[{"@type":"WebPage","@id":"https:\/\/www.rimadesio.it\/es\/producto\/air-syncro\/","url":"https:\/\/www.rimadesio.it\/es\/producto\/air-syncro\/","name":"AIR - Rimadesio","isPartOf":{"@id":"https:\/\/www.rimadesio.it\/es\/#website"},"datePublished":"2026-04-20T06:37:09+00:00","dateModified":"2026-04-21T07:54:31+00:00","description":"El sistema de puertas Air est\u00e1 disponible en versiones correderas con gu\u00eda Rimadesio y Syncro . Air es un panel corredero que se caracteriza por su","breadcrumb":{"@id":"https:\/\/www.rimadesio.it\/es\/producto\/air-syncro\/#breadcrumb"},"inLanguage":"es-ES","potentialAction":[{"@type":"ReadAction","target":["https:\/\/www.rimadesio.it\/es\/producto\/air-syncro\/"]}]},{"@type":"BreadcrumbList","@id":"https:\/\/www.rimadesio.it\/es\/producto\/air-syncro\/#breadcrumb","itemListElement":[{"@type":"ListItem","position":1,"name":"Homepage","item":"https:\/\/www.rimadesio.it\/es\/"},{"@type":"ListItem","position":2,"name":"Productos","item":"https:\/\/www.rimadesio.it\/es\/producto\/"},{"@type":"ListItem","position":3,"name":"AIR"}]},{"@type":"WebSite","@id":"https:\/\/www.rimadesio.it\/es\/#website","url":"https:\/\/www.rimadesio.it\/es\/","name":"Rimadesio","description":"Rimadesio official website","publisher":{"@id":"https:\/\/www.rimadesio.it\/es\/#organization"},"potentialAction":[{"@type":"SearchAction","target":{"@type":"EntryPoint","urlTemplate":"https:\/\/www.rimadesio.it\/es\/?s={search_term_string}"},"query-input":"required name=search_term_string"}],"inLanguage":"es-ES"},{"@type":"Organization","@id":"https:\/\/www.rimadesio.it\/es\/#organization","name":"Rimadesio","url":"https:\/\/www.rimadesio.it\/es\/","logo":{"@type":"ImageObject","inLanguage":"es-ES","@id":"https:\/\/www.rimadesio.it\/es\/#\/schema\/logo\/image\/","url":"https:\/\/static.rimadesio.it\/media\/2021\/08\/Logo.png","contentUrl":"https:\/\/static.rimadesio.it\/media\/2021\/08\/Logo.png","width":102,"height":18,"caption":"Rimadesio"},"image":{"@id":"https:\/\/www.rimadesio.it\/es\/#\/schema\/logo\/image\/"}}]}},"_links":{"self":[{"href":"https:\/\/www.rimadesio.it\/es\/wp-json\/wp\/v2\/product\/171504"}],"collection":[{"href":"https:\/\/www.rimadesio.it\/es\/wp-json\/wp\/v2\/product"}],"about":[{"href":"https:\/\/www.rimadesio.it\/es\/wp-json\/wp\/v2\/types\/product"}],"wp:attachment":[{"href":"https:\/\/www.rimadesio.it\/es\/wp-json\/wp\/v2\/media?parent=171504"}],"wp:term":[{"taxonomy":"product_category","embeddable":true,"href":"https:\/\/www.rimadesio.it\/es\/wp-json\/wp\/v2\/product_category?post=171504"}],"curies":[{"name":"wp","href":"https:\/\/api.w.org\/{rel}","templated":true}]}}