{"id":168343,"date":"2025-04-07T08:27:29","date_gmt":"2025-04-07T06:27:29","guid":{"rendered":"https:\/\/www.rimadesio.it\/?post_type=product&#038;p=168343"},"modified":"2026-04-16T10:22:35","modified_gmt":"2026-04-16T08:22:35","slug":"sophis","status":"publish","type":"product","link":"https:\/\/www.rimadesio.it\/es\/producto\/sophis\/","title":{"rendered":"Sophis"},"content":{"rendered":"<p>Un mueble inmediatamente familiar y acogedor, pero al mismo tiempo con una personalidad precisa, definida por detalles refinados. La calidad de Sophis se manifiesta en la elaboraci\u00f3n de la estructura de madera, especialmente cuidada en el amplio respaldo envolvente, y en los puntos de uni\u00f3n entre las patas y los bordes del asiento acolchado. Detalles preciosos, que combinados con la variedad de combinaciones que ofrece la colecci\u00f3n de acabados Rimadesio, hacen de Sophis un complemento de decoraci\u00f3n vers\u00e1til y estil\u00edsticamente distintivo.<\/p>\n","protected":false},"featured_media":0,"template":"","product_category":[664,464],"acf":[],"yoast_head":"<!-- This site is optimized with the Yoast SEO plugin v20.4 - https:\/\/yoast.com\/wordpress\/plugins\/seo\/ -->\n<title>Sophis - Rimadesio<\/title>\n<meta name=\"description\" content=\"Un mueble inmediatamente familiar y acogedor, pero al mismo tiempo con una personalidad precisa, definida por detalles refinados. La calidad de Sophis se\" \/>\n<meta name=\"robots\" content=\"index, follow, max-snippet:-1, max-image-preview:large, max-video-preview:-1\" \/>\n<link rel=\"canonical\" href=\"https:\/\/www.rimadesio.it\/es\/producto\/sophis\/\" \/>\n<meta property=\"og:locale\" content=\"es_ES\" \/>\n<meta property=\"og:type\" content=\"article\" \/>\n<meta property=\"og:title\" content=\"Sophis - Rimadesio\" \/>\n<meta property=\"og:description\" content=\"Un mueble inmediatamente familiar y acogedor, pero al mismo tiempo con una personalidad precisa, definida por detalles refinados. La calidad de Sophis se\" \/>\n<meta property=\"og:url\" content=\"https:\/\/www.rimadesio.it\/es\/producto\/sophis\/\" \/>\n<meta property=\"og:site_name\" content=\"Rimadesio\" \/>\n<meta property=\"article:modified_time\" content=\"2026-04-16T08:22:35+00:00\" \/>\n<meta name=\"twitter:card\" content=\"summary_large_image\" \/>\n<script type=\"application\/ld+json\" class=\"yoast-schema-graph\">{\"@context\":\"https:\/\/schema.org\",\"@graph\":[{\"@type\":\"WebPage\",\"@id\":\"https:\/\/www.rimadesio.it\/es\/producto\/sophis\/\",\"url\":\"https:\/\/www.rimadesio.it\/es\/producto\/sophis\/\",\"name\":\"Sophis - Rimadesio\",\"isPartOf\":{\"@id\":\"https:\/\/www.rimadesio.it\/es\/#website\"},\"datePublished\":\"2025-04-07T06:27:29+00:00\",\"dateModified\":\"2026-04-16T08:22:35+00:00\",\"description\":\"Un mueble inmediatamente familiar y acogedor, pero al mismo tiempo con una personalidad precisa, definida por detalles refinados. La calidad de Sophis se\",\"breadcrumb\":{\"@id\":\"https:\/\/www.rimadesio.it\/es\/producto\/sophis\/#breadcrumb\"},\"inLanguage\":\"es-ES\",\"potentialAction\":[{\"@type\":\"ReadAction\",\"target\":[\"https:\/\/www.rimadesio.it\/es\/producto\/sophis\/\"]}]},{\"@type\":\"BreadcrumbList\",\"@id\":\"https:\/\/www.rimadesio.it\/es\/producto\/sophis\/#breadcrumb\",\"itemListElement\":[{\"@type\":\"ListItem\",\"position\":1,\"name\":\"Homepage\",\"item\":\"https:\/\/www.rimadesio.it\/es\/\"},{\"@type\":\"ListItem\",\"position\":2,\"name\":\"Productos\",\"item\":\"https:\/\/www.rimadesio.it\/es\/producto\/\"},{\"@type\":\"ListItem\",\"position\":3,\"name\":\"Mobiliario\",\"item\":\"https:\/\/www.rimadesio.it\/es\/product-category\/complementos-decorativos\/\"},{\"@type\":\"ListItem\",\"position\":4,\"name\":\"Sillas\",\"item\":\"https:\/\/www.rimadesio.it\/es\/product-category\/complementos-decorativos\/sillas\/\"},{\"@type\":\"ListItem\",\"position\":5,\"name\":\"Sophis\"}]},{\"@type\":\"WebSite\",\"@id\":\"https:\/\/www.rimadesio.it\/es\/#website\",\"url\":\"https:\/\/www.rimadesio.it\/es\/\",\"name\":\"Rimadesio\",\"description\":\"Rimadesio official website\",\"publisher\":{\"@id\":\"https:\/\/www.rimadesio.it\/es\/#organization\"},\"potentialAction\":[{\"@type\":\"SearchAction\",\"target\":{\"@type\":\"EntryPoint\",\"urlTemplate\":\"https:\/\/www.rimadesio.it\/es\/?s={search_term_string}\"},\"query-input\":\"required name=search_term_string\"}],\"inLanguage\":\"es-ES\"},{\"@type\":\"Organization\",\"@id\":\"https:\/\/www.rimadesio.it\/es\/#organization\",\"name\":\"Rimadesio\",\"url\":\"https:\/\/www.rimadesio.it\/es\/\",\"logo\":{\"@type\":\"ImageObject\",\"inLanguage\":\"es-ES\",\"@id\":\"https:\/\/www.rimadesio.it\/es\/#\/schema\/logo\/image\/\",\"url\":\"https:\/\/static.rimadesio.it\/media\/2021\/08\/Logo.png\",\"contentUrl\":\"https:\/\/static.rimadesio.it\/media\/2021\/08\/Logo.png\",\"width\":102,\"height\":18,\"caption\":\"Rimadesio\"},\"image\":{\"@id\":\"https:\/\/www.rimadesio.it\/es\/#\/schema\/logo\/image\/\"}}]}<\/script>\n<!-- \/ Yoast SEO plugin. -->","yoast_head_json":{"title":"Sophis - Rimadesio","description":"Un mueble inmediatamente familiar y acogedor, pero al mismo tiempo con una personalidad precisa, definida por detalles refinados. La calidad de Sophis se","robots":{"index":"index","follow":"follow","max-snippet":"max-snippet:-1","max-image-preview":"max-image-preview:large","max-video-preview":"max-video-preview:-1"},"canonical":"https:\/\/www.rimadesio.it\/es\/producto\/sophis\/","og_locale":"es_ES","og_type":"article","og_title":"Sophis - Rimadesio","og_description":"Un mueble inmediatamente familiar y acogedor, pero al mismo tiempo con una personalidad precisa, definida por detalles refinados. La calidad de Sophis se","og_url":"https:\/\/www.rimadesio.it\/es\/producto\/sophis\/","og_site_name":"Rimadesio","article_modified_time":"2026-04-16T08:22:35+00:00","twitter_card":"summary_large_image","schema":{"@context":"https:\/\/schema.org","@graph":[{"@type":"WebPage","@id":"https:\/\/www.rimadesio.it\/es\/producto\/sophis\/","url":"https:\/\/www.rimadesio.it\/es\/producto\/sophis\/","name":"Sophis - Rimadesio","isPartOf":{"@id":"https:\/\/www.rimadesio.it\/es\/#website"},"datePublished":"2025-04-07T06:27:29+00:00","dateModified":"2026-04-16T08:22:35+00:00","description":"Un mueble inmediatamente familiar y acogedor, pero al mismo tiempo con una personalidad precisa, definida por detalles refinados. La calidad de Sophis se","breadcrumb":{"@id":"https:\/\/www.rimadesio.it\/es\/producto\/sophis\/#breadcrumb"},"inLanguage":"es-ES","potentialAction":[{"@type":"ReadAction","target":["https:\/\/www.rimadesio.it\/es\/producto\/sophis\/"]}]},{"@type":"BreadcrumbList","@id":"https:\/\/www.rimadesio.it\/es\/producto\/sophis\/#breadcrumb","itemListElement":[{"@type":"ListItem","position":1,"name":"Homepage","item":"https:\/\/www.rimadesio.it\/es\/"},{"@type":"ListItem","position":2,"name":"Productos","item":"https:\/\/www.rimadesio.it\/es\/producto\/"},{"@type":"ListItem","position":3,"name":"Mobiliario","item":"https:\/\/www.rimadesio.it\/es\/product-category\/complementos-decorativos\/"},{"@type":"ListItem","position":4,"name":"Sillas","item":"https:\/\/www.rimadesio.it\/es\/product-category\/complementos-decorativos\/sillas\/"},{"@type":"ListItem","position":5,"name":"Sophis"}]},{"@type":"WebSite","@id":"https:\/\/www.rimadesio.it\/es\/#website","url":"https:\/\/www.rimadesio.it\/es\/","name":"Rimadesio","description":"Rimadesio official website","publisher":{"@id":"https:\/\/www.rimadesio.it\/es\/#organization"},"potentialAction":[{"@type":"SearchAction","target":{"@type":"EntryPoint","urlTemplate":"https:\/\/www.rimadesio.it\/es\/?s={search_term_string}"},"query-input":"required name=search_term_string"}],"inLanguage":"es-ES"},{"@type":"Organization","@id":"https:\/\/www.rimadesio.it\/es\/#organization","name":"Rimadesio","url":"https:\/\/www.rimadesio.it\/es\/","logo":{"@type":"ImageObject","inLanguage":"es-ES","@id":"https:\/\/www.rimadesio.it\/es\/#\/schema\/logo\/image\/","url":"https:\/\/static.rimadesio.it\/media\/2021\/08\/Logo.png","contentUrl":"https:\/\/static.rimadesio.it\/media\/2021\/08\/Logo.png","width":102,"height":18,"caption":"Rimadesio"},"image":{"@id":"https:\/\/www.rimadesio.it\/es\/#\/schema\/logo\/image\/"}}]}},"_links":{"self":[{"href":"https:\/\/www.rimadesio.it\/es\/wp-json\/wp\/v2\/product\/168343"}],"collection":[{"href":"https:\/\/www.rimadesio.it\/es\/wp-json\/wp\/v2\/product"}],"about":[{"href":"https:\/\/www.rimadesio.it\/es\/wp-json\/wp\/v2\/types\/product"}],"wp:attachment":[{"href":"https:\/\/www.rimadesio.it\/es\/wp-json\/wp\/v2\/media?parent=168343"}],"wp:term":[{"taxonomy":"product_category","embeddable":true,"href":"https:\/\/www.rimadesio.it\/es\/wp-json\/wp\/v2\/product_category?post=168343"}],"curies":[{"name":"wp","href":"https:\/\/api.w.org\/{rel}","templated":true}]}}