{"id":166458,"date":"2025-03-12T15:20:08","date_gmt":"2025-03-12T14:20:08","guid":{"rendered":"https:\/\/www.rimadesio.it\/?post_type=product&#038;p=166458"},"modified":"2026-04-15T10:59:32","modified_gmt":"2026-04-15T08:59:32","slug":"rialto-2","status":"publish","type":"product","link":"https:\/\/www.rimadesio.it\/es\/producto\/rialto-2\/","title":{"rendered":"Rialto"},"content":{"rendered":"<p>La colecci\u00f3n Rialto se compone de muebles con un fuerte car\u00e1cter personal y reconocible, siempre coherente con la filosof\u00eda de Rimadesio de dise\u00f1ar y fabricar productos con una l\u00ednea est\u00e9tica esencial y contempor\u00e1nea, destinados a perdurar en el tiempo.<\/p>\n","protected":false},"featured_media":0,"template":"","product_category":[467,462],"acf":[],"yoast_head":"<!-- This site is optimized with the Yoast SEO plugin v20.4 - https:\/\/yoast.com\/wordpress\/plugins\/seo\/ -->\n<title>Rialto - Rimadesio<\/title>\n<meta name=\"description\" content=\"La colecci\u00f3n Rialto se compone de muebles con un fuerte car\u00e1cter personal y reconocible, siempre coherente con la filosof\u00eda de Rimadesio de dise\u00f1ar y\" \/>\n<meta name=\"robots\" content=\"index, follow, max-snippet:-1, max-image-preview:large, max-video-preview:-1\" \/>\n<link rel=\"canonical\" href=\"https:\/\/www.rimadesio.it\/es\/producto\/rialto-2\/\" \/>\n<meta property=\"og:locale\" content=\"es_ES\" \/>\n<meta property=\"og:type\" content=\"article\" \/>\n<meta property=\"og:title\" content=\"Rialto - Rimadesio\" \/>\n<meta property=\"og:description\" content=\"La colecci\u00f3n Rialto se compone de muebles con un fuerte car\u00e1cter personal y reconocible, siempre coherente con la filosof\u00eda de Rimadesio de dise\u00f1ar y\" \/>\n<meta property=\"og:url\" content=\"https:\/\/www.rimadesio.it\/es\/producto\/rialto-2\/\" \/>\n<meta property=\"og:site_name\" content=\"Rimadesio\" \/>\n<meta property=\"article:modified_time\" content=\"2026-04-15T08:59:32+00:00\" \/>\n<meta name=\"twitter:card\" content=\"summary_large_image\" \/>\n<script type=\"application\/ld+json\" class=\"yoast-schema-graph\">{\"@context\":\"https:\/\/schema.org\",\"@graph\":[{\"@type\":\"WebPage\",\"@id\":\"https:\/\/www.rimadesio.it\/es\/producto\/rialto-2\/\",\"url\":\"https:\/\/www.rimadesio.it\/es\/producto\/rialto-2\/\",\"name\":\"Rialto - Rimadesio\",\"isPartOf\":{\"@id\":\"https:\/\/www.rimadesio.it\/es\/#website\"},\"datePublished\":\"2025-03-12T14:20:08+00:00\",\"dateModified\":\"2026-04-15T08:59:32+00:00\",\"description\":\"La colecci\u00f3n Rialto se compone de muebles con un fuerte car\u00e1cter personal y reconocible, siempre coherente con la filosof\u00eda de Rimadesio de dise\u00f1ar y\",\"breadcrumb\":{\"@id\":\"https:\/\/www.rimadesio.it\/es\/producto\/rialto-2\/#breadcrumb\"},\"inLanguage\":\"es-ES\",\"potentialAction\":[{\"@type\":\"ReadAction\",\"target\":[\"https:\/\/www.rimadesio.it\/es\/producto\/rialto-2\/\"]}]},{\"@type\":\"BreadcrumbList\",\"@id\":\"https:\/\/www.rimadesio.it\/es\/producto\/rialto-2\/#breadcrumb\",\"itemListElement\":[{\"@type\":\"ListItem\",\"position\":1,\"name\":\"Homepage\",\"item\":\"https:\/\/www.rimadesio.it\/es\/\"},{\"@type\":\"ListItem\",\"position\":2,\"name\":\"Productos\",\"item\":\"https:\/\/www.rimadesio.it\/es\/producto\/\"},{\"@type\":\"ListItem\",\"position\":3,\"name\":\"Sistemas d\u00eda\",\"item\":\"https:\/\/www.rimadesio.it\/es\/product-category\/sistemas-dia\/\"},{\"@type\":\"ListItem\",\"position\":4,\"name\":\"Aparadores\",\"item\":\"https:\/\/www.rimadesio.it\/es\/product-category\/sistemas-dia\/aparadores\/\"},{\"@type\":\"ListItem\",\"position\":5,\"name\":\"Rialto\"}]},{\"@type\":\"WebSite\",\"@id\":\"https:\/\/www.rimadesio.it\/es\/#website\",\"url\":\"https:\/\/www.rimadesio.it\/es\/\",\"name\":\"Rimadesio\",\"description\":\"Rimadesio official website\",\"publisher\":{\"@id\":\"https:\/\/www.rimadesio.it\/es\/#organization\"},\"potentialAction\":[{\"@type\":\"SearchAction\",\"target\":{\"@type\":\"EntryPoint\",\"urlTemplate\":\"https:\/\/www.rimadesio.it\/es\/?s={search_term_string}\"},\"query-input\":\"required name=search_term_string\"}],\"inLanguage\":\"es-ES\"},{\"@type\":\"Organization\",\"@id\":\"https:\/\/www.rimadesio.it\/es\/#organization\",\"name\":\"Rimadesio\",\"url\":\"https:\/\/www.rimadesio.it\/es\/\",\"logo\":{\"@type\":\"ImageObject\",\"inLanguage\":\"es-ES\",\"@id\":\"https:\/\/www.rimadesio.it\/es\/#\/schema\/logo\/image\/\",\"url\":\"https:\/\/static.rimadesio.it\/media\/2021\/08\/Logo.png\",\"contentUrl\":\"https:\/\/static.rimadesio.it\/media\/2021\/08\/Logo.png\",\"width\":102,\"height\":18,\"caption\":\"Rimadesio\"},\"image\":{\"@id\":\"https:\/\/www.rimadesio.it\/es\/#\/schema\/logo\/image\/\"}}]}<\/script>\n<!-- \/ Yoast SEO plugin. -->","yoast_head_json":{"title":"Rialto - Rimadesio","description":"La colecci\u00f3n Rialto se compone de muebles con un fuerte car\u00e1cter personal y reconocible, siempre coherente con la filosof\u00eda de Rimadesio de dise\u00f1ar y","robots":{"index":"index","follow":"follow","max-snippet":"max-snippet:-1","max-image-preview":"max-image-preview:large","max-video-preview":"max-video-preview:-1"},"canonical":"https:\/\/www.rimadesio.it\/es\/producto\/rialto-2\/","og_locale":"es_ES","og_type":"article","og_title":"Rialto - Rimadesio","og_description":"La colecci\u00f3n Rialto se compone de muebles con un fuerte car\u00e1cter personal y reconocible, siempre coherente con la filosof\u00eda de Rimadesio de dise\u00f1ar y","og_url":"https:\/\/www.rimadesio.it\/es\/producto\/rialto-2\/","og_site_name":"Rimadesio","article_modified_time":"2026-04-15T08:59:32+00:00","twitter_card":"summary_large_image","schema":{"@context":"https:\/\/schema.org","@graph":[{"@type":"WebPage","@id":"https:\/\/www.rimadesio.it\/es\/producto\/rialto-2\/","url":"https:\/\/www.rimadesio.it\/es\/producto\/rialto-2\/","name":"Rialto - Rimadesio","isPartOf":{"@id":"https:\/\/www.rimadesio.it\/es\/#website"},"datePublished":"2025-03-12T14:20:08+00:00","dateModified":"2026-04-15T08:59:32+00:00","description":"La colecci\u00f3n Rialto se compone de muebles con un fuerte car\u00e1cter personal y reconocible, siempre coherente con la filosof\u00eda de Rimadesio de dise\u00f1ar y","breadcrumb":{"@id":"https:\/\/www.rimadesio.it\/es\/producto\/rialto-2\/#breadcrumb"},"inLanguage":"es-ES","potentialAction":[{"@type":"ReadAction","target":["https:\/\/www.rimadesio.it\/es\/producto\/rialto-2\/"]}]},{"@type":"BreadcrumbList","@id":"https:\/\/www.rimadesio.it\/es\/producto\/rialto-2\/#breadcrumb","itemListElement":[{"@type":"ListItem","position":1,"name":"Homepage","item":"https:\/\/www.rimadesio.it\/es\/"},{"@type":"ListItem","position":2,"name":"Productos","item":"https:\/\/www.rimadesio.it\/es\/producto\/"},{"@type":"ListItem","position":3,"name":"Sistemas d\u00eda","item":"https:\/\/www.rimadesio.it\/es\/product-category\/sistemas-dia\/"},{"@type":"ListItem","position":4,"name":"Aparadores","item":"https:\/\/www.rimadesio.it\/es\/product-category\/sistemas-dia\/aparadores\/"},{"@type":"ListItem","position":5,"name":"Rialto"}]},{"@type":"WebSite","@id":"https:\/\/www.rimadesio.it\/es\/#website","url":"https:\/\/www.rimadesio.it\/es\/","name":"Rimadesio","description":"Rimadesio official website","publisher":{"@id":"https:\/\/www.rimadesio.it\/es\/#organization"},"potentialAction":[{"@type":"SearchAction","target":{"@type":"EntryPoint","urlTemplate":"https:\/\/www.rimadesio.it\/es\/?s={search_term_string}"},"query-input":"required name=search_term_string"}],"inLanguage":"es-ES"},{"@type":"Organization","@id":"https:\/\/www.rimadesio.it\/es\/#organization","name":"Rimadesio","url":"https:\/\/www.rimadesio.it\/es\/","logo":{"@type":"ImageObject","inLanguage":"es-ES","@id":"https:\/\/www.rimadesio.it\/es\/#\/schema\/logo\/image\/","url":"https:\/\/static.rimadesio.it\/media\/2021\/08\/Logo.png","contentUrl":"https:\/\/static.rimadesio.it\/media\/2021\/08\/Logo.png","width":102,"height":18,"caption":"Rimadesio"},"image":{"@id":"https:\/\/www.rimadesio.it\/es\/#\/schema\/logo\/image\/"}}]}},"_links":{"self":[{"href":"https:\/\/www.rimadesio.it\/es\/wp-json\/wp\/v2\/product\/166458"}],"collection":[{"href":"https:\/\/www.rimadesio.it\/es\/wp-json\/wp\/v2\/product"}],"about":[{"href":"https:\/\/www.rimadesio.it\/es\/wp-json\/wp\/v2\/types\/product"}],"wp:attachment":[{"href":"https:\/\/www.rimadesio.it\/es\/wp-json\/wp\/v2\/media?parent=166458"}],"wp:term":[{"taxonomy":"product_category","embeddable":true,"href":"https:\/\/www.rimadesio.it\/es\/wp-json\/wp\/v2\/product_category?post=166458"}],"curies":[{"name":"wp","href":"https:\/\/api.w.org\/{rel}","templated":true}]}}