{"id":164032,"date":"2024-06-25T14:22:58","date_gmt":"2024-06-25T12:22:58","guid":{"rendered":"https:\/\/www.rimadesio.it\/product\/air-system\/"},"modified":"2026-04-21T10:12:08","modified_gmt":"2026-04-21T08:12:08","slug":"air-system","status":"publish","type":"product","link":"https:\/\/www.rimadesio.it\/es\/producto\/air-system\/","title":{"rendered":"Air system"},"content":{"rendered":"<p>Sistema de paneles fijos que, junto con las puertas bidireccionales de la colecci\u00f3n, permite una libre definici\u00f3n del espacio a trav\u00e9s de composiciones lineales, en \u00e1ngulo o en forma de T, en soluciones centrales o en nicho. Air System est\u00e1 disponible en cuatro configuraciones est\u00e9ticas (grid, plus, regular y pure), siempre a medida y personalizable en materiales y acabados.<\/p>\n","protected":false},"featured_media":0,"template":"","product_category":[476,457,605,459],"acf":[],"yoast_head":"<!-- This site is optimized with the Yoast SEO plugin v20.4 - https:\/\/yoast.com\/wordpress\/plugins\/seo\/ -->\n<title>Air system - Rimadesio<\/title>\n<meta name=\"description\" content=\"Sistema de paneles fijos que, junto con las puertas bidireccionales de la colecci\u00f3n, permite una libre definici\u00f3n del espacio a trav\u00e9s de composiciones\" \/>\n<meta name=\"robots\" content=\"index, follow, max-snippet:-1, max-image-preview:large, max-video-preview:-1\" \/>\n<link rel=\"canonical\" href=\"https:\/\/www.rimadesio.it\/es\/producto\/air-system\/\" \/>\n<meta property=\"og:locale\" content=\"es_ES\" \/>\n<meta property=\"og:type\" content=\"article\" \/>\n<meta property=\"og:title\" content=\"Air system - Rimadesio\" \/>\n<meta property=\"og:description\" content=\"Sistema de paneles fijos que, junto con las puertas bidireccionales de la colecci\u00f3n, permite una libre definici\u00f3n del espacio a trav\u00e9s de composiciones\" \/>\n<meta property=\"og:url\" content=\"https:\/\/www.rimadesio.it\/es\/producto\/air-system\/\" \/>\n<meta property=\"og:site_name\" content=\"Rimadesio\" \/>\n<meta property=\"article:modified_time\" content=\"2026-04-21T08:12:08+00:00\" \/>\n<meta name=\"twitter:card\" content=\"summary_large_image\" \/>\n<script type=\"application\/ld+json\" class=\"yoast-schema-graph\">{\"@context\":\"https:\/\/schema.org\",\"@graph\":[{\"@type\":\"WebPage\",\"@id\":\"https:\/\/www.rimadesio.it\/es\/producto\/air-system\/\",\"url\":\"https:\/\/www.rimadesio.it\/es\/producto\/air-system\/\",\"name\":\"Air system - Rimadesio\",\"isPartOf\":{\"@id\":\"https:\/\/www.rimadesio.it\/es\/#website\"},\"datePublished\":\"2024-06-25T12:22:58+00:00\",\"dateModified\":\"2026-04-21T08:12:08+00:00\",\"description\":\"Sistema de paneles fijos que, junto con las puertas bidireccionales de la colecci\u00f3n, permite una libre definici\u00f3n del espacio a trav\u00e9s de composiciones\",\"breadcrumb\":{\"@id\":\"https:\/\/www.rimadesio.it\/es\/producto\/air-system\/#breadcrumb\"},\"inLanguage\":\"es-ES\",\"potentialAction\":[{\"@type\":\"ReadAction\",\"target\":[\"https:\/\/www.rimadesio.it\/es\/producto\/air-system\/\"]}]},{\"@type\":\"BreadcrumbList\",\"@id\":\"https:\/\/www.rimadesio.it\/es\/producto\/air-system\/#breadcrumb\",\"itemListElement\":[{\"@type\":\"ListItem\",\"position\":1,\"name\":\"Homepage\",\"item\":\"https:\/\/www.rimadesio.it\/es\/\"},{\"@type\":\"ListItem\",\"position\":2,\"name\":\"Productos\",\"item\":\"https:\/\/www.rimadesio.it\/es\/producto\/\"},{\"@type\":\"ListItem\",\"position\":3,\"name\":\"Paneles correderos\",\"item\":\"https:\/\/www.rimadesio.it\/es\/product-category\/paneles-correderos\/\"},{\"@type\":\"ListItem\",\"position\":4,\"name\":\"Separador de espacios\",\"item\":\"https:\/\/www.rimadesio.it\/es\/product-category\/paneles-correderos\/separador-espacios\/\"},{\"@type\":\"ListItem\",\"position\":5,\"name\":\"Air system\"}]},{\"@type\":\"WebSite\",\"@id\":\"https:\/\/www.rimadesio.it\/es\/#website\",\"url\":\"https:\/\/www.rimadesio.it\/es\/\",\"name\":\"Rimadesio\",\"description\":\"Rimadesio official website\",\"publisher\":{\"@id\":\"https:\/\/www.rimadesio.it\/es\/#organization\"},\"potentialAction\":[{\"@type\":\"SearchAction\",\"target\":{\"@type\":\"EntryPoint\",\"urlTemplate\":\"https:\/\/www.rimadesio.it\/es\/?s={search_term_string}\"},\"query-input\":\"required name=search_term_string\"}],\"inLanguage\":\"es-ES\"},{\"@type\":\"Organization\",\"@id\":\"https:\/\/www.rimadesio.it\/es\/#organization\",\"name\":\"Rimadesio\",\"url\":\"https:\/\/www.rimadesio.it\/es\/\",\"logo\":{\"@type\":\"ImageObject\",\"inLanguage\":\"es-ES\",\"@id\":\"https:\/\/www.rimadesio.it\/es\/#\/schema\/logo\/image\/\",\"url\":\"https:\/\/static.rimadesio.it\/media\/2021\/08\/Logo.png\",\"contentUrl\":\"https:\/\/static.rimadesio.it\/media\/2021\/08\/Logo.png\",\"width\":102,\"height\":18,\"caption\":\"Rimadesio\"},\"image\":{\"@id\":\"https:\/\/www.rimadesio.it\/es\/#\/schema\/logo\/image\/\"}}]}<\/script>\n<!-- \/ Yoast SEO plugin. -->","yoast_head_json":{"title":"Air system - Rimadesio","description":"Sistema de paneles fijos que, junto con las puertas bidireccionales de la colecci\u00f3n, permite una libre definici\u00f3n del espacio a trav\u00e9s de composiciones","robots":{"index":"index","follow":"follow","max-snippet":"max-snippet:-1","max-image-preview":"max-image-preview:large","max-video-preview":"max-video-preview:-1"},"canonical":"https:\/\/www.rimadesio.it\/es\/producto\/air-system\/","og_locale":"es_ES","og_type":"article","og_title":"Air system - Rimadesio","og_description":"Sistema de paneles fijos que, junto con las puertas bidireccionales de la colecci\u00f3n, permite una libre definici\u00f3n del espacio a trav\u00e9s de composiciones","og_url":"https:\/\/www.rimadesio.it\/es\/producto\/air-system\/","og_site_name":"Rimadesio","article_modified_time":"2026-04-21T08:12:08+00:00","twitter_card":"summary_large_image","schema":{"@context":"https:\/\/schema.org","@graph":[{"@type":"WebPage","@id":"https:\/\/www.rimadesio.it\/es\/producto\/air-system\/","url":"https:\/\/www.rimadesio.it\/es\/producto\/air-system\/","name":"Air system - Rimadesio","isPartOf":{"@id":"https:\/\/www.rimadesio.it\/es\/#website"},"datePublished":"2024-06-25T12:22:58+00:00","dateModified":"2026-04-21T08:12:08+00:00","description":"Sistema de paneles fijos que, junto con las puertas bidireccionales de la colecci\u00f3n, permite una libre definici\u00f3n del espacio a trav\u00e9s de composiciones","breadcrumb":{"@id":"https:\/\/www.rimadesio.it\/es\/producto\/air-system\/#breadcrumb"},"inLanguage":"es-ES","potentialAction":[{"@type":"ReadAction","target":["https:\/\/www.rimadesio.it\/es\/producto\/air-system\/"]}]},{"@type":"BreadcrumbList","@id":"https:\/\/www.rimadesio.it\/es\/producto\/air-system\/#breadcrumb","itemListElement":[{"@type":"ListItem","position":1,"name":"Homepage","item":"https:\/\/www.rimadesio.it\/es\/"},{"@type":"ListItem","position":2,"name":"Productos","item":"https:\/\/www.rimadesio.it\/es\/producto\/"},{"@type":"ListItem","position":3,"name":"Paneles correderos","item":"https:\/\/www.rimadesio.it\/es\/product-category\/paneles-correderos\/"},{"@type":"ListItem","position":4,"name":"Separador de espacios","item":"https:\/\/www.rimadesio.it\/es\/product-category\/paneles-correderos\/separador-espacios\/"},{"@type":"ListItem","position":5,"name":"Air system"}]},{"@type":"WebSite","@id":"https:\/\/www.rimadesio.it\/es\/#website","url":"https:\/\/www.rimadesio.it\/es\/","name":"Rimadesio","description":"Rimadesio official website","publisher":{"@id":"https:\/\/www.rimadesio.it\/es\/#organization"},"potentialAction":[{"@type":"SearchAction","target":{"@type":"EntryPoint","urlTemplate":"https:\/\/www.rimadesio.it\/es\/?s={search_term_string}"},"query-input":"required name=search_term_string"}],"inLanguage":"es-ES"},{"@type":"Organization","@id":"https:\/\/www.rimadesio.it\/es\/#organization","name":"Rimadesio","url":"https:\/\/www.rimadesio.it\/es\/","logo":{"@type":"ImageObject","inLanguage":"es-ES","@id":"https:\/\/www.rimadesio.it\/es\/#\/schema\/logo\/image\/","url":"https:\/\/static.rimadesio.it\/media\/2021\/08\/Logo.png","contentUrl":"https:\/\/static.rimadesio.it\/media\/2021\/08\/Logo.png","width":102,"height":18,"caption":"Rimadesio"},"image":{"@id":"https:\/\/www.rimadesio.it\/es\/#\/schema\/logo\/image\/"}}]}},"_links":{"self":[{"href":"https:\/\/www.rimadesio.it\/es\/wp-json\/wp\/v2\/product\/164032"}],"collection":[{"href":"https:\/\/www.rimadesio.it\/es\/wp-json\/wp\/v2\/product"}],"about":[{"href":"https:\/\/www.rimadesio.it\/es\/wp-json\/wp\/v2\/types\/product"}],"wp:attachment":[{"href":"https:\/\/www.rimadesio.it\/es\/wp-json\/wp\/v2\/media?parent=164032"}],"wp:term":[{"taxonomy":"product_category","embeddable":true,"href":"https:\/\/www.rimadesio.it\/es\/wp-json\/wp\/v2\/product_category?post=164032"}],"curies":[{"name":"wp","href":"https:\/\/api.w.org\/{rel}","templated":true}]}}