{"id":160557,"date":"2023-07-10T11:13:03","date_gmt":"2023-07-10T09:13:03","guid":{"rendered":"https:\/\/www.rimadesio.it\/?post_type=product&#038;p=160557"},"modified":"2026-04-15T16:34:43","modified_gmt":"2026-04-15T14:34:43","slug":"radius","status":"publish","type":"product","link":"https:\/\/www.rimadesio.it\/es\/producto\/radius\/","title":{"rendered":"Radius"},"content":{"rendered":"<p>La puerta Radius es una nueva soluci\u00f3n de altura completa, de doble cara y perfectamente alineada con la pared. Con un dise\u00f1o minimalista concebido para recrear una perfecta continuidad con la arquitectura que la rodea, Radius est\u00e1 dise\u00f1ada para ofrecer una amplia gama de tipolog\u00edas est\u00e9ticas y la m\u00e1xima calidad funcional, permitiendo su instalaci\u00f3n en pared sin jamba, con jamba retr\u00e1ctil o integrada en el sistema de paneles Modulor.<\/p>\n","protected":false},"featured_media":0,"template":"","product_category":[475,452,455],"acf":[],"yoast_head":"<!-- This site is optimized with the Yoast SEO plugin v20.4 - https:\/\/yoast.com\/wordpress\/plugins\/seo\/ -->\n<title>Radius - Rimadesio<\/title>\n<meta name=\"description\" content=\"La puerta Radius es una nueva soluci\u00f3n de altura completa, de doble cara y perfectamente alineada con la pared. Con un dise\u00f1o minimalista concebido para\" \/>\n<meta name=\"robots\" content=\"index, follow, max-snippet:-1, max-image-preview:large, max-video-preview:-1\" \/>\n<link rel=\"canonical\" href=\"https:\/\/www.rimadesio.it\/es\/producto\/radius\/\" \/>\n<meta property=\"og:locale\" content=\"es_ES\" \/>\n<meta property=\"og:type\" content=\"article\" \/>\n<meta property=\"og:title\" content=\"Radius - Rimadesio\" \/>\n<meta property=\"og:description\" content=\"La puerta Radius es una nueva soluci\u00f3n de altura completa, de doble cara y perfectamente alineada con la pared. Con un dise\u00f1o minimalista concebido para\" \/>\n<meta property=\"og:url\" content=\"https:\/\/www.rimadesio.it\/es\/producto\/radius\/\" \/>\n<meta property=\"og:site_name\" content=\"Rimadesio\" \/>\n<meta property=\"article:modified_time\" content=\"2026-04-15T14:34:43+00:00\" \/>\n<meta name=\"twitter:card\" content=\"summary_large_image\" \/>\n<script type=\"application\/ld+json\" class=\"yoast-schema-graph\">{\"@context\":\"https:\/\/schema.org\",\"@graph\":[{\"@type\":\"WebPage\",\"@id\":\"https:\/\/www.rimadesio.it\/es\/producto\/radius\/\",\"url\":\"https:\/\/www.rimadesio.it\/es\/producto\/radius\/\",\"name\":\"Radius - Rimadesio\",\"isPartOf\":{\"@id\":\"https:\/\/www.rimadesio.it\/es\/#website\"},\"datePublished\":\"2023-07-10T09:13:03+00:00\",\"dateModified\":\"2026-04-15T14:34:43+00:00\",\"description\":\"La puerta Radius es una nueva soluci\u00f3n de altura completa, de doble cara y perfectamente alineada con la pared. Con un dise\u00f1o minimalista concebido para\",\"breadcrumb\":{\"@id\":\"https:\/\/www.rimadesio.it\/es\/producto\/radius\/#breadcrumb\"},\"inLanguage\":\"es-ES\",\"potentialAction\":[{\"@type\":\"ReadAction\",\"target\":[\"https:\/\/www.rimadesio.it\/es\/producto\/radius\/\"]}]},{\"@type\":\"BreadcrumbList\",\"@id\":\"https:\/\/www.rimadesio.it\/es\/producto\/radius\/#breadcrumb\",\"itemListElement\":[{\"@type\":\"ListItem\",\"position\":1,\"name\":\"Homepage\",\"item\":\"https:\/\/www.rimadesio.it\/es\/\"},{\"@type\":\"ListItem\",\"position\":2,\"name\":\"Productos\",\"item\":\"https:\/\/www.rimadesio.it\/es\/producto\/\"},{\"@type\":\"ListItem\",\"position\":3,\"name\":\"Puertas\",\"item\":\"https:\/\/www.rimadesio.it\/es\/product-category\/puertas\/\"},{\"@type\":\"ListItem\",\"position\":4,\"name\":\"Bidireccionales\",\"item\":\"https:\/\/www.rimadesio.it\/es\/product-category\/puertas\/bidireccional\/\"},{\"@type\":\"ListItem\",\"position\":5,\"name\":\"Radius\"}]},{\"@type\":\"WebSite\",\"@id\":\"https:\/\/www.rimadesio.it\/es\/#website\",\"url\":\"https:\/\/www.rimadesio.it\/es\/\",\"name\":\"Rimadesio\",\"description\":\"Rimadesio official website\",\"publisher\":{\"@id\":\"https:\/\/www.rimadesio.it\/es\/#organization\"},\"potentialAction\":[{\"@type\":\"SearchAction\",\"target\":{\"@type\":\"EntryPoint\",\"urlTemplate\":\"https:\/\/www.rimadesio.it\/es\/?s={search_term_string}\"},\"query-input\":\"required name=search_term_string\"}],\"inLanguage\":\"es-ES\"},{\"@type\":\"Organization\",\"@id\":\"https:\/\/www.rimadesio.it\/es\/#organization\",\"name\":\"Rimadesio\",\"url\":\"https:\/\/www.rimadesio.it\/es\/\",\"logo\":{\"@type\":\"ImageObject\",\"inLanguage\":\"es-ES\",\"@id\":\"https:\/\/www.rimadesio.it\/es\/#\/schema\/logo\/image\/\",\"url\":\"https:\/\/static.rimadesio.it\/media\/2021\/08\/Logo.png\",\"contentUrl\":\"https:\/\/static.rimadesio.it\/media\/2021\/08\/Logo.png\",\"width\":102,\"height\":18,\"caption\":\"Rimadesio\"},\"image\":{\"@id\":\"https:\/\/www.rimadesio.it\/es\/#\/schema\/logo\/image\/\"}}]}<\/script>\n<!-- \/ Yoast SEO plugin. -->","yoast_head_json":{"title":"Radius - Rimadesio","description":"La puerta Radius es una nueva soluci\u00f3n de altura completa, de doble cara y perfectamente alineada con la pared. Con un dise\u00f1o minimalista concebido para","robots":{"index":"index","follow":"follow","max-snippet":"max-snippet:-1","max-image-preview":"max-image-preview:large","max-video-preview":"max-video-preview:-1"},"canonical":"https:\/\/www.rimadesio.it\/es\/producto\/radius\/","og_locale":"es_ES","og_type":"article","og_title":"Radius - Rimadesio","og_description":"La puerta Radius es una nueva soluci\u00f3n de altura completa, de doble cara y perfectamente alineada con la pared. Con un dise\u00f1o minimalista concebido para","og_url":"https:\/\/www.rimadesio.it\/es\/producto\/radius\/","og_site_name":"Rimadesio","article_modified_time":"2026-04-15T14:34:43+00:00","twitter_card":"summary_large_image","schema":{"@context":"https:\/\/schema.org","@graph":[{"@type":"WebPage","@id":"https:\/\/www.rimadesio.it\/es\/producto\/radius\/","url":"https:\/\/www.rimadesio.it\/es\/producto\/radius\/","name":"Radius - Rimadesio","isPartOf":{"@id":"https:\/\/www.rimadesio.it\/es\/#website"},"datePublished":"2023-07-10T09:13:03+00:00","dateModified":"2026-04-15T14:34:43+00:00","description":"La puerta Radius es una nueva soluci\u00f3n de altura completa, de doble cara y perfectamente alineada con la pared. Con un dise\u00f1o minimalista concebido para","breadcrumb":{"@id":"https:\/\/www.rimadesio.it\/es\/producto\/radius\/#breadcrumb"},"inLanguage":"es-ES","potentialAction":[{"@type":"ReadAction","target":["https:\/\/www.rimadesio.it\/es\/producto\/radius\/"]}]},{"@type":"BreadcrumbList","@id":"https:\/\/www.rimadesio.it\/es\/producto\/radius\/#breadcrumb","itemListElement":[{"@type":"ListItem","position":1,"name":"Homepage","item":"https:\/\/www.rimadesio.it\/es\/"},{"@type":"ListItem","position":2,"name":"Productos","item":"https:\/\/www.rimadesio.it\/es\/producto\/"},{"@type":"ListItem","position":3,"name":"Puertas","item":"https:\/\/www.rimadesio.it\/es\/product-category\/puertas\/"},{"@type":"ListItem","position":4,"name":"Bidireccionales","item":"https:\/\/www.rimadesio.it\/es\/product-category\/puertas\/bidireccional\/"},{"@type":"ListItem","position":5,"name":"Radius"}]},{"@type":"WebSite","@id":"https:\/\/www.rimadesio.it\/es\/#website","url":"https:\/\/www.rimadesio.it\/es\/","name":"Rimadesio","description":"Rimadesio official website","publisher":{"@id":"https:\/\/www.rimadesio.it\/es\/#organization"},"potentialAction":[{"@type":"SearchAction","target":{"@type":"EntryPoint","urlTemplate":"https:\/\/www.rimadesio.it\/es\/?s={search_term_string}"},"query-input":"required name=search_term_string"}],"inLanguage":"es-ES"},{"@type":"Organization","@id":"https:\/\/www.rimadesio.it\/es\/#organization","name":"Rimadesio","url":"https:\/\/www.rimadesio.it\/es\/","logo":{"@type":"ImageObject","inLanguage":"es-ES","@id":"https:\/\/www.rimadesio.it\/es\/#\/schema\/logo\/image\/","url":"https:\/\/static.rimadesio.it\/media\/2021\/08\/Logo.png","contentUrl":"https:\/\/static.rimadesio.it\/media\/2021\/08\/Logo.png","width":102,"height":18,"caption":"Rimadesio"},"image":{"@id":"https:\/\/www.rimadesio.it\/es\/#\/schema\/logo\/image\/"}}]}},"_links":{"self":[{"href":"https:\/\/www.rimadesio.it\/es\/wp-json\/wp\/v2\/product\/160557"}],"collection":[{"href":"https:\/\/www.rimadesio.it\/es\/wp-json\/wp\/v2\/product"}],"about":[{"href":"https:\/\/www.rimadesio.it\/es\/wp-json\/wp\/v2\/types\/product"}],"wp:attachment":[{"href":"https:\/\/www.rimadesio.it\/es\/wp-json\/wp\/v2\/media?parent=160557"}],"wp:term":[{"taxonomy":"product_category","embeddable":true,"href":"https:\/\/www.rimadesio.it\/es\/wp-json\/wp\/v2\/product_category?post=160557"}],"curies":[{"name":"wp","href":"https:\/\/api.w.org\/{rel}","templated":true}]}}