{"id":156300,"date":"2022-04-26T15:18:58","date_gmt":"2022-04-26T13:18:58","guid":{"rendered":"https:\/\/www.rimadesio.it\/?post_type=product&#038;p=156300"},"modified":"2026-04-15T09:27:08","modified_gmt":"2026-04-15T07:27:08","slug":"cover-open","status":"publish","type":"product","link":"https:\/\/www.rimadesio.it\/es\/producto\/cover-open\/","title":{"rendered":"Cover Open"},"content":{"rendered":"<p>Cover Open es una soluci\u00f3n de vestidor innovadora, siempre hecha a medida y perfectamente integrable en a versi\u00f3n Freestanding con puertas batientes. Disponible en composiciones lineales, angulares y en forma de C, garantiza el m\u00e1ximo grado de personalizaci\u00f3n gracias a la amplia<br \/>\ngama de equipamiento que ofrece el sistema Cover.<\/p>\n","protected":false},"featured_media":0,"template":"","product_category":[461,448],"acf":[],"yoast_head":"<!-- This site is optimized with the Yoast SEO plugin v20.4 - https:\/\/yoast.com\/wordpress\/plugins\/seo\/ -->\n<title>Cover Open - Rimadesio<\/title>\n<meta name=\"description\" content=\"Cover Open es una soluci\u00f3n de vestidor innovadora, siempre hecha a medida y perfectamente integrable en a versi\u00f3n Freestanding con puertas batientes.\" \/>\n<meta name=\"robots\" content=\"index, follow, max-snippet:-1, max-image-preview:large, max-video-preview:-1\" \/>\n<link rel=\"canonical\" href=\"https:\/\/www.rimadesio.it\/es\/producto\/cover-open\/\" \/>\n<meta property=\"og:locale\" content=\"es_ES\" \/>\n<meta property=\"og:type\" content=\"article\" \/>\n<meta property=\"og:title\" content=\"Cover Open - Rimadesio\" \/>\n<meta property=\"og:description\" content=\"Cover Open es una soluci\u00f3n de vestidor innovadora, siempre hecha a medida y perfectamente integrable en a versi\u00f3n Freestanding con puertas batientes.\" \/>\n<meta property=\"og:url\" content=\"https:\/\/www.rimadesio.it\/es\/producto\/cover-open\/\" \/>\n<meta property=\"og:site_name\" content=\"Rimadesio\" \/>\n<meta property=\"article:modified_time\" content=\"2026-04-15T07:27:08+00:00\" \/>\n<meta name=\"twitter:card\" content=\"summary_large_image\" \/>\n<meta name=\"twitter:label1\" content=\"Est. reading time\" \/>\n\t<meta name=\"twitter:data1\" content=\"1 minute\" \/>\n<script type=\"application\/ld+json\" class=\"yoast-schema-graph\">{\"@context\":\"https:\/\/schema.org\",\"@graph\":[{\"@type\":\"WebPage\",\"@id\":\"https:\/\/www.rimadesio.it\/es\/producto\/cover-open\/\",\"url\":\"https:\/\/www.rimadesio.it\/es\/producto\/cover-open\/\",\"name\":\"Cover Open - Rimadesio\",\"isPartOf\":{\"@id\":\"https:\/\/www.rimadesio.it\/es\/#website\"},\"datePublished\":\"2022-04-26T13:18:58+00:00\",\"dateModified\":\"2026-04-15T07:27:08+00:00\",\"description\":\"Cover Open es una soluci\u00f3n de vestidor innovadora, siempre hecha a medida y perfectamente integrable en a versi\u00f3n Freestanding con puertas batientes.\",\"breadcrumb\":{\"@id\":\"https:\/\/www.rimadesio.it\/es\/producto\/cover-open\/#breadcrumb\"},\"inLanguage\":\"es-ES\",\"potentialAction\":[{\"@type\":\"ReadAction\",\"target\":[\"https:\/\/www.rimadesio.it\/es\/producto\/cover-open\/\"]}]},{\"@type\":\"BreadcrumbList\",\"@id\":\"https:\/\/www.rimadesio.it\/es\/producto\/cover-open\/#breadcrumb\",\"itemListElement\":[{\"@type\":\"ListItem\",\"position\":1,\"name\":\"Homepage\",\"item\":\"https:\/\/www.rimadesio.it\/es\/\"},{\"@type\":\"ListItem\",\"position\":2,\"name\":\"Productos\",\"item\":\"https:\/\/www.rimadesio.it\/es\/producto\/\"},{\"@type\":\"ListItem\",\"position\":3,\"name\":\"Sistemas noche\",\"item\":\"https:\/\/www.rimadesio.it\/es\/product-category\/sistemas-noche\/\"},{\"@type\":\"ListItem\",\"position\":4,\"name\":\"Armarios\",\"item\":\"https:\/\/www.rimadesio.it\/es\/product-category\/sistemas-noche\/armarios-y-sistemas-de-cierre\/\"},{\"@type\":\"ListItem\",\"position\":5,\"name\":\"Cover Open\"}]},{\"@type\":\"WebSite\",\"@id\":\"https:\/\/www.rimadesio.it\/es\/#website\",\"url\":\"https:\/\/www.rimadesio.it\/es\/\",\"name\":\"Rimadesio\",\"description\":\"Rimadesio official website\",\"publisher\":{\"@id\":\"https:\/\/www.rimadesio.it\/es\/#organization\"},\"potentialAction\":[{\"@type\":\"SearchAction\",\"target\":{\"@type\":\"EntryPoint\",\"urlTemplate\":\"https:\/\/www.rimadesio.it\/es\/?s={search_term_string}\"},\"query-input\":\"required name=search_term_string\"}],\"inLanguage\":\"es-ES\"},{\"@type\":\"Organization\",\"@id\":\"https:\/\/www.rimadesio.it\/es\/#organization\",\"name\":\"Rimadesio\",\"url\":\"https:\/\/www.rimadesio.it\/es\/\",\"logo\":{\"@type\":\"ImageObject\",\"inLanguage\":\"es-ES\",\"@id\":\"https:\/\/www.rimadesio.it\/es\/#\/schema\/logo\/image\/\",\"url\":\"https:\/\/static.rimadesio.it\/media\/2021\/08\/Logo.png\",\"contentUrl\":\"https:\/\/static.rimadesio.it\/media\/2021\/08\/Logo.png\",\"width\":102,\"height\":18,\"caption\":\"Rimadesio\"},\"image\":{\"@id\":\"https:\/\/www.rimadesio.it\/es\/#\/schema\/logo\/image\/\"}}]}<\/script>\n<!-- \/ Yoast SEO plugin. -->","yoast_head_json":{"title":"Cover Open - Rimadesio","description":"Cover Open es una soluci\u00f3n de vestidor innovadora, siempre hecha a medida y perfectamente integrable en a versi\u00f3n Freestanding con puertas batientes.","robots":{"index":"index","follow":"follow","max-snippet":"max-snippet:-1","max-image-preview":"max-image-preview:large","max-video-preview":"max-video-preview:-1"},"canonical":"https:\/\/www.rimadesio.it\/es\/producto\/cover-open\/","og_locale":"es_ES","og_type":"article","og_title":"Cover Open - Rimadesio","og_description":"Cover Open es una soluci\u00f3n de vestidor innovadora, siempre hecha a medida y perfectamente integrable en a versi\u00f3n Freestanding con puertas batientes.","og_url":"https:\/\/www.rimadesio.it\/es\/producto\/cover-open\/","og_site_name":"Rimadesio","article_modified_time":"2026-04-15T07:27:08+00:00","twitter_card":"summary_large_image","twitter_misc":{"Est. reading time":"1 minute"},"schema":{"@context":"https:\/\/schema.org","@graph":[{"@type":"WebPage","@id":"https:\/\/www.rimadesio.it\/es\/producto\/cover-open\/","url":"https:\/\/www.rimadesio.it\/es\/producto\/cover-open\/","name":"Cover Open - Rimadesio","isPartOf":{"@id":"https:\/\/www.rimadesio.it\/es\/#website"},"datePublished":"2022-04-26T13:18:58+00:00","dateModified":"2026-04-15T07:27:08+00:00","description":"Cover Open es una soluci\u00f3n de vestidor innovadora, siempre hecha a medida y perfectamente integrable en a versi\u00f3n Freestanding con puertas batientes.","breadcrumb":{"@id":"https:\/\/www.rimadesio.it\/es\/producto\/cover-open\/#breadcrumb"},"inLanguage":"es-ES","potentialAction":[{"@type":"ReadAction","target":["https:\/\/www.rimadesio.it\/es\/producto\/cover-open\/"]}]},{"@type":"BreadcrumbList","@id":"https:\/\/www.rimadesio.it\/es\/producto\/cover-open\/#breadcrumb","itemListElement":[{"@type":"ListItem","position":1,"name":"Homepage","item":"https:\/\/www.rimadesio.it\/es\/"},{"@type":"ListItem","position":2,"name":"Productos","item":"https:\/\/www.rimadesio.it\/es\/producto\/"},{"@type":"ListItem","position":3,"name":"Sistemas noche","item":"https:\/\/www.rimadesio.it\/es\/product-category\/sistemas-noche\/"},{"@type":"ListItem","position":4,"name":"Armarios","item":"https:\/\/www.rimadesio.it\/es\/product-category\/sistemas-noche\/armarios-y-sistemas-de-cierre\/"},{"@type":"ListItem","position":5,"name":"Cover Open"}]},{"@type":"WebSite","@id":"https:\/\/www.rimadesio.it\/es\/#website","url":"https:\/\/www.rimadesio.it\/es\/","name":"Rimadesio","description":"Rimadesio official website","publisher":{"@id":"https:\/\/www.rimadesio.it\/es\/#organization"},"potentialAction":[{"@type":"SearchAction","target":{"@type":"EntryPoint","urlTemplate":"https:\/\/www.rimadesio.it\/es\/?s={search_term_string}"},"query-input":"required name=search_term_string"}],"inLanguage":"es-ES"},{"@type":"Organization","@id":"https:\/\/www.rimadesio.it\/es\/#organization","name":"Rimadesio","url":"https:\/\/www.rimadesio.it\/es\/","logo":{"@type":"ImageObject","inLanguage":"es-ES","@id":"https:\/\/www.rimadesio.it\/es\/#\/schema\/logo\/image\/","url":"https:\/\/static.rimadesio.it\/media\/2021\/08\/Logo.png","contentUrl":"https:\/\/static.rimadesio.it\/media\/2021\/08\/Logo.png","width":102,"height":18,"caption":"Rimadesio"},"image":{"@id":"https:\/\/www.rimadesio.it\/es\/#\/schema\/logo\/image\/"}}]}},"_links":{"self":[{"href":"https:\/\/www.rimadesio.it\/es\/wp-json\/wp\/v2\/product\/156300"}],"collection":[{"href":"https:\/\/www.rimadesio.it\/es\/wp-json\/wp\/v2\/product"}],"about":[{"href":"https:\/\/www.rimadesio.it\/es\/wp-json\/wp\/v2\/types\/product"}],"wp:attachment":[{"href":"https:\/\/www.rimadesio.it\/es\/wp-json\/wp\/v2\/media?parent=156300"}],"wp:term":[{"taxonomy":"product_category","embeddable":true,"href":"https:\/\/www.rimadesio.it\/es\/wp-json\/wp\/v2\/product_category?post=156300"}],"curies":[{"name":"wp","href":"https:\/\/api.w.org\/{rel}","templated":true}]}}