{"id":155223,"date":"2022-03-22T10:58:26","date_gmt":"2022-03-22T09:58:26","guid":{"rendered":"https:\/\/www.rimadesio.it\/product\/velaria\/"},"modified":"2026-04-15T16:13:20","modified_gmt":"2026-04-15T14:13:20","slug":"velaria","status":"publish","type":"product","link":"https:\/\/www.rimadesio.it\/es\/producto\/velaria\/","title":{"rendered":"Velaria"},"content":{"rendered":"<p>La interpretaci\u00f3n de la puerta corredera se caracteriza por el rigor geom\u00e9trico m\u00e1s absoluto. Un proyecto en el que los paneles se realizan siempre a medida, con un perfil estructural de aluminio de reducido espesor que valoriza al m\u00e1ximo las cualidades est\u00e9ticas exclusivas del cristal Rimadesio.<\/p>\n<div class=\"content-view-more font-large-sans active\">Un sistema dotado de innovadoras soluciones t\u00e9cnicas patentadas, para poder garantizar una mayor libertad de dise\u00f1o, asociada a la sencillez de instalaci\u00f3n y a una excepcional fiabilidad con el paso del tiempo.<\/div>\n","protected":false},"featured_media":0,"template":"","product_category":[476,477,599,604],"acf":[],"yoast_head":"<!-- This site is optimized with the Yoast SEO plugin v20.4 - https:\/\/yoast.com\/wordpress\/plugins\/seo\/ -->\n<title>Velaria pannelli scorrevoli | Rimadesio<\/title>\n<meta name=\"description\" content=\"Scopri il sistema di pannelli scorrevoli Velaria by Rimadesio. Soluzioni dal design contemporaneo, realizzate su misura. Alta qualit\u00e0 Made in Italy.\" \/>\n<meta name=\"robots\" content=\"index, follow, max-snippet:-1, max-image-preview:large, max-video-preview:-1\" \/>\n<link rel=\"canonical\" href=\"https:\/\/www.rimadesio.it\/es\/producto\/velaria\/\" \/>\n<meta property=\"og:locale\" content=\"es_ES\" \/>\n<meta property=\"og:type\" content=\"article\" \/>\n<meta property=\"og:title\" content=\"Velaria pannelli scorrevoli | Rimadesio\" \/>\n<meta property=\"og:description\" content=\"Scopri il sistema di pannelli scorrevoli Velaria by Rimadesio. Soluzioni dal design contemporaneo, realizzate su misura. Alta qualit\u00e0 Made in Italy.\" \/>\n<meta property=\"og:url\" content=\"https:\/\/www.rimadesio.it\/es\/producto\/velaria\/\" \/>\n<meta property=\"og:site_name\" content=\"Rimadesio\" \/>\n<meta property=\"article:modified_time\" content=\"2026-04-15T14:13:20+00:00\" \/>\n<meta name=\"twitter:card\" content=\"summary_large_image\" \/>\n<script type=\"application\/ld+json\" class=\"yoast-schema-graph\">{\"@context\":\"https:\/\/schema.org\",\"@graph\":[{\"@type\":\"WebPage\",\"@id\":\"https:\/\/www.rimadesio.it\/es\/producto\/velaria\/\",\"url\":\"https:\/\/www.rimadesio.it\/es\/producto\/velaria\/\",\"name\":\"Velaria pannelli scorrevoli | Rimadesio\",\"isPartOf\":{\"@id\":\"https:\/\/www.rimadesio.it\/es\/#website\"},\"datePublished\":\"2022-03-22T09:58:26+00:00\",\"dateModified\":\"2026-04-15T14:13:20+00:00\",\"description\":\"Scopri il sistema di pannelli scorrevoli Velaria by Rimadesio. Soluzioni dal design contemporaneo, realizzate su misura. Alta qualit\u00e0 Made in Italy.\",\"breadcrumb\":{\"@id\":\"https:\/\/www.rimadesio.it\/es\/producto\/velaria\/#breadcrumb\"},\"inLanguage\":\"es-ES\",\"potentialAction\":[{\"@type\":\"ReadAction\",\"target\":[\"https:\/\/www.rimadesio.it\/es\/producto\/velaria\/\"]}]},{\"@type\":\"BreadcrumbList\",\"@id\":\"https:\/\/www.rimadesio.it\/es\/producto\/velaria\/#breadcrumb\",\"itemListElement\":[{\"@type\":\"ListItem\",\"position\":1,\"name\":\"Homepage\",\"item\":\"https:\/\/www.rimadesio.it\/es\/\"},{\"@type\":\"ListItem\",\"position\":2,\"name\":\"Productos\",\"item\":\"https:\/\/www.rimadesio.it\/es\/producto\/\"},{\"@type\":\"ListItem\",\"position\":3,\"name\":\"Paneles correderos\",\"item\":\"https:\/\/www.rimadesio.it\/es\/product-category\/paneles-correderos\/\"},{\"@type\":\"ListItem\",\"position\":4,\"name\":\"Correderas\",\"item\":\"https:\/\/www.rimadesio.it\/es\/product-category\/paneles-correderos\/correderas\/\"},{\"@type\":\"ListItem\",\"position\":5,\"name\":\"Velaria\"}]},{\"@type\":\"WebSite\",\"@id\":\"https:\/\/www.rimadesio.it\/es\/#website\",\"url\":\"https:\/\/www.rimadesio.it\/es\/\",\"name\":\"Rimadesio\",\"description\":\"Rimadesio official website\",\"publisher\":{\"@id\":\"https:\/\/www.rimadesio.it\/es\/#organization\"},\"potentialAction\":[{\"@type\":\"SearchAction\",\"target\":{\"@type\":\"EntryPoint\",\"urlTemplate\":\"https:\/\/www.rimadesio.it\/es\/?s={search_term_string}\"},\"query-input\":\"required name=search_term_string\"}],\"inLanguage\":\"es-ES\"},{\"@type\":\"Organization\",\"@id\":\"https:\/\/www.rimadesio.it\/es\/#organization\",\"name\":\"Rimadesio\",\"url\":\"https:\/\/www.rimadesio.it\/es\/\",\"logo\":{\"@type\":\"ImageObject\",\"inLanguage\":\"es-ES\",\"@id\":\"https:\/\/www.rimadesio.it\/es\/#\/schema\/logo\/image\/\",\"url\":\"https:\/\/static.rimadesio.it\/media\/2021\/08\/Logo.png\",\"contentUrl\":\"https:\/\/static.rimadesio.it\/media\/2021\/08\/Logo.png\",\"width\":102,\"height\":18,\"caption\":\"Rimadesio\"},\"image\":{\"@id\":\"https:\/\/www.rimadesio.it\/es\/#\/schema\/logo\/image\/\"}}]}<\/script>\n<!-- \/ Yoast SEO plugin. -->","yoast_head_json":{"title":"Velaria pannelli scorrevoli | Rimadesio","description":"Scopri il sistema di pannelli scorrevoli Velaria by Rimadesio. Soluzioni dal design contemporaneo, realizzate su misura. Alta qualit\u00e0 Made in Italy.","robots":{"index":"index","follow":"follow","max-snippet":"max-snippet:-1","max-image-preview":"max-image-preview:large","max-video-preview":"max-video-preview:-1"},"canonical":"https:\/\/www.rimadesio.it\/es\/producto\/velaria\/","og_locale":"es_ES","og_type":"article","og_title":"Velaria pannelli scorrevoli | Rimadesio","og_description":"Scopri il sistema di pannelli scorrevoli Velaria by Rimadesio. Soluzioni dal design contemporaneo, realizzate su misura. Alta qualit\u00e0 Made in Italy.","og_url":"https:\/\/www.rimadesio.it\/es\/producto\/velaria\/","og_site_name":"Rimadesio","article_modified_time":"2026-04-15T14:13:20+00:00","twitter_card":"summary_large_image","schema":{"@context":"https:\/\/schema.org","@graph":[{"@type":"WebPage","@id":"https:\/\/www.rimadesio.it\/es\/producto\/velaria\/","url":"https:\/\/www.rimadesio.it\/es\/producto\/velaria\/","name":"Velaria pannelli scorrevoli | Rimadesio","isPartOf":{"@id":"https:\/\/www.rimadesio.it\/es\/#website"},"datePublished":"2022-03-22T09:58:26+00:00","dateModified":"2026-04-15T14:13:20+00:00","description":"Scopri il sistema di pannelli scorrevoli Velaria by Rimadesio. Soluzioni dal design contemporaneo, realizzate su misura. Alta qualit\u00e0 Made in Italy.","breadcrumb":{"@id":"https:\/\/www.rimadesio.it\/es\/producto\/velaria\/#breadcrumb"},"inLanguage":"es-ES","potentialAction":[{"@type":"ReadAction","target":["https:\/\/www.rimadesio.it\/es\/producto\/velaria\/"]}]},{"@type":"BreadcrumbList","@id":"https:\/\/www.rimadesio.it\/es\/producto\/velaria\/#breadcrumb","itemListElement":[{"@type":"ListItem","position":1,"name":"Homepage","item":"https:\/\/www.rimadesio.it\/es\/"},{"@type":"ListItem","position":2,"name":"Productos","item":"https:\/\/www.rimadesio.it\/es\/producto\/"},{"@type":"ListItem","position":3,"name":"Paneles correderos","item":"https:\/\/www.rimadesio.it\/es\/product-category\/paneles-correderos\/"},{"@type":"ListItem","position":4,"name":"Correderas","item":"https:\/\/www.rimadesio.it\/es\/product-category\/paneles-correderos\/correderas\/"},{"@type":"ListItem","position":5,"name":"Velaria"}]},{"@type":"WebSite","@id":"https:\/\/www.rimadesio.it\/es\/#website","url":"https:\/\/www.rimadesio.it\/es\/","name":"Rimadesio","description":"Rimadesio official website","publisher":{"@id":"https:\/\/www.rimadesio.it\/es\/#organization"},"potentialAction":[{"@type":"SearchAction","target":{"@type":"EntryPoint","urlTemplate":"https:\/\/www.rimadesio.it\/es\/?s={search_term_string}"},"query-input":"required name=search_term_string"}],"inLanguage":"es-ES"},{"@type":"Organization","@id":"https:\/\/www.rimadesio.it\/es\/#organization","name":"Rimadesio","url":"https:\/\/www.rimadesio.it\/es\/","logo":{"@type":"ImageObject","inLanguage":"es-ES","@id":"https:\/\/www.rimadesio.it\/es\/#\/schema\/logo\/image\/","url":"https:\/\/static.rimadesio.it\/media\/2021\/08\/Logo.png","contentUrl":"https:\/\/static.rimadesio.it\/media\/2021\/08\/Logo.png","width":102,"height":18,"caption":"Rimadesio"},"image":{"@id":"https:\/\/www.rimadesio.it\/es\/#\/schema\/logo\/image\/"}}]}},"_links":{"self":[{"href":"https:\/\/www.rimadesio.it\/es\/wp-json\/wp\/v2\/product\/155223"}],"collection":[{"href":"https:\/\/www.rimadesio.it\/es\/wp-json\/wp\/v2\/product"}],"about":[{"href":"https:\/\/www.rimadesio.it\/es\/wp-json\/wp\/v2\/types\/product"}],"wp:attachment":[{"href":"https:\/\/www.rimadesio.it\/es\/wp-json\/wp\/v2\/media?parent=155223"}],"wp:term":[{"taxonomy":"product_category","embeddable":true,"href":"https:\/\/www.rimadesio.it\/es\/wp-json\/wp\/v2\/product_category?post=155223"}],"curies":[{"name":"wp","href":"https:\/\/api.w.org\/{rel}","templated":true}]}}