{"id":155217,"date":"2022-03-22T10:57:15","date_gmt":"2022-03-22T09:57:15","guid":{"rendered":"https:\/\/www.rimadesio.it\/product\/vela\/"},"modified":"2026-04-15T16:40:12","modified_gmt":"2026-04-15T14:40:12","slug":"vela","status":"publish","type":"product","link":"https:\/\/www.rimadesio.it\/es\/producto\/vela\/","title":{"rendered":"Vela"},"content":{"rendered":"<p>Un proyecto con caracter\u00edsticas innovadoras excepcionales. Vela se puede abrir en ambos lados, una soluci\u00f3n permitida por la centralidad con respecto a la jamba y las bisagras en el lado inferior y superior de la puerta.<\/p>\n<div class=\"content-view-more font-large-sans active\">Vela con apertura batiente est\u00e1 disponible en dos versiones: con perfil de cierre magn\u00e9tico patentado y\u00a0 con cerradura magn\u00e9tica. Ambas utilizan un principio f\u00edsico b\u00e1sico, eliminando la necesidad de mecanismos y asegurando movimientos que son siempre ligeros y silenciosos.<\/div>\n","protected":false},"featured_media":0,"template":"","product_category":[475,452,458],"acf":[],"yoast_head":"<!-- This site is optimized with the Yoast SEO plugin v20.4 - https:\/\/yoast.com\/wordpress\/plugins\/seo\/ -->\n<title>Vela porte da interni | Rimadesio<\/title>\n<meta name=\"description\" content=\"Scopri le porte da interni Vela by Rimadesio. Soluzioni dal design contemporaneo, realizzate su misura. Alta qualit\u00e0 Made in Italy.\" \/>\n<meta name=\"robots\" content=\"index, follow, max-snippet:-1, max-image-preview:large, max-video-preview:-1\" \/>\n<link rel=\"canonical\" href=\"https:\/\/www.rimadesio.it\/es\/producto\/vela\/\" \/>\n<meta property=\"og:locale\" content=\"es_ES\" \/>\n<meta property=\"og:type\" content=\"article\" \/>\n<meta property=\"og:title\" content=\"Vela porte da interni | Rimadesio\" \/>\n<meta property=\"og:description\" content=\"Scopri le porte da interni Vela by Rimadesio. Soluzioni dal design contemporaneo, realizzate su misura. Alta qualit\u00e0 Made in Italy.\" \/>\n<meta property=\"og:url\" content=\"https:\/\/www.rimadesio.it\/es\/producto\/vela\/\" \/>\n<meta property=\"og:site_name\" content=\"Rimadesio\" \/>\n<meta property=\"article:modified_time\" content=\"2026-04-15T14:40:12+00:00\" \/>\n<meta name=\"twitter:card\" content=\"summary_large_image\" \/>\n<script type=\"application\/ld+json\" class=\"yoast-schema-graph\">{\"@context\":\"https:\/\/schema.org\",\"@graph\":[{\"@type\":\"WebPage\",\"@id\":\"https:\/\/www.rimadesio.it\/es\/producto\/vela\/\",\"url\":\"https:\/\/www.rimadesio.it\/es\/producto\/vela\/\",\"name\":\"Vela porte da interni | Rimadesio\",\"isPartOf\":{\"@id\":\"https:\/\/www.rimadesio.it\/es\/#website\"},\"datePublished\":\"2022-03-22T09:57:15+00:00\",\"dateModified\":\"2026-04-15T14:40:12+00:00\",\"description\":\"Scopri le porte da interni Vela by Rimadesio. Soluzioni dal design contemporaneo, realizzate su misura. Alta qualit\u00e0 Made in Italy.\",\"breadcrumb\":{\"@id\":\"https:\/\/www.rimadesio.it\/es\/producto\/vela\/#breadcrumb\"},\"inLanguage\":\"es-ES\",\"potentialAction\":[{\"@type\":\"ReadAction\",\"target\":[\"https:\/\/www.rimadesio.it\/es\/producto\/vela\/\"]}]},{\"@type\":\"BreadcrumbList\",\"@id\":\"https:\/\/www.rimadesio.it\/es\/producto\/vela\/#breadcrumb\",\"itemListElement\":[{\"@type\":\"ListItem\",\"position\":1,\"name\":\"Homepage\",\"item\":\"https:\/\/www.rimadesio.it\/es\/\"},{\"@type\":\"ListItem\",\"position\":2,\"name\":\"Productos\",\"item\":\"https:\/\/www.rimadesio.it\/es\/producto\/\"},{\"@type\":\"ListItem\",\"position\":3,\"name\":\"Puertas\",\"item\":\"https:\/\/www.rimadesio.it\/es\/product-category\/puertas\/\"},{\"@type\":\"ListItem\",\"position\":4,\"name\":\"Bidireccionales\",\"item\":\"https:\/\/www.rimadesio.it\/es\/product-category\/puertas\/bidireccional\/\"},{\"@type\":\"ListItem\",\"position\":5,\"name\":\"Vela\"}]},{\"@type\":\"WebSite\",\"@id\":\"https:\/\/www.rimadesio.it\/es\/#website\",\"url\":\"https:\/\/www.rimadesio.it\/es\/\",\"name\":\"Rimadesio\",\"description\":\"Rimadesio official website\",\"publisher\":{\"@id\":\"https:\/\/www.rimadesio.it\/es\/#organization\"},\"potentialAction\":[{\"@type\":\"SearchAction\",\"target\":{\"@type\":\"EntryPoint\",\"urlTemplate\":\"https:\/\/www.rimadesio.it\/es\/?s={search_term_string}\"},\"query-input\":\"required name=search_term_string\"}],\"inLanguage\":\"es-ES\"},{\"@type\":\"Organization\",\"@id\":\"https:\/\/www.rimadesio.it\/es\/#organization\",\"name\":\"Rimadesio\",\"url\":\"https:\/\/www.rimadesio.it\/es\/\",\"logo\":{\"@type\":\"ImageObject\",\"inLanguage\":\"es-ES\",\"@id\":\"https:\/\/www.rimadesio.it\/es\/#\/schema\/logo\/image\/\",\"url\":\"https:\/\/static.rimadesio.it\/media\/2021\/08\/Logo.png\",\"contentUrl\":\"https:\/\/static.rimadesio.it\/media\/2021\/08\/Logo.png\",\"width\":102,\"height\":18,\"caption\":\"Rimadesio\"},\"image\":{\"@id\":\"https:\/\/www.rimadesio.it\/es\/#\/schema\/logo\/image\/\"}}]}<\/script>\n<!-- \/ Yoast SEO plugin. -->","yoast_head_json":{"title":"Vela porte da interni | Rimadesio","description":"Scopri le porte da interni Vela by Rimadesio. Soluzioni dal design contemporaneo, realizzate su misura. Alta qualit\u00e0 Made in Italy.","robots":{"index":"index","follow":"follow","max-snippet":"max-snippet:-1","max-image-preview":"max-image-preview:large","max-video-preview":"max-video-preview:-1"},"canonical":"https:\/\/www.rimadesio.it\/es\/producto\/vela\/","og_locale":"es_ES","og_type":"article","og_title":"Vela porte da interni | Rimadesio","og_description":"Scopri le porte da interni Vela by Rimadesio. Soluzioni dal design contemporaneo, realizzate su misura. Alta qualit\u00e0 Made in Italy.","og_url":"https:\/\/www.rimadesio.it\/es\/producto\/vela\/","og_site_name":"Rimadesio","article_modified_time":"2026-04-15T14:40:12+00:00","twitter_card":"summary_large_image","schema":{"@context":"https:\/\/schema.org","@graph":[{"@type":"WebPage","@id":"https:\/\/www.rimadesio.it\/es\/producto\/vela\/","url":"https:\/\/www.rimadesio.it\/es\/producto\/vela\/","name":"Vela porte da interni | Rimadesio","isPartOf":{"@id":"https:\/\/www.rimadesio.it\/es\/#website"},"datePublished":"2022-03-22T09:57:15+00:00","dateModified":"2026-04-15T14:40:12+00:00","description":"Scopri le porte da interni Vela by Rimadesio. Soluzioni dal design contemporaneo, realizzate su misura. Alta qualit\u00e0 Made in Italy.","breadcrumb":{"@id":"https:\/\/www.rimadesio.it\/es\/producto\/vela\/#breadcrumb"},"inLanguage":"es-ES","potentialAction":[{"@type":"ReadAction","target":["https:\/\/www.rimadesio.it\/es\/producto\/vela\/"]}]},{"@type":"BreadcrumbList","@id":"https:\/\/www.rimadesio.it\/es\/producto\/vela\/#breadcrumb","itemListElement":[{"@type":"ListItem","position":1,"name":"Homepage","item":"https:\/\/www.rimadesio.it\/es\/"},{"@type":"ListItem","position":2,"name":"Productos","item":"https:\/\/www.rimadesio.it\/es\/producto\/"},{"@type":"ListItem","position":3,"name":"Puertas","item":"https:\/\/www.rimadesio.it\/es\/product-category\/puertas\/"},{"@type":"ListItem","position":4,"name":"Bidireccionales","item":"https:\/\/www.rimadesio.it\/es\/product-category\/puertas\/bidireccional\/"},{"@type":"ListItem","position":5,"name":"Vela"}]},{"@type":"WebSite","@id":"https:\/\/www.rimadesio.it\/es\/#website","url":"https:\/\/www.rimadesio.it\/es\/","name":"Rimadesio","description":"Rimadesio official website","publisher":{"@id":"https:\/\/www.rimadesio.it\/es\/#organization"},"potentialAction":[{"@type":"SearchAction","target":{"@type":"EntryPoint","urlTemplate":"https:\/\/www.rimadesio.it\/es\/?s={search_term_string}"},"query-input":"required name=search_term_string"}],"inLanguage":"es-ES"},{"@type":"Organization","@id":"https:\/\/www.rimadesio.it\/es\/#organization","name":"Rimadesio","url":"https:\/\/www.rimadesio.it\/es\/","logo":{"@type":"ImageObject","inLanguage":"es-ES","@id":"https:\/\/www.rimadesio.it\/es\/#\/schema\/logo\/image\/","url":"https:\/\/static.rimadesio.it\/media\/2021\/08\/Logo.png","contentUrl":"https:\/\/static.rimadesio.it\/media\/2021\/08\/Logo.png","width":102,"height":18,"caption":"Rimadesio"},"image":{"@id":"https:\/\/www.rimadesio.it\/es\/#\/schema\/logo\/image\/"}}]}},"_links":{"self":[{"href":"https:\/\/www.rimadesio.it\/es\/wp-json\/wp\/v2\/product\/155217"}],"collection":[{"href":"https:\/\/www.rimadesio.it\/es\/wp-json\/wp\/v2\/product"}],"about":[{"href":"https:\/\/www.rimadesio.it\/es\/wp-json\/wp\/v2\/types\/product"}],"wp:attachment":[{"href":"https:\/\/www.rimadesio.it\/es\/wp-json\/wp\/v2\/media?parent=155217"}],"wp:term":[{"taxonomy":"product_category","embeddable":true,"href":"https:\/\/www.rimadesio.it\/es\/wp-json\/wp\/v2\/product_category?post=155217"}],"curies":[{"name":"wp","href":"https:\/\/api.w.org\/{rel}","templated":true}]}}