{"id":155215,"date":"2022-03-22T10:56:52","date_gmt":"2022-03-22T09:56:52","guid":{"rendered":"https:\/\/www.rimadesio.it\/product\/even\/"},"modified":"2026-04-15T16:27:50","modified_gmt":"2026-04-15T14:27:50","slug":"even","status":"publish","type":"product","link":"https:\/\/www.rimadesio.it\/es\/producto\/even\/","title":{"rendered":"Even"},"content":{"rendered":"<p>Disponible en versi\u00f3n batiente y corredera, representa el complemento natural de las puertas correderas Stripe, caracterizadas por el dise\u00f1o particular de travesa\u00f1os horizontales que completan el panel de vidrio estratificado en ambos lados. La imagen esencial queda subrayada por la perfecta integraci\u00f3n del tirador, resultado obtenido por el dise\u00f1o particular de ambas versiones de apertura y la perfecta uniformidad del acabado.<\/p>\n","protected":false},"featured_media":0,"template":"","product_category":[453,452,458],"acf":[],"yoast_head":"<!-- This site is optimized with the Yoast SEO plugin v20.4 - https:\/\/yoast.com\/wordpress\/plugins\/seo\/ -->\n<title>Even porte da interni | Rimadesio<\/title>\n<meta name=\"description\" content=\"Scopri le porte da interni Even by Rimadesio. Soluzioni dal design contemporaneo, realizzate su misura. Alta qualit\u00e0 Made in Italy.\" \/>\n<meta name=\"robots\" content=\"index, follow, max-snippet:-1, max-image-preview:large, max-video-preview:-1\" \/>\n<link rel=\"canonical\" href=\"https:\/\/www.rimadesio.it\/es\/producto\/even\/\" \/>\n<meta property=\"og:locale\" content=\"es_ES\" \/>\n<meta property=\"og:type\" content=\"article\" \/>\n<meta property=\"og:title\" content=\"Even porte da interni | Rimadesio\" \/>\n<meta property=\"og:description\" content=\"Scopri le porte da interni Even by Rimadesio. Soluzioni dal design contemporaneo, realizzate su misura. Alta qualit\u00e0 Made in Italy.\" \/>\n<meta property=\"og:url\" content=\"https:\/\/www.rimadesio.it\/es\/producto\/even\/\" \/>\n<meta property=\"og:site_name\" content=\"Rimadesio\" \/>\n<meta property=\"article:modified_time\" content=\"2026-04-15T14:27:50+00:00\" \/>\n<meta name=\"twitter:card\" content=\"summary_large_image\" \/>\n<script type=\"application\/ld+json\" class=\"yoast-schema-graph\">{\"@context\":\"https:\/\/schema.org\",\"@graph\":[{\"@type\":\"WebPage\",\"@id\":\"https:\/\/www.rimadesio.it\/es\/producto\/even\/\",\"url\":\"https:\/\/www.rimadesio.it\/es\/producto\/even\/\",\"name\":\"Even porte da interni | Rimadesio\",\"isPartOf\":{\"@id\":\"https:\/\/www.rimadesio.it\/es\/#website\"},\"datePublished\":\"2022-03-22T09:56:52+00:00\",\"dateModified\":\"2026-04-15T14:27:50+00:00\",\"description\":\"Scopri le porte da interni Even by Rimadesio. Soluzioni dal design contemporaneo, realizzate su misura. Alta qualit\u00e0 Made in Italy.\",\"breadcrumb\":{\"@id\":\"https:\/\/www.rimadesio.it\/es\/producto\/even\/#breadcrumb\"},\"inLanguage\":\"es-ES\",\"potentialAction\":[{\"@type\":\"ReadAction\",\"target\":[\"https:\/\/www.rimadesio.it\/es\/producto\/even\/\"]}]},{\"@type\":\"BreadcrumbList\",\"@id\":\"https:\/\/www.rimadesio.it\/es\/producto\/even\/#breadcrumb\",\"itemListElement\":[{\"@type\":\"ListItem\",\"position\":1,\"name\":\"Homepage\",\"item\":\"https:\/\/www.rimadesio.it\/es\/\"},{\"@type\":\"ListItem\",\"position\":2,\"name\":\"Productos\",\"item\":\"https:\/\/www.rimadesio.it\/es\/producto\/\"},{\"@type\":\"ListItem\",\"position\":3,\"name\":\"Puertas\",\"item\":\"https:\/\/www.rimadesio.it\/es\/product-category\/puertas\/\"},{\"@type\":\"ListItem\",\"position\":4,\"name\":\"Batientes\",\"item\":\"https:\/\/www.rimadesio.it\/es\/product-category\/puertas\/batiente\/\"},{\"@type\":\"ListItem\",\"position\":5,\"name\":\"Even\"}]},{\"@type\":\"WebSite\",\"@id\":\"https:\/\/www.rimadesio.it\/es\/#website\",\"url\":\"https:\/\/www.rimadesio.it\/es\/\",\"name\":\"Rimadesio\",\"description\":\"Rimadesio official website\",\"publisher\":{\"@id\":\"https:\/\/www.rimadesio.it\/es\/#organization\"},\"potentialAction\":[{\"@type\":\"SearchAction\",\"target\":{\"@type\":\"EntryPoint\",\"urlTemplate\":\"https:\/\/www.rimadesio.it\/es\/?s={search_term_string}\"},\"query-input\":\"required name=search_term_string\"}],\"inLanguage\":\"es-ES\"},{\"@type\":\"Organization\",\"@id\":\"https:\/\/www.rimadesio.it\/es\/#organization\",\"name\":\"Rimadesio\",\"url\":\"https:\/\/www.rimadesio.it\/es\/\",\"logo\":{\"@type\":\"ImageObject\",\"inLanguage\":\"es-ES\",\"@id\":\"https:\/\/www.rimadesio.it\/es\/#\/schema\/logo\/image\/\",\"url\":\"https:\/\/static.rimadesio.it\/media\/2021\/08\/Logo.png\",\"contentUrl\":\"https:\/\/static.rimadesio.it\/media\/2021\/08\/Logo.png\",\"width\":102,\"height\":18,\"caption\":\"Rimadesio\"},\"image\":{\"@id\":\"https:\/\/www.rimadesio.it\/es\/#\/schema\/logo\/image\/\"}}]}<\/script>\n<!-- \/ Yoast SEO plugin. -->","yoast_head_json":{"title":"Even porte da interni | Rimadesio","description":"Scopri le porte da interni Even by Rimadesio. Soluzioni dal design contemporaneo, realizzate su misura. Alta qualit\u00e0 Made in Italy.","robots":{"index":"index","follow":"follow","max-snippet":"max-snippet:-1","max-image-preview":"max-image-preview:large","max-video-preview":"max-video-preview:-1"},"canonical":"https:\/\/www.rimadesio.it\/es\/producto\/even\/","og_locale":"es_ES","og_type":"article","og_title":"Even porte da interni | Rimadesio","og_description":"Scopri le porte da interni Even by Rimadesio. Soluzioni dal design contemporaneo, realizzate su misura. Alta qualit\u00e0 Made in Italy.","og_url":"https:\/\/www.rimadesio.it\/es\/producto\/even\/","og_site_name":"Rimadesio","article_modified_time":"2026-04-15T14:27:50+00:00","twitter_card":"summary_large_image","schema":{"@context":"https:\/\/schema.org","@graph":[{"@type":"WebPage","@id":"https:\/\/www.rimadesio.it\/es\/producto\/even\/","url":"https:\/\/www.rimadesio.it\/es\/producto\/even\/","name":"Even porte da interni | Rimadesio","isPartOf":{"@id":"https:\/\/www.rimadesio.it\/es\/#website"},"datePublished":"2022-03-22T09:56:52+00:00","dateModified":"2026-04-15T14:27:50+00:00","description":"Scopri le porte da interni Even by Rimadesio. Soluzioni dal design contemporaneo, realizzate su misura. Alta qualit\u00e0 Made in Italy.","breadcrumb":{"@id":"https:\/\/www.rimadesio.it\/es\/producto\/even\/#breadcrumb"},"inLanguage":"es-ES","potentialAction":[{"@type":"ReadAction","target":["https:\/\/www.rimadesio.it\/es\/producto\/even\/"]}]},{"@type":"BreadcrumbList","@id":"https:\/\/www.rimadesio.it\/es\/producto\/even\/#breadcrumb","itemListElement":[{"@type":"ListItem","position":1,"name":"Homepage","item":"https:\/\/www.rimadesio.it\/es\/"},{"@type":"ListItem","position":2,"name":"Productos","item":"https:\/\/www.rimadesio.it\/es\/producto\/"},{"@type":"ListItem","position":3,"name":"Puertas","item":"https:\/\/www.rimadesio.it\/es\/product-category\/puertas\/"},{"@type":"ListItem","position":4,"name":"Batientes","item":"https:\/\/www.rimadesio.it\/es\/product-category\/puertas\/batiente\/"},{"@type":"ListItem","position":5,"name":"Even"}]},{"@type":"WebSite","@id":"https:\/\/www.rimadesio.it\/es\/#website","url":"https:\/\/www.rimadesio.it\/es\/","name":"Rimadesio","description":"Rimadesio official website","publisher":{"@id":"https:\/\/www.rimadesio.it\/es\/#organization"},"potentialAction":[{"@type":"SearchAction","target":{"@type":"EntryPoint","urlTemplate":"https:\/\/www.rimadesio.it\/es\/?s={search_term_string}"},"query-input":"required name=search_term_string"}],"inLanguage":"es-ES"},{"@type":"Organization","@id":"https:\/\/www.rimadesio.it\/es\/#organization","name":"Rimadesio","url":"https:\/\/www.rimadesio.it\/es\/","logo":{"@type":"ImageObject","inLanguage":"es-ES","@id":"https:\/\/www.rimadesio.it\/es\/#\/schema\/logo\/image\/","url":"https:\/\/static.rimadesio.it\/media\/2021\/08\/Logo.png","contentUrl":"https:\/\/static.rimadesio.it\/media\/2021\/08\/Logo.png","width":102,"height":18,"caption":"Rimadesio"},"image":{"@id":"https:\/\/www.rimadesio.it\/es\/#\/schema\/logo\/image\/"}}]}},"_links":{"self":[{"href":"https:\/\/www.rimadesio.it\/es\/wp-json\/wp\/v2\/product\/155215"}],"collection":[{"href":"https:\/\/www.rimadesio.it\/es\/wp-json\/wp\/v2\/product"}],"about":[{"href":"https:\/\/www.rimadesio.it\/es\/wp-json\/wp\/v2\/types\/product"}],"wp:attachment":[{"href":"https:\/\/www.rimadesio.it\/es\/wp-json\/wp\/v2\/media?parent=155215"}],"wp:term":[{"taxonomy":"product_category","embeddable":true,"href":"https:\/\/www.rimadesio.it\/es\/wp-json\/wp\/v2\/product_category?post=155215"}],"curies":[{"name":"wp","href":"https:\/\/api.w.org\/{rel}","templated":true}]}}