{"id":155209,"date":"2018-08-22T12:33:27","date_gmt":"2018-08-22T10:33:27","guid":{"rendered":"https:\/\/www.rimadesio.it\/product\/wind\/"},"modified":"2026-04-15T11:34:06","modified_gmt":"2026-04-15T09:34:06","slug":"wind","status":"publish","type":"product","link":"https:\/\/www.rimadesio.it\/es\/producto\/wind\/","title":{"rendered":"Wind"},"content":{"rendered":"<p>Wind es el arquetipo de la librer\u00eda en la interpretaci\u00f3n Rimadesio: un sistema modular que combina ligereza est\u00e9tica e innovaci\u00f3n tecnolog\u00edca. El enfoque del proyecto, por completo en aluminio, es representado por la uni\u00f3n entre los estantes extruidos y los montantes en inyecci\u00f3n, en versi\u00f3n central y terminal.<\/p>\n","protected":false},"featured_media":0,"template":"","product_category":[470,462],"acf":[],"yoast_head":"<!-- This site is optimized with the Yoast SEO plugin v20.4 - https:\/\/yoast.com\/wordpress\/plugins\/seo\/ -->\n<title>Wind librerie | Rimadesio<\/title>\n<meta name=\"description\" content=\"Scopri il sistema libreria Wind by Rimadesio. Soluzioni dal design contemporaneo, realizzate su misura. Alta qualit\u00e0 Made in Italy.\" \/>\n<meta name=\"robots\" content=\"index, follow, max-snippet:-1, max-image-preview:large, max-video-preview:-1\" \/>\n<link rel=\"canonical\" href=\"https:\/\/www.rimadesio.it\/es\/producto\/wind\/\" \/>\n<meta property=\"og:locale\" content=\"es_ES\" \/>\n<meta property=\"og:type\" content=\"article\" \/>\n<meta property=\"og:title\" content=\"Wind librerie | Rimadesio\" \/>\n<meta property=\"og:description\" content=\"Scopri il sistema libreria Wind by Rimadesio. Soluzioni dal design contemporaneo, realizzate su misura. Alta qualit\u00e0 Made in Italy.\" \/>\n<meta property=\"og:url\" content=\"https:\/\/www.rimadesio.it\/es\/producto\/wind\/\" \/>\n<meta property=\"og:site_name\" content=\"Rimadesio\" \/>\n<meta property=\"article:modified_time\" content=\"2026-04-15T09:34:06+00:00\" \/>\n<meta name=\"twitter:card\" content=\"summary_large_image\" \/>\n<script type=\"application\/ld+json\" class=\"yoast-schema-graph\">{\"@context\":\"https:\/\/schema.org\",\"@graph\":[{\"@type\":\"WebPage\",\"@id\":\"https:\/\/www.rimadesio.it\/es\/producto\/wind\/\",\"url\":\"https:\/\/www.rimadesio.it\/es\/producto\/wind\/\",\"name\":\"Wind librerie | Rimadesio\",\"isPartOf\":{\"@id\":\"https:\/\/www.rimadesio.it\/es\/#website\"},\"datePublished\":\"2018-08-22T10:33:27+00:00\",\"dateModified\":\"2026-04-15T09:34:06+00:00\",\"description\":\"Scopri il sistema libreria Wind by Rimadesio. Soluzioni dal design contemporaneo, realizzate su misura. Alta qualit\u00e0 Made in Italy.\",\"breadcrumb\":{\"@id\":\"https:\/\/www.rimadesio.it\/es\/producto\/wind\/#breadcrumb\"},\"inLanguage\":\"es-ES\",\"potentialAction\":[{\"@type\":\"ReadAction\",\"target\":[\"https:\/\/www.rimadesio.it\/es\/producto\/wind\/\"]}]},{\"@type\":\"BreadcrumbList\",\"@id\":\"https:\/\/www.rimadesio.it\/es\/producto\/wind\/#breadcrumb\",\"itemListElement\":[{\"@type\":\"ListItem\",\"position\":1,\"name\":\"Homepage\",\"item\":\"https:\/\/www.rimadesio.it\/es\/\"},{\"@type\":\"ListItem\",\"position\":2,\"name\":\"Productos\",\"item\":\"https:\/\/www.rimadesio.it\/es\/producto\/\"},{\"@type\":\"ListItem\",\"position\":3,\"name\":\"Sistemas d\u00eda\",\"item\":\"https:\/\/www.rimadesio.it\/es\/product-category\/sistemas-dia\/\"},{\"@type\":\"ListItem\",\"position\":4,\"name\":\"Librer\u00edas\",\"item\":\"https:\/\/www.rimadesio.it\/es\/product-category\/sistemas-dia\/librerias\/\"},{\"@type\":\"ListItem\",\"position\":5,\"name\":\"Wind\"}]},{\"@type\":\"WebSite\",\"@id\":\"https:\/\/www.rimadesio.it\/es\/#website\",\"url\":\"https:\/\/www.rimadesio.it\/es\/\",\"name\":\"Rimadesio\",\"description\":\"Rimadesio official website\",\"publisher\":{\"@id\":\"https:\/\/www.rimadesio.it\/es\/#organization\"},\"potentialAction\":[{\"@type\":\"SearchAction\",\"target\":{\"@type\":\"EntryPoint\",\"urlTemplate\":\"https:\/\/www.rimadesio.it\/es\/?s={search_term_string}\"},\"query-input\":\"required name=search_term_string\"}],\"inLanguage\":\"es-ES\"},{\"@type\":\"Organization\",\"@id\":\"https:\/\/www.rimadesio.it\/es\/#organization\",\"name\":\"Rimadesio\",\"url\":\"https:\/\/www.rimadesio.it\/es\/\",\"logo\":{\"@type\":\"ImageObject\",\"inLanguage\":\"es-ES\",\"@id\":\"https:\/\/www.rimadesio.it\/es\/#\/schema\/logo\/image\/\",\"url\":\"https:\/\/static.rimadesio.it\/media\/2021\/08\/Logo.png\",\"contentUrl\":\"https:\/\/static.rimadesio.it\/media\/2021\/08\/Logo.png\",\"width\":102,\"height\":18,\"caption\":\"Rimadesio\"},\"image\":{\"@id\":\"https:\/\/www.rimadesio.it\/es\/#\/schema\/logo\/image\/\"}}]}<\/script>\n<!-- \/ Yoast SEO plugin. -->","yoast_head_json":{"title":"Wind librerie | Rimadesio","description":"Scopri il sistema libreria Wind by Rimadesio. Soluzioni dal design contemporaneo, realizzate su misura. Alta qualit\u00e0 Made in Italy.","robots":{"index":"index","follow":"follow","max-snippet":"max-snippet:-1","max-image-preview":"max-image-preview:large","max-video-preview":"max-video-preview:-1"},"canonical":"https:\/\/www.rimadesio.it\/es\/producto\/wind\/","og_locale":"es_ES","og_type":"article","og_title":"Wind librerie | Rimadesio","og_description":"Scopri il sistema libreria Wind by Rimadesio. Soluzioni dal design contemporaneo, realizzate su misura. Alta qualit\u00e0 Made in Italy.","og_url":"https:\/\/www.rimadesio.it\/es\/producto\/wind\/","og_site_name":"Rimadesio","article_modified_time":"2026-04-15T09:34:06+00:00","twitter_card":"summary_large_image","schema":{"@context":"https:\/\/schema.org","@graph":[{"@type":"WebPage","@id":"https:\/\/www.rimadesio.it\/es\/producto\/wind\/","url":"https:\/\/www.rimadesio.it\/es\/producto\/wind\/","name":"Wind librerie | Rimadesio","isPartOf":{"@id":"https:\/\/www.rimadesio.it\/es\/#website"},"datePublished":"2018-08-22T10:33:27+00:00","dateModified":"2026-04-15T09:34:06+00:00","description":"Scopri il sistema libreria Wind by Rimadesio. Soluzioni dal design contemporaneo, realizzate su misura. Alta qualit\u00e0 Made in Italy.","breadcrumb":{"@id":"https:\/\/www.rimadesio.it\/es\/producto\/wind\/#breadcrumb"},"inLanguage":"es-ES","potentialAction":[{"@type":"ReadAction","target":["https:\/\/www.rimadesio.it\/es\/producto\/wind\/"]}]},{"@type":"BreadcrumbList","@id":"https:\/\/www.rimadesio.it\/es\/producto\/wind\/#breadcrumb","itemListElement":[{"@type":"ListItem","position":1,"name":"Homepage","item":"https:\/\/www.rimadesio.it\/es\/"},{"@type":"ListItem","position":2,"name":"Productos","item":"https:\/\/www.rimadesio.it\/es\/producto\/"},{"@type":"ListItem","position":3,"name":"Sistemas d\u00eda","item":"https:\/\/www.rimadesio.it\/es\/product-category\/sistemas-dia\/"},{"@type":"ListItem","position":4,"name":"Librer\u00edas","item":"https:\/\/www.rimadesio.it\/es\/product-category\/sistemas-dia\/librerias\/"},{"@type":"ListItem","position":5,"name":"Wind"}]},{"@type":"WebSite","@id":"https:\/\/www.rimadesio.it\/es\/#website","url":"https:\/\/www.rimadesio.it\/es\/","name":"Rimadesio","description":"Rimadesio official website","publisher":{"@id":"https:\/\/www.rimadesio.it\/es\/#organization"},"potentialAction":[{"@type":"SearchAction","target":{"@type":"EntryPoint","urlTemplate":"https:\/\/www.rimadesio.it\/es\/?s={search_term_string}"},"query-input":"required name=search_term_string"}],"inLanguage":"es-ES"},{"@type":"Organization","@id":"https:\/\/www.rimadesio.it\/es\/#organization","name":"Rimadesio","url":"https:\/\/www.rimadesio.it\/es\/","logo":{"@type":"ImageObject","inLanguage":"es-ES","@id":"https:\/\/www.rimadesio.it\/es\/#\/schema\/logo\/image\/","url":"https:\/\/static.rimadesio.it\/media\/2021\/08\/Logo.png","contentUrl":"https:\/\/static.rimadesio.it\/media\/2021\/08\/Logo.png","width":102,"height":18,"caption":"Rimadesio"},"image":{"@id":"https:\/\/www.rimadesio.it\/es\/#\/schema\/logo\/image\/"}}]}},"_links":{"self":[{"href":"https:\/\/www.rimadesio.it\/es\/wp-json\/wp\/v2\/product\/155209"}],"collection":[{"href":"https:\/\/www.rimadesio.it\/es\/wp-json\/wp\/v2\/product"}],"about":[{"href":"https:\/\/www.rimadesio.it\/es\/wp-json\/wp\/v2\/types\/product"}],"wp:attachment":[{"href":"https:\/\/www.rimadesio.it\/es\/wp-json\/wp\/v2\/media?parent=155209"}],"wp:term":[{"taxonomy":"product_category","embeddable":true,"href":"https:\/\/www.rimadesio.it\/es\/wp-json\/wp\/v2\/product_category?post=155209"}],"curies":[{"name":"wp","href":"https:\/\/api.w.org\/{rel}","templated":true}]}}