{"id":155204,"date":"2022-03-22T10:54:47","date_gmt":"2022-03-22T09:54:47","guid":{"rendered":"https:\/\/www.rimadesio.it\/product\/abacus-living\/"},"modified":"2026-04-15T09:13:47","modified_gmt":"2026-04-15T07:13:47","slug":"abacus-living","status":"publish","type":"product","link":"https:\/\/www.rimadesio.it\/es\/producto\/abacus-living\/","title":{"rendered":"Abacus living"},"content":{"rendered":"<p>Es una nueva concepci\u00f3n del sistema para la zona de d\u00eda. El proyecto est\u00e1 formado por una boiserie de cristal lacado, superficie pura que vive de luz y reflejos, en la que se integran muebles contenedores todos de cristal con cajones y puertas correderas, estantes de un espesor muy fino y vitrinas con puertas abatibles. Las traseras est\u00e1n equipadas con un sistema de iluminaci\u00f3n led en la parte superior e inferior. La amplia selecci\u00f3n de contenedores y accesorios, destinados al \u00e1rea living y al HiFi, permite formular soluciones que encajan a la perfecci\u00f3n con los estilos contempor\u00e1neos, caracterizados por la est\u00e9tica del cristal.<\/p>\n","protected":false},"featured_media":0,"template":"","product_category":[463,600,462],"acf":[],"yoast_head":"<!-- This site is optimized with the Yoast SEO plugin v20.4 - https:\/\/yoast.com\/wordpress\/plugins\/seo\/ -->\n<title>Abacus Living sistema giorno | Rimadesio<\/title>\n<meta name=\"description\" content=\"Es una nueva concepci\u00f3n del sistema para la zona de d\u00eda. El proyecto est\u00e1 formado por una boiserie de cristal lacado, superficie pura que vive de luz y\" \/>\n<meta name=\"robots\" content=\"index, follow, max-snippet:-1, max-image-preview:large, max-video-preview:-1\" \/>\n<link rel=\"canonical\" href=\"https:\/\/www.rimadesio.it\/es\/producto\/abacus-living\/\" \/>\n<meta property=\"og:locale\" content=\"es_ES\" \/>\n<meta property=\"og:type\" content=\"article\" \/>\n<meta property=\"og:title\" content=\"Abacus Living sistema giorno | Rimadesio\" \/>\n<meta property=\"og:description\" content=\"Es una nueva concepci\u00f3n del sistema para la zona de d\u00eda. El proyecto est\u00e1 formado por una boiserie de cristal lacado, superficie pura que vive de luz y\" \/>\n<meta property=\"og:url\" content=\"https:\/\/www.rimadesio.it\/es\/producto\/abacus-living\/\" \/>\n<meta property=\"og:site_name\" content=\"Rimadesio\" \/>\n<meta property=\"article:modified_time\" content=\"2026-04-15T07:13:47+00:00\" \/>\n<meta name=\"twitter:card\" content=\"summary_large_image\" \/>\n<meta name=\"twitter:label1\" content=\"Est. reading time\" \/>\n\t<meta name=\"twitter:data1\" content=\"1 minute\" \/>\n<script type=\"application\/ld+json\" class=\"yoast-schema-graph\">{\"@context\":\"https:\/\/schema.org\",\"@graph\":[{\"@type\":\"WebPage\",\"@id\":\"https:\/\/www.rimadesio.it\/es\/producto\/abacus-living\/\",\"url\":\"https:\/\/www.rimadesio.it\/es\/producto\/abacus-living\/\",\"name\":\"Abacus Living sistema giorno | Rimadesio\",\"isPartOf\":{\"@id\":\"https:\/\/www.rimadesio.it\/es\/#website\"},\"datePublished\":\"2022-03-22T09:54:47+00:00\",\"dateModified\":\"2026-04-15T07:13:47+00:00\",\"description\":\"Es una nueva concepci\u00f3n del sistema para la zona de d\u00eda. El proyecto est\u00e1 formado por una boiserie de cristal lacado, superficie pura que vive de luz y\",\"breadcrumb\":{\"@id\":\"https:\/\/www.rimadesio.it\/es\/producto\/abacus-living\/#breadcrumb\"},\"inLanguage\":\"es-ES\",\"potentialAction\":[{\"@type\":\"ReadAction\",\"target\":[\"https:\/\/www.rimadesio.it\/es\/producto\/abacus-living\/\"]}]},{\"@type\":\"BreadcrumbList\",\"@id\":\"https:\/\/www.rimadesio.it\/es\/producto\/abacus-living\/#breadcrumb\",\"itemListElement\":[{\"@type\":\"ListItem\",\"position\":1,\"name\":\"Homepage\",\"item\":\"https:\/\/www.rimadesio.it\/es\/\"},{\"@type\":\"ListItem\",\"position\":2,\"name\":\"Productos\",\"item\":\"https:\/\/www.rimadesio.it\/es\/producto\/\"},{\"@type\":\"ListItem\",\"position\":3,\"name\":\"Sistemas d\u00eda\",\"item\":\"https:\/\/www.rimadesio.it\/es\/product-category\/sistemas-dia\/\"},{\"@type\":\"ListItem\",\"position\":4,\"name\":\"Muebles modulares\",\"item\":\"https:\/\/www.rimadesio.it\/es\/product-category\/sistemas-dia\/sistemas-modulares\/\"},{\"@type\":\"ListItem\",\"position\":5,\"name\":\"Abacus living\"}]},{\"@type\":\"WebSite\",\"@id\":\"https:\/\/www.rimadesio.it\/es\/#website\",\"url\":\"https:\/\/www.rimadesio.it\/es\/\",\"name\":\"Rimadesio\",\"description\":\"Rimadesio official website\",\"publisher\":{\"@id\":\"https:\/\/www.rimadesio.it\/es\/#organization\"},\"potentialAction\":[{\"@type\":\"SearchAction\",\"target\":{\"@type\":\"EntryPoint\",\"urlTemplate\":\"https:\/\/www.rimadesio.it\/es\/?s={search_term_string}\"},\"query-input\":\"required name=search_term_string\"}],\"inLanguage\":\"es-ES\"},{\"@type\":\"Organization\",\"@id\":\"https:\/\/www.rimadesio.it\/es\/#organization\",\"name\":\"Rimadesio\",\"url\":\"https:\/\/www.rimadesio.it\/es\/\",\"logo\":{\"@type\":\"ImageObject\",\"inLanguage\":\"es-ES\",\"@id\":\"https:\/\/www.rimadesio.it\/es\/#\/schema\/logo\/image\/\",\"url\":\"https:\/\/static.rimadesio.it\/media\/2021\/08\/Logo.png\",\"contentUrl\":\"https:\/\/static.rimadesio.it\/media\/2021\/08\/Logo.png\",\"width\":102,\"height\":18,\"caption\":\"Rimadesio\"},\"image\":{\"@id\":\"https:\/\/www.rimadesio.it\/es\/#\/schema\/logo\/image\/\"}}]}<\/script>\n<!-- \/ Yoast SEO plugin. -->","yoast_head_json":{"title":"Abacus Living sistema giorno | Rimadesio","description":"Es una nueva concepci\u00f3n del sistema para la zona de d\u00eda. El proyecto est\u00e1 formado por una boiserie de cristal lacado, superficie pura que vive de luz y","robots":{"index":"index","follow":"follow","max-snippet":"max-snippet:-1","max-image-preview":"max-image-preview:large","max-video-preview":"max-video-preview:-1"},"canonical":"https:\/\/www.rimadesio.it\/es\/producto\/abacus-living\/","og_locale":"es_ES","og_type":"article","og_title":"Abacus Living sistema giorno | Rimadesio","og_description":"Es una nueva concepci\u00f3n del sistema para la zona de d\u00eda. El proyecto est\u00e1 formado por una boiserie de cristal lacado, superficie pura que vive de luz y","og_url":"https:\/\/www.rimadesio.it\/es\/producto\/abacus-living\/","og_site_name":"Rimadesio","article_modified_time":"2026-04-15T07:13:47+00:00","twitter_card":"summary_large_image","twitter_misc":{"Est. reading time":"1 minute"},"schema":{"@context":"https:\/\/schema.org","@graph":[{"@type":"WebPage","@id":"https:\/\/www.rimadesio.it\/es\/producto\/abacus-living\/","url":"https:\/\/www.rimadesio.it\/es\/producto\/abacus-living\/","name":"Abacus Living sistema giorno | Rimadesio","isPartOf":{"@id":"https:\/\/www.rimadesio.it\/es\/#website"},"datePublished":"2022-03-22T09:54:47+00:00","dateModified":"2026-04-15T07:13:47+00:00","description":"Es una nueva concepci\u00f3n del sistema para la zona de d\u00eda. El proyecto est\u00e1 formado por una boiserie de cristal lacado, superficie pura que vive de luz y","breadcrumb":{"@id":"https:\/\/www.rimadesio.it\/es\/producto\/abacus-living\/#breadcrumb"},"inLanguage":"es-ES","potentialAction":[{"@type":"ReadAction","target":["https:\/\/www.rimadesio.it\/es\/producto\/abacus-living\/"]}]},{"@type":"BreadcrumbList","@id":"https:\/\/www.rimadesio.it\/es\/producto\/abacus-living\/#breadcrumb","itemListElement":[{"@type":"ListItem","position":1,"name":"Homepage","item":"https:\/\/www.rimadesio.it\/es\/"},{"@type":"ListItem","position":2,"name":"Productos","item":"https:\/\/www.rimadesio.it\/es\/producto\/"},{"@type":"ListItem","position":3,"name":"Sistemas d\u00eda","item":"https:\/\/www.rimadesio.it\/es\/product-category\/sistemas-dia\/"},{"@type":"ListItem","position":4,"name":"Muebles modulares","item":"https:\/\/www.rimadesio.it\/es\/product-category\/sistemas-dia\/sistemas-modulares\/"},{"@type":"ListItem","position":5,"name":"Abacus living"}]},{"@type":"WebSite","@id":"https:\/\/www.rimadesio.it\/es\/#website","url":"https:\/\/www.rimadesio.it\/es\/","name":"Rimadesio","description":"Rimadesio official website","publisher":{"@id":"https:\/\/www.rimadesio.it\/es\/#organization"},"potentialAction":[{"@type":"SearchAction","target":{"@type":"EntryPoint","urlTemplate":"https:\/\/www.rimadesio.it\/es\/?s={search_term_string}"},"query-input":"required name=search_term_string"}],"inLanguage":"es-ES"},{"@type":"Organization","@id":"https:\/\/www.rimadesio.it\/es\/#organization","name":"Rimadesio","url":"https:\/\/www.rimadesio.it\/es\/","logo":{"@type":"ImageObject","inLanguage":"es-ES","@id":"https:\/\/www.rimadesio.it\/es\/#\/schema\/logo\/image\/","url":"https:\/\/static.rimadesio.it\/media\/2021\/08\/Logo.png","contentUrl":"https:\/\/static.rimadesio.it\/media\/2021\/08\/Logo.png","width":102,"height":18,"caption":"Rimadesio"},"image":{"@id":"https:\/\/www.rimadesio.it\/es\/#\/schema\/logo\/image\/"}}]}},"_links":{"self":[{"href":"https:\/\/www.rimadesio.it\/es\/wp-json\/wp\/v2\/product\/155204"}],"collection":[{"href":"https:\/\/www.rimadesio.it\/es\/wp-json\/wp\/v2\/product"}],"about":[{"href":"https:\/\/www.rimadesio.it\/es\/wp-json\/wp\/v2\/types\/product"}],"wp:attachment":[{"href":"https:\/\/www.rimadesio.it\/es\/wp-json\/wp\/v2\/media?parent=155204"}],"wp:term":[{"taxonomy":"product_category","embeddable":true,"href":"https:\/\/www.rimadesio.it\/es\/wp-json\/wp\/v2\/product_category?post=155204"}],"curies":[{"name":"wp","href":"https:\/\/api.w.org\/{rel}","templated":true}]}}