{"id":142781,"date":"2021-11-29T17:44:58","date_gmt":"2021-11-29T16:44:58","guid":{"rendered":"https:\/\/www.rimadesio.it\/product\/interior-three-2\/"},"modified":"2022-03-22T10:48:42","modified_gmt":"2022-03-22T09:48:42","slug":"interior-three","status":"publish","type":"product","link":"https:\/\/www.rimadesio.it\/es\/producto\/interior-three\/","title":{"rendered":"Interior three"},"content":{"rendered":"<p>Un ambiente de noche en el cual Modulor, aqu\u00ed en el acabado noce sahara, expresa todas sus cualidades. Con su presencia escenogr\u00e1fica importante, y al mismo tiempo discreta, el sistema boiserie se adapta naturalmente a un espacio complejo, transform\u00e1ndose, si es necesario, en puerta o hueco de ventana, o revelando huecos equipados para el almacenaje.<\/p>\n","protected":false},"featured_media":0,"template":"","product_category":[451],"acf":[],"yoast_head":"<!-- This site is optimized with the Yoast SEO plugin v20.4 - https:\/\/yoast.com\/wordpress\/plugins\/seo\/ -->\n<title>Interior three - Rimadesio<\/title>\n<meta name=\"description\" content=\"Un ambiente de noche en el cual Modulor, aqu\u00ed en el acabado noce sahara, expresa todas sus cualidades. Con su presencia escenogr\u00e1fica importante, y al\" \/>\n<meta name=\"robots\" content=\"index, follow, max-snippet:-1, max-image-preview:large, max-video-preview:-1\" \/>\n<link rel=\"canonical\" href=\"https:\/\/www.rimadesio.it\/es\/producto\/interior-three\/\" \/>\n<meta property=\"og:locale\" content=\"es_ES\" \/>\n<meta property=\"og:type\" content=\"article\" \/>\n<meta property=\"og:title\" content=\"Interior three - Rimadesio\" \/>\n<meta property=\"og:description\" content=\"Un ambiente de noche en el cual Modulor, aqu\u00ed en el acabado noce sahara, expresa todas sus cualidades. Con su presencia escenogr\u00e1fica importante, y al\" \/>\n<meta property=\"og:url\" content=\"https:\/\/www.rimadesio.it\/es\/producto\/interior-three\/\" \/>\n<meta property=\"og:site_name\" content=\"Rimadesio\" \/>\n<meta property=\"article:modified_time\" content=\"2022-03-22T09:48:42+00:00\" \/>\n<meta name=\"twitter:card\" content=\"summary_large_image\" \/>\n<script type=\"application\/ld+json\" class=\"yoast-schema-graph\">{\"@context\":\"https:\/\/schema.org\",\"@graph\":[{\"@type\":\"WebPage\",\"@id\":\"https:\/\/www.rimadesio.it\/es\/producto\/interior-three\/\",\"url\":\"https:\/\/www.rimadesio.it\/es\/producto\/interior-three\/\",\"name\":\"Interior three - Rimadesio\",\"isPartOf\":{\"@id\":\"https:\/\/www.rimadesio.it\/es\/#website\"},\"datePublished\":\"2021-11-29T16:44:58+00:00\",\"dateModified\":\"2022-03-22T09:48:42+00:00\",\"description\":\"Un ambiente de noche en el cual Modulor, aqu\u00ed en el acabado noce sahara, expresa todas sus cualidades. Con su presencia escenogr\u00e1fica importante, y al\",\"breadcrumb\":{\"@id\":\"https:\/\/www.rimadesio.it\/es\/producto\/interior-three\/#breadcrumb\"},\"inLanguage\":\"es-ES\",\"potentialAction\":[{\"@type\":\"ReadAction\",\"target\":[\"https:\/\/www.rimadesio.it\/es\/producto\/interior-three\/\"]}]},{\"@type\":\"BreadcrumbList\",\"@id\":\"https:\/\/www.rimadesio.it\/es\/producto\/interior-three\/#breadcrumb\",\"itemListElement\":[{\"@type\":\"ListItem\",\"position\":1,\"name\":\"Homepage\",\"item\":\"https:\/\/www.rimadesio.it\/es\/\"},{\"@type\":\"ListItem\",\"position\":2,\"name\":\"Productos\",\"item\":\"https:\/\/www.rimadesio.it\/es\/producto\/\"},{\"@type\":\"ListItem\",\"position\":3,\"name\":\"New interiors\",\"item\":\"https:\/\/www.rimadesio.it\/es\/product-category\/new-interiors-es\/\"},{\"@type\":\"ListItem\",\"position\":4,\"name\":\"Interior three\"}]},{\"@type\":\"WebSite\",\"@id\":\"https:\/\/www.rimadesio.it\/es\/#website\",\"url\":\"https:\/\/www.rimadesio.it\/es\/\",\"name\":\"Rimadesio\",\"description\":\"Rimadesio official website\",\"publisher\":{\"@id\":\"https:\/\/www.rimadesio.it\/es\/#organization\"},\"potentialAction\":[{\"@type\":\"SearchAction\",\"target\":{\"@type\":\"EntryPoint\",\"urlTemplate\":\"https:\/\/www.rimadesio.it\/es\/?s={search_term_string}\"},\"query-input\":\"required name=search_term_string\"}],\"inLanguage\":\"es-ES\"},{\"@type\":\"Organization\",\"@id\":\"https:\/\/www.rimadesio.it\/es\/#organization\",\"name\":\"Rimadesio\",\"url\":\"https:\/\/www.rimadesio.it\/es\/\",\"logo\":{\"@type\":\"ImageObject\",\"inLanguage\":\"es-ES\",\"@id\":\"https:\/\/www.rimadesio.it\/es\/#\/schema\/logo\/image\/\",\"url\":\"https:\/\/static.rimadesio.it\/media\/2021\/08\/Logo.png\",\"contentUrl\":\"https:\/\/static.rimadesio.it\/media\/2021\/08\/Logo.png\",\"width\":102,\"height\":18,\"caption\":\"Rimadesio\"},\"image\":{\"@id\":\"https:\/\/www.rimadesio.it\/es\/#\/schema\/logo\/image\/\"}}]}<\/script>\n<!-- \/ Yoast SEO plugin. -->","yoast_head_json":{"title":"Interior three - Rimadesio","description":"Un ambiente de noche en el cual Modulor, aqu\u00ed en el acabado noce sahara, expresa todas sus cualidades. Con su presencia escenogr\u00e1fica importante, y al","robots":{"index":"index","follow":"follow","max-snippet":"max-snippet:-1","max-image-preview":"max-image-preview:large","max-video-preview":"max-video-preview:-1"},"canonical":"https:\/\/www.rimadesio.it\/es\/producto\/interior-three\/","og_locale":"es_ES","og_type":"article","og_title":"Interior three - Rimadesio","og_description":"Un ambiente de noche en el cual Modulor, aqu\u00ed en el acabado noce sahara, expresa todas sus cualidades. Con su presencia escenogr\u00e1fica importante, y al","og_url":"https:\/\/www.rimadesio.it\/es\/producto\/interior-three\/","og_site_name":"Rimadesio","article_modified_time":"2022-03-22T09:48:42+00:00","twitter_card":"summary_large_image","schema":{"@context":"https:\/\/schema.org","@graph":[{"@type":"WebPage","@id":"https:\/\/www.rimadesio.it\/es\/producto\/interior-three\/","url":"https:\/\/www.rimadesio.it\/es\/producto\/interior-three\/","name":"Interior three - Rimadesio","isPartOf":{"@id":"https:\/\/www.rimadesio.it\/es\/#website"},"datePublished":"2021-11-29T16:44:58+00:00","dateModified":"2022-03-22T09:48:42+00:00","description":"Un ambiente de noche en el cual Modulor, aqu\u00ed en el acabado noce sahara, expresa todas sus cualidades. Con su presencia escenogr\u00e1fica importante, y al","breadcrumb":{"@id":"https:\/\/www.rimadesio.it\/es\/producto\/interior-three\/#breadcrumb"},"inLanguage":"es-ES","potentialAction":[{"@type":"ReadAction","target":["https:\/\/www.rimadesio.it\/es\/producto\/interior-three\/"]}]},{"@type":"BreadcrumbList","@id":"https:\/\/www.rimadesio.it\/es\/producto\/interior-three\/#breadcrumb","itemListElement":[{"@type":"ListItem","position":1,"name":"Homepage","item":"https:\/\/www.rimadesio.it\/es\/"},{"@type":"ListItem","position":2,"name":"Productos","item":"https:\/\/www.rimadesio.it\/es\/producto\/"},{"@type":"ListItem","position":3,"name":"New interiors","item":"https:\/\/www.rimadesio.it\/es\/product-category\/new-interiors-es\/"},{"@type":"ListItem","position":4,"name":"Interior three"}]},{"@type":"WebSite","@id":"https:\/\/www.rimadesio.it\/es\/#website","url":"https:\/\/www.rimadesio.it\/es\/","name":"Rimadesio","description":"Rimadesio official website","publisher":{"@id":"https:\/\/www.rimadesio.it\/es\/#organization"},"potentialAction":[{"@type":"SearchAction","target":{"@type":"EntryPoint","urlTemplate":"https:\/\/www.rimadesio.it\/es\/?s={search_term_string}"},"query-input":"required name=search_term_string"}],"inLanguage":"es-ES"},{"@type":"Organization","@id":"https:\/\/www.rimadesio.it\/es\/#organization","name":"Rimadesio","url":"https:\/\/www.rimadesio.it\/es\/","logo":{"@type":"ImageObject","inLanguage":"es-ES","@id":"https:\/\/www.rimadesio.it\/es\/#\/schema\/logo\/image\/","url":"https:\/\/static.rimadesio.it\/media\/2021\/08\/Logo.png","contentUrl":"https:\/\/static.rimadesio.it\/media\/2021\/08\/Logo.png","width":102,"height":18,"caption":"Rimadesio"},"image":{"@id":"https:\/\/www.rimadesio.it\/es\/#\/schema\/logo\/image\/"}}]}},"_links":{"self":[{"href":"https:\/\/www.rimadesio.it\/es\/wp-json\/wp\/v2\/product\/142781"}],"collection":[{"href":"https:\/\/www.rimadesio.it\/es\/wp-json\/wp\/v2\/product"}],"about":[{"href":"https:\/\/www.rimadesio.it\/es\/wp-json\/wp\/v2\/types\/product"}],"wp:attachment":[{"href":"https:\/\/www.rimadesio.it\/es\/wp-json\/wp\/v2\/media?parent=142781"}],"wp:term":[{"taxonomy":"product_category","embeddable":true,"href":"https:\/\/www.rimadesio.it\/es\/wp-json\/wp\/v2\/product_category?post=142781"}],"curies":[{"name":"wp","href":"https:\/\/api.w.org\/{rel}","templated":true}]}}