{"id":142772,"date":"2021-11-29T15:25:17","date_gmt":"2021-11-29T14:25:17","guid":{"rendered":"https:\/\/www.rimadesio.it\/product\/interior-four-2\/"},"modified":"2022-03-22T10:48:38","modified_gmt":"2022-03-22T09:48:38","slug":"interior-four","status":"publish","type":"product","link":"https:\/\/www.rimadesio.it\/es\/producto\/interior-four\/","title":{"rendered":"Interior four"},"content":{"rendered":"<p>Una est\u00e9tica in\u00e9dita para el ambiente de noche. De hecho, el cristal en el nuevo acabado diamante bronzo, es el que caracteriza todas las paredes del ambiente, propuestas con Modulor en armario, puerta o simple boiserie. Como elemento de discontinuidad de la pared armario se presenta Vanity, el in\u00e9dito hueco equipado dise\u00f1ado como un pr\u00e1ctico y valioso rinc\u00f3n privado.<\/p>\n","protected":false},"featured_media":0,"template":"","product_category":[451],"acf":[],"yoast_head":"<!-- This site is optimized with the Yoast SEO plugin v20.4 - https:\/\/yoast.com\/wordpress\/plugins\/seo\/ -->\n<title>New Interiors 4 | novit\u00e0 collezione Rimadesio<\/title>\n<meta name=\"description\" content=\"Una est\u00e9tica in\u00e9dita para el ambiente de noche. De hecho, el cristal en el nuevo acabado diamante bronzo, es el que caracteriza todas las paredes del\" \/>\n<meta name=\"robots\" content=\"index, follow, max-snippet:-1, max-image-preview:large, max-video-preview:-1\" \/>\n<link rel=\"canonical\" href=\"https:\/\/www.rimadesio.it\/es\/producto\/interior-four\/\" \/>\n<meta property=\"og:locale\" content=\"es_ES\" \/>\n<meta property=\"og:type\" content=\"article\" \/>\n<meta property=\"og:title\" content=\"New Interiors 4 | novit\u00e0 collezione Rimadesio\" \/>\n<meta property=\"og:description\" content=\"Una est\u00e9tica in\u00e9dita para el ambiente de noche. De hecho, el cristal en el nuevo acabado diamante bronzo, es el que caracteriza todas las paredes del\" \/>\n<meta property=\"og:url\" content=\"https:\/\/www.rimadesio.it\/es\/producto\/interior-four\/\" \/>\n<meta property=\"og:site_name\" content=\"Rimadesio\" \/>\n<meta property=\"article:modified_time\" content=\"2022-03-22T09:48:38+00:00\" \/>\n<meta name=\"twitter:card\" content=\"summary_large_image\" \/>\n<script type=\"application\/ld+json\" class=\"yoast-schema-graph\">{\"@context\":\"https:\/\/schema.org\",\"@graph\":[{\"@type\":\"WebPage\",\"@id\":\"https:\/\/www.rimadesio.it\/es\/producto\/interior-four\/\",\"url\":\"https:\/\/www.rimadesio.it\/es\/producto\/interior-four\/\",\"name\":\"New Interiors 4 | novit\u00e0 collezione Rimadesio\",\"isPartOf\":{\"@id\":\"https:\/\/www.rimadesio.it\/es\/#website\"},\"datePublished\":\"2021-11-29T14:25:17+00:00\",\"dateModified\":\"2022-03-22T09:48:38+00:00\",\"description\":\"Una est\u00e9tica in\u00e9dita para el ambiente de noche. De hecho, el cristal en el nuevo acabado diamante bronzo, es el que caracteriza todas las paredes del\",\"breadcrumb\":{\"@id\":\"https:\/\/www.rimadesio.it\/es\/producto\/interior-four\/#breadcrumb\"},\"inLanguage\":\"es-ES\",\"potentialAction\":[{\"@type\":\"ReadAction\",\"target\":[\"https:\/\/www.rimadesio.it\/es\/producto\/interior-four\/\"]}]},{\"@type\":\"BreadcrumbList\",\"@id\":\"https:\/\/www.rimadesio.it\/es\/producto\/interior-four\/#breadcrumb\",\"itemListElement\":[{\"@type\":\"ListItem\",\"position\":1,\"name\":\"Homepage\",\"item\":\"https:\/\/www.rimadesio.it\/es\/\"},{\"@type\":\"ListItem\",\"position\":2,\"name\":\"Productos\",\"item\":\"https:\/\/www.rimadesio.it\/es\/producto\/\"},{\"@type\":\"ListItem\",\"position\":3,\"name\":\"New interiors\",\"item\":\"https:\/\/www.rimadesio.it\/es\/product-category\/new-interiors-es\/\"},{\"@type\":\"ListItem\",\"position\":4,\"name\":\"Interior four\"}]},{\"@type\":\"WebSite\",\"@id\":\"https:\/\/www.rimadesio.it\/es\/#website\",\"url\":\"https:\/\/www.rimadesio.it\/es\/\",\"name\":\"Rimadesio\",\"description\":\"Rimadesio official website\",\"publisher\":{\"@id\":\"https:\/\/www.rimadesio.it\/es\/#organization\"},\"potentialAction\":[{\"@type\":\"SearchAction\",\"target\":{\"@type\":\"EntryPoint\",\"urlTemplate\":\"https:\/\/www.rimadesio.it\/es\/?s={search_term_string}\"},\"query-input\":\"required name=search_term_string\"}],\"inLanguage\":\"es-ES\"},{\"@type\":\"Organization\",\"@id\":\"https:\/\/www.rimadesio.it\/es\/#organization\",\"name\":\"Rimadesio\",\"url\":\"https:\/\/www.rimadesio.it\/es\/\",\"logo\":{\"@type\":\"ImageObject\",\"inLanguage\":\"es-ES\",\"@id\":\"https:\/\/www.rimadesio.it\/es\/#\/schema\/logo\/image\/\",\"url\":\"https:\/\/static.rimadesio.it\/media\/2021\/08\/Logo.png\",\"contentUrl\":\"https:\/\/static.rimadesio.it\/media\/2021\/08\/Logo.png\",\"width\":102,\"height\":18,\"caption\":\"Rimadesio\"},\"image\":{\"@id\":\"https:\/\/www.rimadesio.it\/es\/#\/schema\/logo\/image\/\"}}]}<\/script>\n<!-- \/ Yoast SEO plugin. -->","yoast_head_json":{"title":"New Interiors 4 | novit\u00e0 collezione Rimadesio","description":"Una est\u00e9tica in\u00e9dita para el ambiente de noche. De hecho, el cristal en el nuevo acabado diamante bronzo, es el que caracteriza todas las paredes del","robots":{"index":"index","follow":"follow","max-snippet":"max-snippet:-1","max-image-preview":"max-image-preview:large","max-video-preview":"max-video-preview:-1"},"canonical":"https:\/\/www.rimadesio.it\/es\/producto\/interior-four\/","og_locale":"es_ES","og_type":"article","og_title":"New Interiors 4 | novit\u00e0 collezione Rimadesio","og_description":"Una est\u00e9tica in\u00e9dita para el ambiente de noche. De hecho, el cristal en el nuevo acabado diamante bronzo, es el que caracteriza todas las paredes del","og_url":"https:\/\/www.rimadesio.it\/es\/producto\/interior-four\/","og_site_name":"Rimadesio","article_modified_time":"2022-03-22T09:48:38+00:00","twitter_card":"summary_large_image","schema":{"@context":"https:\/\/schema.org","@graph":[{"@type":"WebPage","@id":"https:\/\/www.rimadesio.it\/es\/producto\/interior-four\/","url":"https:\/\/www.rimadesio.it\/es\/producto\/interior-four\/","name":"New Interiors 4 | novit\u00e0 collezione Rimadesio","isPartOf":{"@id":"https:\/\/www.rimadesio.it\/es\/#website"},"datePublished":"2021-11-29T14:25:17+00:00","dateModified":"2022-03-22T09:48:38+00:00","description":"Una est\u00e9tica in\u00e9dita para el ambiente de noche. De hecho, el cristal en el nuevo acabado diamante bronzo, es el que caracteriza todas las paredes del","breadcrumb":{"@id":"https:\/\/www.rimadesio.it\/es\/producto\/interior-four\/#breadcrumb"},"inLanguage":"es-ES","potentialAction":[{"@type":"ReadAction","target":["https:\/\/www.rimadesio.it\/es\/producto\/interior-four\/"]}]},{"@type":"BreadcrumbList","@id":"https:\/\/www.rimadesio.it\/es\/producto\/interior-four\/#breadcrumb","itemListElement":[{"@type":"ListItem","position":1,"name":"Homepage","item":"https:\/\/www.rimadesio.it\/es\/"},{"@type":"ListItem","position":2,"name":"Productos","item":"https:\/\/www.rimadesio.it\/es\/producto\/"},{"@type":"ListItem","position":3,"name":"New interiors","item":"https:\/\/www.rimadesio.it\/es\/product-category\/new-interiors-es\/"},{"@type":"ListItem","position":4,"name":"Interior four"}]},{"@type":"WebSite","@id":"https:\/\/www.rimadesio.it\/es\/#website","url":"https:\/\/www.rimadesio.it\/es\/","name":"Rimadesio","description":"Rimadesio official website","publisher":{"@id":"https:\/\/www.rimadesio.it\/es\/#organization"},"potentialAction":[{"@type":"SearchAction","target":{"@type":"EntryPoint","urlTemplate":"https:\/\/www.rimadesio.it\/es\/?s={search_term_string}"},"query-input":"required name=search_term_string"}],"inLanguage":"es-ES"},{"@type":"Organization","@id":"https:\/\/www.rimadesio.it\/es\/#organization","name":"Rimadesio","url":"https:\/\/www.rimadesio.it\/es\/","logo":{"@type":"ImageObject","inLanguage":"es-ES","@id":"https:\/\/www.rimadesio.it\/es\/#\/schema\/logo\/image\/","url":"https:\/\/static.rimadesio.it\/media\/2021\/08\/Logo.png","contentUrl":"https:\/\/static.rimadesio.it\/media\/2021\/08\/Logo.png","width":102,"height":18,"caption":"Rimadesio"},"image":{"@id":"https:\/\/www.rimadesio.it\/es\/#\/schema\/logo\/image\/"}}]}},"_links":{"self":[{"href":"https:\/\/www.rimadesio.it\/es\/wp-json\/wp\/v2\/product\/142772"}],"collection":[{"href":"https:\/\/www.rimadesio.it\/es\/wp-json\/wp\/v2\/product"}],"about":[{"href":"https:\/\/www.rimadesio.it\/es\/wp-json\/wp\/v2\/types\/product"}],"wp:attachment":[{"href":"https:\/\/www.rimadesio.it\/es\/wp-json\/wp\/v2\/media?parent=142772"}],"wp:term":[{"taxonomy":"product_category","embeddable":true,"href":"https:\/\/www.rimadesio.it\/es\/wp-json\/wp\/v2\/product_category?post=142772"}],"curies":[{"name":"wp","href":"https:\/\/api.w.org\/{rel}","templated":true}]}}