{"id":142766,"date":"2021-11-29T14:59:17","date_gmt":"2021-11-29T13:59:17","guid":{"rendered":"https:\/\/www.rimadesio.it\/product\/zen-frame-2\/"},"modified":"2026-04-15T16:43:53","modified_gmt":"2026-04-15T14:43:53","slug":"zen-frame","status":"publish","type":"product","link":"https:\/\/www.rimadesio.it\/es\/producto\/zen-frame\/","title":{"rendered":"Zen frame"},"content":{"rendered":"<div class=\"page\" title=\"Page 80\">\n<div class=\"layoutArea\">\n<div class=\"column\">\n<p>Disponible en la versi\u00f3n batiente y corredera, Zen se caracteriza por el la esencialidad del dise\u00f1o del marco. La versi\u00f3n batiente tambi\u00e9n permite la posibilidad de instalaci\u00f3n con direcci\u00f3n de apertura a tirar o empujar. Siempre a medida, Zen es capaz de integrarse perfectamente con la arquitectura de las habitaciones, creando soluciones \u201ca toda altura\u201d de gran originalidad. Zen Frame se distingue del Zen por la simplicidad de montaje de las diferentes jambas ajustables.<\/p>\n<\/div>\n<\/div>\n<\/div>\n","protected":false},"featured_media":0,"template":"","product_category":[454,452,458],"acf":[],"yoast_head":"<!-- This site is optimized with the Yoast SEO plugin v20.4 - https:\/\/yoast.com\/wordpress\/plugins\/seo\/ -->\n<title>Zen frame - Rimadesio<\/title>\n<meta name=\"description\" content=\"Disponible en la versi\u00f3n batiente y corredera, Zen se caracteriza por el la esencialidad del dise\u00f1o del marco. La versi\u00f3n batiente tambi\u00e9n permite la\" \/>\n<meta name=\"robots\" content=\"index, follow, max-snippet:-1, max-image-preview:large, max-video-preview:-1\" \/>\n<link rel=\"canonical\" href=\"https:\/\/www.rimadesio.it\/es\/producto\/zen-frame\/\" \/>\n<meta property=\"og:locale\" content=\"es_ES\" \/>\n<meta property=\"og:type\" content=\"article\" \/>\n<meta property=\"og:title\" content=\"Zen frame - Rimadesio\" \/>\n<meta property=\"og:description\" content=\"Disponible en la versi\u00f3n batiente y corredera, Zen se caracteriza por el la esencialidad del dise\u00f1o del marco. La versi\u00f3n batiente tambi\u00e9n permite la\" \/>\n<meta property=\"og:url\" content=\"https:\/\/www.rimadesio.it\/es\/producto\/zen-frame\/\" \/>\n<meta property=\"og:site_name\" content=\"Rimadesio\" \/>\n<meta property=\"article:modified_time\" content=\"2026-04-15T14:43:53+00:00\" \/>\n<meta name=\"twitter:card\" content=\"summary_large_image\" \/>\n<script type=\"application\/ld+json\" class=\"yoast-schema-graph\">{\"@context\":\"https:\/\/schema.org\",\"@graph\":[{\"@type\":\"WebPage\",\"@id\":\"https:\/\/www.rimadesio.it\/es\/producto\/zen-frame\/\",\"url\":\"https:\/\/www.rimadesio.it\/es\/producto\/zen-frame\/\",\"name\":\"Zen frame - Rimadesio\",\"isPartOf\":{\"@id\":\"https:\/\/www.rimadesio.it\/es\/#website\"},\"datePublished\":\"2021-11-29T13:59:17+00:00\",\"dateModified\":\"2026-04-15T14:43:53+00:00\",\"description\":\"Disponible en la versi\u00f3n batiente y corredera, Zen se caracteriza por el la esencialidad del dise\u00f1o del marco. La versi\u00f3n batiente tambi\u00e9n permite la\",\"breadcrumb\":{\"@id\":\"https:\/\/www.rimadesio.it\/es\/producto\/zen-frame\/#breadcrumb\"},\"inLanguage\":\"es-ES\",\"potentialAction\":[{\"@type\":\"ReadAction\",\"target\":[\"https:\/\/www.rimadesio.it\/es\/producto\/zen-frame\/\"]}]},{\"@type\":\"BreadcrumbList\",\"@id\":\"https:\/\/www.rimadesio.it\/es\/producto\/zen-frame\/#breadcrumb\",\"itemListElement\":[{\"@type\":\"ListItem\",\"position\":1,\"name\":\"Homepage\",\"item\":\"https:\/\/www.rimadesio.it\/es\/\"},{\"@type\":\"ListItem\",\"position\":2,\"name\":\"Productos\",\"item\":\"https:\/\/www.rimadesio.it\/es\/producto\/\"},{\"@type\":\"ListItem\",\"position\":3,\"name\":\"Puertas\",\"item\":\"https:\/\/www.rimadesio.it\/es\/product-category\/puertas\/\"},{\"@type\":\"ListItem\",\"position\":4,\"name\":\"Zen frame\"}]},{\"@type\":\"WebSite\",\"@id\":\"https:\/\/www.rimadesio.it\/es\/#website\",\"url\":\"https:\/\/www.rimadesio.it\/es\/\",\"name\":\"Rimadesio\",\"description\":\"Rimadesio official website\",\"publisher\":{\"@id\":\"https:\/\/www.rimadesio.it\/es\/#organization\"},\"potentialAction\":[{\"@type\":\"SearchAction\",\"target\":{\"@type\":\"EntryPoint\",\"urlTemplate\":\"https:\/\/www.rimadesio.it\/es\/?s={search_term_string}\"},\"query-input\":\"required name=search_term_string\"}],\"inLanguage\":\"es-ES\"},{\"@type\":\"Organization\",\"@id\":\"https:\/\/www.rimadesio.it\/es\/#organization\",\"name\":\"Rimadesio\",\"url\":\"https:\/\/www.rimadesio.it\/es\/\",\"logo\":{\"@type\":\"ImageObject\",\"inLanguage\":\"es-ES\",\"@id\":\"https:\/\/www.rimadesio.it\/es\/#\/schema\/logo\/image\/\",\"url\":\"https:\/\/static.rimadesio.it\/media\/2021\/08\/Logo.png\",\"contentUrl\":\"https:\/\/static.rimadesio.it\/media\/2021\/08\/Logo.png\",\"width\":102,\"height\":18,\"caption\":\"Rimadesio\"},\"image\":{\"@id\":\"https:\/\/www.rimadesio.it\/es\/#\/schema\/logo\/image\/\"}}]}<\/script>\n<!-- \/ Yoast SEO plugin. -->","yoast_head_json":{"title":"Zen frame - Rimadesio","description":"Disponible en la versi\u00f3n batiente y corredera, Zen se caracteriza por el la esencialidad del dise\u00f1o del marco. La versi\u00f3n batiente tambi\u00e9n permite la","robots":{"index":"index","follow":"follow","max-snippet":"max-snippet:-1","max-image-preview":"max-image-preview:large","max-video-preview":"max-video-preview:-1"},"canonical":"https:\/\/www.rimadesio.it\/es\/producto\/zen-frame\/","og_locale":"es_ES","og_type":"article","og_title":"Zen frame - Rimadesio","og_description":"Disponible en la versi\u00f3n batiente y corredera, Zen se caracteriza por el la esencialidad del dise\u00f1o del marco. La versi\u00f3n batiente tambi\u00e9n permite la","og_url":"https:\/\/www.rimadesio.it\/es\/producto\/zen-frame\/","og_site_name":"Rimadesio","article_modified_time":"2026-04-15T14:43:53+00:00","twitter_card":"summary_large_image","schema":{"@context":"https:\/\/schema.org","@graph":[{"@type":"WebPage","@id":"https:\/\/www.rimadesio.it\/es\/producto\/zen-frame\/","url":"https:\/\/www.rimadesio.it\/es\/producto\/zen-frame\/","name":"Zen frame - Rimadesio","isPartOf":{"@id":"https:\/\/www.rimadesio.it\/es\/#website"},"datePublished":"2021-11-29T13:59:17+00:00","dateModified":"2026-04-15T14:43:53+00:00","description":"Disponible en la versi\u00f3n batiente y corredera, Zen se caracteriza por el la esencialidad del dise\u00f1o del marco. La versi\u00f3n batiente tambi\u00e9n permite la","breadcrumb":{"@id":"https:\/\/www.rimadesio.it\/es\/producto\/zen-frame\/#breadcrumb"},"inLanguage":"es-ES","potentialAction":[{"@type":"ReadAction","target":["https:\/\/www.rimadesio.it\/es\/producto\/zen-frame\/"]}]},{"@type":"BreadcrumbList","@id":"https:\/\/www.rimadesio.it\/es\/producto\/zen-frame\/#breadcrumb","itemListElement":[{"@type":"ListItem","position":1,"name":"Homepage","item":"https:\/\/www.rimadesio.it\/es\/"},{"@type":"ListItem","position":2,"name":"Productos","item":"https:\/\/www.rimadesio.it\/es\/producto\/"},{"@type":"ListItem","position":3,"name":"Puertas","item":"https:\/\/www.rimadesio.it\/es\/product-category\/puertas\/"},{"@type":"ListItem","position":4,"name":"Zen frame"}]},{"@type":"WebSite","@id":"https:\/\/www.rimadesio.it\/es\/#website","url":"https:\/\/www.rimadesio.it\/es\/","name":"Rimadesio","description":"Rimadesio official website","publisher":{"@id":"https:\/\/www.rimadesio.it\/es\/#organization"},"potentialAction":[{"@type":"SearchAction","target":{"@type":"EntryPoint","urlTemplate":"https:\/\/www.rimadesio.it\/es\/?s={search_term_string}"},"query-input":"required name=search_term_string"}],"inLanguage":"es-ES"},{"@type":"Organization","@id":"https:\/\/www.rimadesio.it\/es\/#organization","name":"Rimadesio","url":"https:\/\/www.rimadesio.it\/es\/","logo":{"@type":"ImageObject","inLanguage":"es-ES","@id":"https:\/\/www.rimadesio.it\/es\/#\/schema\/logo\/image\/","url":"https:\/\/static.rimadesio.it\/media\/2021\/08\/Logo.png","contentUrl":"https:\/\/static.rimadesio.it\/media\/2021\/08\/Logo.png","width":102,"height":18,"caption":"Rimadesio"},"image":{"@id":"https:\/\/www.rimadesio.it\/es\/#\/schema\/logo\/image\/"}}]}},"_links":{"self":[{"href":"https:\/\/www.rimadesio.it\/es\/wp-json\/wp\/v2\/product\/142766"}],"collection":[{"href":"https:\/\/www.rimadesio.it\/es\/wp-json\/wp\/v2\/product"}],"about":[{"href":"https:\/\/www.rimadesio.it\/es\/wp-json\/wp\/v2\/types\/product"}],"wp:attachment":[{"href":"https:\/\/www.rimadesio.it\/es\/wp-json\/wp\/v2\/media?parent=142766"}],"wp:term":[{"taxonomy":"product_category","embeddable":true,"href":"https:\/\/www.rimadesio.it\/es\/wp-json\/wp\/v2\/product_category?post=142766"}],"curies":[{"name":"wp","href":"https:\/\/api.w.org\/{rel}","templated":true}]}}