{"id":142553,"date":"2021-10-08T12:18:58","date_gmt":"2021-10-08T10:18:58","guid":{"rendered":"https:\/\/www.rimadesio.it\/product\/francis-2\/"},"modified":"2026-04-16T09:43:02","modified_gmt":"2026-04-16T07:43:02","slug":"francis","status":"publish","type":"product","link":"https:\/\/www.rimadesio.it\/es\/producto\/francis\/","title":{"rendered":"Francis"},"content":{"rendered":"<p>Francis se caracteriza por su dise\u00f1o esencial y riguroso, resultado de una interpretaci\u00f3n contempor\u00e1nea de las antiguas mesas de comedor. Un equilibrio de formas y proporciones, concebido para integrarse en todos los espacios dom\u00e9sticos, profesionales y contract. Una flexibilidad compositiva definida por una gran variedad de tama\u00f1os y acabados.<\/p>\n","protected":false},"featured_media":0,"template":"","product_category":[473,606,460,446,459,464],"acf":[],"yoast_head":"<!-- This site is optimized with the Yoast SEO plugin v20.4 - https:\/\/yoast.com\/wordpress\/plugins\/seo\/ -->\n<title>Francis tavoli di design| Rimadesio<\/title>\n<meta name=\"description\" content=\"Scopri la gamma di tavoli Francis by Rimadesio. Soluzioni di design, personalizzabili. Alta qualit\u00e0 made in Italy.\" \/>\n<meta name=\"robots\" content=\"index, follow, max-snippet:-1, max-image-preview:large, max-video-preview:-1\" \/>\n<link rel=\"canonical\" href=\"https:\/\/www.rimadesio.it\/es\/producto\/francis\/\" \/>\n<meta property=\"og:locale\" content=\"es_ES\" \/>\n<meta property=\"og:type\" content=\"article\" \/>\n<meta property=\"og:title\" content=\"Francis tavoli di design| Rimadesio\" \/>\n<meta property=\"og:description\" content=\"Scopri la gamma di tavoli Francis by Rimadesio. Soluzioni di design, personalizzabili. Alta qualit\u00e0 made in Italy.\" \/>\n<meta property=\"og:url\" content=\"https:\/\/www.rimadesio.it\/es\/producto\/francis\/\" \/>\n<meta property=\"og:site_name\" content=\"Rimadesio\" \/>\n<meta property=\"article:modified_time\" content=\"2026-04-16T07:43:02+00:00\" \/>\n<meta name=\"twitter:card\" content=\"summary_large_image\" \/>\n<script type=\"application\/ld+json\" class=\"yoast-schema-graph\">{\"@context\":\"https:\/\/schema.org\",\"@graph\":[{\"@type\":\"WebPage\",\"@id\":\"https:\/\/www.rimadesio.it\/es\/producto\/francis\/\",\"url\":\"https:\/\/www.rimadesio.it\/es\/producto\/francis\/\",\"name\":\"Francis tavoli di design| Rimadesio\",\"isPartOf\":{\"@id\":\"https:\/\/www.rimadesio.it\/es\/#website\"},\"datePublished\":\"2021-10-08T10:18:58+00:00\",\"dateModified\":\"2026-04-16T07:43:02+00:00\",\"description\":\"Scopri la gamma di tavoli Francis by Rimadesio. Soluzioni di design, personalizzabili. Alta qualit\u00e0 made in Italy.\",\"breadcrumb\":{\"@id\":\"https:\/\/www.rimadesio.it\/es\/producto\/francis\/#breadcrumb\"},\"inLanguage\":\"es-ES\",\"potentialAction\":[{\"@type\":\"ReadAction\",\"target\":[\"https:\/\/www.rimadesio.it\/es\/producto\/francis\/\"]}]},{\"@type\":\"BreadcrumbList\",\"@id\":\"https:\/\/www.rimadesio.it\/es\/producto\/francis\/#breadcrumb\",\"itemListElement\":[{\"@type\":\"ListItem\",\"position\":1,\"name\":\"Homepage\",\"item\":\"https:\/\/www.rimadesio.it\/es\/\"},{\"@type\":\"ListItem\",\"position\":2,\"name\":\"Productos\",\"item\":\"https:\/\/www.rimadesio.it\/es\/producto\/\"},{\"@type\":\"ListItem\",\"position\":3,\"name\":\"Mesas\",\"item\":\"https:\/\/www.rimadesio.it\/es\/product-category\/mesas\/\"},{\"@type\":\"ListItem\",\"position\":4,\"name\":\"Mesas\",\"item\":\"https:\/\/www.rimadesio.it\/es\/product-category\/mesas\/mesas-es\/\"},{\"@type\":\"ListItem\",\"position\":5,\"name\":\"Francis\"}]},{\"@type\":\"WebSite\",\"@id\":\"https:\/\/www.rimadesio.it\/es\/#website\",\"url\":\"https:\/\/www.rimadesio.it\/es\/\",\"name\":\"Rimadesio\",\"description\":\"Rimadesio official website\",\"publisher\":{\"@id\":\"https:\/\/www.rimadesio.it\/es\/#organization\"},\"potentialAction\":[{\"@type\":\"SearchAction\",\"target\":{\"@type\":\"EntryPoint\",\"urlTemplate\":\"https:\/\/www.rimadesio.it\/es\/?s={search_term_string}\"},\"query-input\":\"required name=search_term_string\"}],\"inLanguage\":\"es-ES\"},{\"@type\":\"Organization\",\"@id\":\"https:\/\/www.rimadesio.it\/es\/#organization\",\"name\":\"Rimadesio\",\"url\":\"https:\/\/www.rimadesio.it\/es\/\",\"logo\":{\"@type\":\"ImageObject\",\"inLanguage\":\"es-ES\",\"@id\":\"https:\/\/www.rimadesio.it\/es\/#\/schema\/logo\/image\/\",\"url\":\"https:\/\/static.rimadesio.it\/media\/2021\/08\/Logo.png\",\"contentUrl\":\"https:\/\/static.rimadesio.it\/media\/2021\/08\/Logo.png\",\"width\":102,\"height\":18,\"caption\":\"Rimadesio\"},\"image\":{\"@id\":\"https:\/\/www.rimadesio.it\/es\/#\/schema\/logo\/image\/\"}}]}<\/script>\n<!-- \/ Yoast SEO plugin. -->","yoast_head_json":{"title":"Francis tavoli di design| Rimadesio","description":"Scopri la gamma di tavoli Francis by Rimadesio. Soluzioni di design, personalizzabili. Alta qualit\u00e0 made in Italy.","robots":{"index":"index","follow":"follow","max-snippet":"max-snippet:-1","max-image-preview":"max-image-preview:large","max-video-preview":"max-video-preview:-1"},"canonical":"https:\/\/www.rimadesio.it\/es\/producto\/francis\/","og_locale":"es_ES","og_type":"article","og_title":"Francis tavoli di design| Rimadesio","og_description":"Scopri la gamma di tavoli Francis by Rimadesio. Soluzioni di design, personalizzabili. Alta qualit\u00e0 made in Italy.","og_url":"https:\/\/www.rimadesio.it\/es\/producto\/francis\/","og_site_name":"Rimadesio","article_modified_time":"2026-04-16T07:43:02+00:00","twitter_card":"summary_large_image","schema":{"@context":"https:\/\/schema.org","@graph":[{"@type":"WebPage","@id":"https:\/\/www.rimadesio.it\/es\/producto\/francis\/","url":"https:\/\/www.rimadesio.it\/es\/producto\/francis\/","name":"Francis tavoli di design| Rimadesio","isPartOf":{"@id":"https:\/\/www.rimadesio.it\/es\/#website"},"datePublished":"2021-10-08T10:18:58+00:00","dateModified":"2026-04-16T07:43:02+00:00","description":"Scopri la gamma di tavoli Francis by Rimadesio. Soluzioni di design, personalizzabili. Alta qualit\u00e0 made in Italy.","breadcrumb":{"@id":"https:\/\/www.rimadesio.it\/es\/producto\/francis\/#breadcrumb"},"inLanguage":"es-ES","potentialAction":[{"@type":"ReadAction","target":["https:\/\/www.rimadesio.it\/es\/producto\/francis\/"]}]},{"@type":"BreadcrumbList","@id":"https:\/\/www.rimadesio.it\/es\/producto\/francis\/#breadcrumb","itemListElement":[{"@type":"ListItem","position":1,"name":"Homepage","item":"https:\/\/www.rimadesio.it\/es\/"},{"@type":"ListItem","position":2,"name":"Productos","item":"https:\/\/www.rimadesio.it\/es\/producto\/"},{"@type":"ListItem","position":3,"name":"Mesas","item":"https:\/\/www.rimadesio.it\/es\/product-category\/mesas\/"},{"@type":"ListItem","position":4,"name":"Mesas","item":"https:\/\/www.rimadesio.it\/es\/product-category\/mesas\/mesas-es\/"},{"@type":"ListItem","position":5,"name":"Francis"}]},{"@type":"WebSite","@id":"https:\/\/www.rimadesio.it\/es\/#website","url":"https:\/\/www.rimadesio.it\/es\/","name":"Rimadesio","description":"Rimadesio official website","publisher":{"@id":"https:\/\/www.rimadesio.it\/es\/#organization"},"potentialAction":[{"@type":"SearchAction","target":{"@type":"EntryPoint","urlTemplate":"https:\/\/www.rimadesio.it\/es\/?s={search_term_string}"},"query-input":"required name=search_term_string"}],"inLanguage":"es-ES"},{"@type":"Organization","@id":"https:\/\/www.rimadesio.it\/es\/#organization","name":"Rimadesio","url":"https:\/\/www.rimadesio.it\/es\/","logo":{"@type":"ImageObject","inLanguage":"es-ES","@id":"https:\/\/www.rimadesio.it\/es\/#\/schema\/logo\/image\/","url":"https:\/\/static.rimadesio.it\/media\/2021\/08\/Logo.png","contentUrl":"https:\/\/static.rimadesio.it\/media\/2021\/08\/Logo.png","width":102,"height":18,"caption":"Rimadesio"},"image":{"@id":"https:\/\/www.rimadesio.it\/es\/#\/schema\/logo\/image\/"}}]}},"_links":{"self":[{"href":"https:\/\/www.rimadesio.it\/es\/wp-json\/wp\/v2\/product\/142553"}],"collection":[{"href":"https:\/\/www.rimadesio.it\/es\/wp-json\/wp\/v2\/product"}],"about":[{"href":"https:\/\/www.rimadesio.it\/es\/wp-json\/wp\/v2\/types\/product"}],"wp:attachment":[{"href":"https:\/\/www.rimadesio.it\/es\/wp-json\/wp\/v2\/media?parent=142553"}],"wp:term":[{"taxonomy":"product_category","embeddable":true,"href":"https:\/\/www.rimadesio.it\/es\/wp-json\/wp\/v2\/product_category?post=142553"}],"curies":[{"name":"wp","href":"https:\/\/api.w.org\/{rel}","templated":true}]}}