{"id":158828,"date":"2023-03-14T14:48:41","date_gmt":"2023-03-14T13:48:41","guid":{"rendered":"https:\/\/www.rimadesio.it\/?page_id=158828"},"modified":"2023-03-14T15:28:04","modified_gmt":"2023-03-14T14:28:04","slug":"codigo-de-etica","status":"publish","type":"page","link":"https:\/\/www.rimadesio.it\/es\/about-us\/codigo-de-etica\/","title":{"rendered":"C\u00f3digo de \u00e9tica"},"content":{"rendered":"<p>El Consejo de Administraci\u00f3n de Rimadesio aprob\u00f3 el Manual de Gobierno y Controles, que contiene el C\u00f3digo de \u00c9tica y las normas de organizaci\u00f3n interna de la Empresa.<\/p>\n","protected":false},"excerpt":{"rendered":"<p>El Consejo de Administraci\u00f3n de Rimadesio aprob\u00f3 el Manual de Gobierno y Controles, que contiene el C\u00f3digo de \u00c9tica y las normas de organizaci\u00f3n interna de la Empresa.<\/p>\n","protected":false},"author":4,"featured_media":19465,"parent":142293,"menu_order":431,"comment_status":"closed","ping_status":"closed","template":"","meta":{"inline_featured_image":false},"acf":[],"yoast_head":"<!-- This site is optimized with the Yoast SEO plugin v20.4 - https:\/\/yoast.com\/wordpress\/plugins\/seo\/ -->\n<title>C\u00f3digo de \u00e9tica - Rimadesio<\/title>\n<meta name=\"description\" content=\"El Consejo de Administraci\u00f3n de Rimadesio aprob\u00f3 el Manual de Gobierno y Controles, que contiene el C\u00f3digo de \u00c9tica y las normas de organizaci\u00f3n interna\" \/>\n<meta name=\"robots\" content=\"index, follow, max-snippet:-1, max-image-preview:large, max-video-preview:-1\" \/>\n<link rel=\"canonical\" href=\"https:\/\/www.rimadesio.it\/es\/about-us\/codigo-de-etica\/\" \/>\n<meta property=\"og:locale\" content=\"es_ES\" \/>\n<meta property=\"og:type\" content=\"article\" \/>\n<meta property=\"og:title\" content=\"C\u00f3digo de \u00e9tica - Rimadesio\" \/>\n<meta property=\"og:description\" content=\"El Consejo de Administraci\u00f3n de Rimadesio aprob\u00f3 el Manual de Gobierno y Controles, que contiene el C\u00f3digo de \u00c9tica y las normas de organizaci\u00f3n interna\" \/>\n<meta property=\"og:url\" content=\"https:\/\/www.rimadesio.it\/es\/about-us\/codigo-de-etica\/\" \/>\n<meta property=\"og:site_name\" content=\"Rimadesio\" \/>\n<meta property=\"article:modified_time\" content=\"2023-03-14T14:28:04+00:00\" \/>\n<meta property=\"og:image\" content=\"https:\/\/static.rimadesio.it\/media\/2020\/11\/Headquarter_Giussano_Showroom1_new2-1-scaled.jpg\" \/>\n\t<meta property=\"og:image:width\" content=\"2560\" \/>\n\t<meta property=\"og:image:height\" content=\"1441\" \/>\n\t<meta property=\"og:image:type\" content=\"image\/jpeg\" \/>\n<meta name=\"twitter:card\" content=\"summary_large_image\" \/>\n<script type=\"application\/ld+json\" class=\"yoast-schema-graph\">{\"@context\":\"https:\/\/schema.org\",\"@graph\":[{\"@type\":\"WebPage\",\"@id\":\"https:\/\/www.rimadesio.it\/es\/about-us\/codigo-de-etica\/\",\"url\":\"https:\/\/www.rimadesio.it\/es\/about-us\/codigo-de-etica\/\",\"name\":\"C\u00f3digo de \u00e9tica - Rimadesio\",\"isPartOf\":{\"@id\":\"https:\/\/www.rimadesio.it\/es\/#website\"},\"datePublished\":\"2023-03-14T13:48:41+00:00\",\"dateModified\":\"2023-03-14T14:28:04+00:00\",\"description\":\"El Consejo de Administraci\u00f3n de Rimadesio aprob\u00f3 el Manual de Gobierno y Controles, que contiene el C\u00f3digo de \u00c9tica y las normas de organizaci\u00f3n interna\",\"breadcrumb\":{\"@id\":\"https:\/\/www.rimadesio.it\/es\/about-us\/codigo-de-etica\/#breadcrumb\"},\"inLanguage\":\"es-ES\",\"potentialAction\":[{\"@type\":\"ReadAction\",\"target\":[\"https:\/\/www.rimadesio.it\/es\/about-us\/codigo-de-etica\/\"]}]},{\"@type\":\"BreadcrumbList\",\"@id\":\"https:\/\/www.rimadesio.it\/es\/about-us\/codigo-de-etica\/#breadcrumb\",\"itemListElement\":[{\"@type\":\"ListItem\",\"position\":1,\"name\":\"Homepage\",\"item\":\"https:\/\/www.rimadesio.it\/es\/\"},{\"@type\":\"ListItem\",\"position\":2,\"name\":\"About Us\",\"item\":\"https:\/\/www.rimadesio.it\/es\/about-us\/\"},{\"@type\":\"ListItem\",\"position\":3,\"name\":\"C\u00f3digo de \u00e9tica\"}]},{\"@type\":\"WebSite\",\"@id\":\"https:\/\/www.rimadesio.it\/es\/#website\",\"url\":\"https:\/\/www.rimadesio.it\/es\/\",\"name\":\"Rimadesio\",\"description\":\"Rimadesio official website\",\"publisher\":{\"@id\":\"https:\/\/www.rimadesio.it\/es\/#organization\"},\"potentialAction\":[{\"@type\":\"SearchAction\",\"target\":{\"@type\":\"EntryPoint\",\"urlTemplate\":\"https:\/\/www.rimadesio.it\/es\/?s={search_term_string}\"},\"query-input\":\"required name=search_term_string\"}],\"inLanguage\":\"es-ES\"},{\"@type\":\"Organization\",\"@id\":\"https:\/\/www.rimadesio.it\/es\/#organization\",\"name\":\"Rimadesio\",\"url\":\"https:\/\/www.rimadesio.it\/es\/\",\"logo\":{\"@type\":\"ImageObject\",\"inLanguage\":\"es-ES\",\"@id\":\"https:\/\/www.rimadesio.it\/es\/#\/schema\/logo\/image\/\",\"url\":\"https:\/\/static.rimadesio.it\/media\/2021\/08\/Logo.png\",\"contentUrl\":\"https:\/\/static.rimadesio.it\/media\/2021\/08\/Logo.png\",\"width\":102,\"height\":18,\"caption\":\"Rimadesio\"},\"image\":{\"@id\":\"https:\/\/www.rimadesio.it\/es\/#\/schema\/logo\/image\/\"}}]}<\/script>\n<!-- \/ Yoast SEO plugin. -->","yoast_head_json":{"title":"C\u00f3digo de \u00e9tica - Rimadesio","description":"El Consejo de Administraci\u00f3n de Rimadesio aprob\u00f3 el Manual de Gobierno y Controles, que contiene el C\u00f3digo de \u00c9tica y las normas de organizaci\u00f3n interna","robots":{"index":"index","follow":"follow","max-snippet":"max-snippet:-1","max-image-preview":"max-image-preview:large","max-video-preview":"max-video-preview:-1"},"canonical":"https:\/\/www.rimadesio.it\/es\/about-us\/codigo-de-etica\/","og_locale":"es_ES","og_type":"article","og_title":"C\u00f3digo de \u00e9tica - Rimadesio","og_description":"El Consejo de Administraci\u00f3n de Rimadesio aprob\u00f3 el Manual de Gobierno y Controles, que contiene el C\u00f3digo de \u00c9tica y las normas de organizaci\u00f3n interna","og_url":"https:\/\/www.rimadesio.it\/es\/about-us\/codigo-de-etica\/","og_site_name":"Rimadesio","article_modified_time":"2023-03-14T14:28:04+00:00","og_image":[{"width":2560,"height":1441,"url":"https:\/\/static.rimadesio.it\/media\/2020\/11\/Headquarter_Giussano_Showroom1_new2-1-scaled.jpg","type":"image\/jpeg"}],"twitter_card":"summary_large_image","schema":{"@context":"https:\/\/schema.org","@graph":[{"@type":"WebPage","@id":"https:\/\/www.rimadesio.it\/es\/about-us\/codigo-de-etica\/","url":"https:\/\/www.rimadesio.it\/es\/about-us\/codigo-de-etica\/","name":"C\u00f3digo de \u00e9tica - Rimadesio","isPartOf":{"@id":"https:\/\/www.rimadesio.it\/es\/#website"},"datePublished":"2023-03-14T13:48:41+00:00","dateModified":"2023-03-14T14:28:04+00:00","description":"El Consejo de Administraci\u00f3n de Rimadesio aprob\u00f3 el Manual de Gobierno y Controles, que contiene el C\u00f3digo de \u00c9tica y las normas de organizaci\u00f3n interna","breadcrumb":{"@id":"https:\/\/www.rimadesio.it\/es\/about-us\/codigo-de-etica\/#breadcrumb"},"inLanguage":"es-ES","potentialAction":[{"@type":"ReadAction","target":["https:\/\/www.rimadesio.it\/es\/about-us\/codigo-de-etica\/"]}]},{"@type":"BreadcrumbList","@id":"https:\/\/www.rimadesio.it\/es\/about-us\/codigo-de-etica\/#breadcrumb","itemListElement":[{"@type":"ListItem","position":1,"name":"Homepage","item":"https:\/\/www.rimadesio.it\/es\/"},{"@type":"ListItem","position":2,"name":"About Us","item":"https:\/\/www.rimadesio.it\/es\/about-us\/"},{"@type":"ListItem","position":3,"name":"C\u00f3digo de \u00e9tica"}]},{"@type":"WebSite","@id":"https:\/\/www.rimadesio.it\/es\/#website","url":"https:\/\/www.rimadesio.it\/es\/","name":"Rimadesio","description":"Rimadesio official website","publisher":{"@id":"https:\/\/www.rimadesio.it\/es\/#organization"},"potentialAction":[{"@type":"SearchAction","target":{"@type":"EntryPoint","urlTemplate":"https:\/\/www.rimadesio.it\/es\/?s={search_term_string}"},"query-input":"required name=search_term_string"}],"inLanguage":"es-ES"},{"@type":"Organization","@id":"https:\/\/www.rimadesio.it\/es\/#organization","name":"Rimadesio","url":"https:\/\/www.rimadesio.it\/es\/","logo":{"@type":"ImageObject","inLanguage":"es-ES","@id":"https:\/\/www.rimadesio.it\/es\/#\/schema\/logo\/image\/","url":"https:\/\/static.rimadesio.it\/media\/2021\/08\/Logo.png","contentUrl":"https:\/\/static.rimadesio.it\/media\/2021\/08\/Logo.png","width":102,"height":18,"caption":"Rimadesio"},"image":{"@id":"https:\/\/www.rimadesio.it\/es\/#\/schema\/logo\/image\/"}}]}},"_links":{"self":[{"href":"https:\/\/www.rimadesio.it\/es\/wp-json\/wp\/v2\/pages\/158828"}],"collection":[{"href":"https:\/\/www.rimadesio.it\/es\/wp-json\/wp\/v2\/pages"}],"about":[{"href":"https:\/\/www.rimadesio.it\/es\/wp-json\/wp\/v2\/types\/page"}],"author":[{"embeddable":true,"href":"https:\/\/www.rimadesio.it\/es\/wp-json\/wp\/v2\/users\/4"}],"replies":[{"embeddable":true,"href":"https:\/\/www.rimadesio.it\/es\/wp-json\/wp\/v2\/comments?post=158828"}],"version-history":[{"count":2,"href":"https:\/\/www.rimadesio.it\/es\/wp-json\/wp\/v2\/pages\/158828\/revisions"}],"predecessor-version":[{"id":158912,"href":"https:\/\/www.rimadesio.it\/es\/wp-json\/wp\/v2\/pages\/158828\/revisions\/158912"}],"up":[{"embeddable":true,"href":"https:\/\/www.rimadesio.it\/es\/wp-json\/wp\/v2\/pages\/142293"}],"wp:featuredmedia":[{"embeddable":true,"href":"https:\/\/www.rimadesio.it\/es\/wp-json\/wp\/v2\/media\/19465"}],"wp:attachment":[{"href":"https:\/\/www.rimadesio.it\/es\/wp-json\/wp\/v2\/media?parent=158828"}],"curies":[{"name":"wp","href":"https:\/\/api.w.org\/{rel}","templated":true}]}}