{"id":157177,"date":"2022-06-05T10:19:09","date_gmt":"2022-06-05T08:19:09","guid":{"rendered":"https:\/\/www.rimadesio.it\/?page_id=157177"},"modified":"2022-07-25T16:46:35","modified_gmt":"2022-07-25T14:46:35","slug":"the-good-living","status":"publish","type":"page","link":"https:\/\/www.rimadesio.it\/es\/the-good-living\/","title":{"rendered":"The Good Living"},"content":{"rendered":"<p>The Good Living materializa la particular idea del dise\u00f1o de Rimadesio, en la que la tecnolog\u00eda, la investigaci\u00f3n de los materiales y las distintas opciones relativas a la producci\u00f3n juegan un papel fundamental. Un dise\u00f1o que invoca un nuevo estilo de vida, una dimensi\u00f3n ideal para luchar por un mayor equilibrio entre la emoci\u00f3n de ocupar un espacio propio y la relaci\u00f3n con el entorno en el que vivimos.<\/p>\n","protected":false},"excerpt":{"rendered":"<p>The Good Living materializa la particular idea del dise\u00f1o de Rimadesio, en la que la tecnolog\u00eda, la investigaci\u00f3n de los materiales y las distintas opciones relativas a la producci\u00f3n juegan un papel fundamental. Un dise\u00f1o que invoca un nuevo estilo de vida, una dimensi\u00f3n ideal para luchar por un mayor equilibrio entre la emoci\u00f3n de &hellip; <a href=\"https:\/\/www.rimadesio.it\/es\/the-good-living\/\">More<\/a><\/p>\n","protected":false},"author":7,"featured_media":0,"parent":0,"menu_order":188,"comment_status":"closed","ping_status":"closed","template":"","meta":{"inline_featured_image":false},"acf":[],"yoast_head":"<!-- This site is optimized with the Yoast SEO plugin v20.4 - https:\/\/yoast.com\/wordpress\/plugins\/seo\/ -->\n<title>The Good Living - Rimadesio<\/title>\n<meta name=\"description\" content=\"The Good Living materializa la particular idea del dise\u00f1o de Rimadesio, en la que la tecnolog\u00eda, la investigaci\u00f3n de los materiales y las distintas\" \/>\n<meta name=\"robots\" content=\"index, follow, max-snippet:-1, max-image-preview:large, max-video-preview:-1\" \/>\n<link rel=\"canonical\" href=\"https:\/\/www.rimadesio.it\/es\/the-good-living\/\" \/>\n<meta property=\"og:locale\" content=\"es_ES\" \/>\n<meta property=\"og:type\" content=\"article\" \/>\n<meta property=\"og:title\" content=\"The Good Living - Rimadesio\" \/>\n<meta property=\"og:description\" content=\"The Good Living materializa la particular idea del dise\u00f1o de Rimadesio, en la que la tecnolog\u00eda, la investigaci\u00f3n de los materiales y las distintas\" \/>\n<meta property=\"og:url\" content=\"https:\/\/www.rimadesio.it\/es\/the-good-living\/\" \/>\n<meta property=\"og:site_name\" content=\"Rimadesio\" \/>\n<meta property=\"article:modified_time\" content=\"2022-07-25T14:46:35+00:00\" \/>\n<meta name=\"twitter:card\" content=\"summary_large_image\" \/>\n<meta name=\"twitter:label1\" content=\"Est. reading time\" \/>\n\t<meta name=\"twitter:data1\" content=\"1 minute\" \/>\n<script type=\"application\/ld+json\" class=\"yoast-schema-graph\">{\"@context\":\"https:\/\/schema.org\",\"@graph\":[{\"@type\":\"WebPage\",\"@id\":\"https:\/\/www.rimadesio.it\/es\/the-good-living\/\",\"url\":\"https:\/\/www.rimadesio.it\/es\/the-good-living\/\",\"name\":\"The Good Living - Rimadesio\",\"isPartOf\":{\"@id\":\"https:\/\/www.rimadesio.it\/es\/#website\"},\"datePublished\":\"2022-06-05T08:19:09+00:00\",\"dateModified\":\"2022-07-25T14:46:35+00:00\",\"description\":\"The Good Living materializa la particular idea del dise\u00f1o de Rimadesio, en la que la tecnolog\u00eda, la investigaci\u00f3n de los materiales y las distintas\",\"breadcrumb\":{\"@id\":\"https:\/\/www.rimadesio.it\/es\/the-good-living\/#breadcrumb\"},\"inLanguage\":\"es-ES\",\"potentialAction\":[{\"@type\":\"ReadAction\",\"target\":[\"https:\/\/www.rimadesio.it\/es\/the-good-living\/\"]}]},{\"@type\":\"BreadcrumbList\",\"@id\":\"https:\/\/www.rimadesio.it\/es\/the-good-living\/#breadcrumb\",\"itemListElement\":[{\"@type\":\"ListItem\",\"position\":1,\"name\":\"Homepage\",\"item\":\"https:\/\/www.rimadesio.it\/es\/\"},{\"@type\":\"ListItem\",\"position\":2,\"name\":\"The Good Living\"}]},{\"@type\":\"WebSite\",\"@id\":\"https:\/\/www.rimadesio.it\/es\/#website\",\"url\":\"https:\/\/www.rimadesio.it\/es\/\",\"name\":\"Rimadesio\",\"description\":\"Rimadesio official website\",\"publisher\":{\"@id\":\"https:\/\/www.rimadesio.it\/es\/#organization\"},\"potentialAction\":[{\"@type\":\"SearchAction\",\"target\":{\"@type\":\"EntryPoint\",\"urlTemplate\":\"https:\/\/www.rimadesio.it\/es\/?s={search_term_string}\"},\"query-input\":\"required name=search_term_string\"}],\"inLanguage\":\"es-ES\"},{\"@type\":\"Organization\",\"@id\":\"https:\/\/www.rimadesio.it\/es\/#organization\",\"name\":\"Rimadesio\",\"url\":\"https:\/\/www.rimadesio.it\/es\/\",\"logo\":{\"@type\":\"ImageObject\",\"inLanguage\":\"es-ES\",\"@id\":\"https:\/\/www.rimadesio.it\/es\/#\/schema\/logo\/image\/\",\"url\":\"https:\/\/static.rimadesio.it\/media\/2021\/08\/Logo.png\",\"contentUrl\":\"https:\/\/static.rimadesio.it\/media\/2021\/08\/Logo.png\",\"width\":102,\"height\":18,\"caption\":\"Rimadesio\"},\"image\":{\"@id\":\"https:\/\/www.rimadesio.it\/es\/#\/schema\/logo\/image\/\"}}]}<\/script>\n<!-- \/ Yoast SEO plugin. -->","yoast_head_json":{"title":"The Good Living - Rimadesio","description":"The Good Living materializa la particular idea del dise\u00f1o de Rimadesio, en la que la tecnolog\u00eda, la investigaci\u00f3n de los materiales y las distintas","robots":{"index":"index","follow":"follow","max-snippet":"max-snippet:-1","max-image-preview":"max-image-preview:large","max-video-preview":"max-video-preview:-1"},"canonical":"https:\/\/www.rimadesio.it\/es\/the-good-living\/","og_locale":"es_ES","og_type":"article","og_title":"The Good Living - Rimadesio","og_description":"The Good Living materializa la particular idea del dise\u00f1o de Rimadesio, en la que la tecnolog\u00eda, la investigaci\u00f3n de los materiales y las distintas","og_url":"https:\/\/www.rimadesio.it\/es\/the-good-living\/","og_site_name":"Rimadesio","article_modified_time":"2022-07-25T14:46:35+00:00","twitter_card":"summary_large_image","twitter_misc":{"Est. reading time":"1 minute"},"schema":{"@context":"https:\/\/schema.org","@graph":[{"@type":"WebPage","@id":"https:\/\/www.rimadesio.it\/es\/the-good-living\/","url":"https:\/\/www.rimadesio.it\/es\/the-good-living\/","name":"The Good Living - Rimadesio","isPartOf":{"@id":"https:\/\/www.rimadesio.it\/es\/#website"},"datePublished":"2022-06-05T08:19:09+00:00","dateModified":"2022-07-25T14:46:35+00:00","description":"The Good Living materializa la particular idea del dise\u00f1o de Rimadesio, en la que la tecnolog\u00eda, la investigaci\u00f3n de los materiales y las distintas","breadcrumb":{"@id":"https:\/\/www.rimadesio.it\/es\/the-good-living\/#breadcrumb"},"inLanguage":"es-ES","potentialAction":[{"@type":"ReadAction","target":["https:\/\/www.rimadesio.it\/es\/the-good-living\/"]}]},{"@type":"BreadcrumbList","@id":"https:\/\/www.rimadesio.it\/es\/the-good-living\/#breadcrumb","itemListElement":[{"@type":"ListItem","position":1,"name":"Homepage","item":"https:\/\/www.rimadesio.it\/es\/"},{"@type":"ListItem","position":2,"name":"The Good Living"}]},{"@type":"WebSite","@id":"https:\/\/www.rimadesio.it\/es\/#website","url":"https:\/\/www.rimadesio.it\/es\/","name":"Rimadesio","description":"Rimadesio official website","publisher":{"@id":"https:\/\/www.rimadesio.it\/es\/#organization"},"potentialAction":[{"@type":"SearchAction","target":{"@type":"EntryPoint","urlTemplate":"https:\/\/www.rimadesio.it\/es\/?s={search_term_string}"},"query-input":"required name=search_term_string"}],"inLanguage":"es-ES"},{"@type":"Organization","@id":"https:\/\/www.rimadesio.it\/es\/#organization","name":"Rimadesio","url":"https:\/\/www.rimadesio.it\/es\/","logo":{"@type":"ImageObject","inLanguage":"es-ES","@id":"https:\/\/www.rimadesio.it\/es\/#\/schema\/logo\/image\/","url":"https:\/\/static.rimadesio.it\/media\/2021\/08\/Logo.png","contentUrl":"https:\/\/static.rimadesio.it\/media\/2021\/08\/Logo.png","width":102,"height":18,"caption":"Rimadesio"},"image":{"@id":"https:\/\/www.rimadesio.it\/es\/#\/schema\/logo\/image\/"}}]}},"_links":{"self":[{"href":"https:\/\/www.rimadesio.it\/es\/wp-json\/wp\/v2\/pages\/157177"}],"collection":[{"href":"https:\/\/www.rimadesio.it\/es\/wp-json\/wp\/v2\/pages"}],"about":[{"href":"https:\/\/www.rimadesio.it\/es\/wp-json\/wp\/v2\/types\/page"}],"author":[{"embeddable":true,"href":"https:\/\/www.rimadesio.it\/es\/wp-json\/wp\/v2\/users\/7"}],"replies":[{"embeddable":true,"href":"https:\/\/www.rimadesio.it\/es\/wp-json\/wp\/v2\/comments?post=157177"}],"version-history":[{"count":8,"href":"https:\/\/www.rimadesio.it\/es\/wp-json\/wp\/v2\/pages\/157177\/revisions"}],"predecessor-version":[{"id":157674,"href":"https:\/\/www.rimadesio.it\/es\/wp-json\/wp\/v2\/pages\/157177\/revisions\/157674"}],"wp:attachment":[{"href":"https:\/\/www.rimadesio.it\/es\/wp-json\/wp\/v2\/media?parent=157177"}],"curies":[{"name":"wp","href":"https:\/\/api.w.org\/{rel}","templated":true}]}}