{"id":156741,"date":"2022-04-27T18:28:25","date_gmt":"2022-04-27T16:28:25","guid":{"rendered":"https:\/\/www.rimadesio.it\/?page_id=156741"},"modified":"2022-04-29T15:04:50","modified_gmt":"2022-04-29T13:04:50","slug":"anthology","status":"publish","type":"page","link":"https:\/\/www.rimadesio.it\/es\/anthology\/","title":{"rendered":"Anthology"},"content":{"rendered":"<p>Desde los productos m\u00e1s recientes hasta los modelos cl\u00e1sicos de la colecci\u00f3n: a trav\u00e9s de una rese\u00f1a de im\u00e1genes y v\u00eddeos, Anthology presenta una panor\u00e1mica de los productos m\u00e1s ic\u00f3nicos de Rimadesio, cada uno de ellos reinterpretado de forma in\u00e9dita, en los detalles y acabados.<\/p>\n","protected":false},"excerpt":{"rendered":"<p>Desde los productos m\u00e1s recientes hasta los modelos cl\u00e1sicos de la colecci\u00f3n: a trav\u00e9s de una rese\u00f1a de im\u00e1genes y v\u00eddeos, Anthology presenta una panor\u00e1mica de los productos m\u00e1s ic\u00f3nicos de Rimadesio, cada uno de ellos reinterpretado de forma in\u00e9dita, en los detalles y acabados.<\/p>\n","protected":false},"author":7,"featured_media":0,"parent":0,"menu_order":197,"comment_status":"closed","ping_status":"closed","template":"","meta":{"inline_featured_image":false},"acf":[],"yoast_head":"<!-- This site is optimized with the Yoast SEO plugin v20.4 - https:\/\/yoast.com\/wordpress\/plugins\/seo\/ -->\n<title>Anthology - Rimadesio<\/title>\n<meta name=\"description\" content=\"Desde los productos m\u00e1s recientes hasta los modelos cl\u00e1sicos de la colecci\u00f3n: a trav\u00e9s de una rese\u00f1a de im\u00e1genes y v\u00eddeos, Anthology presenta una\" \/>\n<meta name=\"robots\" content=\"index, follow, max-snippet:-1, max-image-preview:large, max-video-preview:-1\" \/>\n<link rel=\"canonical\" href=\"https:\/\/www.rimadesio.it\/es\/anthology\/\" \/>\n<meta property=\"og:locale\" content=\"es_ES\" \/>\n<meta property=\"og:type\" content=\"article\" \/>\n<meta property=\"og:title\" content=\"Anthology - Rimadesio\" \/>\n<meta property=\"og:description\" content=\"Desde los productos m\u00e1s recientes hasta los modelos cl\u00e1sicos de la colecci\u00f3n: a trav\u00e9s de una rese\u00f1a de im\u00e1genes y v\u00eddeos, Anthology presenta una\" \/>\n<meta property=\"og:url\" content=\"https:\/\/www.rimadesio.it\/es\/anthology\/\" \/>\n<meta property=\"og:site_name\" content=\"Rimadesio\" \/>\n<meta property=\"article:modified_time\" content=\"2022-04-29T13:04:50+00:00\" \/>\n<meta name=\"twitter:card\" content=\"summary_large_image\" \/>\n<script type=\"application\/ld+json\" class=\"yoast-schema-graph\">{\"@context\":\"https:\/\/schema.org\",\"@graph\":[{\"@type\":\"WebPage\",\"@id\":\"https:\/\/www.rimadesio.it\/es\/anthology\/\",\"url\":\"https:\/\/www.rimadesio.it\/es\/anthology\/\",\"name\":\"Anthology - Rimadesio\",\"isPartOf\":{\"@id\":\"https:\/\/www.rimadesio.it\/es\/#website\"},\"datePublished\":\"2022-04-27T16:28:25+00:00\",\"dateModified\":\"2022-04-29T13:04:50+00:00\",\"description\":\"Desde los productos m\u00e1s recientes hasta los modelos cl\u00e1sicos de la colecci\u00f3n: a trav\u00e9s de una rese\u00f1a de im\u00e1genes y v\u00eddeos, Anthology presenta una\",\"breadcrumb\":{\"@id\":\"https:\/\/www.rimadesio.it\/es\/anthology\/#breadcrumb\"},\"inLanguage\":\"es-ES\",\"potentialAction\":[{\"@type\":\"ReadAction\",\"target\":[\"https:\/\/www.rimadesio.it\/es\/anthology\/\"]}]},{\"@type\":\"BreadcrumbList\",\"@id\":\"https:\/\/www.rimadesio.it\/es\/anthology\/#breadcrumb\",\"itemListElement\":[{\"@type\":\"ListItem\",\"position\":1,\"name\":\"Homepage\",\"item\":\"https:\/\/www.rimadesio.it\/es\/\"},{\"@type\":\"ListItem\",\"position\":2,\"name\":\"Anthology\"}]},{\"@type\":\"WebSite\",\"@id\":\"https:\/\/www.rimadesio.it\/es\/#website\",\"url\":\"https:\/\/www.rimadesio.it\/es\/\",\"name\":\"Rimadesio\",\"description\":\"Rimadesio official website\",\"publisher\":{\"@id\":\"https:\/\/www.rimadesio.it\/es\/#organization\"},\"potentialAction\":[{\"@type\":\"SearchAction\",\"target\":{\"@type\":\"EntryPoint\",\"urlTemplate\":\"https:\/\/www.rimadesio.it\/es\/?s={search_term_string}\"},\"query-input\":\"required name=search_term_string\"}],\"inLanguage\":\"es-ES\"},{\"@type\":\"Organization\",\"@id\":\"https:\/\/www.rimadesio.it\/es\/#organization\",\"name\":\"Rimadesio\",\"url\":\"https:\/\/www.rimadesio.it\/es\/\",\"logo\":{\"@type\":\"ImageObject\",\"inLanguage\":\"es-ES\",\"@id\":\"https:\/\/www.rimadesio.it\/es\/#\/schema\/logo\/image\/\",\"url\":\"https:\/\/static.rimadesio.it\/media\/2021\/08\/Logo.png\",\"contentUrl\":\"https:\/\/static.rimadesio.it\/media\/2021\/08\/Logo.png\",\"width\":102,\"height\":18,\"caption\":\"Rimadesio\"},\"image\":{\"@id\":\"https:\/\/www.rimadesio.it\/es\/#\/schema\/logo\/image\/\"}}]}<\/script>\n<!-- \/ Yoast SEO plugin. -->","yoast_head_json":{"title":"Anthology - Rimadesio","description":"Desde los productos m\u00e1s recientes hasta los modelos cl\u00e1sicos de la colecci\u00f3n: a trav\u00e9s de una rese\u00f1a de im\u00e1genes y v\u00eddeos, Anthology presenta una","robots":{"index":"index","follow":"follow","max-snippet":"max-snippet:-1","max-image-preview":"max-image-preview:large","max-video-preview":"max-video-preview:-1"},"canonical":"https:\/\/www.rimadesio.it\/es\/anthology\/","og_locale":"es_ES","og_type":"article","og_title":"Anthology - Rimadesio","og_description":"Desde los productos m\u00e1s recientes hasta los modelos cl\u00e1sicos de la colecci\u00f3n: a trav\u00e9s de una rese\u00f1a de im\u00e1genes y v\u00eddeos, Anthology presenta una","og_url":"https:\/\/www.rimadesio.it\/es\/anthology\/","og_site_name":"Rimadesio","article_modified_time":"2022-04-29T13:04:50+00:00","twitter_card":"summary_large_image","schema":{"@context":"https:\/\/schema.org","@graph":[{"@type":"WebPage","@id":"https:\/\/www.rimadesio.it\/es\/anthology\/","url":"https:\/\/www.rimadesio.it\/es\/anthology\/","name":"Anthology - Rimadesio","isPartOf":{"@id":"https:\/\/www.rimadesio.it\/es\/#website"},"datePublished":"2022-04-27T16:28:25+00:00","dateModified":"2022-04-29T13:04:50+00:00","description":"Desde los productos m\u00e1s recientes hasta los modelos cl\u00e1sicos de la colecci\u00f3n: a trav\u00e9s de una rese\u00f1a de im\u00e1genes y v\u00eddeos, Anthology presenta una","breadcrumb":{"@id":"https:\/\/www.rimadesio.it\/es\/anthology\/#breadcrumb"},"inLanguage":"es-ES","potentialAction":[{"@type":"ReadAction","target":["https:\/\/www.rimadesio.it\/es\/anthology\/"]}]},{"@type":"BreadcrumbList","@id":"https:\/\/www.rimadesio.it\/es\/anthology\/#breadcrumb","itemListElement":[{"@type":"ListItem","position":1,"name":"Homepage","item":"https:\/\/www.rimadesio.it\/es\/"},{"@type":"ListItem","position":2,"name":"Anthology"}]},{"@type":"WebSite","@id":"https:\/\/www.rimadesio.it\/es\/#website","url":"https:\/\/www.rimadesio.it\/es\/","name":"Rimadesio","description":"Rimadesio official website","publisher":{"@id":"https:\/\/www.rimadesio.it\/es\/#organization"},"potentialAction":[{"@type":"SearchAction","target":{"@type":"EntryPoint","urlTemplate":"https:\/\/www.rimadesio.it\/es\/?s={search_term_string}"},"query-input":"required name=search_term_string"}],"inLanguage":"es-ES"},{"@type":"Organization","@id":"https:\/\/www.rimadesio.it\/es\/#organization","name":"Rimadesio","url":"https:\/\/www.rimadesio.it\/es\/","logo":{"@type":"ImageObject","inLanguage":"es-ES","@id":"https:\/\/www.rimadesio.it\/es\/#\/schema\/logo\/image\/","url":"https:\/\/static.rimadesio.it\/media\/2021\/08\/Logo.png","contentUrl":"https:\/\/static.rimadesio.it\/media\/2021\/08\/Logo.png","width":102,"height":18,"caption":"Rimadesio"},"image":{"@id":"https:\/\/www.rimadesio.it\/es\/#\/schema\/logo\/image\/"}}]}},"_links":{"self":[{"href":"https:\/\/www.rimadesio.it\/es\/wp-json\/wp\/v2\/pages\/156741"}],"collection":[{"href":"https:\/\/www.rimadesio.it\/es\/wp-json\/wp\/v2\/pages"}],"about":[{"href":"https:\/\/www.rimadesio.it\/es\/wp-json\/wp\/v2\/types\/page"}],"author":[{"embeddable":true,"href":"https:\/\/www.rimadesio.it\/es\/wp-json\/wp\/v2\/users\/7"}],"replies":[{"embeddable":true,"href":"https:\/\/www.rimadesio.it\/es\/wp-json\/wp\/v2\/comments?post=156741"}],"version-history":[{"count":4,"href":"https:\/\/www.rimadesio.it\/es\/wp-json\/wp\/v2\/pages\/156741\/revisions"}],"predecessor-version":[{"id":156836,"href":"https:\/\/www.rimadesio.it\/es\/wp-json\/wp\/v2\/pages\/156741\/revisions\/156836"}],"wp:attachment":[{"href":"https:\/\/www.rimadesio.it\/es\/wp-json\/wp\/v2\/media?parent=156741"}],"curies":[{"name":"wp","href":"https:\/\/api.w.org\/{rel}","templated":true}]}}