{"id":142391,"date":"2021-11-22T16:40:38","date_gmt":"2021-11-22T15:40:38","guid":{"rendered":"https:\/\/www.rimadesio.it\/politica-privacidad\/"},"modified":"2024-07-02T10:54:35","modified_gmt":"2024-07-02T08:54:35","slug":"politica-privacidad","status":"publish","type":"page","link":"https:\/\/www.rimadesio.it\/es\/politica-privacidad\/","title":{"rendered":"INFORMACI\u00d3N SOBRE EL TRATAMIENTO DE LOS DATOS PERSONALES"},"content":{"rendered":"<p>ART. 13 REGLAMENTO UE 2016\/679 (RGPD)<br \/>\nDe conformidad con el art\u00edculo 13 del Reglamento UE 679\/2016 en materia de protecci\u00f3n de los datos personales (RGPD), le informamos que los datos personales que nos facilite podr\u00e1n ser tratados de conformidad con lo siguiente.<\/p>\n<p>&nbsp;<\/p>\n<h2>1.IDENTIDAD Y DATOS DE CONTACTO<\/h2>\n<p>Titular del tratamiento Rimadesio S.p.A.<br \/>\nVAT number 00685930968<br \/>\nvia Furlanelli 96 \u2013 20833 Giussano (MB)<br \/>\nrimadesio@rimadesio.it | Tel: +39 0362 3171<\/p>\n<p>&nbsp;<\/p>\n<h2>2.FINALIDAD DEL TRATAMIENTO Y BASE JUR\u00cdDICA<\/h2>\n<p>Sin perjuicio de obtener su consentimiento expreso (art. 6 apartado 1 letra A del RGPD), sus datos personales podr\u00e1n ser utilizados con el fin de enviarle material informativo y comercial que ilustre los productos y servicios ofrecidos por Rimadesio S.p.A.<br \/>\nEn caso de que solicite un presupuesto, sus datos personales tambi\u00e9n podr\u00e1n ser tratados con la finalidad de tramitar y gestionar esta solicitud. El tratamiento en cuesti\u00f3n permite eludir las medidas precontractuales adoptadas a petici\u00f3n del interesado (art. 6 apartado 1 letra B del RGPD).<br \/>\nLos datos que se deriven de la cumplimentaci\u00f3n de nuestros formularios o de la obtenci\u00f3n de los presupuestos solicitados, de los intereses expresados en nuestros productos y del tipo de sus compras, podr\u00e1n ser utilizados exclusivamente con su consentimiento libre, facultativo, espec\u00edfico y expl\u00edcito (art. 6 apartado 1 letra A del GDPR), as\u00ed como para identificar y definir los gustos, preferencias, h\u00e1bitos, necesidades y elecciones de consumo de su persona (lo que se conoce en general como \u00abperfil\u00bb).<\/p>\n<p>&nbsp;<\/p>\n<h2>3.COMUNICACI\u00d3N DE DATOS A PARTES DISTINTAS DEL TITULAR<\/h2>\n<p>Sus datos personales podr\u00e1n ser utilizados por:<br \/>\n&#8211; Encargados del tratamiento bajo la autoridad del titular del mismo;<br \/>\n&#8211; Responsables del tratamiento designados por el titular del mismo.<br \/>\nTodos los responsables del tratamiento designados estar\u00e1n obligados a regirse por las reglas de la protecci\u00f3n y la confidencialidad de los datos especificados mediante contrato, y siempre puede solicitarse la lista actualizada de responsables del tratamiento al Titular del mismo.<\/p>\n<p>&nbsp;<\/p>\n<h2>4.TRANSFERENCIA DE DATOS A TERCEROS PA\u00cdSES<\/h2>\n<p>Puede ser necesario comunicar sus datos personales tambi\u00e9n fuera de la Uni\u00f3n Europea, proceso que se regir\u00e1 bajo la garant\u00eda de la decisi\u00f3n de adecuaci\u00f3n (art. 45 RGPD) o las cl\u00e1usulas contractuales tipo de la Comisi\u00f3n Europea (art. 46, apartado 2, letra C del RGPD), y que podr\u00e1 solicitarse al Titular del tratamiento en las direcciones de contacto indicadas anteriormente.<\/p>\n<p>&nbsp;<\/p>\n<h2>5.TIEMPO DE CONSERVACI\u00d3N DE LOS DATOS<\/h2>\n<ul>\n<li>Los datos personales adquiridos con la finalidad de tramitar su solicitud de presupuesto se conservar\u00e1n por un periodo de tiempo no superior a 12 meses.<\/li>\n<li>Los datos personales adquiridos con el fin de enviar material informativo y comercial se conservar\u00e1n hasta que usted exprese que ya no desea seguir utilizando el servicio y, en cualquier caso, durante un per\u00edodo no superior a 24 meses desde la obtenci\u00f3n de su consentimiento.<\/li>\n<li>Los datos personales tratados con fines de elaboraci\u00f3n de perfiles se conservar\u00e1n durante 12 meses desde el registro de los datos, o hasta que se revoque su consentimiento.<\/li>\n<\/ul>\n<p>&nbsp;<\/p>\n<h2>6.DERECHOS DEL INTERESADO<\/h2>\n<p>Para hacer valer sus derechos, seg\u00fan lo previsto en el art\u00edculo 15 y siguientes del RGPD, puede dirigirse al Titular del tratamiento o al Responsable de protecci\u00f3n de datos a trav\u00e9s de la informaci\u00f3n de contacto indicada anteriormente, identific\u00e1ndose y especificando la naturaleza de la solicitud o problema objeto de la comunicaci\u00f3n.<br \/>\nPodr\u00e1 ejercitar los derechos de acceso, rectificaci\u00f3n, cancelaci\u00f3n, limitaci\u00f3n y oposici\u00f3n al tratamiento sobre sus datos.<br \/>\nEl interesado\/a tiene derecho a retirar el consentimiento al tratamiento de sus datos personales en cualquier momento poni\u00e9ndose en contacto con \u00abRIMADESIO S.p.A.\u00bb a partir de los datos de contacto indicados anteriormente. De conformidad con el art. 7 del Reglamento UE, la revocaci\u00f3n del consentimiento no perjudica la licitud del tratamiento basado en el consentimiento prestado antes de la revocaci\u00f3n.<br \/>\nTambi\u00e9n tiene derecho a presentar una reclamaci\u00f3n ante la autoridad de control garante de la privacidad, ubicada en Piazza Venezia, 11 &#8211; 00186 Roma \u2013 Tel. 06.696771 &#8211; Correo electr\u00f3nico: protocollo@gpdp.it<\/p>\n<p style=\"text-align: right;\">01 de Julio de 2024<\/p>\n","protected":false},"excerpt":{"rendered":"<p>ART. 13 REGLAMENTO UE 2016\/679 (RGPD) De conformidad con el art\u00edculo 13 del Reglamento UE 679\/2016 en materia de protecci\u00f3n de los datos personales (RGPD), le informamos que los datos personales que nos facilite podr\u00e1n ser tratados de conformidad con lo siguiente. &nbsp; 1.IDENTIDAD Y DATOS DE CONTACTO Titular del tratamiento Rimadesio S.p.A. VAT number &hellip; <a href=\"https:\/\/www.rimadesio.it\/es\/politica-privacidad\/\">More<\/a><\/p>\n","protected":false},"author":64297,"featured_media":0,"parent":0,"menu_order":322,"comment_status":"closed","ping_status":"closed","template":"","meta":{"inline_featured_image":false},"acf":[],"yoast_head":"<!-- This site is optimized with the Yoast SEO plugin v20.4 - https:\/\/yoast.com\/wordpress\/plugins\/seo\/ -->\n<title>INFORMACI\u00d3N SOBRE EL TRATAMIENTO DE LOS DATOS PERSONALES - Rimadesio<\/title>\n<meta name=\"description\" content=\"ART. 13 REGLAMENTO UE 2016\/679 (RGPD) De conformidad con el art\u00edculo 13 del Reglamento UE 679\/2016 en materia de protecci\u00f3n de los datos personales\" \/>\n<meta name=\"robots\" content=\"index, follow, max-snippet:-1, max-image-preview:large, max-video-preview:-1\" \/>\n<link rel=\"canonical\" href=\"https:\/\/www.rimadesio.it\/es\/politica-privacidad\/\" \/>\n<meta property=\"og:locale\" content=\"es_ES\" \/>\n<meta property=\"og:type\" content=\"article\" \/>\n<meta property=\"og:title\" content=\"INFORMACI\u00d3N SOBRE EL TRATAMIENTO DE LOS DATOS PERSONALES - Rimadesio\" \/>\n<meta property=\"og:description\" content=\"ART. 13 REGLAMENTO UE 2016\/679 (RGPD) De conformidad con el art\u00edculo 13 del Reglamento UE 679\/2016 en materia de protecci\u00f3n de los datos personales\" \/>\n<meta property=\"og:url\" content=\"https:\/\/www.rimadesio.it\/es\/politica-privacidad\/\" \/>\n<meta property=\"og:site_name\" content=\"Rimadesio\" \/>\n<meta property=\"article:modified_time\" content=\"2024-07-02T08:54:35+00:00\" \/>\n<meta name=\"twitter:card\" content=\"summary_large_image\" \/>\n<meta name=\"twitter:label1\" content=\"Est. reading time\" \/>\n\t<meta name=\"twitter:data1\" content=\"3 minutes\" \/>\n<script type=\"application\/ld+json\" class=\"yoast-schema-graph\">{\"@context\":\"https:\/\/schema.org\",\"@graph\":[{\"@type\":\"WebPage\",\"@id\":\"https:\/\/www.rimadesio.it\/es\/politica-privacidad\/\",\"url\":\"https:\/\/www.rimadesio.it\/es\/politica-privacidad\/\",\"name\":\"INFORMACI\u00d3N SOBRE EL TRATAMIENTO DE LOS DATOS PERSONALES - Rimadesio\",\"isPartOf\":{\"@id\":\"https:\/\/www.rimadesio.it\/es\/#website\"},\"datePublished\":\"2021-11-22T15:40:38+00:00\",\"dateModified\":\"2024-07-02T08:54:35+00:00\",\"description\":\"ART. 13 REGLAMENTO UE 2016\/679 (RGPD) De conformidad con el art\u00edculo 13 del Reglamento UE 679\/2016 en materia de protecci\u00f3n de los datos personales\",\"breadcrumb\":{\"@id\":\"https:\/\/www.rimadesio.it\/es\/politica-privacidad\/#breadcrumb\"},\"inLanguage\":\"es-ES\",\"potentialAction\":[{\"@type\":\"ReadAction\",\"target\":[\"https:\/\/www.rimadesio.it\/es\/politica-privacidad\/\"]}]},{\"@type\":\"BreadcrumbList\",\"@id\":\"https:\/\/www.rimadesio.it\/es\/politica-privacidad\/#breadcrumb\",\"itemListElement\":[{\"@type\":\"ListItem\",\"position\":1,\"name\":\"Homepage\",\"item\":\"https:\/\/www.rimadesio.it\/es\/\"},{\"@type\":\"ListItem\",\"position\":2,\"name\":\"INFORMACI\u00d3N SOBRE EL TRATAMIENTO DE LOS DATOS PERSONALES\"}]},{\"@type\":\"WebSite\",\"@id\":\"https:\/\/www.rimadesio.it\/es\/#website\",\"url\":\"https:\/\/www.rimadesio.it\/es\/\",\"name\":\"Rimadesio\",\"description\":\"Rimadesio official website\",\"publisher\":{\"@id\":\"https:\/\/www.rimadesio.it\/es\/#organization\"},\"potentialAction\":[{\"@type\":\"SearchAction\",\"target\":{\"@type\":\"EntryPoint\",\"urlTemplate\":\"https:\/\/www.rimadesio.it\/es\/?s={search_term_string}\"},\"query-input\":\"required name=search_term_string\"}],\"inLanguage\":\"es-ES\"},{\"@type\":\"Organization\",\"@id\":\"https:\/\/www.rimadesio.it\/es\/#organization\",\"name\":\"Rimadesio\",\"url\":\"https:\/\/www.rimadesio.it\/es\/\",\"logo\":{\"@type\":\"ImageObject\",\"inLanguage\":\"es-ES\",\"@id\":\"https:\/\/www.rimadesio.it\/es\/#\/schema\/logo\/image\/\",\"url\":\"https:\/\/static.rimadesio.it\/media\/2021\/08\/Logo.png\",\"contentUrl\":\"https:\/\/static.rimadesio.it\/media\/2021\/08\/Logo.png\",\"width\":102,\"height\":18,\"caption\":\"Rimadesio\"},\"image\":{\"@id\":\"https:\/\/www.rimadesio.it\/es\/#\/schema\/logo\/image\/\"}}]}<\/script>\n<!-- \/ Yoast SEO plugin. -->","yoast_head_json":{"title":"INFORMACI\u00d3N SOBRE EL TRATAMIENTO DE LOS DATOS PERSONALES - Rimadesio","description":"ART. 13 REGLAMENTO UE 2016\/679 (RGPD) De conformidad con el art\u00edculo 13 del Reglamento UE 679\/2016 en materia de protecci\u00f3n de los datos personales","robots":{"index":"index","follow":"follow","max-snippet":"max-snippet:-1","max-image-preview":"max-image-preview:large","max-video-preview":"max-video-preview:-1"},"canonical":"https:\/\/www.rimadesio.it\/es\/politica-privacidad\/","og_locale":"es_ES","og_type":"article","og_title":"INFORMACI\u00d3N SOBRE EL TRATAMIENTO DE LOS DATOS PERSONALES - Rimadesio","og_description":"ART. 13 REGLAMENTO UE 2016\/679 (RGPD) De conformidad con el art\u00edculo 13 del Reglamento UE 679\/2016 en materia de protecci\u00f3n de los datos personales","og_url":"https:\/\/www.rimadesio.it\/es\/politica-privacidad\/","og_site_name":"Rimadesio","article_modified_time":"2024-07-02T08:54:35+00:00","twitter_card":"summary_large_image","twitter_misc":{"Est. reading time":"3 minutes"},"schema":{"@context":"https:\/\/schema.org","@graph":[{"@type":"WebPage","@id":"https:\/\/www.rimadesio.it\/es\/politica-privacidad\/","url":"https:\/\/www.rimadesio.it\/es\/politica-privacidad\/","name":"INFORMACI\u00d3N SOBRE EL TRATAMIENTO DE LOS DATOS PERSONALES - Rimadesio","isPartOf":{"@id":"https:\/\/www.rimadesio.it\/es\/#website"},"datePublished":"2021-11-22T15:40:38+00:00","dateModified":"2024-07-02T08:54:35+00:00","description":"ART. 13 REGLAMENTO UE 2016\/679 (RGPD) De conformidad con el art\u00edculo 13 del Reglamento UE 679\/2016 en materia de protecci\u00f3n de los datos personales","breadcrumb":{"@id":"https:\/\/www.rimadesio.it\/es\/politica-privacidad\/#breadcrumb"},"inLanguage":"es-ES","potentialAction":[{"@type":"ReadAction","target":["https:\/\/www.rimadesio.it\/es\/politica-privacidad\/"]}]},{"@type":"BreadcrumbList","@id":"https:\/\/www.rimadesio.it\/es\/politica-privacidad\/#breadcrumb","itemListElement":[{"@type":"ListItem","position":1,"name":"Homepage","item":"https:\/\/www.rimadesio.it\/es\/"},{"@type":"ListItem","position":2,"name":"INFORMACI\u00d3N SOBRE EL TRATAMIENTO DE LOS DATOS PERSONALES"}]},{"@type":"WebSite","@id":"https:\/\/www.rimadesio.it\/es\/#website","url":"https:\/\/www.rimadesio.it\/es\/","name":"Rimadesio","description":"Rimadesio official website","publisher":{"@id":"https:\/\/www.rimadesio.it\/es\/#organization"},"potentialAction":[{"@type":"SearchAction","target":{"@type":"EntryPoint","urlTemplate":"https:\/\/www.rimadesio.it\/es\/?s={search_term_string}"},"query-input":"required name=search_term_string"}],"inLanguage":"es-ES"},{"@type":"Organization","@id":"https:\/\/www.rimadesio.it\/es\/#organization","name":"Rimadesio","url":"https:\/\/www.rimadesio.it\/es\/","logo":{"@type":"ImageObject","inLanguage":"es-ES","@id":"https:\/\/www.rimadesio.it\/es\/#\/schema\/logo\/image\/","url":"https:\/\/static.rimadesio.it\/media\/2021\/08\/Logo.png","contentUrl":"https:\/\/static.rimadesio.it\/media\/2021\/08\/Logo.png","width":102,"height":18,"caption":"Rimadesio"},"image":{"@id":"https:\/\/www.rimadesio.it\/es\/#\/schema\/logo\/image\/"}}]}},"_links":{"self":[{"href":"https:\/\/www.rimadesio.it\/es\/wp-json\/wp\/v2\/pages\/142391"}],"collection":[{"href":"https:\/\/www.rimadesio.it\/es\/wp-json\/wp\/v2\/pages"}],"about":[{"href":"https:\/\/www.rimadesio.it\/es\/wp-json\/wp\/v2\/types\/page"}],"author":[{"embeddable":true,"href":"https:\/\/www.rimadesio.it\/es\/wp-json\/wp\/v2\/users\/64297"}],"replies":[{"embeddable":true,"href":"https:\/\/www.rimadesio.it\/es\/wp-json\/wp\/v2\/comments?post=142391"}],"version-history":[{"count":4,"href":"https:\/\/www.rimadesio.it\/es\/wp-json\/wp\/v2\/pages\/142391\/revisions"}],"predecessor-version":[{"id":164189,"href":"https:\/\/www.rimadesio.it\/es\/wp-json\/wp\/v2\/pages\/142391\/revisions\/164189"}],"wp:attachment":[{"href":"https:\/\/www.rimadesio.it\/es\/wp-json\/wp\/v2\/media?parent=142391"}],"curies":[{"name":"wp","href":"https:\/\/api.w.org\/{rel}","templated":true}]}}