{"id":142298,"date":"2021-11-21T16:41:10","date_gmt":"2021-11-21T15:41:10","guid":{"rendered":"https:\/\/www.rimadesio.it\/registrese\/"},"modified":"2023-04-11T17:03:14","modified_gmt":"2023-04-11T15:03:14","slug":"register","status":"publish","type":"page","link":"https:\/\/www.rimadesio.it\/es\/register\/","title":{"rendered":"Register"},"content":{"rendered":"<div class=\"tml tml-rimadesio_register\">\n<div class=\"tml-alerts\"><\/div><form name=\"rimadesio_register\" action=\"https:\/\/www.rimadesio.it\/es\/register\/\" method=\"post\" novalidate=\"novalidate\">\n<div class=\"tml-field-wrap tml-intro_text-wrap\">\nLos campos marcados con * son obligatorios<\/div>\n\n<div class=\"rimadesio-register-grid\">\n<div class=\"tml-field-wrap tml-first_name-wrap\">\n<input name=\"first_name\" type=\"text\" value=\"\" id=\"first_name\" autocapitalize=\"off\" placeholder=\"Nombre *\" class=\"tml-field\">\n<\/div>\n\n<div class=\"tml-field-wrap tml-last_name-wrap\">\n<input name=\"last_name\" type=\"text\" value=\"\" id=\"last_name\" autocapitalize=\"off\" placeholder=\"Apellido\" class=\"tml-field\">\n<\/div>\n\n<div class=\"tml-field-wrap tml-company-wrap\">\n<input name=\"company\" type=\"text\" value=\"\" id=\"company\" autocapitalize=\"off\" placeholder=\"Company\" required=\"\" class=\"tml-field\">\n<\/div>\n\n<div class=\"tml-field-wrap tml-work-wrap\">\n<select name=\"work\" id=\"work\" autocapitalize=\"off\" placeholder=\"Profesi\u00f3n*\" required=\"1\" class=\"tml-field\">\n<option value=\"\" selected=\"selected\">Job title*<\/option>\n<option value=\"Private\">Private<\/option>\n<option value=\"Architects_and_more\">Architects, Designer &amp; Developers<\/option>\n<option value=\"Dealers_and_more\">Dealers &amp; Distributors<\/option>\n<option value=\"Press\">Press<\/option>\n<\/select>\n<\/div>\n\n<div class=\"tml-field-wrap tml-phone-wrap\">\n<input name=\"phone\" type=\"text\" value=\"\" id=\"phone\" autocapitalize=\"off\" placeholder=\"Tel\u00e9fono\" class=\"tml-field\">\n<\/div>\n\n<div class=\"tml-field-wrap tml-email-wrap\">\n<input name=\"email\" type=\"email\" value=\"\" id=\"email\" autocapitalize=\"off\" placeholder=\"Email*\" class=\"tml-field\">\n<\/div>\n\n<div class=\"tml-field-wrap tml-autocomplete-wrap\">\n<input name=\"autocomplete\" type=\"text\" value=\"\" id=\"autocomplete\" placeholder=\"Ciudad*\" class=\"tml-field\">\n<\/div>\n\n<input name=\"country_iso\" type=\"hidden\" value=\"\" id=\"country_iso\">\n\n<input name=\"country\" type=\"hidden\" value=\"\" id=\"country\">\n\n<input name=\"state\" type=\"hidden\" value=\"\" id=\"state\">\n\n<input name=\"postal_code\" type=\"hidden\" value=\"\" id=\"postal_code\">\n\n<input name=\"city\" type=\"hidden\" value=\"\" id=\"city\">\n\n<\/div>\n<div class=\"tml-field-wrap tml-register_privacy_text-wrap\">\nDe conformidad con los art\u00edculos 7, 13 y siguientes del Reglamento UE 2016\/679, el Responsable del Tratamiento, Rimadesio S.p.A., en la persona del actual representante legal pro-tempore en Via Furlanelli 96 Giussano (MB), le informa que sus datos ser\u00e1n tratados inform\u00e1tica y manualmente, garantizando la m\u00e1xima confidencialidad, incluso a trav\u00e9s de terceros, de acuerdo con el art\u00edculo 5.1 para los fines siguientes: \nA) actividades administrativas, contables y precontractuales relacionadas, por ejemplo: recopilaci\u00f3n de datos para recibir informaci\u00f3n, cat\u00e1logos tras el evento\/exposici\u00f3n al que ha asistido - art. 6 p\u00e1rr. 1, letra b) del RGPD \nB) con el consentimiento previo y hasta su oposici\u00f3n, para actividades de marketing directo del Titular, por ejemplo: boletines informativos, estudios de mercado para recibir \u00abpor medios automatizados, correo electr\u00f3nico y postal\u00bb material informativo, para la detecci\u00f3n del grado de satisfacci\u00f3n, material promocional o eventos e iniciativas, del Titular - art. 6 p\u00e1rr. 1, letra a) del RGPD - consentimiento. Los datos no ser\u00e1n divulgados, pero podr\u00e1n ser comunicados a terceros, tambi\u00e9n para el env\u00edo de comunicaciones promocionales. Los datos personales proporcionados podr\u00e1n ser transferidos fuera de la UE, dentro de los l\u00edmites y en las condiciones establecidas en los art\u00edculos 44 y siguientes del Reglamento UE 2016\/679, para cumplir con los fines relacionados con la propia transferencia. Puede revocar su consentimiento en cualquier momento sin perjuicio de la finalidad A) Informaci\u00f3n sobre el periodo de conservaci\u00f3n de los datos y los responsables del tratamiento a petici\u00f3n. Como interesado, usted tiene los derechos contemplados en los art\u00edculos 15 y siguientes del Reglamento UE 2016\/679 y podr\u00e1 ejercerlos enviando un correo electr\u00f3nico a la direcci\u00f3n <a href=\"mailto:privacy@rimadesio.it\">privacy@rimadesio.it<\/a>. La informaci\u00f3n ampliada est\u00e1 disponible en el mostrador de informaci\u00f3n o por correo electr\u00f3nico en <a href=\"mailto:privacy@rimadesio.it\">privacy@rimadesio.it<\/a>.<\/div>\n\n<div class=\"tml-field-wrap tml-register_password-wrap\">\n<span class=\"tml-label\">Acconsento al trattamento dei dati per la creazione e comunicazione di password di accesso<\/span>\n<input name=\"register_password\" id=\"register_password_1\" type=\"radio\" value=\"1\" class=\"tml-checkbox\">\n<label class=\"tml-label\" for=\"register_password_1\">Doy mi consentimiento<\/label>\n<br \/><input name=\"register_password\" id=\"register_password_0\" type=\"radio\" value=\"0\" class=\"tml-checkbox\">\n<label class=\"tml-label\" for=\"register_password_0\">No doy mi consentimiento<\/label>\n<\/div>\n\n<div class=\"tml-field-wrap tml-register_newsletter-wrap\">\n<span class=\"tml-label\">Acconsento al trattamento dei miei dati personali per finalit\u00e0 di marketing e di invio di comunicazioni commerciali di Rimadesio S.p.A.<\/span>\n<input name=\"register_newsletter\" id=\"register_newsletter_1\" type=\"radio\" value=\"1\" class=\"tml-checkbox\">\n<label class=\"tml-label\" for=\"register_newsletter_1\">Doy mi consentimiento<\/label>\n<br \/><input name=\"register_newsletter\" id=\"register_newsletter_0\" type=\"radio\" value=\"0\" class=\"tml-checkbox\">\n<label class=\"tml-label\" for=\"register_newsletter_0\">No doy mi consentimiento<\/label>\n<\/div>\n\n<div class=\"tml-field-wrap tml-register_profilazione-wrap\">\n<span class=\"tml-label\">Acconsento al trattamento dei miei dati personali per individuare e definire i gusti, le preferenze, le abitudini, i bisogni e le scelte di consumo della mia persona (\u201cprofilazione\u201d)<\/span>\n<input name=\"register_profilazione\" id=\"register_profilazione_1\" type=\"radio\" value=\"1\" class=\"tml-checkbox\">\n<label class=\"tml-label\" for=\"register_profilazione_1\">Doy mi consentimiento<\/label>\n<br \/><input name=\"register_profilazione\" id=\"register_profilazione_0\" type=\"radio\" value=\"0\" class=\"tml-checkbox\">\n<label class=\"tml-label\" for=\"register_profilazione_0\">No doy mi consentimiento<\/label>\n<\/div>\n\n<div class=\"tml-field-wrap tml-recaptcha-wrap\">\n<div class=\"g-recaptcha\" data-sitekey=\"6Lc1mj8kAAAAADixcXyOUGuWTfTBQrNX2ZQfPKE8\" data-theme=\"light\"><\/div><\/div>\n\n\n<div class=\"tml-field-wrap tml-submit-wrap\">\n<button name=\"submit\" type=\"submit\" class=\"tml-button\">Registrarse<\/button>\n<\/div>\n\n<input name=\"redirect_to\" type=\"hidden\" value=\"https:\/\/www.rimadesio.it\/es\/reserved-area\/\">\n\n<input name=\"form_name_register\" type=\"hidden\" value=\"register_form\">\n\n<\/form>\n<\/div>\n\n","protected":false},"excerpt":{"rendered":"","protected":false},"author":64297,"featured_media":0,"parent":0,"menu_order":333,"comment_status":"closed","ping_status":"closed","template":"template-register-login.php","meta":{"inline_featured_image":false},"acf":[],"yoast_head":"<!-- This site is optimized with the Yoast SEO plugin v20.4 - https:\/\/yoast.com\/wordpress\/plugins\/seo\/ -->\n<title>Register - Rimadesio<\/title>\n<meta name=\"robots\" content=\"index, follow, max-snippet:-1, max-image-preview:large, max-video-preview:-1\" \/>\n<link rel=\"canonical\" href=\"https:\/\/www.rimadesio.it\/es\/register\/\" \/>\n<meta property=\"og:locale\" content=\"es_ES\" \/>\n<meta property=\"og:type\" content=\"article\" \/>\n<meta property=\"og:title\" content=\"Register - Rimadesio\" \/>\n<meta property=\"og:url\" content=\"https:\/\/www.rimadesio.it\/es\/register\/\" \/>\n<meta property=\"og:site_name\" content=\"Rimadesio\" \/>\n<meta property=\"article:modified_time\" content=\"2023-04-11T15:03:14+00:00\" \/>\n<meta name=\"twitter:card\" content=\"summary_large_image\" \/>\n<script type=\"application\/ld+json\" class=\"yoast-schema-graph\">{\"@context\":\"https:\/\/schema.org\",\"@graph\":[{\"@type\":\"WebPage\",\"@id\":\"https:\/\/www.rimadesio.it\/es\/register\/\",\"url\":\"https:\/\/www.rimadesio.it\/es\/register\/\",\"name\":\"Register - Rimadesio\",\"isPartOf\":{\"@id\":\"https:\/\/www.rimadesio.it\/es\/#website\"},\"datePublished\":\"2021-11-21T15:41:10+00:00\",\"dateModified\":\"2023-04-11T15:03:14+00:00\",\"breadcrumb\":{\"@id\":\"https:\/\/www.rimadesio.it\/es\/register\/#breadcrumb\"},\"inLanguage\":\"es-ES\",\"potentialAction\":[{\"@type\":\"ReadAction\",\"target\":[\"https:\/\/www.rimadesio.it\/es\/register\/\"]}]},{\"@type\":\"BreadcrumbList\",\"@id\":\"https:\/\/www.rimadesio.it\/es\/register\/#breadcrumb\",\"itemListElement\":[{\"@type\":\"ListItem\",\"position\":1,\"name\":\"Homepage\",\"item\":\"https:\/\/www.rimadesio.it\/es\/\"},{\"@type\":\"ListItem\",\"position\":2,\"name\":\"Register\"}]},{\"@type\":\"WebSite\",\"@id\":\"https:\/\/www.rimadesio.it\/es\/#website\",\"url\":\"https:\/\/www.rimadesio.it\/es\/\",\"name\":\"Rimadesio\",\"description\":\"Rimadesio official website\",\"publisher\":{\"@id\":\"https:\/\/www.rimadesio.it\/es\/#organization\"},\"potentialAction\":[{\"@type\":\"SearchAction\",\"target\":{\"@type\":\"EntryPoint\",\"urlTemplate\":\"https:\/\/www.rimadesio.it\/es\/?s={search_term_string}\"},\"query-input\":\"required name=search_term_string\"}],\"inLanguage\":\"es-ES\"},{\"@type\":\"Organization\",\"@id\":\"https:\/\/www.rimadesio.it\/es\/#organization\",\"name\":\"Rimadesio\",\"url\":\"https:\/\/www.rimadesio.it\/es\/\",\"logo\":{\"@type\":\"ImageObject\",\"inLanguage\":\"es-ES\",\"@id\":\"https:\/\/www.rimadesio.it\/es\/#\/schema\/logo\/image\/\",\"url\":\"https:\/\/static.rimadesio.it\/media\/2021\/08\/Logo.png\",\"contentUrl\":\"https:\/\/static.rimadesio.it\/media\/2021\/08\/Logo.png\",\"width\":102,\"height\":18,\"caption\":\"Rimadesio\"},\"image\":{\"@id\":\"https:\/\/www.rimadesio.it\/es\/#\/schema\/logo\/image\/\"}}]}<\/script>\n<!-- \/ Yoast SEO plugin. -->","yoast_head_json":{"title":"Register - Rimadesio","robots":{"index":"index","follow":"follow","max-snippet":"max-snippet:-1","max-image-preview":"max-image-preview:large","max-video-preview":"max-video-preview:-1"},"canonical":"https:\/\/www.rimadesio.it\/es\/register\/","og_locale":"es_ES","og_type":"article","og_title":"Register - Rimadesio","og_url":"https:\/\/www.rimadesio.it\/es\/register\/","og_site_name":"Rimadesio","article_modified_time":"2023-04-11T15:03:14+00:00","twitter_card":"summary_large_image","schema":{"@context":"https:\/\/schema.org","@graph":[{"@type":"WebPage","@id":"https:\/\/www.rimadesio.it\/es\/register\/","url":"https:\/\/www.rimadesio.it\/es\/register\/","name":"Register - Rimadesio","isPartOf":{"@id":"https:\/\/www.rimadesio.it\/es\/#website"},"datePublished":"2021-11-21T15:41:10+00:00","dateModified":"2023-04-11T15:03:14+00:00","breadcrumb":{"@id":"https:\/\/www.rimadesio.it\/es\/register\/#breadcrumb"},"inLanguage":"es-ES","potentialAction":[{"@type":"ReadAction","target":["https:\/\/www.rimadesio.it\/es\/register\/"]}]},{"@type":"BreadcrumbList","@id":"https:\/\/www.rimadesio.it\/es\/register\/#breadcrumb","itemListElement":[{"@type":"ListItem","position":1,"name":"Homepage","item":"https:\/\/www.rimadesio.it\/es\/"},{"@type":"ListItem","position":2,"name":"Register"}]},{"@type":"WebSite","@id":"https:\/\/www.rimadesio.it\/es\/#website","url":"https:\/\/www.rimadesio.it\/es\/","name":"Rimadesio","description":"Rimadesio official website","publisher":{"@id":"https:\/\/www.rimadesio.it\/es\/#organization"},"potentialAction":[{"@type":"SearchAction","target":{"@type":"EntryPoint","urlTemplate":"https:\/\/www.rimadesio.it\/es\/?s={search_term_string}"},"query-input":"required name=search_term_string"}],"inLanguage":"es-ES"},{"@type":"Organization","@id":"https:\/\/www.rimadesio.it\/es\/#organization","name":"Rimadesio","url":"https:\/\/www.rimadesio.it\/es\/","logo":{"@type":"ImageObject","inLanguage":"es-ES","@id":"https:\/\/www.rimadesio.it\/es\/#\/schema\/logo\/image\/","url":"https:\/\/static.rimadesio.it\/media\/2021\/08\/Logo.png","contentUrl":"https:\/\/static.rimadesio.it\/media\/2021\/08\/Logo.png","width":102,"height":18,"caption":"Rimadesio"},"image":{"@id":"https:\/\/www.rimadesio.it\/es\/#\/schema\/logo\/image\/"}}]}},"_links":{"self":[{"href":"https:\/\/www.rimadesio.it\/es\/wp-json\/wp\/v2\/pages\/142298"}],"collection":[{"href":"https:\/\/www.rimadesio.it\/es\/wp-json\/wp\/v2\/pages"}],"about":[{"href":"https:\/\/www.rimadesio.it\/es\/wp-json\/wp\/v2\/types\/page"}],"author":[{"embeddable":true,"href":"https:\/\/www.rimadesio.it\/es\/wp-json\/wp\/v2\/users\/64297"}],"replies":[{"embeddable":true,"href":"https:\/\/www.rimadesio.it\/es\/wp-json\/wp\/v2\/comments?post=142298"}],"version-history":[{"count":2,"href":"https:\/\/www.rimadesio.it\/es\/wp-json\/wp\/v2\/pages\/142298\/revisions"}],"predecessor-version":[{"id":159075,"href":"https:\/\/www.rimadesio.it\/es\/wp-json\/wp\/v2\/pages\/142298\/revisions\/159075"}],"wp:attachment":[{"href":"https:\/\/www.rimadesio.it\/es\/wp-json\/wp\/v2\/media?parent=142298"}],"curies":[{"name":"wp","href":"https:\/\/api.w.org\/{rel}","templated":true}]}}