{"id":142293,"date":"2021-11-21T16:30:57","date_gmt":"2021-11-21T15:30:57","guid":{"rendered":"https:\/\/www.rimadesio.it\/about-us-2\/"},"modified":"2024-11-15T16:31:25","modified_gmt":"2024-11-15T15:31:25","slug":"about-us","status":"publish","type":"page","link":"https:\/\/www.rimadesio.it\/es\/about-us\/","title":{"rendered":"About Us"},"content":{"rendered":"<p>Rimadesio produce sistemas para la subdivisi\u00f3n de los ambientes y la definici\u00f3n arquitect\u00f3nica de los interiores. Puertas, paneles correderos, librer\u00edas y sistemas modulares para la zona de d\u00eda, vestidores y una colecci\u00f3n de accesorios: una oferta en continua expansi\u00f3n y constante evoluci\u00f3n estil\u00edstica. Proyectos marcados por la concreci\u00f3n, en los que la simplicidad del concepto se elabora a trav\u00e9s de una experiencia t\u00e9cnica excepcional. El objetivo de Rimadesio es seguir desarrollando su cultura de dise\u00f1o y su tecnolog\u00eda de producci\u00f3n, para ofrecer propuestas funcionalmente innovadoras, capaces de garantizar la m\u00e1xima fiabilidad en el tiempo.<\/p>\n","protected":false},"excerpt":{"rendered":"<p>Rimadesio produce sistemas para la subdivisi\u00f3n de los ambientes y la definici\u00f3n arquitect\u00f3nica de los interiores. Puertas, paneles correderos, librer\u00edas y sistemas modulares para la zona de d\u00eda, vestidores y una colecci\u00f3n de accesorios: una oferta en continua expansi\u00f3n y constante evoluci\u00f3n estil\u00edstica. Proyectos marcados por la concreci\u00f3n, en los que la simplicidad del concepto &hellip; <a href=\"https:\/\/www.rimadesio.it\/es\/about-us\/\">More<\/a><\/p>\n","protected":false},"author":65156,"featured_media":0,"parent":0,"menu_order":337,"comment_status":"closed","ping_status":"closed","template":"","meta":{"inline_featured_image":false},"acf":[],"yoast_head":"<!-- This site is optimized with the Yoast SEO plugin v20.4 - https:\/\/yoast.com\/wordpress\/plugins\/seo\/ -->\n<title>About Us - Rimadesio<\/title>\n<meta name=\"description\" content=\"Rimadesio produce sistemas para la subdivisi\u00f3n de los ambientes y la definici\u00f3n arquitect\u00f3nica de los interiores. Puertas, paneles correderos, librer\u00edas y\" \/>\n<meta name=\"robots\" content=\"index, follow, max-snippet:-1, max-image-preview:large, max-video-preview:-1\" \/>\n<link rel=\"canonical\" href=\"https:\/\/www.rimadesio.it\/es\/about-us\/\" \/>\n<meta property=\"og:locale\" content=\"es_ES\" \/>\n<meta property=\"og:type\" content=\"article\" \/>\n<meta property=\"og:title\" content=\"About Us - Rimadesio\" \/>\n<meta property=\"og:description\" content=\"Rimadesio produce sistemas para la subdivisi\u00f3n de los ambientes y la definici\u00f3n arquitect\u00f3nica de los interiores. Puertas, paneles correderos, librer\u00edas y\" \/>\n<meta property=\"og:url\" content=\"https:\/\/www.rimadesio.it\/es\/about-us\/\" \/>\n<meta property=\"og:site_name\" content=\"Rimadesio\" \/>\n<meta property=\"article:modified_time\" content=\"2024-11-15T15:31:25+00:00\" \/>\n<meta name=\"twitter:card\" content=\"summary_large_image\" \/>\n<meta name=\"twitter:label1\" content=\"Est. reading time\" \/>\n\t<meta name=\"twitter:data1\" content=\"1 minute\" \/>\n<script type=\"application\/ld+json\" class=\"yoast-schema-graph\">{\"@context\":\"https:\/\/schema.org\",\"@graph\":[{\"@type\":\"WebPage\",\"@id\":\"https:\/\/www.rimadesio.it\/es\/about-us\/\",\"url\":\"https:\/\/www.rimadesio.it\/es\/about-us\/\",\"name\":\"About Us - Rimadesio\",\"isPartOf\":{\"@id\":\"https:\/\/www.rimadesio.it\/es\/#website\"},\"datePublished\":\"2021-11-21T15:30:57+00:00\",\"dateModified\":\"2024-11-15T15:31:25+00:00\",\"description\":\"Rimadesio produce sistemas para la subdivisi\u00f3n de los ambientes y la definici\u00f3n arquitect\u00f3nica de los interiores. Puertas, paneles correderos, librer\u00edas y\",\"breadcrumb\":{\"@id\":\"https:\/\/www.rimadesio.it\/es\/about-us\/#breadcrumb\"},\"inLanguage\":\"es-ES\",\"potentialAction\":[{\"@type\":\"ReadAction\",\"target\":[\"https:\/\/www.rimadesio.it\/es\/about-us\/\"]}]},{\"@type\":\"BreadcrumbList\",\"@id\":\"https:\/\/www.rimadesio.it\/es\/about-us\/#breadcrumb\",\"itemListElement\":[{\"@type\":\"ListItem\",\"position\":1,\"name\":\"Homepage\",\"item\":\"https:\/\/www.rimadesio.it\/es\/\"},{\"@type\":\"ListItem\",\"position\":2,\"name\":\"About Us\"}]},{\"@type\":\"WebSite\",\"@id\":\"https:\/\/www.rimadesio.it\/es\/#website\",\"url\":\"https:\/\/www.rimadesio.it\/es\/\",\"name\":\"Rimadesio\",\"description\":\"Rimadesio official website\",\"publisher\":{\"@id\":\"https:\/\/www.rimadesio.it\/es\/#organization\"},\"potentialAction\":[{\"@type\":\"SearchAction\",\"target\":{\"@type\":\"EntryPoint\",\"urlTemplate\":\"https:\/\/www.rimadesio.it\/es\/?s={search_term_string}\"},\"query-input\":\"required name=search_term_string\"}],\"inLanguage\":\"es-ES\"},{\"@type\":\"Organization\",\"@id\":\"https:\/\/www.rimadesio.it\/es\/#organization\",\"name\":\"Rimadesio\",\"url\":\"https:\/\/www.rimadesio.it\/es\/\",\"logo\":{\"@type\":\"ImageObject\",\"inLanguage\":\"es-ES\",\"@id\":\"https:\/\/www.rimadesio.it\/es\/#\/schema\/logo\/image\/\",\"url\":\"https:\/\/static.rimadesio.it\/media\/2021\/08\/Logo.png\",\"contentUrl\":\"https:\/\/static.rimadesio.it\/media\/2021\/08\/Logo.png\",\"width\":102,\"height\":18,\"caption\":\"Rimadesio\"},\"image\":{\"@id\":\"https:\/\/www.rimadesio.it\/es\/#\/schema\/logo\/image\/\"}}]}<\/script>\n<!-- \/ Yoast SEO plugin. -->","yoast_head_json":{"title":"About Us - Rimadesio","description":"Rimadesio produce sistemas para la subdivisi\u00f3n de los ambientes y la definici\u00f3n arquitect\u00f3nica de los interiores. Puertas, paneles correderos, librer\u00edas y","robots":{"index":"index","follow":"follow","max-snippet":"max-snippet:-1","max-image-preview":"max-image-preview:large","max-video-preview":"max-video-preview:-1"},"canonical":"https:\/\/www.rimadesio.it\/es\/about-us\/","og_locale":"es_ES","og_type":"article","og_title":"About Us - Rimadesio","og_description":"Rimadesio produce sistemas para la subdivisi\u00f3n de los ambientes y la definici\u00f3n arquitect\u00f3nica de los interiores. Puertas, paneles correderos, librer\u00edas y","og_url":"https:\/\/www.rimadesio.it\/es\/about-us\/","og_site_name":"Rimadesio","article_modified_time":"2024-11-15T15:31:25+00:00","twitter_card":"summary_large_image","twitter_misc":{"Est. reading time":"1 minute"},"schema":{"@context":"https:\/\/schema.org","@graph":[{"@type":"WebPage","@id":"https:\/\/www.rimadesio.it\/es\/about-us\/","url":"https:\/\/www.rimadesio.it\/es\/about-us\/","name":"About Us - Rimadesio","isPartOf":{"@id":"https:\/\/www.rimadesio.it\/es\/#website"},"datePublished":"2021-11-21T15:30:57+00:00","dateModified":"2024-11-15T15:31:25+00:00","description":"Rimadesio produce sistemas para la subdivisi\u00f3n de los ambientes y la definici\u00f3n arquitect\u00f3nica de los interiores. Puertas, paneles correderos, librer\u00edas y","breadcrumb":{"@id":"https:\/\/www.rimadesio.it\/es\/about-us\/#breadcrumb"},"inLanguage":"es-ES","potentialAction":[{"@type":"ReadAction","target":["https:\/\/www.rimadesio.it\/es\/about-us\/"]}]},{"@type":"BreadcrumbList","@id":"https:\/\/www.rimadesio.it\/es\/about-us\/#breadcrumb","itemListElement":[{"@type":"ListItem","position":1,"name":"Homepage","item":"https:\/\/www.rimadesio.it\/es\/"},{"@type":"ListItem","position":2,"name":"About Us"}]},{"@type":"WebSite","@id":"https:\/\/www.rimadesio.it\/es\/#website","url":"https:\/\/www.rimadesio.it\/es\/","name":"Rimadesio","description":"Rimadesio official website","publisher":{"@id":"https:\/\/www.rimadesio.it\/es\/#organization"},"potentialAction":[{"@type":"SearchAction","target":{"@type":"EntryPoint","urlTemplate":"https:\/\/www.rimadesio.it\/es\/?s={search_term_string}"},"query-input":"required name=search_term_string"}],"inLanguage":"es-ES"},{"@type":"Organization","@id":"https:\/\/www.rimadesio.it\/es\/#organization","name":"Rimadesio","url":"https:\/\/www.rimadesio.it\/es\/","logo":{"@type":"ImageObject","inLanguage":"es-ES","@id":"https:\/\/www.rimadesio.it\/es\/#\/schema\/logo\/image\/","url":"https:\/\/static.rimadesio.it\/media\/2021\/08\/Logo.png","contentUrl":"https:\/\/static.rimadesio.it\/media\/2021\/08\/Logo.png","width":102,"height":18,"caption":"Rimadesio"},"image":{"@id":"https:\/\/www.rimadesio.it\/es\/#\/schema\/logo\/image\/"}}]}},"_links":{"self":[{"href":"https:\/\/www.rimadesio.it\/es\/wp-json\/wp\/v2\/pages\/142293"}],"collection":[{"href":"https:\/\/www.rimadesio.it\/es\/wp-json\/wp\/v2\/pages"}],"about":[{"href":"https:\/\/www.rimadesio.it\/es\/wp-json\/wp\/v2\/types\/page"}],"author":[{"embeddable":true,"href":"https:\/\/www.rimadesio.it\/es\/wp-json\/wp\/v2\/users\/65156"}],"replies":[{"embeddable":true,"href":"https:\/\/www.rimadesio.it\/es\/wp-json\/wp\/v2\/comments?post=142293"}],"version-history":[{"count":5,"href":"https:\/\/www.rimadesio.it\/es\/wp-json\/wp\/v2\/pages\/142293\/revisions"}],"predecessor-version":[{"id":167028,"href":"https:\/\/www.rimadesio.it\/es\/wp-json\/wp\/v2\/pages\/142293\/revisions\/167028"}],"wp:attachment":[{"href":"https:\/\/www.rimadesio.it\/es\/wp-json\/wp\/v2\/media?parent=142293"}],"curies":[{"name":"wp","href":"https:\/\/api.w.org\/{rel}","templated":true}]}}