{"id":142290,"date":"2021-11-21T16:03:50","date_gmt":"2021-11-21T15:03:50","guid":{"rendered":"https:\/\/www.rimadesio.it\/r-academy\/"},"modified":"2025-11-10T08:09:01","modified_gmt":"2025-11-10T07:09:01","slug":"r-academy","status":"publish","type":"page","link":"https:\/\/www.rimadesio.it\/es\/about-us\/r-academy\/","title":{"rendered":"R-Academy"},"content":{"rendered":"<p>Estructurada en torno a diferentes temas y niveles de profundizaci\u00f3n, la R-Academy representa una trayectoria fundamental para adquirir los conocimientos t\u00e9cnicos que el alto grado de innovaci\u00f3n de la empresa hace necesarios y que permiten aprovechar todo el potencial de dise\u00f1o de las colecciones.<\/p>\n","protected":false},"excerpt":{"rendered":"<p>Estructurada en torno a diferentes temas y niveles de profundizaci\u00f3n, la R-Academy representa una trayectoria fundamental para adquirir los conocimientos t\u00e9cnicos que el alto grado de innovaci\u00f3n de la empresa hace necesarios y que permiten aprovechar todo el potencial de dise\u00f1o de las colecciones.<\/p>\n","protected":false},"author":65156,"featured_media":150719,"parent":142293,"menu_order":388,"comment_status":"closed","ping_status":"closed","template":"","meta":{"inline_featured_image":false},"acf":[],"yoast_head":"<!-- This site is optimized with the Yoast SEO plugin v20.4 - https:\/\/yoast.com\/wordpress\/plugins\/seo\/ -->\n<title>R-Academy - Rimadesio<\/title>\n<meta name=\"description\" content=\"Estructurada en torno a diferentes temas y niveles de profundizaci\u00f3n, la R-Academy representa una trayectoria fundamental para adquirir los conocimientos\" \/>\n<meta name=\"robots\" content=\"index, follow, max-snippet:-1, max-image-preview:large, max-video-preview:-1\" \/>\n<link rel=\"canonical\" href=\"https:\/\/www.rimadesio.it\/es\/about-us\/r-academy\/\" \/>\n<meta property=\"og:locale\" content=\"es_ES\" \/>\n<meta property=\"og:type\" content=\"article\" \/>\n<meta property=\"og:title\" content=\"R-Academy - Rimadesio\" \/>\n<meta property=\"og:description\" content=\"Estructurada en torno a diferentes temas y niveles de profundizaci\u00f3n, la R-Academy representa una trayectoria fundamental para adquirir los conocimientos\" \/>\n<meta property=\"og:url\" content=\"https:\/\/www.rimadesio.it\/es\/about-us\/r-academy\/\" \/>\n<meta property=\"og:site_name\" content=\"Rimadesio\" \/>\n<meta property=\"article:modified_time\" content=\"2025-11-10T07:09:01+00:00\" \/>\n<meta property=\"og:image\" content=\"https:\/\/static.rimadesio.it\/media\/2020\/10\/20_R-ACADEMY7-1-scaled.jpg\" \/>\n\t<meta property=\"og:image:width\" content=\"2560\" \/>\n\t<meta property=\"og:image:height\" content=\"1439\" \/>\n\t<meta property=\"og:image:type\" content=\"image\/jpeg\" \/>\n<meta name=\"twitter:card\" content=\"summary_large_image\" \/>\n<script type=\"application\/ld+json\" class=\"yoast-schema-graph\">{\"@context\":\"https:\/\/schema.org\",\"@graph\":[{\"@type\":\"WebPage\",\"@id\":\"https:\/\/www.rimadesio.it\/es\/about-us\/r-academy\/\",\"url\":\"https:\/\/www.rimadesio.it\/es\/about-us\/r-academy\/\",\"name\":\"R-Academy - Rimadesio\",\"isPartOf\":{\"@id\":\"https:\/\/www.rimadesio.it\/es\/#website\"},\"datePublished\":\"2021-11-21T15:03:50+00:00\",\"dateModified\":\"2025-11-10T07:09:01+00:00\",\"description\":\"Estructurada en torno a diferentes temas y niveles de profundizaci\u00f3n, la R-Academy representa una trayectoria fundamental para adquirir los conocimientos\",\"breadcrumb\":{\"@id\":\"https:\/\/www.rimadesio.it\/es\/about-us\/r-academy\/#breadcrumb\"},\"inLanguage\":\"es-ES\",\"potentialAction\":[{\"@type\":\"ReadAction\",\"target\":[\"https:\/\/www.rimadesio.it\/es\/about-us\/r-academy\/\"]}]},{\"@type\":\"BreadcrumbList\",\"@id\":\"https:\/\/www.rimadesio.it\/es\/about-us\/r-academy\/#breadcrumb\",\"itemListElement\":[{\"@type\":\"ListItem\",\"position\":1,\"name\":\"Homepage\",\"item\":\"https:\/\/www.rimadesio.it\/es\/\"},{\"@type\":\"ListItem\",\"position\":2,\"name\":\"About Us\",\"item\":\"https:\/\/www.rimadesio.it\/es\/about-us\/\"},{\"@type\":\"ListItem\",\"position\":3,\"name\":\"R-Academy\"}]},{\"@type\":\"WebSite\",\"@id\":\"https:\/\/www.rimadesio.it\/es\/#website\",\"url\":\"https:\/\/www.rimadesio.it\/es\/\",\"name\":\"Rimadesio\",\"description\":\"Rimadesio official website\",\"publisher\":{\"@id\":\"https:\/\/www.rimadesio.it\/es\/#organization\"},\"potentialAction\":[{\"@type\":\"SearchAction\",\"target\":{\"@type\":\"EntryPoint\",\"urlTemplate\":\"https:\/\/www.rimadesio.it\/es\/?s={search_term_string}\"},\"query-input\":\"required name=search_term_string\"}],\"inLanguage\":\"es-ES\"},{\"@type\":\"Organization\",\"@id\":\"https:\/\/www.rimadesio.it\/es\/#organization\",\"name\":\"Rimadesio\",\"url\":\"https:\/\/www.rimadesio.it\/es\/\",\"logo\":{\"@type\":\"ImageObject\",\"inLanguage\":\"es-ES\",\"@id\":\"https:\/\/www.rimadesio.it\/es\/#\/schema\/logo\/image\/\",\"url\":\"https:\/\/static.rimadesio.it\/media\/2021\/08\/Logo.png\",\"contentUrl\":\"https:\/\/static.rimadesio.it\/media\/2021\/08\/Logo.png\",\"width\":102,\"height\":18,\"caption\":\"Rimadesio\"},\"image\":{\"@id\":\"https:\/\/www.rimadesio.it\/es\/#\/schema\/logo\/image\/\"}}]}<\/script>\n<!-- \/ Yoast SEO plugin. -->","yoast_head_json":{"title":"R-Academy - Rimadesio","description":"Estructurada en torno a diferentes temas y niveles de profundizaci\u00f3n, la R-Academy representa una trayectoria fundamental para adquirir los conocimientos","robots":{"index":"index","follow":"follow","max-snippet":"max-snippet:-1","max-image-preview":"max-image-preview:large","max-video-preview":"max-video-preview:-1"},"canonical":"https:\/\/www.rimadesio.it\/es\/about-us\/r-academy\/","og_locale":"es_ES","og_type":"article","og_title":"R-Academy - Rimadesio","og_description":"Estructurada en torno a diferentes temas y niveles de profundizaci\u00f3n, la R-Academy representa una trayectoria fundamental para adquirir los conocimientos","og_url":"https:\/\/www.rimadesio.it\/es\/about-us\/r-academy\/","og_site_name":"Rimadesio","article_modified_time":"2025-11-10T07:09:01+00:00","og_image":[{"width":2560,"height":1439,"url":"https:\/\/static.rimadesio.it\/media\/2020\/10\/20_R-ACADEMY7-1-scaled.jpg","type":"image\/jpeg"}],"twitter_card":"summary_large_image","schema":{"@context":"https:\/\/schema.org","@graph":[{"@type":"WebPage","@id":"https:\/\/www.rimadesio.it\/es\/about-us\/r-academy\/","url":"https:\/\/www.rimadesio.it\/es\/about-us\/r-academy\/","name":"R-Academy - Rimadesio","isPartOf":{"@id":"https:\/\/www.rimadesio.it\/es\/#website"},"datePublished":"2021-11-21T15:03:50+00:00","dateModified":"2025-11-10T07:09:01+00:00","description":"Estructurada en torno a diferentes temas y niveles de profundizaci\u00f3n, la R-Academy representa una trayectoria fundamental para adquirir los conocimientos","breadcrumb":{"@id":"https:\/\/www.rimadesio.it\/es\/about-us\/r-academy\/#breadcrumb"},"inLanguage":"es-ES","potentialAction":[{"@type":"ReadAction","target":["https:\/\/www.rimadesio.it\/es\/about-us\/r-academy\/"]}]},{"@type":"BreadcrumbList","@id":"https:\/\/www.rimadesio.it\/es\/about-us\/r-academy\/#breadcrumb","itemListElement":[{"@type":"ListItem","position":1,"name":"Homepage","item":"https:\/\/www.rimadesio.it\/es\/"},{"@type":"ListItem","position":2,"name":"About Us","item":"https:\/\/www.rimadesio.it\/es\/about-us\/"},{"@type":"ListItem","position":3,"name":"R-Academy"}]},{"@type":"WebSite","@id":"https:\/\/www.rimadesio.it\/es\/#website","url":"https:\/\/www.rimadesio.it\/es\/","name":"Rimadesio","description":"Rimadesio official website","publisher":{"@id":"https:\/\/www.rimadesio.it\/es\/#organization"},"potentialAction":[{"@type":"SearchAction","target":{"@type":"EntryPoint","urlTemplate":"https:\/\/www.rimadesio.it\/es\/?s={search_term_string}"},"query-input":"required name=search_term_string"}],"inLanguage":"es-ES"},{"@type":"Organization","@id":"https:\/\/www.rimadesio.it\/es\/#organization","name":"Rimadesio","url":"https:\/\/www.rimadesio.it\/es\/","logo":{"@type":"ImageObject","inLanguage":"es-ES","@id":"https:\/\/www.rimadesio.it\/es\/#\/schema\/logo\/image\/","url":"https:\/\/static.rimadesio.it\/media\/2021\/08\/Logo.png","contentUrl":"https:\/\/static.rimadesio.it\/media\/2021\/08\/Logo.png","width":102,"height":18,"caption":"Rimadesio"},"image":{"@id":"https:\/\/www.rimadesio.it\/es\/#\/schema\/logo\/image\/"}}]}},"_links":{"self":[{"href":"https:\/\/www.rimadesio.it\/es\/wp-json\/wp\/v2\/pages\/142290"}],"collection":[{"href":"https:\/\/www.rimadesio.it\/es\/wp-json\/wp\/v2\/pages"}],"about":[{"href":"https:\/\/www.rimadesio.it\/es\/wp-json\/wp\/v2\/types\/page"}],"author":[{"embeddable":true,"href":"https:\/\/www.rimadesio.it\/es\/wp-json\/wp\/v2\/users\/65156"}],"replies":[{"embeddable":true,"href":"https:\/\/www.rimadesio.it\/es\/wp-json\/wp\/v2\/comments?post=142290"}],"version-history":[{"count":4,"href":"https:\/\/www.rimadesio.it\/es\/wp-json\/wp\/v2\/pages\/142290\/revisions"}],"predecessor-version":[{"id":170450,"href":"https:\/\/www.rimadesio.it\/es\/wp-json\/wp\/v2\/pages\/142290\/revisions\/170450"}],"up":[{"embeddable":true,"href":"https:\/\/www.rimadesio.it\/es\/wp-json\/wp\/v2\/pages\/142293"}],"wp:featuredmedia":[{"embeddable":true,"href":"https:\/\/www.rimadesio.it\/es\/wp-json\/wp\/v2\/media\/150719"}],"wp:attachment":[{"href":"https:\/\/www.rimadesio.it\/es\/wp-json\/wp\/v2\/media?parent=142290"}],"curies":[{"name":"wp","href":"https:\/\/api.w.org\/{rel}","templated":true}]}}