{"id":142284,"date":"2021-11-21T15:48:32","date_gmt":"2021-11-21T14:48:32","guid":{"rendered":"https:\/\/www.rimadesio.it\/filosofia-2\/"},"modified":"2022-04-11T16:14:16","modified_gmt":"2022-04-11T14:14:16","slug":"filosofia","status":"publish","type":"page","link":"https:\/\/www.rimadesio.it\/es\/filosofia\/","title":{"rendered":"Filosof\u00eda"},"content":{"rendered":"<p>Desde la originalidad del concept general hasta la b\u00fasqueda constante de soluciones innovadoras, desde la rigurosa selecci\u00f3n de materiales y componentes hasta el cuidado y la personalizaci\u00f3n de cada detalle: todas las etapas del proceso Rimadesio responden a los criterios de autenticidad y singularidad que han hecho inconfundible el estilo italiano en todo el mundo.<\/p>\n","protected":false},"excerpt":{"rendered":"<p>Desde la originalidad del concept general hasta la b\u00fasqueda constante de soluciones innovadoras, desde la rigurosa selecci\u00f3n de materiales y componentes hasta el cuidado y la personalizaci\u00f3n de cada detalle: todas las etapas del proceso Rimadesio responden a los criterios de autenticidad y singularidad que han hecho inconfundible el estilo italiano en todo el mundo.<\/p>\n","protected":false},"author":65156,"featured_media":0,"parent":0,"menu_order":340,"comment_status":"closed","ping_status":"closed","template":"","meta":{"inline_featured_image":false},"acf":[],"yoast_head":"<!-- This site is optimized with the Yoast SEO plugin v20.4 - https:\/\/yoast.com\/wordpress\/plugins\/seo\/ -->\n<title>Filosof\u00eda - Rimadesio<\/title>\n<meta name=\"description\" content=\"Desde la originalidad del concept general hasta la b\u00fasqueda constante de soluciones innovadoras, desde la rigurosa selecci\u00f3n de materiales y componentes\" \/>\n<meta name=\"robots\" content=\"index, follow, max-snippet:-1, max-image-preview:large, max-video-preview:-1\" \/>\n<link rel=\"canonical\" href=\"https:\/\/www.rimadesio.it\/es\/filosofia\/\" \/>\n<meta property=\"og:locale\" content=\"es_ES\" \/>\n<meta property=\"og:type\" content=\"article\" \/>\n<meta property=\"og:title\" content=\"Filosof\u00eda - Rimadesio\" \/>\n<meta property=\"og:description\" content=\"Desde la originalidad del concept general hasta la b\u00fasqueda constante de soluciones innovadoras, desde la rigurosa selecci\u00f3n de materiales y componentes\" \/>\n<meta property=\"og:url\" content=\"https:\/\/www.rimadesio.it\/es\/filosofia\/\" \/>\n<meta property=\"og:site_name\" content=\"Rimadesio\" \/>\n<meta property=\"article:modified_time\" content=\"2022-04-11T14:14:16+00:00\" \/>\n<meta name=\"twitter:card\" content=\"summary_large_image\" \/>\n<script type=\"application\/ld+json\" class=\"yoast-schema-graph\">{\"@context\":\"https:\/\/schema.org\",\"@graph\":[{\"@type\":\"WebPage\",\"@id\":\"https:\/\/www.rimadesio.it\/es\/filosofia\/\",\"url\":\"https:\/\/www.rimadesio.it\/es\/filosofia\/\",\"name\":\"Filosof\u00eda - Rimadesio\",\"isPartOf\":{\"@id\":\"https:\/\/www.rimadesio.it\/es\/#website\"},\"datePublished\":\"2021-11-21T14:48:32+00:00\",\"dateModified\":\"2022-04-11T14:14:16+00:00\",\"description\":\"Desde la originalidad del concept general hasta la b\u00fasqueda constante de soluciones innovadoras, desde la rigurosa selecci\u00f3n de materiales y componentes\",\"breadcrumb\":{\"@id\":\"https:\/\/www.rimadesio.it\/es\/filosofia\/#breadcrumb\"},\"inLanguage\":\"es-ES\",\"potentialAction\":[{\"@type\":\"ReadAction\",\"target\":[\"https:\/\/www.rimadesio.it\/es\/filosofia\/\"]}]},{\"@type\":\"BreadcrumbList\",\"@id\":\"https:\/\/www.rimadesio.it\/es\/filosofia\/#breadcrumb\",\"itemListElement\":[{\"@type\":\"ListItem\",\"position\":1,\"name\":\"Homepage\",\"item\":\"https:\/\/www.rimadesio.it\/es\/\"},{\"@type\":\"ListItem\",\"position\":2,\"name\":\"Filosof\u00eda\"}]},{\"@type\":\"WebSite\",\"@id\":\"https:\/\/www.rimadesio.it\/es\/#website\",\"url\":\"https:\/\/www.rimadesio.it\/es\/\",\"name\":\"Rimadesio\",\"description\":\"Rimadesio official website\",\"publisher\":{\"@id\":\"https:\/\/www.rimadesio.it\/es\/#organization\"},\"potentialAction\":[{\"@type\":\"SearchAction\",\"target\":{\"@type\":\"EntryPoint\",\"urlTemplate\":\"https:\/\/www.rimadesio.it\/es\/?s={search_term_string}\"},\"query-input\":\"required name=search_term_string\"}],\"inLanguage\":\"es-ES\"},{\"@type\":\"Organization\",\"@id\":\"https:\/\/www.rimadesio.it\/es\/#organization\",\"name\":\"Rimadesio\",\"url\":\"https:\/\/www.rimadesio.it\/es\/\",\"logo\":{\"@type\":\"ImageObject\",\"inLanguage\":\"es-ES\",\"@id\":\"https:\/\/www.rimadesio.it\/es\/#\/schema\/logo\/image\/\",\"url\":\"https:\/\/static.rimadesio.it\/media\/2021\/08\/Logo.png\",\"contentUrl\":\"https:\/\/static.rimadesio.it\/media\/2021\/08\/Logo.png\",\"width\":102,\"height\":18,\"caption\":\"Rimadesio\"},\"image\":{\"@id\":\"https:\/\/www.rimadesio.it\/es\/#\/schema\/logo\/image\/\"}}]}<\/script>\n<!-- \/ Yoast SEO plugin. -->","yoast_head_json":{"title":"Filosof\u00eda - Rimadesio","description":"Desde la originalidad del concept general hasta la b\u00fasqueda constante de soluciones innovadoras, desde la rigurosa selecci\u00f3n de materiales y componentes","robots":{"index":"index","follow":"follow","max-snippet":"max-snippet:-1","max-image-preview":"max-image-preview:large","max-video-preview":"max-video-preview:-1"},"canonical":"https:\/\/www.rimadesio.it\/es\/filosofia\/","og_locale":"es_ES","og_type":"article","og_title":"Filosof\u00eda - Rimadesio","og_description":"Desde la originalidad del concept general hasta la b\u00fasqueda constante de soluciones innovadoras, desde la rigurosa selecci\u00f3n de materiales y componentes","og_url":"https:\/\/www.rimadesio.it\/es\/filosofia\/","og_site_name":"Rimadesio","article_modified_time":"2022-04-11T14:14:16+00:00","twitter_card":"summary_large_image","schema":{"@context":"https:\/\/schema.org","@graph":[{"@type":"WebPage","@id":"https:\/\/www.rimadesio.it\/es\/filosofia\/","url":"https:\/\/www.rimadesio.it\/es\/filosofia\/","name":"Filosof\u00eda - Rimadesio","isPartOf":{"@id":"https:\/\/www.rimadesio.it\/es\/#website"},"datePublished":"2021-11-21T14:48:32+00:00","dateModified":"2022-04-11T14:14:16+00:00","description":"Desde la originalidad del concept general hasta la b\u00fasqueda constante de soluciones innovadoras, desde la rigurosa selecci\u00f3n de materiales y componentes","breadcrumb":{"@id":"https:\/\/www.rimadesio.it\/es\/filosofia\/#breadcrumb"},"inLanguage":"es-ES","potentialAction":[{"@type":"ReadAction","target":["https:\/\/www.rimadesio.it\/es\/filosofia\/"]}]},{"@type":"BreadcrumbList","@id":"https:\/\/www.rimadesio.it\/es\/filosofia\/#breadcrumb","itemListElement":[{"@type":"ListItem","position":1,"name":"Homepage","item":"https:\/\/www.rimadesio.it\/es\/"},{"@type":"ListItem","position":2,"name":"Filosof\u00eda"}]},{"@type":"WebSite","@id":"https:\/\/www.rimadesio.it\/es\/#website","url":"https:\/\/www.rimadesio.it\/es\/","name":"Rimadesio","description":"Rimadesio official website","publisher":{"@id":"https:\/\/www.rimadesio.it\/es\/#organization"},"potentialAction":[{"@type":"SearchAction","target":{"@type":"EntryPoint","urlTemplate":"https:\/\/www.rimadesio.it\/es\/?s={search_term_string}"},"query-input":"required name=search_term_string"}],"inLanguage":"es-ES"},{"@type":"Organization","@id":"https:\/\/www.rimadesio.it\/es\/#organization","name":"Rimadesio","url":"https:\/\/www.rimadesio.it\/es\/","logo":{"@type":"ImageObject","inLanguage":"es-ES","@id":"https:\/\/www.rimadesio.it\/es\/#\/schema\/logo\/image\/","url":"https:\/\/static.rimadesio.it\/media\/2021\/08\/Logo.png","contentUrl":"https:\/\/static.rimadesio.it\/media\/2021\/08\/Logo.png","width":102,"height":18,"caption":"Rimadesio"},"image":{"@id":"https:\/\/www.rimadesio.it\/es\/#\/schema\/logo\/image\/"}}]}},"_links":{"self":[{"href":"https:\/\/www.rimadesio.it\/es\/wp-json\/wp\/v2\/pages\/142284"}],"collection":[{"href":"https:\/\/www.rimadesio.it\/es\/wp-json\/wp\/v2\/pages"}],"about":[{"href":"https:\/\/www.rimadesio.it\/es\/wp-json\/wp\/v2\/types\/page"}],"author":[{"embeddable":true,"href":"https:\/\/www.rimadesio.it\/es\/wp-json\/wp\/v2\/users\/65156"}],"replies":[{"embeddable":true,"href":"https:\/\/www.rimadesio.it\/es\/wp-json\/wp\/v2\/comments?post=142284"}],"version-history":[{"count":2,"href":"https:\/\/www.rimadesio.it\/es\/wp-json\/wp\/v2\/pages\/142284\/revisions"}],"predecessor-version":[{"id":156493,"href":"https:\/\/www.rimadesio.it\/es\/wp-json\/wp\/v2\/pages\/142284\/revisions\/156493"}],"wp:attachment":[{"href":"https:\/\/www.rimadesio.it\/es\/wp-json\/wp\/v2\/media?parent=142284"}],"curies":[{"name":"wp","href":"https:\/\/api.w.org\/{rel}","templated":true}]}}