{"id":142280,"date":"2021-11-20T18:46:13","date_gmt":"2021-11-20T17:46:13","guid":{"rendered":"https:\/\/www.rimadesio.it\/estilo\/"},"modified":"2022-04-05T17:13:16","modified_gmt":"2022-04-05T15:13:16","slug":"estilo","status":"publish","type":"page","link":"https:\/\/www.rimadesio.it\/es\/filosofia\/estilo\/","title":{"rendered":"Estilo"},"content":{"rendered":"<p>Todos los aspectos de la realidad de Rimadesio, desde la colecci\u00f3n hasta los materiales y acabados, desde el centro de producci\u00f3n hasta los showrooms internacionales, desde la comunicaci\u00f3n digital hasta las herramientas de venta, se inspiran en una idea com\u00fan de calidad formal, hecha de esencialidad, armon\u00eda y precisi\u00f3n. La b\u00fasqueda de la coherencia en cada detalle es fundamental para expresar eficazmente la identidad corporativa y, por tanto, todas las cualidades de la propuesta.<\/p>\n","protected":false},"excerpt":{"rendered":"<p>Todos los aspectos de la realidad de Rimadesio, desde la colecci\u00f3n hasta los materiales y acabados, desde el centro de producci\u00f3n hasta los showrooms internacionales, desde la comunicaci\u00f3n digital hasta las herramientas de venta, se inspiran en una idea com\u00fan de calidad formal, hecha de esencialidad, armon\u00eda y precisi\u00f3n. La b\u00fasqueda de la coherencia en &hellip; <a href=\"https:\/\/www.rimadesio.it\/es\/filosofia\/estilo\/\">More<\/a><\/p>\n","protected":false},"author":65156,"featured_media":20633,"parent":142284,"menu_order":343,"comment_status":"closed","ping_status":"closed","template":"","meta":{"inline_featured_image":false},"acf":[],"yoast_head":"<!-- This site is optimized with the Yoast SEO plugin v20.4 - https:\/\/yoast.com\/wordpress\/plugins\/seo\/ -->\n<title>Estilo - Rimadesio<\/title>\n<meta name=\"description\" content=\"Todos los aspectos de la realidad de Rimadesio, desde la colecci\u00f3n hasta los materiales y acabados, desde el centro de producci\u00f3n hasta los showrooms\" \/>\n<meta name=\"robots\" content=\"index, follow, max-snippet:-1, max-image-preview:large, max-video-preview:-1\" \/>\n<link rel=\"canonical\" href=\"https:\/\/www.rimadesio.it\/es\/filosofia\/estilo\/\" \/>\n<meta property=\"og:locale\" content=\"es_ES\" \/>\n<meta property=\"og:type\" content=\"article\" \/>\n<meta property=\"og:title\" content=\"Estilo - Rimadesio\" \/>\n<meta property=\"og:description\" content=\"Todos los aspectos de la realidad de Rimadesio, desde la colecci\u00f3n hasta los materiales y acabados, desde el centro de producci\u00f3n hasta los showrooms\" \/>\n<meta property=\"og:url\" content=\"https:\/\/www.rimadesio.it\/es\/filosofia\/estilo\/\" \/>\n<meta property=\"og:site_name\" content=\"Rimadesio\" \/>\n<meta property=\"article:modified_time\" content=\"2022-04-05T15:13:16+00:00\" \/>\n<meta property=\"og:image\" content=\"https:\/\/static.rimadesio.it\/media\/2021\/08\/img-style.png\" \/>\n\t<meta property=\"og:image:width\" content=\"672\" \/>\n\t<meta property=\"og:image:height\" content=\"449\" \/>\n\t<meta property=\"og:image:type\" content=\"image\/png\" \/>\n<meta name=\"twitter:card\" content=\"summary_large_image\" \/>\n<script type=\"application\/ld+json\" class=\"yoast-schema-graph\">{\"@context\":\"https:\/\/schema.org\",\"@graph\":[{\"@type\":\"WebPage\",\"@id\":\"https:\/\/www.rimadesio.it\/es\/filosofia\/estilo\/\",\"url\":\"https:\/\/www.rimadesio.it\/es\/filosofia\/estilo\/\",\"name\":\"Estilo - Rimadesio\",\"isPartOf\":{\"@id\":\"https:\/\/www.rimadesio.it\/es\/#website\"},\"datePublished\":\"2021-11-20T17:46:13+00:00\",\"dateModified\":\"2022-04-05T15:13:16+00:00\",\"description\":\"Todos los aspectos de la realidad de Rimadesio, desde la colecci\u00f3n hasta los materiales y acabados, desde el centro de producci\u00f3n hasta los showrooms\",\"breadcrumb\":{\"@id\":\"https:\/\/www.rimadesio.it\/es\/filosofia\/estilo\/#breadcrumb\"},\"inLanguage\":\"es-ES\",\"potentialAction\":[{\"@type\":\"ReadAction\",\"target\":[\"https:\/\/www.rimadesio.it\/es\/filosofia\/estilo\/\"]}]},{\"@type\":\"BreadcrumbList\",\"@id\":\"https:\/\/www.rimadesio.it\/es\/filosofia\/estilo\/#breadcrumb\",\"itemListElement\":[{\"@type\":\"ListItem\",\"position\":1,\"name\":\"Homepage\",\"item\":\"https:\/\/www.rimadesio.it\/es\/\"},{\"@type\":\"ListItem\",\"position\":2,\"name\":\"Filosof\u00eda\",\"item\":\"https:\/\/www.rimadesio.it\/es\/filosofia\/\"},{\"@type\":\"ListItem\",\"position\":3,\"name\":\"Estilo\"}]},{\"@type\":\"WebSite\",\"@id\":\"https:\/\/www.rimadesio.it\/es\/#website\",\"url\":\"https:\/\/www.rimadesio.it\/es\/\",\"name\":\"Rimadesio\",\"description\":\"Rimadesio official website\",\"publisher\":{\"@id\":\"https:\/\/www.rimadesio.it\/es\/#organization\"},\"potentialAction\":[{\"@type\":\"SearchAction\",\"target\":{\"@type\":\"EntryPoint\",\"urlTemplate\":\"https:\/\/www.rimadesio.it\/es\/?s={search_term_string}\"},\"query-input\":\"required name=search_term_string\"}],\"inLanguage\":\"es-ES\"},{\"@type\":\"Organization\",\"@id\":\"https:\/\/www.rimadesio.it\/es\/#organization\",\"name\":\"Rimadesio\",\"url\":\"https:\/\/www.rimadesio.it\/es\/\",\"logo\":{\"@type\":\"ImageObject\",\"inLanguage\":\"es-ES\",\"@id\":\"https:\/\/www.rimadesio.it\/es\/#\/schema\/logo\/image\/\",\"url\":\"https:\/\/static.rimadesio.it\/media\/2021\/08\/Logo.png\",\"contentUrl\":\"https:\/\/static.rimadesio.it\/media\/2021\/08\/Logo.png\",\"width\":102,\"height\":18,\"caption\":\"Rimadesio\"},\"image\":{\"@id\":\"https:\/\/www.rimadesio.it\/es\/#\/schema\/logo\/image\/\"}}]}<\/script>\n<!-- \/ Yoast SEO plugin. -->","yoast_head_json":{"title":"Estilo - Rimadesio","description":"Todos los aspectos de la realidad de Rimadesio, desde la colecci\u00f3n hasta los materiales y acabados, desde el centro de producci\u00f3n hasta los showrooms","robots":{"index":"index","follow":"follow","max-snippet":"max-snippet:-1","max-image-preview":"max-image-preview:large","max-video-preview":"max-video-preview:-1"},"canonical":"https:\/\/www.rimadesio.it\/es\/filosofia\/estilo\/","og_locale":"es_ES","og_type":"article","og_title":"Estilo - Rimadesio","og_description":"Todos los aspectos de la realidad de Rimadesio, desde la colecci\u00f3n hasta los materiales y acabados, desde el centro de producci\u00f3n hasta los showrooms","og_url":"https:\/\/www.rimadesio.it\/es\/filosofia\/estilo\/","og_site_name":"Rimadesio","article_modified_time":"2022-04-05T15:13:16+00:00","og_image":[{"width":672,"height":449,"url":"https:\/\/static.rimadesio.it\/media\/2021\/08\/img-style.png","type":"image\/png"}],"twitter_card":"summary_large_image","schema":{"@context":"https:\/\/schema.org","@graph":[{"@type":"WebPage","@id":"https:\/\/www.rimadesio.it\/es\/filosofia\/estilo\/","url":"https:\/\/www.rimadesio.it\/es\/filosofia\/estilo\/","name":"Estilo - Rimadesio","isPartOf":{"@id":"https:\/\/www.rimadesio.it\/es\/#website"},"datePublished":"2021-11-20T17:46:13+00:00","dateModified":"2022-04-05T15:13:16+00:00","description":"Todos los aspectos de la realidad de Rimadesio, desde la colecci\u00f3n hasta los materiales y acabados, desde el centro de producci\u00f3n hasta los showrooms","breadcrumb":{"@id":"https:\/\/www.rimadesio.it\/es\/filosofia\/estilo\/#breadcrumb"},"inLanguage":"es-ES","potentialAction":[{"@type":"ReadAction","target":["https:\/\/www.rimadesio.it\/es\/filosofia\/estilo\/"]}]},{"@type":"BreadcrumbList","@id":"https:\/\/www.rimadesio.it\/es\/filosofia\/estilo\/#breadcrumb","itemListElement":[{"@type":"ListItem","position":1,"name":"Homepage","item":"https:\/\/www.rimadesio.it\/es\/"},{"@type":"ListItem","position":2,"name":"Filosof\u00eda","item":"https:\/\/www.rimadesio.it\/es\/filosofia\/"},{"@type":"ListItem","position":3,"name":"Estilo"}]},{"@type":"WebSite","@id":"https:\/\/www.rimadesio.it\/es\/#website","url":"https:\/\/www.rimadesio.it\/es\/","name":"Rimadesio","description":"Rimadesio official website","publisher":{"@id":"https:\/\/www.rimadesio.it\/es\/#organization"},"potentialAction":[{"@type":"SearchAction","target":{"@type":"EntryPoint","urlTemplate":"https:\/\/www.rimadesio.it\/es\/?s={search_term_string}"},"query-input":"required name=search_term_string"}],"inLanguage":"es-ES"},{"@type":"Organization","@id":"https:\/\/www.rimadesio.it\/es\/#organization","name":"Rimadesio","url":"https:\/\/www.rimadesio.it\/es\/","logo":{"@type":"ImageObject","inLanguage":"es-ES","@id":"https:\/\/www.rimadesio.it\/es\/#\/schema\/logo\/image\/","url":"https:\/\/static.rimadesio.it\/media\/2021\/08\/Logo.png","contentUrl":"https:\/\/static.rimadesio.it\/media\/2021\/08\/Logo.png","width":102,"height":18,"caption":"Rimadesio"},"image":{"@id":"https:\/\/www.rimadesio.it\/es\/#\/schema\/logo\/image\/"}}]}},"_links":{"self":[{"href":"https:\/\/www.rimadesio.it\/es\/wp-json\/wp\/v2\/pages\/142280"}],"collection":[{"href":"https:\/\/www.rimadesio.it\/es\/wp-json\/wp\/v2\/pages"}],"about":[{"href":"https:\/\/www.rimadesio.it\/es\/wp-json\/wp\/v2\/types\/page"}],"author":[{"embeddable":true,"href":"https:\/\/www.rimadesio.it\/es\/wp-json\/wp\/v2\/users\/65156"}],"replies":[{"embeddable":true,"href":"https:\/\/www.rimadesio.it\/es\/wp-json\/wp\/v2\/comments?post=142280"}],"version-history":[{"count":2,"href":"https:\/\/www.rimadesio.it\/es\/wp-json\/wp\/v2\/pages\/142280\/revisions"}],"predecessor-version":[{"id":156331,"href":"https:\/\/www.rimadesio.it\/es\/wp-json\/wp\/v2\/pages\/142280\/revisions\/156331"}],"up":[{"embeddable":true,"href":"https:\/\/www.rimadesio.it\/es\/wp-json\/wp\/v2\/pages\/142284"}],"wp:featuredmedia":[{"embeddable":true,"href":"https:\/\/www.rimadesio.it\/es\/wp-json\/wp\/v2\/media\/20633"}],"wp:attachment":[{"href":"https:\/\/www.rimadesio.it\/es\/wp-json\/wp\/v2\/media?parent=142280"}],"curies":[{"name":"wp","href":"https:\/\/api.w.org\/{rel}","templated":true}]}}