{"id":142256,"date":"2021-11-20T16:12:41","date_gmt":"2021-11-20T15:12:41","guid":{"rendered":"https:\/\/www.rimadesio.it\/coleccion-acabados\/"},"modified":"2022-04-05T17:15:50","modified_gmt":"2022-04-05T15:15:50","slug":"coleccion-acabados","status":"publish","type":"page","link":"https:\/\/www.rimadesio.it\/es\/filosofia\/coleccion-acabados\/","title":{"rendered":"Colecci\u00f3n de acabados"},"content":{"rendered":"<p>Al cristal y al aluminio se suman nuevos materiales, seleccionados seg\u00fan l\u00f3gicas precisas: de car\u00e1cter estil\u00edstico y est\u00e9tico en el caso del m\u00e1rmol, las maderas y los tejidos; de oportunidad medioambiental respecto a propuestas de nuevo concepto como el Litech, el s\u00edmil cuero y la melamina.<\/p>\n","protected":false},"excerpt":{"rendered":"<p>Al cristal y al aluminio se suman nuevos materiales, seleccionados seg\u00fan l\u00f3gicas precisas: de car\u00e1cter estil\u00edstico y est\u00e9tico en el caso del m\u00e1rmol, las maderas y los tejidos; de oportunidad medioambiental respecto a propuestas de nuevo concepto como el Litech, el s\u00edmil cuero y la melamina.<\/p>\n","protected":false},"author":65156,"featured_media":151290,"parent":142284,"menu_order":348,"comment_status":"closed","ping_status":"closed","template":"","meta":{"inline_featured_image":false},"acf":[],"yoast_head":"<!-- This site is optimized with the Yoast SEO plugin v20.4 - https:\/\/yoast.com\/wordpress\/plugins\/seo\/ -->\n<title>Colecci\u00f3n de acabados - Rimadesio<\/title>\n<meta name=\"description\" content=\"Al cristal y al aluminio se suman nuevos materiales, seleccionados seg\u00fan l\u00f3gicas precisas: de car\u00e1cter estil\u00edstico y est\u00e9tico en el caso del m\u00e1rmol, las\" \/>\n<meta name=\"robots\" content=\"index, follow, max-snippet:-1, max-image-preview:large, max-video-preview:-1\" \/>\n<link rel=\"canonical\" href=\"https:\/\/www.rimadesio.it\/es\/filosofia\/coleccion-acabados\/\" \/>\n<meta property=\"og:locale\" content=\"es_ES\" \/>\n<meta property=\"og:type\" content=\"article\" \/>\n<meta property=\"og:title\" content=\"Colecci\u00f3n de acabados - Rimadesio\" \/>\n<meta property=\"og:description\" content=\"Al cristal y al aluminio se suman nuevos materiales, seleccionados seg\u00fan l\u00f3gicas precisas: de car\u00e1cter estil\u00edstico y est\u00e9tico en el caso del m\u00e1rmol, las\" \/>\n<meta property=\"og:url\" content=\"https:\/\/www.rimadesio.it\/es\/filosofia\/coleccion-acabados\/\" \/>\n<meta property=\"og:site_name\" content=\"Rimadesio\" \/>\n<meta property=\"article:modified_time\" content=\"2022-04-05T15:15:50+00:00\" \/>\n<meta property=\"og:image\" content=\"https:\/\/static.rimadesio.it\/media\/2021\/08\/5-rimadesio-materialifiniture.jpg\" \/>\n\t<meta property=\"og:image:width\" content=\"1920\" \/>\n\t<meta property=\"og:image:height\" content=\"1280\" \/>\n\t<meta property=\"og:image:type\" content=\"image\/jpeg\" \/>\n<meta name=\"twitter:card\" content=\"summary_large_image\" \/>\n<script type=\"application\/ld+json\" class=\"yoast-schema-graph\">{\"@context\":\"https:\/\/schema.org\",\"@graph\":[{\"@type\":\"WebPage\",\"@id\":\"https:\/\/www.rimadesio.it\/es\/filosofia\/coleccion-acabados\/\",\"url\":\"https:\/\/www.rimadesio.it\/es\/filosofia\/coleccion-acabados\/\",\"name\":\"Colecci\u00f3n de acabados - Rimadesio\",\"isPartOf\":{\"@id\":\"https:\/\/www.rimadesio.it\/es\/#website\"},\"datePublished\":\"2021-11-20T15:12:41+00:00\",\"dateModified\":\"2022-04-05T15:15:50+00:00\",\"description\":\"Al cristal y al aluminio se suman nuevos materiales, seleccionados seg\u00fan l\u00f3gicas precisas: de car\u00e1cter estil\u00edstico y est\u00e9tico en el caso del m\u00e1rmol, las\",\"breadcrumb\":{\"@id\":\"https:\/\/www.rimadesio.it\/es\/filosofia\/coleccion-acabados\/#breadcrumb\"},\"inLanguage\":\"es-ES\",\"potentialAction\":[{\"@type\":\"ReadAction\",\"target\":[\"https:\/\/www.rimadesio.it\/es\/filosofia\/coleccion-acabados\/\"]}]},{\"@type\":\"BreadcrumbList\",\"@id\":\"https:\/\/www.rimadesio.it\/es\/filosofia\/coleccion-acabados\/#breadcrumb\",\"itemListElement\":[{\"@type\":\"ListItem\",\"position\":1,\"name\":\"Homepage\",\"item\":\"https:\/\/www.rimadesio.it\/es\/\"},{\"@type\":\"ListItem\",\"position\":2,\"name\":\"Filosof\u00eda\",\"item\":\"https:\/\/www.rimadesio.it\/es\/filosofia\/\"},{\"@type\":\"ListItem\",\"position\":3,\"name\":\"Colecci\u00f3n de acabados\"}]},{\"@type\":\"WebSite\",\"@id\":\"https:\/\/www.rimadesio.it\/es\/#website\",\"url\":\"https:\/\/www.rimadesio.it\/es\/\",\"name\":\"Rimadesio\",\"description\":\"Rimadesio official website\",\"publisher\":{\"@id\":\"https:\/\/www.rimadesio.it\/es\/#organization\"},\"potentialAction\":[{\"@type\":\"SearchAction\",\"target\":{\"@type\":\"EntryPoint\",\"urlTemplate\":\"https:\/\/www.rimadesio.it\/es\/?s={search_term_string}\"},\"query-input\":\"required name=search_term_string\"}],\"inLanguage\":\"es-ES\"},{\"@type\":\"Organization\",\"@id\":\"https:\/\/www.rimadesio.it\/es\/#organization\",\"name\":\"Rimadesio\",\"url\":\"https:\/\/www.rimadesio.it\/es\/\",\"logo\":{\"@type\":\"ImageObject\",\"inLanguage\":\"es-ES\",\"@id\":\"https:\/\/www.rimadesio.it\/es\/#\/schema\/logo\/image\/\",\"url\":\"https:\/\/static.rimadesio.it\/media\/2021\/08\/Logo.png\",\"contentUrl\":\"https:\/\/static.rimadesio.it\/media\/2021\/08\/Logo.png\",\"width\":102,\"height\":18,\"caption\":\"Rimadesio\"},\"image\":{\"@id\":\"https:\/\/www.rimadesio.it\/es\/#\/schema\/logo\/image\/\"}}]}<\/script>\n<!-- \/ Yoast SEO plugin. -->","yoast_head_json":{"title":"Colecci\u00f3n de acabados - Rimadesio","description":"Al cristal y al aluminio se suman nuevos materiales, seleccionados seg\u00fan l\u00f3gicas precisas: de car\u00e1cter estil\u00edstico y est\u00e9tico en el caso del m\u00e1rmol, las","robots":{"index":"index","follow":"follow","max-snippet":"max-snippet:-1","max-image-preview":"max-image-preview:large","max-video-preview":"max-video-preview:-1"},"canonical":"https:\/\/www.rimadesio.it\/es\/filosofia\/coleccion-acabados\/","og_locale":"es_ES","og_type":"article","og_title":"Colecci\u00f3n de acabados - Rimadesio","og_description":"Al cristal y al aluminio se suman nuevos materiales, seleccionados seg\u00fan l\u00f3gicas precisas: de car\u00e1cter estil\u00edstico y est\u00e9tico en el caso del m\u00e1rmol, las","og_url":"https:\/\/www.rimadesio.it\/es\/filosofia\/coleccion-acabados\/","og_site_name":"Rimadesio","article_modified_time":"2022-04-05T15:15:50+00:00","og_image":[{"width":1920,"height":1280,"url":"https:\/\/static.rimadesio.it\/media\/2021\/08\/5-rimadesio-materialifiniture.jpg","type":"image\/jpeg"}],"twitter_card":"summary_large_image","schema":{"@context":"https:\/\/schema.org","@graph":[{"@type":"WebPage","@id":"https:\/\/www.rimadesio.it\/es\/filosofia\/coleccion-acabados\/","url":"https:\/\/www.rimadesio.it\/es\/filosofia\/coleccion-acabados\/","name":"Colecci\u00f3n de acabados - Rimadesio","isPartOf":{"@id":"https:\/\/www.rimadesio.it\/es\/#website"},"datePublished":"2021-11-20T15:12:41+00:00","dateModified":"2022-04-05T15:15:50+00:00","description":"Al cristal y al aluminio se suman nuevos materiales, seleccionados seg\u00fan l\u00f3gicas precisas: de car\u00e1cter estil\u00edstico y est\u00e9tico en el caso del m\u00e1rmol, las","breadcrumb":{"@id":"https:\/\/www.rimadesio.it\/es\/filosofia\/coleccion-acabados\/#breadcrumb"},"inLanguage":"es-ES","potentialAction":[{"@type":"ReadAction","target":["https:\/\/www.rimadesio.it\/es\/filosofia\/coleccion-acabados\/"]}]},{"@type":"BreadcrumbList","@id":"https:\/\/www.rimadesio.it\/es\/filosofia\/coleccion-acabados\/#breadcrumb","itemListElement":[{"@type":"ListItem","position":1,"name":"Homepage","item":"https:\/\/www.rimadesio.it\/es\/"},{"@type":"ListItem","position":2,"name":"Filosof\u00eda","item":"https:\/\/www.rimadesio.it\/es\/filosofia\/"},{"@type":"ListItem","position":3,"name":"Colecci\u00f3n de acabados"}]},{"@type":"WebSite","@id":"https:\/\/www.rimadesio.it\/es\/#website","url":"https:\/\/www.rimadesio.it\/es\/","name":"Rimadesio","description":"Rimadesio official website","publisher":{"@id":"https:\/\/www.rimadesio.it\/es\/#organization"},"potentialAction":[{"@type":"SearchAction","target":{"@type":"EntryPoint","urlTemplate":"https:\/\/www.rimadesio.it\/es\/?s={search_term_string}"},"query-input":"required name=search_term_string"}],"inLanguage":"es-ES"},{"@type":"Organization","@id":"https:\/\/www.rimadesio.it\/es\/#organization","name":"Rimadesio","url":"https:\/\/www.rimadesio.it\/es\/","logo":{"@type":"ImageObject","inLanguage":"es-ES","@id":"https:\/\/www.rimadesio.it\/es\/#\/schema\/logo\/image\/","url":"https:\/\/static.rimadesio.it\/media\/2021\/08\/Logo.png","contentUrl":"https:\/\/static.rimadesio.it\/media\/2021\/08\/Logo.png","width":102,"height":18,"caption":"Rimadesio"},"image":{"@id":"https:\/\/www.rimadesio.it\/es\/#\/schema\/logo\/image\/"}}]}},"_links":{"self":[{"href":"https:\/\/www.rimadesio.it\/es\/wp-json\/wp\/v2\/pages\/142256"}],"collection":[{"href":"https:\/\/www.rimadesio.it\/es\/wp-json\/wp\/v2\/pages"}],"about":[{"href":"https:\/\/www.rimadesio.it\/es\/wp-json\/wp\/v2\/types\/page"}],"author":[{"embeddable":true,"href":"https:\/\/www.rimadesio.it\/es\/wp-json\/wp\/v2\/users\/65156"}],"replies":[{"embeddable":true,"href":"https:\/\/www.rimadesio.it\/es\/wp-json\/wp\/v2\/comments?post=142256"}],"version-history":[{"count":1,"href":"https:\/\/www.rimadesio.it\/es\/wp-json\/wp\/v2\/pages\/142256\/revisions"}],"predecessor-version":[{"id":155005,"href":"https:\/\/www.rimadesio.it\/es\/wp-json\/wp\/v2\/pages\/142256\/revisions\/155005"}],"up":[{"embeddable":true,"href":"https:\/\/www.rimadesio.it\/es\/wp-json\/wp\/v2\/pages\/142284"}],"wp:featuredmedia":[{"embeddable":true,"href":"https:\/\/www.rimadesio.it\/es\/wp-json\/wp\/v2\/media\/151290"}],"wp:attachment":[{"href":"https:\/\/www.rimadesio.it\/es\/wp-json\/wp\/v2\/media?parent=142256"}],"curies":[{"name":"wp","href":"https:\/\/api.w.org\/{rel}","templated":true}]}}