{"id":171671,"date":"2026-04-20T08:35:39","date_gmt":"2026-04-20T06:35:39","guid":{"rendered":"https:\/\/www.rimadesio.it\/?post_type=product&#038;p=171671"},"modified":"2026-04-20T14:09:56","modified_gmt":"2026-04-20T12:09:56","slug":"ori","status":"publish","type":"product","link":"https:\/\/www.rimadesio.it\/de\/produkt\/ori\/","title":{"rendered":"Ori"},"content":{"rendered":"<p>Zwischen zeichnerischer Leichtigkeit und handwerklichem K\u00f6nnen offenbart Ori den Wert einer Holzverarbeitung, die mit Pr\u00e4zision und Sensibilit\u00e4t ausgef\u00fchrt wird. Die Struktur entsteht aus sorgf\u00e4ltiger Tischlerarbeit: handwerklich ausgef\u00fchrte Verbindungen und Schleifarbeiten definieren kontinuierliche Oberfl\u00e4chen und ausgewogene Proportionen. Die R\u00fcckenlehne, ein materielles Band, das sich kr\u00fcmmt und zugleich die Armlehnen formt, nutzt die nat\u00fcrliche Elastizit\u00e4t des Holzes. Die Sitzfl\u00e4che mit elastischer Gurtung gew\u00e4hrleistet einen \u00fcberraschenden Komfort, ganz \u00e4hnlich dem eines Sessels. Zwei Interpretationen stehen zur Wahl: ein d\u00fcnnes gepolstertes Kissen, bezogen mit Leder oder Stoff, oder ein gestaltetes Seilgeflecht. Essentielle Linien und pr\u00e4zise Details definieren eine diskrete, aber unverwechselbare Pr\u00e4senz im nat\u00fcrlichen Dialog mit zeitgen\u00f6ssischer Architektur.<\/p>\n","protected":false},"featured_media":0,"template":"","product_category":[662,276],"acf":[],"yoast_head":"<!-- This site is optimized with the Yoast SEO plugin v20.4 - https:\/\/yoast.com\/wordpress\/plugins\/seo\/ -->\n<title>Ori - Rimadesio<\/title>\n<meta name=\"description\" content=\"Zwischen zeichnerischer Leichtigkeit und handwerklichem K\u00f6nnen offenbart Ori den Wert einer Holzverarbeitung, die mit Pr\u00e4zision und Sensibilit\u00e4t\" \/>\n<meta name=\"robots\" content=\"index, follow, max-snippet:-1, max-image-preview:large, max-video-preview:-1\" \/>\n<link rel=\"canonical\" href=\"https:\/\/www.rimadesio.it\/de\/produkt\/ori\/\" \/>\n<meta property=\"og:locale\" content=\"de_DE\" \/>\n<meta property=\"og:type\" content=\"article\" \/>\n<meta property=\"og:title\" content=\"Ori - Rimadesio\" \/>\n<meta property=\"og:description\" content=\"Zwischen zeichnerischer Leichtigkeit und handwerklichem K\u00f6nnen offenbart Ori den Wert einer Holzverarbeitung, die mit Pr\u00e4zision und Sensibilit\u00e4t\" \/>\n<meta property=\"og:url\" content=\"https:\/\/www.rimadesio.it\/de\/produkt\/ori\/\" \/>\n<meta property=\"og:site_name\" content=\"Rimadesio\" \/>\n<meta property=\"article:modified_time\" content=\"2026-04-20T12:09:56+00:00\" \/>\n<meta name=\"twitter:card\" content=\"summary_large_image\" \/>\n<meta name=\"twitter:label1\" content=\"Est. reading time\" \/>\n\t<meta name=\"twitter:data1\" content=\"1 minute\" \/>\n<script type=\"application\/ld+json\" class=\"yoast-schema-graph\">{\"@context\":\"https:\/\/schema.org\",\"@graph\":[{\"@type\":\"WebPage\",\"@id\":\"https:\/\/www.rimadesio.it\/de\/produkt\/ori\/\",\"url\":\"https:\/\/www.rimadesio.it\/de\/produkt\/ori\/\",\"name\":\"Ori - Rimadesio\",\"isPartOf\":{\"@id\":\"https:\/\/www.rimadesio.it\/de\/#website\"},\"datePublished\":\"2026-04-20T06:35:39+00:00\",\"dateModified\":\"2026-04-20T12:09:56+00:00\",\"description\":\"Zwischen zeichnerischer Leichtigkeit und handwerklichem K\u00f6nnen offenbart Ori den Wert einer Holzverarbeitung, die mit Pr\u00e4zision und Sensibilit\u00e4t\",\"breadcrumb\":{\"@id\":\"https:\/\/www.rimadesio.it\/de\/produkt\/ori\/#breadcrumb\"},\"inLanguage\":\"de-DE\",\"potentialAction\":[{\"@type\":\"ReadAction\",\"target\":[\"https:\/\/www.rimadesio.it\/de\/produkt\/ori\/\"]}]},{\"@type\":\"BreadcrumbList\",\"@id\":\"https:\/\/www.rimadesio.it\/de\/produkt\/ori\/#breadcrumb\",\"itemListElement\":[{\"@type\":\"ListItem\",\"position\":1,\"name\":\"Homepage\",\"item\":\"https:\/\/www.rimadesio.it\/de\/\"},{\"@type\":\"ListItem\",\"position\":2,\"name\":\"Produkte\",\"item\":\"https:\/\/www.rimadesio.it\/de\/produkt\/\"},{\"@type\":\"ListItem\",\"position\":3,\"name\":\"Einrichtungsgegenst\u00e4nde\",\"item\":\"https:\/\/www.rimadesio.it\/de\/produktkategorie\/einzelmobel\/\"},{\"@type\":\"ListItem\",\"position\":4,\"name\":\"St\u00fchle\",\"item\":\"https:\/\/www.rimadesio.it\/de\/produktkategorie\/einzelmobel\/stuhle\/\"},{\"@type\":\"ListItem\",\"position\":5,\"name\":\"Ori\"}]},{\"@type\":\"WebSite\",\"@id\":\"https:\/\/www.rimadesio.it\/de\/#website\",\"url\":\"https:\/\/www.rimadesio.it\/de\/\",\"name\":\"Rimadesio\",\"description\":\"Rimadesio official website\",\"publisher\":{\"@id\":\"https:\/\/www.rimadesio.it\/de\/#organization\"},\"potentialAction\":[{\"@type\":\"SearchAction\",\"target\":{\"@type\":\"EntryPoint\",\"urlTemplate\":\"https:\/\/www.rimadesio.it\/de\/?s={search_term_string}\"},\"query-input\":\"required name=search_term_string\"}],\"inLanguage\":\"de-DE\"},{\"@type\":\"Organization\",\"@id\":\"https:\/\/www.rimadesio.it\/de\/#organization\",\"name\":\"Rimadesio\",\"url\":\"https:\/\/www.rimadesio.it\/de\/\",\"logo\":{\"@type\":\"ImageObject\",\"inLanguage\":\"de-DE\",\"@id\":\"https:\/\/www.rimadesio.it\/de\/#\/schema\/logo\/image\/\",\"url\":\"https:\/\/static.rimadesio.it\/media\/2021\/08\/Logo.png\",\"contentUrl\":\"https:\/\/static.rimadesio.it\/media\/2021\/08\/Logo.png\",\"width\":102,\"height\":18,\"caption\":\"Rimadesio\"},\"image\":{\"@id\":\"https:\/\/www.rimadesio.it\/de\/#\/schema\/logo\/image\/\"}}]}<\/script>\n<!-- \/ Yoast SEO plugin. -->","yoast_head_json":{"title":"Ori - Rimadesio","description":"Zwischen zeichnerischer Leichtigkeit und handwerklichem K\u00f6nnen offenbart Ori den Wert einer Holzverarbeitung, die mit Pr\u00e4zision und Sensibilit\u00e4t","robots":{"index":"index","follow":"follow","max-snippet":"max-snippet:-1","max-image-preview":"max-image-preview:large","max-video-preview":"max-video-preview:-1"},"canonical":"https:\/\/www.rimadesio.it\/de\/produkt\/ori\/","og_locale":"de_DE","og_type":"article","og_title":"Ori - Rimadesio","og_description":"Zwischen zeichnerischer Leichtigkeit und handwerklichem K\u00f6nnen offenbart Ori den Wert einer Holzverarbeitung, die mit Pr\u00e4zision und Sensibilit\u00e4t","og_url":"https:\/\/www.rimadesio.it\/de\/produkt\/ori\/","og_site_name":"Rimadesio","article_modified_time":"2026-04-20T12:09:56+00:00","twitter_card":"summary_large_image","twitter_misc":{"Est. reading time":"1 minute"},"schema":{"@context":"https:\/\/schema.org","@graph":[{"@type":"WebPage","@id":"https:\/\/www.rimadesio.it\/de\/produkt\/ori\/","url":"https:\/\/www.rimadesio.it\/de\/produkt\/ori\/","name":"Ori - Rimadesio","isPartOf":{"@id":"https:\/\/www.rimadesio.it\/de\/#website"},"datePublished":"2026-04-20T06:35:39+00:00","dateModified":"2026-04-20T12:09:56+00:00","description":"Zwischen zeichnerischer Leichtigkeit und handwerklichem K\u00f6nnen offenbart Ori den Wert einer Holzverarbeitung, die mit Pr\u00e4zision und Sensibilit\u00e4t","breadcrumb":{"@id":"https:\/\/www.rimadesio.it\/de\/produkt\/ori\/#breadcrumb"},"inLanguage":"de-DE","potentialAction":[{"@type":"ReadAction","target":["https:\/\/www.rimadesio.it\/de\/produkt\/ori\/"]}]},{"@type":"BreadcrumbList","@id":"https:\/\/www.rimadesio.it\/de\/produkt\/ori\/#breadcrumb","itemListElement":[{"@type":"ListItem","position":1,"name":"Homepage","item":"https:\/\/www.rimadesio.it\/de\/"},{"@type":"ListItem","position":2,"name":"Produkte","item":"https:\/\/www.rimadesio.it\/de\/produkt\/"},{"@type":"ListItem","position":3,"name":"Einrichtungsgegenst\u00e4nde","item":"https:\/\/www.rimadesio.it\/de\/produktkategorie\/einzelmobel\/"},{"@type":"ListItem","position":4,"name":"St\u00fchle","item":"https:\/\/www.rimadesio.it\/de\/produktkategorie\/einzelmobel\/stuhle\/"},{"@type":"ListItem","position":5,"name":"Ori"}]},{"@type":"WebSite","@id":"https:\/\/www.rimadesio.it\/de\/#website","url":"https:\/\/www.rimadesio.it\/de\/","name":"Rimadesio","description":"Rimadesio official website","publisher":{"@id":"https:\/\/www.rimadesio.it\/de\/#organization"},"potentialAction":[{"@type":"SearchAction","target":{"@type":"EntryPoint","urlTemplate":"https:\/\/www.rimadesio.it\/de\/?s={search_term_string}"},"query-input":"required name=search_term_string"}],"inLanguage":"de-DE"},{"@type":"Organization","@id":"https:\/\/www.rimadesio.it\/de\/#organization","name":"Rimadesio","url":"https:\/\/www.rimadesio.it\/de\/","logo":{"@type":"ImageObject","inLanguage":"de-DE","@id":"https:\/\/www.rimadesio.it\/de\/#\/schema\/logo\/image\/","url":"https:\/\/static.rimadesio.it\/media\/2021\/08\/Logo.png","contentUrl":"https:\/\/static.rimadesio.it\/media\/2021\/08\/Logo.png","width":102,"height":18,"caption":"Rimadesio"},"image":{"@id":"https:\/\/www.rimadesio.it\/de\/#\/schema\/logo\/image\/"}}]}},"_links":{"self":[{"href":"https:\/\/www.rimadesio.it\/de\/wp-json\/wp\/v2\/product\/171671"}],"collection":[{"href":"https:\/\/www.rimadesio.it\/de\/wp-json\/wp\/v2\/product"}],"about":[{"href":"https:\/\/www.rimadesio.it\/de\/wp-json\/wp\/v2\/types\/product"}],"wp:attachment":[{"href":"https:\/\/www.rimadesio.it\/de\/wp-json\/wp\/v2\/media?parent=171671"}],"wp:term":[{"taxonomy":"product_category","embeddable":true,"href":"https:\/\/www.rimadesio.it\/de\/wp-json\/wp\/v2\/product_category?post=171671"}],"curies":[{"name":"wp","href":"https:\/\/api.w.org\/{rel}","templated":true}]}}