{"id":171570,"date":"2026-04-20T08:34:56","date_gmt":"2026-04-20T06:34:56","guid":{"rendered":"https:\/\/www.rimadesio.it\/?post_type=product&#038;p=171570"},"modified":"2026-04-20T14:06:56","modified_gmt":"2026-04-20T12:06:56","slug":"ascot","status":"publish","type":"product","link":"https:\/\/www.rimadesio.it\/de\/produkt\/ascot\/","title":{"rendered":"ASCOT"},"content":{"rendered":"<p>Ascot interpretiert den Lounge-Sessel als Synthese aus gestalterischer Strenge und handwerklicher Kultur. Das geschliffene Holzgestell, geschwungen und ausgewogen proportioniert, greift die typische Eleganz nordischer Sitzm\u00f6bel auf und verbindet visuelle Leichtigkeit mit konstruktiver Solidit\u00e4t. Die schwebende Lederschale, die \u00fcber die Spindeln der R\u00fcckenlehne gespannt und zur Verbesserung der Tragf\u00e4higkeit zus\u00e4tzlich unterst\u00fctzt wird, wird zu einem aktiven Teil der Struktur, w\u00e4hrend das weiche Lederkissen den Komfort verst\u00e4rkt. Kontrastn\u00e4hte und gepolsterte Eins\u00e4tze an den Armlehnen verleihen dem Sessel eine zus\u00e4tzliche Ebene der Raffinesse. Ascot unterstreicht konsequent die charakteristischen Qualit\u00e4ten der Kollektion, tritt in Dialog mit R\u00e4umen, die durch Rimadesio-Oberfl\u00e4chen gepr\u00e4gt sind, und tr\u00e4gt zum Gesamtgleichgewicht des Raumes bei.<\/p>\n","protected":false},"featured_media":0,"template":"","product_category":[668,276],"acf":[],"yoast_head":"<!-- This site is optimized with the Yoast SEO plugin v20.4 - https:\/\/yoast.com\/wordpress\/plugins\/seo\/ -->\n<title>ASCOT - Rimadesio<\/title>\n<meta name=\"description\" content=\"Ascot interpretiert den Lounge-Sessel als Synthese aus gestalterischer Strenge und handwerklicher Kultur. Das geschliffene Holzgestell, geschwungen und\" \/>\n<meta name=\"robots\" content=\"index, follow, max-snippet:-1, max-image-preview:large, max-video-preview:-1\" \/>\n<link rel=\"canonical\" href=\"https:\/\/www.rimadesio.it\/de\/produkt\/ascot\/\" \/>\n<meta property=\"og:locale\" content=\"de_DE\" \/>\n<meta property=\"og:type\" content=\"article\" \/>\n<meta property=\"og:title\" content=\"ASCOT - Rimadesio\" \/>\n<meta property=\"og:description\" content=\"Ascot interpretiert den Lounge-Sessel als Synthese aus gestalterischer Strenge und handwerklicher Kultur. Das geschliffene Holzgestell, geschwungen und\" \/>\n<meta property=\"og:url\" content=\"https:\/\/www.rimadesio.it\/de\/produkt\/ascot\/\" \/>\n<meta property=\"og:site_name\" content=\"Rimadesio\" \/>\n<meta property=\"article:modified_time\" content=\"2026-04-20T12:06:56+00:00\" \/>\n<meta name=\"twitter:card\" content=\"summary_large_image\" \/>\n<meta name=\"twitter:label1\" content=\"Est. reading time\" \/>\n\t<meta name=\"twitter:data1\" content=\"1 minute\" \/>\n<script type=\"application\/ld+json\" class=\"yoast-schema-graph\">{\"@context\":\"https:\/\/schema.org\",\"@graph\":[{\"@type\":\"WebPage\",\"@id\":\"https:\/\/www.rimadesio.it\/de\/produkt\/ascot\/\",\"url\":\"https:\/\/www.rimadesio.it\/de\/produkt\/ascot\/\",\"name\":\"ASCOT - Rimadesio\",\"isPartOf\":{\"@id\":\"https:\/\/www.rimadesio.it\/de\/#website\"},\"datePublished\":\"2026-04-20T06:34:56+00:00\",\"dateModified\":\"2026-04-20T12:06:56+00:00\",\"description\":\"Ascot interpretiert den Lounge-Sessel als Synthese aus gestalterischer Strenge und handwerklicher Kultur. Das geschliffene Holzgestell, geschwungen und\",\"breadcrumb\":{\"@id\":\"https:\/\/www.rimadesio.it\/de\/produkt\/ascot\/#breadcrumb\"},\"inLanguage\":\"de-DE\",\"potentialAction\":[{\"@type\":\"ReadAction\",\"target\":[\"https:\/\/www.rimadesio.it\/de\/produkt\/ascot\/\"]}]},{\"@type\":\"BreadcrumbList\",\"@id\":\"https:\/\/www.rimadesio.it\/de\/produkt\/ascot\/#breadcrumb\",\"itemListElement\":[{\"@type\":\"ListItem\",\"position\":1,\"name\":\"Homepage\",\"item\":\"https:\/\/www.rimadesio.it\/de\/\"},{\"@type\":\"ListItem\",\"position\":2,\"name\":\"Produkte\",\"item\":\"https:\/\/www.rimadesio.it\/de\/produkt\/\"},{\"@type\":\"ListItem\",\"position\":3,\"name\":\"Einrichtungsgegenst\u00e4nde\",\"item\":\"https:\/\/www.rimadesio.it\/de\/produktkategorie\/einzelmobel\/\"},{\"@type\":\"ListItem\",\"position\":4,\"name\":\"Sessel\",\"item\":\"https:\/\/www.rimadesio.it\/de\/produktkategorie\/einzelmobel\/sessel\/\"},{\"@type\":\"ListItem\",\"position\":5,\"name\":\"ASCOT\"}]},{\"@type\":\"WebSite\",\"@id\":\"https:\/\/www.rimadesio.it\/de\/#website\",\"url\":\"https:\/\/www.rimadesio.it\/de\/\",\"name\":\"Rimadesio\",\"description\":\"Rimadesio official website\",\"publisher\":{\"@id\":\"https:\/\/www.rimadesio.it\/de\/#organization\"},\"potentialAction\":[{\"@type\":\"SearchAction\",\"target\":{\"@type\":\"EntryPoint\",\"urlTemplate\":\"https:\/\/www.rimadesio.it\/de\/?s={search_term_string}\"},\"query-input\":\"required name=search_term_string\"}],\"inLanguage\":\"de-DE\"},{\"@type\":\"Organization\",\"@id\":\"https:\/\/www.rimadesio.it\/de\/#organization\",\"name\":\"Rimadesio\",\"url\":\"https:\/\/www.rimadesio.it\/de\/\",\"logo\":{\"@type\":\"ImageObject\",\"inLanguage\":\"de-DE\",\"@id\":\"https:\/\/www.rimadesio.it\/de\/#\/schema\/logo\/image\/\",\"url\":\"https:\/\/static.rimadesio.it\/media\/2021\/08\/Logo.png\",\"contentUrl\":\"https:\/\/static.rimadesio.it\/media\/2021\/08\/Logo.png\",\"width\":102,\"height\":18,\"caption\":\"Rimadesio\"},\"image\":{\"@id\":\"https:\/\/www.rimadesio.it\/de\/#\/schema\/logo\/image\/\"}}]}<\/script>\n<!-- \/ Yoast SEO plugin. -->","yoast_head_json":{"title":"ASCOT - Rimadesio","description":"Ascot interpretiert den Lounge-Sessel als Synthese aus gestalterischer Strenge und handwerklicher Kultur. Das geschliffene Holzgestell, geschwungen und","robots":{"index":"index","follow":"follow","max-snippet":"max-snippet:-1","max-image-preview":"max-image-preview:large","max-video-preview":"max-video-preview:-1"},"canonical":"https:\/\/www.rimadesio.it\/de\/produkt\/ascot\/","og_locale":"de_DE","og_type":"article","og_title":"ASCOT - Rimadesio","og_description":"Ascot interpretiert den Lounge-Sessel als Synthese aus gestalterischer Strenge und handwerklicher Kultur. Das geschliffene Holzgestell, geschwungen und","og_url":"https:\/\/www.rimadesio.it\/de\/produkt\/ascot\/","og_site_name":"Rimadesio","article_modified_time":"2026-04-20T12:06:56+00:00","twitter_card":"summary_large_image","twitter_misc":{"Est. reading time":"1 minute"},"schema":{"@context":"https:\/\/schema.org","@graph":[{"@type":"WebPage","@id":"https:\/\/www.rimadesio.it\/de\/produkt\/ascot\/","url":"https:\/\/www.rimadesio.it\/de\/produkt\/ascot\/","name":"ASCOT - Rimadesio","isPartOf":{"@id":"https:\/\/www.rimadesio.it\/de\/#website"},"datePublished":"2026-04-20T06:34:56+00:00","dateModified":"2026-04-20T12:06:56+00:00","description":"Ascot interpretiert den Lounge-Sessel als Synthese aus gestalterischer Strenge und handwerklicher Kultur. Das geschliffene Holzgestell, geschwungen und","breadcrumb":{"@id":"https:\/\/www.rimadesio.it\/de\/produkt\/ascot\/#breadcrumb"},"inLanguage":"de-DE","potentialAction":[{"@type":"ReadAction","target":["https:\/\/www.rimadesio.it\/de\/produkt\/ascot\/"]}]},{"@type":"BreadcrumbList","@id":"https:\/\/www.rimadesio.it\/de\/produkt\/ascot\/#breadcrumb","itemListElement":[{"@type":"ListItem","position":1,"name":"Homepage","item":"https:\/\/www.rimadesio.it\/de\/"},{"@type":"ListItem","position":2,"name":"Produkte","item":"https:\/\/www.rimadesio.it\/de\/produkt\/"},{"@type":"ListItem","position":3,"name":"Einrichtungsgegenst\u00e4nde","item":"https:\/\/www.rimadesio.it\/de\/produktkategorie\/einzelmobel\/"},{"@type":"ListItem","position":4,"name":"Sessel","item":"https:\/\/www.rimadesio.it\/de\/produktkategorie\/einzelmobel\/sessel\/"},{"@type":"ListItem","position":5,"name":"ASCOT"}]},{"@type":"WebSite","@id":"https:\/\/www.rimadesio.it\/de\/#website","url":"https:\/\/www.rimadesio.it\/de\/","name":"Rimadesio","description":"Rimadesio official website","publisher":{"@id":"https:\/\/www.rimadesio.it\/de\/#organization"},"potentialAction":[{"@type":"SearchAction","target":{"@type":"EntryPoint","urlTemplate":"https:\/\/www.rimadesio.it\/de\/?s={search_term_string}"},"query-input":"required name=search_term_string"}],"inLanguage":"de-DE"},{"@type":"Organization","@id":"https:\/\/www.rimadesio.it\/de\/#organization","name":"Rimadesio","url":"https:\/\/www.rimadesio.it\/de\/","logo":{"@type":"ImageObject","inLanguage":"de-DE","@id":"https:\/\/www.rimadesio.it\/de\/#\/schema\/logo\/image\/","url":"https:\/\/static.rimadesio.it\/media\/2021\/08\/Logo.png","contentUrl":"https:\/\/static.rimadesio.it\/media\/2021\/08\/Logo.png","width":102,"height":18,"caption":"Rimadesio"},"image":{"@id":"https:\/\/www.rimadesio.it\/de\/#\/schema\/logo\/image\/"}}]}},"_links":{"self":[{"href":"https:\/\/www.rimadesio.it\/de\/wp-json\/wp\/v2\/product\/171570"}],"collection":[{"href":"https:\/\/www.rimadesio.it\/de\/wp-json\/wp\/v2\/product"}],"about":[{"href":"https:\/\/www.rimadesio.it\/de\/wp-json\/wp\/v2\/types\/product"}],"wp:attachment":[{"href":"https:\/\/www.rimadesio.it\/de\/wp-json\/wp\/v2\/media?parent=171570"}],"wp:term":[{"taxonomy":"product_category","embeddable":true,"href":"https:\/\/www.rimadesio.it\/de\/wp-json\/wp\/v2\/product_category?post=171570"}],"curies":[{"name":"wp","href":"https:\/\/api.w.org\/{rel}","templated":true}]}}