{"id":171502,"date":"2026-04-20T08:37:05","date_gmt":"2026-04-20T06:37:05","guid":{"rendered":"https:\/\/www.rimadesio.it\/?post_type=product&#038;p=171502"},"modified":"2026-04-21T09:54:24","modified_gmt":"2026-04-21T07:54:24","slug":"air-syncro","status":"publish","type":"product","link":"https:\/\/www.rimadesio.it\/de\/produkt\/air-syncro\/","title":{"rendered":"AIR"},"content":{"rendered":"<p>Das Air-T\u00fcrsystem ist als Schiebet\u00fcr auf Rimadesio- und Syncro- Schienen erh\u00e4ltlich . Air Sliding zeichnet sich durch ein minimalistisches Design und flie\u00dfende Bewegungsabl\u00e4ufe aus, w\u00e4hrend Air Syncro \u00fcber einen Mechanismus verf\u00fcgt, der die synchrone und gleichzeitige Bewegung aller Paneele erm\u00f6glicht. Ohne Bodendrehpunkt gleiten die Paneele pr\u00e4zise und nahtlos in beide Richtungen und erzielen so eine perfekte \u00dcberlappung.<\/p>\n","protected":false},"featured_media":0,"template":"","product_category":[722,263,262],"acf":[],"yoast_head":"<!-- This site is optimized with the Yoast SEO plugin v20.4 - https:\/\/yoast.com\/wordpress\/plugins\/seo\/ -->\n<title>AIR - Rimadesio<\/title>\n<meta name=\"description\" content=\"Das Air-T\u00fcrsystem ist als Schiebet\u00fcr auf Rimadesio- und Syncro- Schienen erh\u00e4ltlich . Air Sliding zeichnet sich durch ein minimalistisches Design und\" \/>\n<meta name=\"robots\" content=\"index, follow, max-snippet:-1, max-image-preview:large, max-video-preview:-1\" \/>\n<link rel=\"canonical\" href=\"https:\/\/www.rimadesio.it\/de\/produkt\/air-syncro\/\" \/>\n<meta property=\"og:locale\" content=\"de_DE\" \/>\n<meta property=\"og:type\" content=\"article\" \/>\n<meta property=\"og:title\" content=\"AIR - Rimadesio\" \/>\n<meta property=\"og:description\" content=\"Das Air-T\u00fcrsystem ist als Schiebet\u00fcr auf Rimadesio- und Syncro- Schienen erh\u00e4ltlich . Air Sliding zeichnet sich durch ein minimalistisches Design und\" \/>\n<meta property=\"og:url\" content=\"https:\/\/www.rimadesio.it\/de\/produkt\/air-syncro\/\" \/>\n<meta property=\"og:site_name\" content=\"Rimadesio\" \/>\n<meta property=\"article:modified_time\" content=\"2026-04-21T07:54:24+00:00\" \/>\n<meta name=\"twitter:card\" content=\"summary_large_image\" \/>\n<script type=\"application\/ld+json\" class=\"yoast-schema-graph\">{\"@context\":\"https:\/\/schema.org\",\"@graph\":[{\"@type\":\"WebPage\",\"@id\":\"https:\/\/www.rimadesio.it\/de\/produkt\/air-syncro\/\",\"url\":\"https:\/\/www.rimadesio.it\/de\/produkt\/air-syncro\/\",\"name\":\"AIR - Rimadesio\",\"isPartOf\":{\"@id\":\"https:\/\/www.rimadesio.it\/de\/#website\"},\"datePublished\":\"2026-04-20T06:37:05+00:00\",\"dateModified\":\"2026-04-21T07:54:24+00:00\",\"description\":\"Das Air-T\u00fcrsystem ist als Schiebet\u00fcr auf Rimadesio- und Syncro- Schienen erh\u00e4ltlich . Air Sliding zeichnet sich durch ein minimalistisches Design und\",\"breadcrumb\":{\"@id\":\"https:\/\/www.rimadesio.it\/de\/produkt\/air-syncro\/#breadcrumb\"},\"inLanguage\":\"de-DE\",\"potentialAction\":[{\"@type\":\"ReadAction\",\"target\":[\"https:\/\/www.rimadesio.it\/de\/produkt\/air-syncro\/\"]}]},{\"@type\":\"BreadcrumbList\",\"@id\":\"https:\/\/www.rimadesio.it\/de\/produkt\/air-syncro\/#breadcrumb\",\"itemListElement\":[{\"@type\":\"ListItem\",\"position\":1,\"name\":\"Homepage\",\"item\":\"https:\/\/www.rimadesio.it\/de\/\"},{\"@type\":\"ListItem\",\"position\":2,\"name\":\"Produkte\",\"item\":\"https:\/\/www.rimadesio.it\/de\/produkt\/\"},{\"@type\":\"ListItem\",\"position\":3,\"name\":\"AIR\"}]},{\"@type\":\"WebSite\",\"@id\":\"https:\/\/www.rimadesio.it\/de\/#website\",\"url\":\"https:\/\/www.rimadesio.it\/de\/\",\"name\":\"Rimadesio\",\"description\":\"Rimadesio official website\",\"publisher\":{\"@id\":\"https:\/\/www.rimadesio.it\/de\/#organization\"},\"potentialAction\":[{\"@type\":\"SearchAction\",\"target\":{\"@type\":\"EntryPoint\",\"urlTemplate\":\"https:\/\/www.rimadesio.it\/de\/?s={search_term_string}\"},\"query-input\":\"required name=search_term_string\"}],\"inLanguage\":\"de-DE\"},{\"@type\":\"Organization\",\"@id\":\"https:\/\/www.rimadesio.it\/de\/#organization\",\"name\":\"Rimadesio\",\"url\":\"https:\/\/www.rimadesio.it\/de\/\",\"logo\":{\"@type\":\"ImageObject\",\"inLanguage\":\"de-DE\",\"@id\":\"https:\/\/www.rimadesio.it\/de\/#\/schema\/logo\/image\/\",\"url\":\"https:\/\/static.rimadesio.it\/media\/2021\/08\/Logo.png\",\"contentUrl\":\"https:\/\/static.rimadesio.it\/media\/2021\/08\/Logo.png\",\"width\":102,\"height\":18,\"caption\":\"Rimadesio\"},\"image\":{\"@id\":\"https:\/\/www.rimadesio.it\/de\/#\/schema\/logo\/image\/\"}}]}<\/script>\n<!-- \/ Yoast SEO plugin. -->","yoast_head_json":{"title":"AIR - Rimadesio","description":"Das Air-T\u00fcrsystem ist als Schiebet\u00fcr auf Rimadesio- und Syncro- Schienen erh\u00e4ltlich . Air Sliding zeichnet sich durch ein minimalistisches Design und","robots":{"index":"index","follow":"follow","max-snippet":"max-snippet:-1","max-image-preview":"max-image-preview:large","max-video-preview":"max-video-preview:-1"},"canonical":"https:\/\/www.rimadesio.it\/de\/produkt\/air-syncro\/","og_locale":"de_DE","og_type":"article","og_title":"AIR - Rimadesio","og_description":"Das Air-T\u00fcrsystem ist als Schiebet\u00fcr auf Rimadesio- und Syncro- Schienen erh\u00e4ltlich . Air Sliding zeichnet sich durch ein minimalistisches Design und","og_url":"https:\/\/www.rimadesio.it\/de\/produkt\/air-syncro\/","og_site_name":"Rimadesio","article_modified_time":"2026-04-21T07:54:24+00:00","twitter_card":"summary_large_image","schema":{"@context":"https:\/\/schema.org","@graph":[{"@type":"WebPage","@id":"https:\/\/www.rimadesio.it\/de\/produkt\/air-syncro\/","url":"https:\/\/www.rimadesio.it\/de\/produkt\/air-syncro\/","name":"AIR - Rimadesio","isPartOf":{"@id":"https:\/\/www.rimadesio.it\/de\/#website"},"datePublished":"2026-04-20T06:37:05+00:00","dateModified":"2026-04-21T07:54:24+00:00","description":"Das Air-T\u00fcrsystem ist als Schiebet\u00fcr auf Rimadesio- und Syncro- Schienen erh\u00e4ltlich . Air Sliding zeichnet sich durch ein minimalistisches Design und","breadcrumb":{"@id":"https:\/\/www.rimadesio.it\/de\/produkt\/air-syncro\/#breadcrumb"},"inLanguage":"de-DE","potentialAction":[{"@type":"ReadAction","target":["https:\/\/www.rimadesio.it\/de\/produkt\/air-syncro\/"]}]},{"@type":"BreadcrumbList","@id":"https:\/\/www.rimadesio.it\/de\/produkt\/air-syncro\/#breadcrumb","itemListElement":[{"@type":"ListItem","position":1,"name":"Homepage","item":"https:\/\/www.rimadesio.it\/de\/"},{"@type":"ListItem","position":2,"name":"Produkte","item":"https:\/\/www.rimadesio.it\/de\/produkt\/"},{"@type":"ListItem","position":3,"name":"AIR"}]},{"@type":"WebSite","@id":"https:\/\/www.rimadesio.it\/de\/#website","url":"https:\/\/www.rimadesio.it\/de\/","name":"Rimadesio","description":"Rimadesio official website","publisher":{"@id":"https:\/\/www.rimadesio.it\/de\/#organization"},"potentialAction":[{"@type":"SearchAction","target":{"@type":"EntryPoint","urlTemplate":"https:\/\/www.rimadesio.it\/de\/?s={search_term_string}"},"query-input":"required name=search_term_string"}],"inLanguage":"de-DE"},{"@type":"Organization","@id":"https:\/\/www.rimadesio.it\/de\/#organization","name":"Rimadesio","url":"https:\/\/www.rimadesio.it\/de\/","logo":{"@type":"ImageObject","inLanguage":"de-DE","@id":"https:\/\/www.rimadesio.it\/de\/#\/schema\/logo\/image\/","url":"https:\/\/static.rimadesio.it\/media\/2021\/08\/Logo.png","contentUrl":"https:\/\/static.rimadesio.it\/media\/2021\/08\/Logo.png","width":102,"height":18,"caption":"Rimadesio"},"image":{"@id":"https:\/\/www.rimadesio.it\/de\/#\/schema\/logo\/image\/"}}]}},"_links":{"self":[{"href":"https:\/\/www.rimadesio.it\/de\/wp-json\/wp\/v2\/product\/171502"}],"collection":[{"href":"https:\/\/www.rimadesio.it\/de\/wp-json\/wp\/v2\/product"}],"about":[{"href":"https:\/\/www.rimadesio.it\/de\/wp-json\/wp\/v2\/types\/product"}],"wp:attachment":[{"href":"https:\/\/www.rimadesio.it\/de\/wp-json\/wp\/v2\/media?parent=171502"}],"wp:term":[{"taxonomy":"product_category","embeddable":true,"href":"https:\/\/www.rimadesio.it\/de\/wp-json\/wp\/v2\/product_category?post=171502"}],"curies":[{"name":"wp","href":"https:\/\/api.w.org\/{rel}","templated":true}]}}