{"id":171097,"date":"2026-03-02T08:33:36","date_gmt":"2026-03-02T07:33:36","guid":{"rendered":"https:\/\/www.rimadesio.it\/product\/hedon\/"},"modified":"2026-04-15T09:38:11","modified_gmt":"2026-04-15T07:38:11","slug":"hedon","status":"publish","type":"product","link":"https:\/\/www.rimadesio.it\/de\/produkt\/hedon\/","title":{"rendered":"Hedon"},"content":{"rendered":"<p>Mit Hedon \u00fcbersteigt der begehbare Kleiderschrank den funktionalen Aspekt und \u00fcbernimmt alle \u00e4sthetischen Qualit\u00e4ten eines Raumes, der zum Mittelpunkt des Hauses wird.\u00a0Gekennzeichnet durch horizontale Elemente von minimaler St\u00e4rke und den raffinierten Stil jedes Details, kombiniert Hedon eine breite Vielfalt an Kombinations\u00adm\u00f6glichkeiten von Beh\u00e4ltern und Zubeh\u00f6r mit den Vorteilen eines stets ma\u00dfgefertigten Projekts. Design Giuseppe Bavuso.<\/p>\n","protected":false},"featured_media":0,"template":"","product_category":[281,256],"acf":[],"yoast_head":"<!-- This site is optimized with the Yoast SEO plugin v20.4 - https:\/\/yoast.com\/wordpress\/plugins\/seo\/ -->\n<title>Hedon - Rimadesio<\/title>\n<meta name=\"description\" content=\"Mit Hedon \u00fcbersteigt der begehbare Kleiderschrank den funktionalen Aspekt und \u00fcbernimmt alle \u00e4sthetischen Qualit\u00e4ten eines Raumes, der zum Mittelpunkt des\" \/>\n<meta name=\"robots\" content=\"index, follow, max-snippet:-1, max-image-preview:large, max-video-preview:-1\" \/>\n<link rel=\"canonical\" href=\"https:\/\/www.rimadesio.it\/de\/produkt\/hedon\/\" \/>\n<meta property=\"og:locale\" content=\"de_DE\" \/>\n<meta property=\"og:type\" content=\"article\" \/>\n<meta property=\"og:title\" content=\"Hedon - Rimadesio\" \/>\n<meta property=\"og:description\" content=\"Mit Hedon \u00fcbersteigt der begehbare Kleiderschrank den funktionalen Aspekt und \u00fcbernimmt alle \u00e4sthetischen Qualit\u00e4ten eines Raumes, der zum Mittelpunkt des\" \/>\n<meta property=\"og:url\" content=\"https:\/\/www.rimadesio.it\/de\/produkt\/hedon\/\" \/>\n<meta property=\"og:site_name\" content=\"Rimadesio\" \/>\n<meta property=\"article:modified_time\" content=\"2026-04-15T07:38:11+00:00\" \/>\n<meta name=\"twitter:card\" content=\"summary_large_image\" \/>\n<script type=\"application\/ld+json\" class=\"yoast-schema-graph\">{\"@context\":\"https:\/\/schema.org\",\"@graph\":[{\"@type\":\"WebPage\",\"@id\":\"https:\/\/www.rimadesio.it\/de\/produkt\/hedon\/\",\"url\":\"https:\/\/www.rimadesio.it\/de\/produkt\/hedon\/\",\"name\":\"Hedon - Rimadesio\",\"isPartOf\":{\"@id\":\"https:\/\/www.rimadesio.it\/de\/#website\"},\"datePublished\":\"2026-03-02T07:33:36+00:00\",\"dateModified\":\"2026-04-15T07:38:11+00:00\",\"description\":\"Mit Hedon \u00fcbersteigt der begehbare Kleiderschrank den funktionalen Aspekt und \u00fcbernimmt alle \u00e4sthetischen Qualit\u00e4ten eines Raumes, der zum Mittelpunkt des\",\"breadcrumb\":{\"@id\":\"https:\/\/www.rimadesio.it\/de\/produkt\/hedon\/#breadcrumb\"},\"inLanguage\":\"de-DE\",\"potentialAction\":[{\"@type\":\"ReadAction\",\"target\":[\"https:\/\/www.rimadesio.it\/de\/produkt\/hedon\/\"]}]},{\"@type\":\"BreadcrumbList\",\"@id\":\"https:\/\/www.rimadesio.it\/de\/produkt\/hedon\/#breadcrumb\",\"itemListElement\":[{\"@type\":\"ListItem\",\"position\":1,\"name\":\"Homepage\",\"item\":\"https:\/\/www.rimadesio.it\/de\/\"},{\"@type\":\"ListItem\",\"position\":2,\"name\":\"Produkte\",\"item\":\"https:\/\/www.rimadesio.it\/de\/produkt\/\"},{\"@type\":\"ListItem\",\"position\":3,\"name\":\"Schlafzimmersysteme\",\"item\":\"https:\/\/www.rimadesio.it\/de\/produktkategorie\/schlafraum\/\"},{\"@type\":\"ListItem\",\"position\":4,\"name\":\"Begehbare Kleiderschr\u00e4nke\",\"item\":\"https:\/\/www.rimadesio.it\/de\/produktkategorie\/schlafraum\/garderobenkabinen\/\"},{\"@type\":\"ListItem\",\"position\":5,\"name\":\"Hedon\"}]},{\"@type\":\"WebSite\",\"@id\":\"https:\/\/www.rimadesio.it\/de\/#website\",\"url\":\"https:\/\/www.rimadesio.it\/de\/\",\"name\":\"Rimadesio\",\"description\":\"Rimadesio official website\",\"publisher\":{\"@id\":\"https:\/\/www.rimadesio.it\/de\/#organization\"},\"potentialAction\":[{\"@type\":\"SearchAction\",\"target\":{\"@type\":\"EntryPoint\",\"urlTemplate\":\"https:\/\/www.rimadesio.it\/de\/?s={search_term_string}\"},\"query-input\":\"required name=search_term_string\"}],\"inLanguage\":\"de-DE\"},{\"@type\":\"Organization\",\"@id\":\"https:\/\/www.rimadesio.it\/de\/#organization\",\"name\":\"Rimadesio\",\"url\":\"https:\/\/www.rimadesio.it\/de\/\",\"logo\":{\"@type\":\"ImageObject\",\"inLanguage\":\"de-DE\",\"@id\":\"https:\/\/www.rimadesio.it\/de\/#\/schema\/logo\/image\/\",\"url\":\"https:\/\/static.rimadesio.it\/media\/2021\/08\/Logo.png\",\"contentUrl\":\"https:\/\/static.rimadesio.it\/media\/2021\/08\/Logo.png\",\"width\":102,\"height\":18,\"caption\":\"Rimadesio\"},\"image\":{\"@id\":\"https:\/\/www.rimadesio.it\/de\/#\/schema\/logo\/image\/\"}}]}<\/script>\n<!-- \/ Yoast SEO plugin. -->","yoast_head_json":{"title":"Hedon - Rimadesio","description":"Mit Hedon \u00fcbersteigt der begehbare Kleiderschrank den funktionalen Aspekt und \u00fcbernimmt alle \u00e4sthetischen Qualit\u00e4ten eines Raumes, der zum Mittelpunkt des","robots":{"index":"index","follow":"follow","max-snippet":"max-snippet:-1","max-image-preview":"max-image-preview:large","max-video-preview":"max-video-preview:-1"},"canonical":"https:\/\/www.rimadesio.it\/de\/produkt\/hedon\/","og_locale":"de_DE","og_type":"article","og_title":"Hedon - Rimadesio","og_description":"Mit Hedon \u00fcbersteigt der begehbare Kleiderschrank den funktionalen Aspekt und \u00fcbernimmt alle \u00e4sthetischen Qualit\u00e4ten eines Raumes, der zum Mittelpunkt des","og_url":"https:\/\/www.rimadesio.it\/de\/produkt\/hedon\/","og_site_name":"Rimadesio","article_modified_time":"2026-04-15T07:38:11+00:00","twitter_card":"summary_large_image","schema":{"@context":"https:\/\/schema.org","@graph":[{"@type":"WebPage","@id":"https:\/\/www.rimadesio.it\/de\/produkt\/hedon\/","url":"https:\/\/www.rimadesio.it\/de\/produkt\/hedon\/","name":"Hedon - Rimadesio","isPartOf":{"@id":"https:\/\/www.rimadesio.it\/de\/#website"},"datePublished":"2026-03-02T07:33:36+00:00","dateModified":"2026-04-15T07:38:11+00:00","description":"Mit Hedon \u00fcbersteigt der begehbare Kleiderschrank den funktionalen Aspekt und \u00fcbernimmt alle \u00e4sthetischen Qualit\u00e4ten eines Raumes, der zum Mittelpunkt des","breadcrumb":{"@id":"https:\/\/www.rimadesio.it\/de\/produkt\/hedon\/#breadcrumb"},"inLanguage":"de-DE","potentialAction":[{"@type":"ReadAction","target":["https:\/\/www.rimadesio.it\/de\/produkt\/hedon\/"]}]},{"@type":"BreadcrumbList","@id":"https:\/\/www.rimadesio.it\/de\/produkt\/hedon\/#breadcrumb","itemListElement":[{"@type":"ListItem","position":1,"name":"Homepage","item":"https:\/\/www.rimadesio.it\/de\/"},{"@type":"ListItem","position":2,"name":"Produkte","item":"https:\/\/www.rimadesio.it\/de\/produkt\/"},{"@type":"ListItem","position":3,"name":"Schlafzimmersysteme","item":"https:\/\/www.rimadesio.it\/de\/produktkategorie\/schlafraum\/"},{"@type":"ListItem","position":4,"name":"Begehbare Kleiderschr\u00e4nke","item":"https:\/\/www.rimadesio.it\/de\/produktkategorie\/schlafraum\/garderobenkabinen\/"},{"@type":"ListItem","position":5,"name":"Hedon"}]},{"@type":"WebSite","@id":"https:\/\/www.rimadesio.it\/de\/#website","url":"https:\/\/www.rimadesio.it\/de\/","name":"Rimadesio","description":"Rimadesio official website","publisher":{"@id":"https:\/\/www.rimadesio.it\/de\/#organization"},"potentialAction":[{"@type":"SearchAction","target":{"@type":"EntryPoint","urlTemplate":"https:\/\/www.rimadesio.it\/de\/?s={search_term_string}"},"query-input":"required name=search_term_string"}],"inLanguage":"de-DE"},{"@type":"Organization","@id":"https:\/\/www.rimadesio.it\/de\/#organization","name":"Rimadesio","url":"https:\/\/www.rimadesio.it\/de\/","logo":{"@type":"ImageObject","inLanguage":"de-DE","@id":"https:\/\/www.rimadesio.it\/de\/#\/schema\/logo\/image\/","url":"https:\/\/static.rimadesio.it\/media\/2021\/08\/Logo.png","contentUrl":"https:\/\/static.rimadesio.it\/media\/2021\/08\/Logo.png","width":102,"height":18,"caption":"Rimadesio"},"image":{"@id":"https:\/\/www.rimadesio.it\/de\/#\/schema\/logo\/image\/"}}]}},"_links":{"self":[{"href":"https:\/\/www.rimadesio.it\/de\/wp-json\/wp\/v2\/product\/171097"}],"collection":[{"href":"https:\/\/www.rimadesio.it\/de\/wp-json\/wp\/v2\/product"}],"about":[{"href":"https:\/\/www.rimadesio.it\/de\/wp-json\/wp\/v2\/types\/product"}],"wp:attachment":[{"href":"https:\/\/www.rimadesio.it\/de\/wp-json\/wp\/v2\/media?parent=171097"}],"wp:term":[{"taxonomy":"product_category","embeddable":true,"href":"https:\/\/www.rimadesio.it\/de\/wp-json\/wp\/v2\/product_category?post=171097"}],"curies":[{"name":"wp","href":"https:\/\/api.w.org\/{rel}","templated":true}]}}