{"id":168376,"date":"2025-03-27T17:48:13","date_gmt":"2025-03-27T16:48:13","guid":{"rendered":"https:\/\/www.rimadesio.it\/?post_type=product&#038;p=168376"},"modified":"2026-04-15T12:01:00","modified_gmt":"2026-04-15T10:01:00","slug":"sinua-poltrona","status":"publish","type":"product","link":"https:\/\/www.rimadesio.it\/de\/produkt\/sinua-poltrona\/","title":{"rendered":"Sinua"},"content":{"rendered":"<p>Der zeitgen\u00f6ssische Charakter von Sinua wird durch das besondere Design der Holzstruktur bestimmt, die sich \u00fcber die gesamte H\u00f6he erstreckt und in der Mitte die Sitzschale und gleichzeitig die hinteren St\u00fctzen aufnimmt. Die \u00e4sthetische Qualit\u00e4t wird durch die handwerkliche Verarbeitung der Details unterstrichen, vom sorgf\u00e4ltigen Abschleifen der Holzteile bis hin zum raffinierten Bezug von Sitz und R\u00fcckenlehne. Elegant und minimalistisch in der Form ist Sinua dank des Lendenkissens und der speziellen inneren Sitzstruktur \u00fcberraschend bequem. Dank der vielf\u00e4ltigen Kombinationsm\u00f6glichkeiten der Kollektionsausf\u00fchrungen ist Sinua eine vielseitige und charaktervolle Erg\u00e4nzung der Inneneinrichtung.<\/p>\n","protected":false},"featured_media":0,"template":"","product_category":[668,276],"acf":[],"yoast_head":"<!-- This site is optimized with the Yoast SEO plugin v20.4 - https:\/\/yoast.com\/wordpress\/plugins\/seo\/ -->\n<title>Sinua - Rimadesio<\/title>\n<meta name=\"description\" content=\"Der zeitgen\u00f6ssische Charakter von Sinua wird durch das besondere Design der Holzstruktur bestimmt, die sich \u00fcber die gesamte H\u00f6he erstreckt und in der\" \/>\n<meta name=\"robots\" content=\"index, follow, max-snippet:-1, max-image-preview:large, max-video-preview:-1\" \/>\n<link rel=\"canonical\" href=\"https:\/\/www.rimadesio.it\/de\/produkt\/sinua-poltrona\/\" \/>\n<meta property=\"og:locale\" content=\"de_DE\" \/>\n<meta property=\"og:type\" content=\"article\" \/>\n<meta property=\"og:title\" content=\"Sinua - Rimadesio\" \/>\n<meta property=\"og:description\" content=\"Der zeitgen\u00f6ssische Charakter von Sinua wird durch das besondere Design der Holzstruktur bestimmt, die sich \u00fcber die gesamte H\u00f6he erstreckt und in der\" \/>\n<meta property=\"og:url\" content=\"https:\/\/www.rimadesio.it\/de\/produkt\/sinua-poltrona\/\" \/>\n<meta property=\"og:site_name\" content=\"Rimadesio\" \/>\n<meta property=\"article:modified_time\" content=\"2026-04-15T10:01:00+00:00\" \/>\n<meta name=\"twitter:card\" content=\"summary_large_image\" \/>\n<meta name=\"twitter:label1\" content=\"Est. reading time\" \/>\n\t<meta name=\"twitter:data1\" content=\"1 minute\" \/>\n<script type=\"application\/ld+json\" class=\"yoast-schema-graph\">{\"@context\":\"https:\/\/schema.org\",\"@graph\":[{\"@type\":\"WebPage\",\"@id\":\"https:\/\/www.rimadesio.it\/de\/produkt\/sinua-poltrona\/\",\"url\":\"https:\/\/www.rimadesio.it\/de\/produkt\/sinua-poltrona\/\",\"name\":\"Sinua - Rimadesio\",\"isPartOf\":{\"@id\":\"https:\/\/www.rimadesio.it\/de\/#website\"},\"datePublished\":\"2025-03-27T16:48:13+00:00\",\"dateModified\":\"2026-04-15T10:01:00+00:00\",\"description\":\"Der zeitgen\u00f6ssische Charakter von Sinua wird durch das besondere Design der Holzstruktur bestimmt, die sich \u00fcber die gesamte H\u00f6he erstreckt und in der\",\"breadcrumb\":{\"@id\":\"https:\/\/www.rimadesio.it\/de\/produkt\/sinua-poltrona\/#breadcrumb\"},\"inLanguage\":\"de-DE\",\"potentialAction\":[{\"@type\":\"ReadAction\",\"target\":[\"https:\/\/www.rimadesio.it\/de\/produkt\/sinua-poltrona\/\"]}]},{\"@type\":\"BreadcrumbList\",\"@id\":\"https:\/\/www.rimadesio.it\/de\/produkt\/sinua-poltrona\/#breadcrumb\",\"itemListElement\":[{\"@type\":\"ListItem\",\"position\":1,\"name\":\"Homepage\",\"item\":\"https:\/\/www.rimadesio.it\/de\/\"},{\"@type\":\"ListItem\",\"position\":2,\"name\":\"Produkte\",\"item\":\"https:\/\/www.rimadesio.it\/de\/produkt\/\"},{\"@type\":\"ListItem\",\"position\":3,\"name\":\"Einrichtungsgegenst\u00e4nde\",\"item\":\"https:\/\/www.rimadesio.it\/de\/produktkategorie\/einzelmobel\/\"},{\"@type\":\"ListItem\",\"position\":4,\"name\":\"Sessel\",\"item\":\"https:\/\/www.rimadesio.it\/de\/produktkategorie\/einzelmobel\/sessel\/\"},{\"@type\":\"ListItem\",\"position\":5,\"name\":\"Sinua\"}]},{\"@type\":\"WebSite\",\"@id\":\"https:\/\/www.rimadesio.it\/de\/#website\",\"url\":\"https:\/\/www.rimadesio.it\/de\/\",\"name\":\"Rimadesio\",\"description\":\"Rimadesio official website\",\"publisher\":{\"@id\":\"https:\/\/www.rimadesio.it\/de\/#organization\"},\"potentialAction\":[{\"@type\":\"SearchAction\",\"target\":{\"@type\":\"EntryPoint\",\"urlTemplate\":\"https:\/\/www.rimadesio.it\/de\/?s={search_term_string}\"},\"query-input\":\"required name=search_term_string\"}],\"inLanguage\":\"de-DE\"},{\"@type\":\"Organization\",\"@id\":\"https:\/\/www.rimadesio.it\/de\/#organization\",\"name\":\"Rimadesio\",\"url\":\"https:\/\/www.rimadesio.it\/de\/\",\"logo\":{\"@type\":\"ImageObject\",\"inLanguage\":\"de-DE\",\"@id\":\"https:\/\/www.rimadesio.it\/de\/#\/schema\/logo\/image\/\",\"url\":\"https:\/\/static.rimadesio.it\/media\/2021\/08\/Logo.png\",\"contentUrl\":\"https:\/\/static.rimadesio.it\/media\/2021\/08\/Logo.png\",\"width\":102,\"height\":18,\"caption\":\"Rimadesio\"},\"image\":{\"@id\":\"https:\/\/www.rimadesio.it\/de\/#\/schema\/logo\/image\/\"}}]}<\/script>\n<!-- \/ Yoast SEO plugin. -->","yoast_head_json":{"title":"Sinua - Rimadesio","description":"Der zeitgen\u00f6ssische Charakter von Sinua wird durch das besondere Design der Holzstruktur bestimmt, die sich \u00fcber die gesamte H\u00f6he erstreckt und in der","robots":{"index":"index","follow":"follow","max-snippet":"max-snippet:-1","max-image-preview":"max-image-preview:large","max-video-preview":"max-video-preview:-1"},"canonical":"https:\/\/www.rimadesio.it\/de\/produkt\/sinua-poltrona\/","og_locale":"de_DE","og_type":"article","og_title":"Sinua - Rimadesio","og_description":"Der zeitgen\u00f6ssische Charakter von Sinua wird durch das besondere Design der Holzstruktur bestimmt, die sich \u00fcber die gesamte H\u00f6he erstreckt und in der","og_url":"https:\/\/www.rimadesio.it\/de\/produkt\/sinua-poltrona\/","og_site_name":"Rimadesio","article_modified_time":"2026-04-15T10:01:00+00:00","twitter_card":"summary_large_image","twitter_misc":{"Est. reading time":"1 minute"},"schema":{"@context":"https:\/\/schema.org","@graph":[{"@type":"WebPage","@id":"https:\/\/www.rimadesio.it\/de\/produkt\/sinua-poltrona\/","url":"https:\/\/www.rimadesio.it\/de\/produkt\/sinua-poltrona\/","name":"Sinua - Rimadesio","isPartOf":{"@id":"https:\/\/www.rimadesio.it\/de\/#website"},"datePublished":"2025-03-27T16:48:13+00:00","dateModified":"2026-04-15T10:01:00+00:00","description":"Der zeitgen\u00f6ssische Charakter von Sinua wird durch das besondere Design der Holzstruktur bestimmt, die sich \u00fcber die gesamte H\u00f6he erstreckt und in der","breadcrumb":{"@id":"https:\/\/www.rimadesio.it\/de\/produkt\/sinua-poltrona\/#breadcrumb"},"inLanguage":"de-DE","potentialAction":[{"@type":"ReadAction","target":["https:\/\/www.rimadesio.it\/de\/produkt\/sinua-poltrona\/"]}]},{"@type":"BreadcrumbList","@id":"https:\/\/www.rimadesio.it\/de\/produkt\/sinua-poltrona\/#breadcrumb","itemListElement":[{"@type":"ListItem","position":1,"name":"Homepage","item":"https:\/\/www.rimadesio.it\/de\/"},{"@type":"ListItem","position":2,"name":"Produkte","item":"https:\/\/www.rimadesio.it\/de\/produkt\/"},{"@type":"ListItem","position":3,"name":"Einrichtungsgegenst\u00e4nde","item":"https:\/\/www.rimadesio.it\/de\/produktkategorie\/einzelmobel\/"},{"@type":"ListItem","position":4,"name":"Sessel","item":"https:\/\/www.rimadesio.it\/de\/produktkategorie\/einzelmobel\/sessel\/"},{"@type":"ListItem","position":5,"name":"Sinua"}]},{"@type":"WebSite","@id":"https:\/\/www.rimadesio.it\/de\/#website","url":"https:\/\/www.rimadesio.it\/de\/","name":"Rimadesio","description":"Rimadesio official website","publisher":{"@id":"https:\/\/www.rimadesio.it\/de\/#organization"},"potentialAction":[{"@type":"SearchAction","target":{"@type":"EntryPoint","urlTemplate":"https:\/\/www.rimadesio.it\/de\/?s={search_term_string}"},"query-input":"required name=search_term_string"}],"inLanguage":"de-DE"},{"@type":"Organization","@id":"https:\/\/www.rimadesio.it\/de\/#organization","name":"Rimadesio","url":"https:\/\/www.rimadesio.it\/de\/","logo":{"@type":"ImageObject","inLanguage":"de-DE","@id":"https:\/\/www.rimadesio.it\/de\/#\/schema\/logo\/image\/","url":"https:\/\/static.rimadesio.it\/media\/2021\/08\/Logo.png","contentUrl":"https:\/\/static.rimadesio.it\/media\/2021\/08\/Logo.png","width":102,"height":18,"caption":"Rimadesio"},"image":{"@id":"https:\/\/www.rimadesio.it\/de\/#\/schema\/logo\/image\/"}}]}},"_links":{"self":[{"href":"https:\/\/www.rimadesio.it\/de\/wp-json\/wp\/v2\/product\/168376"}],"collection":[{"href":"https:\/\/www.rimadesio.it\/de\/wp-json\/wp\/v2\/product"}],"about":[{"href":"https:\/\/www.rimadesio.it\/de\/wp-json\/wp\/v2\/types\/product"}],"wp:attachment":[{"href":"https:\/\/www.rimadesio.it\/de\/wp-json\/wp\/v2\/media?parent=168376"}],"wp:term":[{"taxonomy":"product_category","embeddable":true,"href":"https:\/\/www.rimadesio.it\/de\/wp-json\/wp\/v2\/product_category?post=168376"}],"curies":[{"name":"wp","href":"https:\/\/api.w.org\/{rel}","templated":true}]}}