{"id":168341,"date":"2025-04-07T08:26:58","date_gmt":"2025-04-07T06:26:58","guid":{"rendered":"https:\/\/www.rimadesio.it\/?post_type=product&#038;p=168341"},"modified":"2026-04-16T10:22:19","modified_gmt":"2026-04-16T08:22:19","slug":"sophis","status":"publish","type":"product","link":"https:\/\/www.rimadesio.it\/de\/produkt\/sophis\/","title":{"rendered":"Sophis"},"content":{"rendered":"<p>Ein M\u00f6belst\u00fcck, das auf Anhieb vertraut und gem\u00fctlich wirkt, aber gleichzeitig eine pr\u00e4zise Pers\u00f6nlichkeit besitzt, die sich durch raffinierte Details auszeichnet. Die Qualit\u00e4t von Sophis zeigt sich in der Verarbeitung des Holzrahmens, insbesondere in der gro\u00dfen, umh\u00fcllenden R\u00fcckenlehne und in den Verbindungen zwischen den Beinen und den Kanten des gepolsterten Sitzes. Edle Details, die Sophis zusammen mit der Kombinationsvielfalt der Kollektionsausf\u00fchrungen von Rimadesio zu einem vielseitigen und stilistisch unverwechselbaren Einrichtungsgegenstand machen.<\/p>\n","protected":false},"featured_media":0,"template":"","product_category":[662,276],"acf":[],"yoast_head":"<!-- This site is optimized with the Yoast SEO plugin v20.4 - https:\/\/yoast.com\/wordpress\/plugins\/seo\/ -->\n<title>Sophis - Rimadesio<\/title>\n<meta name=\"description\" content=\"Ein M\u00f6belst\u00fcck, das auf Anhieb vertraut und gem\u00fctlich wirkt, aber gleichzeitig eine pr\u00e4zise Pers\u00f6nlichkeit besitzt, die sich durch raffinierte Details\" \/>\n<meta name=\"robots\" content=\"index, follow, max-snippet:-1, max-image-preview:large, max-video-preview:-1\" \/>\n<link rel=\"canonical\" href=\"https:\/\/www.rimadesio.it\/de\/produkt\/sophis\/\" \/>\n<meta property=\"og:locale\" content=\"de_DE\" \/>\n<meta property=\"og:type\" content=\"article\" \/>\n<meta property=\"og:title\" content=\"Sophis - Rimadesio\" \/>\n<meta property=\"og:description\" content=\"Ein M\u00f6belst\u00fcck, das auf Anhieb vertraut und gem\u00fctlich wirkt, aber gleichzeitig eine pr\u00e4zise Pers\u00f6nlichkeit besitzt, die sich durch raffinierte Details\" \/>\n<meta property=\"og:url\" content=\"https:\/\/www.rimadesio.it\/de\/produkt\/sophis\/\" \/>\n<meta property=\"og:site_name\" content=\"Rimadesio\" \/>\n<meta property=\"article:modified_time\" content=\"2026-04-16T08:22:19+00:00\" \/>\n<meta name=\"twitter:card\" content=\"summary_large_image\" \/>\n<script type=\"application\/ld+json\" class=\"yoast-schema-graph\">{\"@context\":\"https:\/\/schema.org\",\"@graph\":[{\"@type\":\"WebPage\",\"@id\":\"https:\/\/www.rimadesio.it\/de\/produkt\/sophis\/\",\"url\":\"https:\/\/www.rimadesio.it\/de\/produkt\/sophis\/\",\"name\":\"Sophis - Rimadesio\",\"isPartOf\":{\"@id\":\"https:\/\/www.rimadesio.it\/de\/#website\"},\"datePublished\":\"2025-04-07T06:26:58+00:00\",\"dateModified\":\"2026-04-16T08:22:19+00:00\",\"description\":\"Ein M\u00f6belst\u00fcck, das auf Anhieb vertraut und gem\u00fctlich wirkt, aber gleichzeitig eine pr\u00e4zise Pers\u00f6nlichkeit besitzt, die sich durch raffinierte Details\",\"breadcrumb\":{\"@id\":\"https:\/\/www.rimadesio.it\/de\/produkt\/sophis\/#breadcrumb\"},\"inLanguage\":\"de-DE\",\"potentialAction\":[{\"@type\":\"ReadAction\",\"target\":[\"https:\/\/www.rimadesio.it\/de\/produkt\/sophis\/\"]}]},{\"@type\":\"BreadcrumbList\",\"@id\":\"https:\/\/www.rimadesio.it\/de\/produkt\/sophis\/#breadcrumb\",\"itemListElement\":[{\"@type\":\"ListItem\",\"position\":1,\"name\":\"Homepage\",\"item\":\"https:\/\/www.rimadesio.it\/de\/\"},{\"@type\":\"ListItem\",\"position\":2,\"name\":\"Produkte\",\"item\":\"https:\/\/www.rimadesio.it\/de\/produkt\/\"},{\"@type\":\"ListItem\",\"position\":3,\"name\":\"Einrichtungsgegenst\u00e4nde\",\"item\":\"https:\/\/www.rimadesio.it\/de\/produktkategorie\/einzelmobel\/\"},{\"@type\":\"ListItem\",\"position\":4,\"name\":\"St\u00fchle\",\"item\":\"https:\/\/www.rimadesio.it\/de\/produktkategorie\/einzelmobel\/stuhle\/\"},{\"@type\":\"ListItem\",\"position\":5,\"name\":\"Sophis\"}]},{\"@type\":\"WebSite\",\"@id\":\"https:\/\/www.rimadesio.it\/de\/#website\",\"url\":\"https:\/\/www.rimadesio.it\/de\/\",\"name\":\"Rimadesio\",\"description\":\"Rimadesio official website\",\"publisher\":{\"@id\":\"https:\/\/www.rimadesio.it\/de\/#organization\"},\"potentialAction\":[{\"@type\":\"SearchAction\",\"target\":{\"@type\":\"EntryPoint\",\"urlTemplate\":\"https:\/\/www.rimadesio.it\/de\/?s={search_term_string}\"},\"query-input\":\"required name=search_term_string\"}],\"inLanguage\":\"de-DE\"},{\"@type\":\"Organization\",\"@id\":\"https:\/\/www.rimadesio.it\/de\/#organization\",\"name\":\"Rimadesio\",\"url\":\"https:\/\/www.rimadesio.it\/de\/\",\"logo\":{\"@type\":\"ImageObject\",\"inLanguage\":\"de-DE\",\"@id\":\"https:\/\/www.rimadesio.it\/de\/#\/schema\/logo\/image\/\",\"url\":\"https:\/\/static.rimadesio.it\/media\/2021\/08\/Logo.png\",\"contentUrl\":\"https:\/\/static.rimadesio.it\/media\/2021\/08\/Logo.png\",\"width\":102,\"height\":18,\"caption\":\"Rimadesio\"},\"image\":{\"@id\":\"https:\/\/www.rimadesio.it\/de\/#\/schema\/logo\/image\/\"}}]}<\/script>\n<!-- \/ Yoast SEO plugin. -->","yoast_head_json":{"title":"Sophis - Rimadesio","description":"Ein M\u00f6belst\u00fcck, das auf Anhieb vertraut und gem\u00fctlich wirkt, aber gleichzeitig eine pr\u00e4zise Pers\u00f6nlichkeit besitzt, die sich durch raffinierte Details","robots":{"index":"index","follow":"follow","max-snippet":"max-snippet:-1","max-image-preview":"max-image-preview:large","max-video-preview":"max-video-preview:-1"},"canonical":"https:\/\/www.rimadesio.it\/de\/produkt\/sophis\/","og_locale":"de_DE","og_type":"article","og_title":"Sophis - Rimadesio","og_description":"Ein M\u00f6belst\u00fcck, das auf Anhieb vertraut und gem\u00fctlich wirkt, aber gleichzeitig eine pr\u00e4zise Pers\u00f6nlichkeit besitzt, die sich durch raffinierte Details","og_url":"https:\/\/www.rimadesio.it\/de\/produkt\/sophis\/","og_site_name":"Rimadesio","article_modified_time":"2026-04-16T08:22:19+00:00","twitter_card":"summary_large_image","schema":{"@context":"https:\/\/schema.org","@graph":[{"@type":"WebPage","@id":"https:\/\/www.rimadesio.it\/de\/produkt\/sophis\/","url":"https:\/\/www.rimadesio.it\/de\/produkt\/sophis\/","name":"Sophis - Rimadesio","isPartOf":{"@id":"https:\/\/www.rimadesio.it\/de\/#website"},"datePublished":"2025-04-07T06:26:58+00:00","dateModified":"2026-04-16T08:22:19+00:00","description":"Ein M\u00f6belst\u00fcck, das auf Anhieb vertraut und gem\u00fctlich wirkt, aber gleichzeitig eine pr\u00e4zise Pers\u00f6nlichkeit besitzt, die sich durch raffinierte Details","breadcrumb":{"@id":"https:\/\/www.rimadesio.it\/de\/produkt\/sophis\/#breadcrumb"},"inLanguage":"de-DE","potentialAction":[{"@type":"ReadAction","target":["https:\/\/www.rimadesio.it\/de\/produkt\/sophis\/"]}]},{"@type":"BreadcrumbList","@id":"https:\/\/www.rimadesio.it\/de\/produkt\/sophis\/#breadcrumb","itemListElement":[{"@type":"ListItem","position":1,"name":"Homepage","item":"https:\/\/www.rimadesio.it\/de\/"},{"@type":"ListItem","position":2,"name":"Produkte","item":"https:\/\/www.rimadesio.it\/de\/produkt\/"},{"@type":"ListItem","position":3,"name":"Einrichtungsgegenst\u00e4nde","item":"https:\/\/www.rimadesio.it\/de\/produktkategorie\/einzelmobel\/"},{"@type":"ListItem","position":4,"name":"St\u00fchle","item":"https:\/\/www.rimadesio.it\/de\/produktkategorie\/einzelmobel\/stuhle\/"},{"@type":"ListItem","position":5,"name":"Sophis"}]},{"@type":"WebSite","@id":"https:\/\/www.rimadesio.it\/de\/#website","url":"https:\/\/www.rimadesio.it\/de\/","name":"Rimadesio","description":"Rimadesio official website","publisher":{"@id":"https:\/\/www.rimadesio.it\/de\/#organization"},"potentialAction":[{"@type":"SearchAction","target":{"@type":"EntryPoint","urlTemplate":"https:\/\/www.rimadesio.it\/de\/?s={search_term_string}"},"query-input":"required name=search_term_string"}],"inLanguage":"de-DE"},{"@type":"Organization","@id":"https:\/\/www.rimadesio.it\/de\/#organization","name":"Rimadesio","url":"https:\/\/www.rimadesio.it\/de\/","logo":{"@type":"ImageObject","inLanguage":"de-DE","@id":"https:\/\/www.rimadesio.it\/de\/#\/schema\/logo\/image\/","url":"https:\/\/static.rimadesio.it\/media\/2021\/08\/Logo.png","contentUrl":"https:\/\/static.rimadesio.it\/media\/2021\/08\/Logo.png","width":102,"height":18,"caption":"Rimadesio"},"image":{"@id":"https:\/\/www.rimadesio.it\/de\/#\/schema\/logo\/image\/"}}]}},"_links":{"self":[{"href":"https:\/\/www.rimadesio.it\/de\/wp-json\/wp\/v2\/product\/168341"}],"collection":[{"href":"https:\/\/www.rimadesio.it\/de\/wp-json\/wp\/v2\/product"}],"about":[{"href":"https:\/\/www.rimadesio.it\/de\/wp-json\/wp\/v2\/types\/product"}],"wp:attachment":[{"href":"https:\/\/www.rimadesio.it\/de\/wp-json\/wp\/v2\/media?parent=168341"}],"wp:term":[{"taxonomy":"product_category","embeddable":true,"href":"https:\/\/www.rimadesio.it\/de\/wp-json\/wp\/v2\/product_category?post=168341"}],"curies":[{"name":"wp","href":"https:\/\/api.w.org\/{rel}","templated":true}]}}