{"id":166547,"date":"2024-09-26T11:31:11","date_gmt":"2024-09-26T09:31:11","guid":{"rendered":"https:\/\/www.rimadesio.it\/?post_type=product&#038;p=166547"},"modified":"2026-04-15T10:39:59","modified_gmt":"2026-04-15T08:39:59","slug":"long-island-consolle","status":"publish","type":"product","link":"https:\/\/www.rimadesio.it\/de\/produkt\/long-island-consolle\/","title":{"rendered":"Long Island"},"content":{"rendered":"<p>Ein M\u00f6belst\u00fcck mit einem ebenso sachlichen wie raffinierten Erscheinungsbild, das von Elementen des rationalistischen Designs inspiriert ist: Die Konsole Long Island ist in verschiedenen Gr\u00f6\u00dfen, in einer breiten Palette von Ausf\u00fchrungen und in unterschiedlichen Kombinationen von Korpus und Platte erh\u00e4ltlich und verbindet Technologie mit ausdrucksstarker Originalit\u00e4t.<\/p>\n","protected":false},"featured_media":0,"template":"","product_category":[612,271],"acf":[],"yoast_head":"<!-- This site is optimized with the Yoast SEO plugin v20.4 - https:\/\/yoast.com\/wordpress\/plugins\/seo\/ -->\n<title>Long Island tavoli di design| Rimadesio<\/title>\n<meta name=\"description\" content=\"Scopri la gamma di tavoli Long Island by Rimadesio. Soluzioni di design, personalizzabili. Alta qualit\u00e0 made in Italy.\" \/>\n<meta name=\"robots\" content=\"index, follow, max-snippet:-1, max-image-preview:large, max-video-preview:-1\" \/>\n<link rel=\"canonical\" href=\"https:\/\/www.rimadesio.it\/de\/produkt\/long-island-consolle\/\" \/>\n<meta property=\"og:locale\" content=\"de_DE\" \/>\n<meta property=\"og:type\" content=\"article\" \/>\n<meta property=\"og:title\" content=\"Long Island tavoli di design| Rimadesio\" \/>\n<meta property=\"og:description\" content=\"Scopri la gamma di tavoli Long Island by Rimadesio. Soluzioni di design, personalizzabili. Alta qualit\u00e0 made in Italy.\" \/>\n<meta property=\"og:url\" content=\"https:\/\/www.rimadesio.it\/de\/produkt\/long-island-consolle\/\" \/>\n<meta property=\"og:site_name\" content=\"Rimadesio\" \/>\n<meta property=\"article:modified_time\" content=\"2026-04-15T08:39:59+00:00\" \/>\n<meta name=\"twitter:card\" content=\"summary_large_image\" \/>\n<script type=\"application\/ld+json\" class=\"yoast-schema-graph\">{\"@context\":\"https:\/\/schema.org\",\"@graph\":[{\"@type\":\"WebPage\",\"@id\":\"https:\/\/www.rimadesio.it\/de\/produkt\/long-island-consolle\/\",\"url\":\"https:\/\/www.rimadesio.it\/de\/produkt\/long-island-consolle\/\",\"name\":\"Long Island tavoli di design| Rimadesio\",\"isPartOf\":{\"@id\":\"https:\/\/www.rimadesio.it\/de\/#website\"},\"datePublished\":\"2024-09-26T09:31:11+00:00\",\"dateModified\":\"2026-04-15T08:39:59+00:00\",\"description\":\"Scopri la gamma di tavoli Long Island by Rimadesio. Soluzioni di design, personalizzabili. Alta qualit\u00e0 made in Italy.\",\"breadcrumb\":{\"@id\":\"https:\/\/www.rimadesio.it\/de\/produkt\/long-island-consolle\/#breadcrumb\"},\"inLanguage\":\"de-DE\",\"potentialAction\":[{\"@type\":\"ReadAction\",\"target\":[\"https:\/\/www.rimadesio.it\/de\/produkt\/long-island-consolle\/\"]}]},{\"@type\":\"BreadcrumbList\",\"@id\":\"https:\/\/www.rimadesio.it\/de\/produkt\/long-island-consolle\/#breadcrumb\",\"itemListElement\":[{\"@type\":\"ListItem\",\"position\":1,\"name\":\"Homepage\",\"item\":\"https:\/\/www.rimadesio.it\/de\/\"},{\"@type\":\"ListItem\",\"position\":2,\"name\":\"Produkte\",\"item\":\"https:\/\/www.rimadesio.it\/de\/produkt\/\"},{\"@type\":\"ListItem\",\"position\":3,\"name\":\"Wohnsysteme\",\"item\":\"https:\/\/www.rimadesio.it\/de\/produktkategorie\/wohnraum\/\"},{\"@type\":\"ListItem\",\"position\":4,\"name\":\"Konsole\",\"item\":\"https:\/\/www.rimadesio.it\/de\/produktkategorie\/wohnraum\/konsole\/\"},{\"@type\":\"ListItem\",\"position\":5,\"name\":\"Long Island\"}]},{\"@type\":\"WebSite\",\"@id\":\"https:\/\/www.rimadesio.it\/de\/#website\",\"url\":\"https:\/\/www.rimadesio.it\/de\/\",\"name\":\"Rimadesio\",\"description\":\"Rimadesio official website\",\"publisher\":{\"@id\":\"https:\/\/www.rimadesio.it\/de\/#organization\"},\"potentialAction\":[{\"@type\":\"SearchAction\",\"target\":{\"@type\":\"EntryPoint\",\"urlTemplate\":\"https:\/\/www.rimadesio.it\/de\/?s={search_term_string}\"},\"query-input\":\"required name=search_term_string\"}],\"inLanguage\":\"de-DE\"},{\"@type\":\"Organization\",\"@id\":\"https:\/\/www.rimadesio.it\/de\/#organization\",\"name\":\"Rimadesio\",\"url\":\"https:\/\/www.rimadesio.it\/de\/\",\"logo\":{\"@type\":\"ImageObject\",\"inLanguage\":\"de-DE\",\"@id\":\"https:\/\/www.rimadesio.it\/de\/#\/schema\/logo\/image\/\",\"url\":\"https:\/\/static.rimadesio.it\/media\/2021\/08\/Logo.png\",\"contentUrl\":\"https:\/\/static.rimadesio.it\/media\/2021\/08\/Logo.png\",\"width\":102,\"height\":18,\"caption\":\"Rimadesio\"},\"image\":{\"@id\":\"https:\/\/www.rimadesio.it\/de\/#\/schema\/logo\/image\/\"}}]}<\/script>\n<!-- \/ Yoast SEO plugin. -->","yoast_head_json":{"title":"Long Island tavoli di design| Rimadesio","description":"Scopri la gamma di tavoli Long Island by Rimadesio. Soluzioni di design, personalizzabili. Alta qualit\u00e0 made in Italy.","robots":{"index":"index","follow":"follow","max-snippet":"max-snippet:-1","max-image-preview":"max-image-preview:large","max-video-preview":"max-video-preview:-1"},"canonical":"https:\/\/www.rimadesio.it\/de\/produkt\/long-island-consolle\/","og_locale":"de_DE","og_type":"article","og_title":"Long Island tavoli di design| Rimadesio","og_description":"Scopri la gamma di tavoli Long Island by Rimadesio. Soluzioni di design, personalizzabili. Alta qualit\u00e0 made in Italy.","og_url":"https:\/\/www.rimadesio.it\/de\/produkt\/long-island-consolle\/","og_site_name":"Rimadesio","article_modified_time":"2026-04-15T08:39:59+00:00","twitter_card":"summary_large_image","schema":{"@context":"https:\/\/schema.org","@graph":[{"@type":"WebPage","@id":"https:\/\/www.rimadesio.it\/de\/produkt\/long-island-consolle\/","url":"https:\/\/www.rimadesio.it\/de\/produkt\/long-island-consolle\/","name":"Long Island tavoli di design| Rimadesio","isPartOf":{"@id":"https:\/\/www.rimadesio.it\/de\/#website"},"datePublished":"2024-09-26T09:31:11+00:00","dateModified":"2026-04-15T08:39:59+00:00","description":"Scopri la gamma di tavoli Long Island by Rimadesio. Soluzioni di design, personalizzabili. Alta qualit\u00e0 made in Italy.","breadcrumb":{"@id":"https:\/\/www.rimadesio.it\/de\/produkt\/long-island-consolle\/#breadcrumb"},"inLanguage":"de-DE","potentialAction":[{"@type":"ReadAction","target":["https:\/\/www.rimadesio.it\/de\/produkt\/long-island-consolle\/"]}]},{"@type":"BreadcrumbList","@id":"https:\/\/www.rimadesio.it\/de\/produkt\/long-island-consolle\/#breadcrumb","itemListElement":[{"@type":"ListItem","position":1,"name":"Homepage","item":"https:\/\/www.rimadesio.it\/de\/"},{"@type":"ListItem","position":2,"name":"Produkte","item":"https:\/\/www.rimadesio.it\/de\/produkt\/"},{"@type":"ListItem","position":3,"name":"Wohnsysteme","item":"https:\/\/www.rimadesio.it\/de\/produktkategorie\/wohnraum\/"},{"@type":"ListItem","position":4,"name":"Konsole","item":"https:\/\/www.rimadesio.it\/de\/produktkategorie\/wohnraum\/konsole\/"},{"@type":"ListItem","position":5,"name":"Long Island"}]},{"@type":"WebSite","@id":"https:\/\/www.rimadesio.it\/de\/#website","url":"https:\/\/www.rimadesio.it\/de\/","name":"Rimadesio","description":"Rimadesio official website","publisher":{"@id":"https:\/\/www.rimadesio.it\/de\/#organization"},"potentialAction":[{"@type":"SearchAction","target":{"@type":"EntryPoint","urlTemplate":"https:\/\/www.rimadesio.it\/de\/?s={search_term_string}"},"query-input":"required name=search_term_string"}],"inLanguage":"de-DE"},{"@type":"Organization","@id":"https:\/\/www.rimadesio.it\/de\/#organization","name":"Rimadesio","url":"https:\/\/www.rimadesio.it\/de\/","logo":{"@type":"ImageObject","inLanguage":"de-DE","@id":"https:\/\/www.rimadesio.it\/de\/#\/schema\/logo\/image\/","url":"https:\/\/static.rimadesio.it\/media\/2021\/08\/Logo.png","contentUrl":"https:\/\/static.rimadesio.it\/media\/2021\/08\/Logo.png","width":102,"height":18,"caption":"Rimadesio"},"image":{"@id":"https:\/\/www.rimadesio.it\/de\/#\/schema\/logo\/image\/"}}]}},"_links":{"self":[{"href":"https:\/\/www.rimadesio.it\/de\/wp-json\/wp\/v2\/product\/166547"}],"collection":[{"href":"https:\/\/www.rimadesio.it\/de\/wp-json\/wp\/v2\/product"}],"about":[{"href":"https:\/\/www.rimadesio.it\/de\/wp-json\/wp\/v2\/types\/product"}],"wp:attachment":[{"href":"https:\/\/www.rimadesio.it\/de\/wp-json\/wp\/v2\/media?parent=166547"}],"wp:term":[{"taxonomy":"product_category","embeddable":true,"href":"https:\/\/www.rimadesio.it\/de\/wp-json\/wp\/v2\/product_category?post=166547"}],"curies":[{"name":"wp","href":"https:\/\/api.w.org\/{rel}","templated":true}]}}