{"id":166450,"date":"2024-09-19T15:33:25","date_gmt":"2024-09-19T13:33:25","guid":{"rendered":"https:\/\/www.rimadesio.it\/product\/kanji\/"},"modified":"2026-04-15T12:14:42","modified_gmt":"2026-04-15T10:14:42","slug":"kanji","status":"publish","type":"product","link":"https:\/\/www.rimadesio.it\/de\/produkt\/kanji\/","title":{"rendered":"Kanji"},"content":{"rendered":"<p>Der in kelimtechnik gewebte kanji hat in der mitte einen h\u00f6heren, handgekn\u00fcpften flor, der an den typischen pinselstrich japanischer ideogramme erinnert. Erh\u00e4ltlich im runden Format in Ivory.<\/p>\n","protected":false},"featured_media":0,"template":"","product_category":[637,276],"acf":[],"yoast_head":"<!-- This site is optimized with the Yoast SEO plugin v20.4 - https:\/\/yoast.com\/wordpress\/plugins\/seo\/ -->\n<title>Kanji - Rimadesio<\/title>\n<meta name=\"description\" content=\"Der in kelimtechnik gewebte kanji hat in der mitte einen h\u00f6heren, handgekn\u00fcpften flor, der an den typischen pinselstrich japanischer ideogramme erinnert.\" \/>\n<meta name=\"robots\" content=\"index, follow, max-snippet:-1, max-image-preview:large, max-video-preview:-1\" \/>\n<link rel=\"canonical\" href=\"https:\/\/www.rimadesio.it\/de\/produkt\/kanji\/\" \/>\n<meta property=\"og:locale\" content=\"de_DE\" \/>\n<meta property=\"og:type\" content=\"article\" \/>\n<meta property=\"og:title\" content=\"Kanji - Rimadesio\" \/>\n<meta property=\"og:description\" content=\"Der in kelimtechnik gewebte kanji hat in der mitte einen h\u00f6heren, handgekn\u00fcpften flor, der an den typischen pinselstrich japanischer ideogramme erinnert.\" \/>\n<meta property=\"og:url\" content=\"https:\/\/www.rimadesio.it\/de\/produkt\/kanji\/\" \/>\n<meta property=\"og:site_name\" content=\"Rimadesio\" \/>\n<meta property=\"article:modified_time\" content=\"2026-04-15T10:14:42+00:00\" \/>\n<meta name=\"twitter:card\" content=\"summary_large_image\" \/>\n<script type=\"application\/ld+json\" class=\"yoast-schema-graph\">{\"@context\":\"https:\/\/schema.org\",\"@graph\":[{\"@type\":\"WebPage\",\"@id\":\"https:\/\/www.rimadesio.it\/de\/produkt\/kanji\/\",\"url\":\"https:\/\/www.rimadesio.it\/de\/produkt\/kanji\/\",\"name\":\"Kanji - Rimadesio\",\"isPartOf\":{\"@id\":\"https:\/\/www.rimadesio.it\/de\/#website\"},\"datePublished\":\"2024-09-19T13:33:25+00:00\",\"dateModified\":\"2026-04-15T10:14:42+00:00\",\"description\":\"Der in kelimtechnik gewebte kanji hat in der mitte einen h\u00f6heren, handgekn\u00fcpften flor, der an den typischen pinselstrich japanischer ideogramme erinnert.\",\"breadcrumb\":{\"@id\":\"https:\/\/www.rimadesio.it\/de\/produkt\/kanji\/#breadcrumb\"},\"inLanguage\":\"de-DE\",\"potentialAction\":[{\"@type\":\"ReadAction\",\"target\":[\"https:\/\/www.rimadesio.it\/de\/produkt\/kanji\/\"]}]},{\"@type\":\"BreadcrumbList\",\"@id\":\"https:\/\/www.rimadesio.it\/de\/produkt\/kanji\/#breadcrumb\",\"itemListElement\":[{\"@type\":\"ListItem\",\"position\":1,\"name\":\"Homepage\",\"item\":\"https:\/\/www.rimadesio.it\/de\/\"},{\"@type\":\"ListItem\",\"position\":2,\"name\":\"Produkte\",\"item\":\"https:\/\/www.rimadesio.it\/de\/produkt\/\"},{\"@type\":\"ListItem\",\"position\":3,\"name\":\"Einrichtungsgegenst\u00e4nde\",\"item\":\"https:\/\/www.rimadesio.it\/de\/produktkategorie\/einzelmobel\/\"},{\"@type\":\"ListItem\",\"position\":4,\"name\":\"Teppiche\",\"item\":\"https:\/\/www.rimadesio.it\/de\/produktkategorie\/einzelmobel\/tappeti-de-einzelmobel\/\"},{\"@type\":\"ListItem\",\"position\":5,\"name\":\"Kanji\"}]},{\"@type\":\"WebSite\",\"@id\":\"https:\/\/www.rimadesio.it\/de\/#website\",\"url\":\"https:\/\/www.rimadesio.it\/de\/\",\"name\":\"Rimadesio\",\"description\":\"Rimadesio official website\",\"publisher\":{\"@id\":\"https:\/\/www.rimadesio.it\/de\/#organization\"},\"potentialAction\":[{\"@type\":\"SearchAction\",\"target\":{\"@type\":\"EntryPoint\",\"urlTemplate\":\"https:\/\/www.rimadesio.it\/de\/?s={search_term_string}\"},\"query-input\":\"required name=search_term_string\"}],\"inLanguage\":\"de-DE\"},{\"@type\":\"Organization\",\"@id\":\"https:\/\/www.rimadesio.it\/de\/#organization\",\"name\":\"Rimadesio\",\"url\":\"https:\/\/www.rimadesio.it\/de\/\",\"logo\":{\"@type\":\"ImageObject\",\"inLanguage\":\"de-DE\",\"@id\":\"https:\/\/www.rimadesio.it\/de\/#\/schema\/logo\/image\/\",\"url\":\"https:\/\/static.rimadesio.it\/media\/2021\/08\/Logo.png\",\"contentUrl\":\"https:\/\/static.rimadesio.it\/media\/2021\/08\/Logo.png\",\"width\":102,\"height\":18,\"caption\":\"Rimadesio\"},\"image\":{\"@id\":\"https:\/\/www.rimadesio.it\/de\/#\/schema\/logo\/image\/\"}}]}<\/script>\n<!-- \/ Yoast SEO plugin. -->","yoast_head_json":{"title":"Kanji - Rimadesio","description":"Der in kelimtechnik gewebte kanji hat in der mitte einen h\u00f6heren, handgekn\u00fcpften flor, der an den typischen pinselstrich japanischer ideogramme erinnert.","robots":{"index":"index","follow":"follow","max-snippet":"max-snippet:-1","max-image-preview":"max-image-preview:large","max-video-preview":"max-video-preview:-1"},"canonical":"https:\/\/www.rimadesio.it\/de\/produkt\/kanji\/","og_locale":"de_DE","og_type":"article","og_title":"Kanji - Rimadesio","og_description":"Der in kelimtechnik gewebte kanji hat in der mitte einen h\u00f6heren, handgekn\u00fcpften flor, der an den typischen pinselstrich japanischer ideogramme erinnert.","og_url":"https:\/\/www.rimadesio.it\/de\/produkt\/kanji\/","og_site_name":"Rimadesio","article_modified_time":"2026-04-15T10:14:42+00:00","twitter_card":"summary_large_image","schema":{"@context":"https:\/\/schema.org","@graph":[{"@type":"WebPage","@id":"https:\/\/www.rimadesio.it\/de\/produkt\/kanji\/","url":"https:\/\/www.rimadesio.it\/de\/produkt\/kanji\/","name":"Kanji - Rimadesio","isPartOf":{"@id":"https:\/\/www.rimadesio.it\/de\/#website"},"datePublished":"2024-09-19T13:33:25+00:00","dateModified":"2026-04-15T10:14:42+00:00","description":"Der in kelimtechnik gewebte kanji hat in der mitte einen h\u00f6heren, handgekn\u00fcpften flor, der an den typischen pinselstrich japanischer ideogramme erinnert.","breadcrumb":{"@id":"https:\/\/www.rimadesio.it\/de\/produkt\/kanji\/#breadcrumb"},"inLanguage":"de-DE","potentialAction":[{"@type":"ReadAction","target":["https:\/\/www.rimadesio.it\/de\/produkt\/kanji\/"]}]},{"@type":"BreadcrumbList","@id":"https:\/\/www.rimadesio.it\/de\/produkt\/kanji\/#breadcrumb","itemListElement":[{"@type":"ListItem","position":1,"name":"Homepage","item":"https:\/\/www.rimadesio.it\/de\/"},{"@type":"ListItem","position":2,"name":"Produkte","item":"https:\/\/www.rimadesio.it\/de\/produkt\/"},{"@type":"ListItem","position":3,"name":"Einrichtungsgegenst\u00e4nde","item":"https:\/\/www.rimadesio.it\/de\/produktkategorie\/einzelmobel\/"},{"@type":"ListItem","position":4,"name":"Teppiche","item":"https:\/\/www.rimadesio.it\/de\/produktkategorie\/einzelmobel\/tappeti-de-einzelmobel\/"},{"@type":"ListItem","position":5,"name":"Kanji"}]},{"@type":"WebSite","@id":"https:\/\/www.rimadesio.it\/de\/#website","url":"https:\/\/www.rimadesio.it\/de\/","name":"Rimadesio","description":"Rimadesio official website","publisher":{"@id":"https:\/\/www.rimadesio.it\/de\/#organization"},"potentialAction":[{"@type":"SearchAction","target":{"@type":"EntryPoint","urlTemplate":"https:\/\/www.rimadesio.it\/de\/?s={search_term_string}"},"query-input":"required name=search_term_string"}],"inLanguage":"de-DE"},{"@type":"Organization","@id":"https:\/\/www.rimadesio.it\/de\/#organization","name":"Rimadesio","url":"https:\/\/www.rimadesio.it\/de\/","logo":{"@type":"ImageObject","inLanguage":"de-DE","@id":"https:\/\/www.rimadesio.it\/de\/#\/schema\/logo\/image\/","url":"https:\/\/static.rimadesio.it\/media\/2021\/08\/Logo.png","contentUrl":"https:\/\/static.rimadesio.it\/media\/2021\/08\/Logo.png","width":102,"height":18,"caption":"Rimadesio"},"image":{"@id":"https:\/\/www.rimadesio.it\/de\/#\/schema\/logo\/image\/"}}]}},"_links":{"self":[{"href":"https:\/\/www.rimadesio.it\/de\/wp-json\/wp\/v2\/product\/166450"}],"collection":[{"href":"https:\/\/www.rimadesio.it\/de\/wp-json\/wp\/v2\/product"}],"about":[{"href":"https:\/\/www.rimadesio.it\/de\/wp-json\/wp\/v2\/types\/product"}],"wp:attachment":[{"href":"https:\/\/www.rimadesio.it\/de\/wp-json\/wp\/v2\/media?parent=166450"}],"wp:term":[{"taxonomy":"product_category","embeddable":true,"href":"https:\/\/www.rimadesio.it\/de\/wp-json\/wp\/v2\/product_category?post=166450"}],"curies":[{"name":"wp","href":"https:\/\/api.w.org\/{rel}","templated":true}]}}