{"id":166431,"date":"2024-09-23T11:31:42","date_gmt":"2024-09-23T09:31:42","guid":{"rendered":"https:\/\/www.rimadesio.it\/?post_type=product&#038;p=166431"},"modified":"2026-04-15T10:42:08","modified_gmt":"2026-04-15T08:42:08","slug":"rialto-3","status":"publish","type":"product","link":"https:\/\/www.rimadesio.it\/de\/produkt\/rialto-3\/","title":{"rendered":"Rialto"},"content":{"rendered":"<p>Die Rialto-Kollektion besteht aus M\u00f6beln mit einer starken Pers\u00f6nlichkeit mit hohem Wiedererkennungswert, immer im Einklang mit der Rimadesio-Philosophie, Produkte mit einer essenziellen und zeitgem\u00e4\u00dfen \u00e4sthetischen Linie zu entwerfen und herzustellen, die f\u00fcr eine lange Lebensdauer bestimmt sind.<\/p>\n","protected":false},"featured_media":0,"template":"","product_category":[555,271],"acf":[],"yoast_head":"<!-- This site is optimized with the Yoast SEO plugin v20.4 - https:\/\/yoast.com\/wordpress\/plugins\/seo\/ -->\n<title>Rialto - Rimadesio<\/title>\n<meta name=\"description\" content=\"Die Rialto-Kollektion besteht aus M\u00f6beln mit einer starken Pers\u00f6nlichkeit mit hohem Wiedererkennungswert, immer im Einklang mit der Rimadesio-Philosophie,\" \/>\n<meta name=\"robots\" content=\"index, follow, max-snippet:-1, max-image-preview:large, max-video-preview:-1\" \/>\n<link rel=\"canonical\" href=\"https:\/\/www.rimadesio.it\/de\/produkt\/rialto-3\/\" \/>\n<meta property=\"og:locale\" content=\"de_DE\" \/>\n<meta property=\"og:type\" content=\"article\" \/>\n<meta property=\"og:title\" content=\"Rialto - Rimadesio\" \/>\n<meta property=\"og:description\" content=\"Die Rialto-Kollektion besteht aus M\u00f6beln mit einer starken Pers\u00f6nlichkeit mit hohem Wiedererkennungswert, immer im Einklang mit der Rimadesio-Philosophie,\" \/>\n<meta property=\"og:url\" content=\"https:\/\/www.rimadesio.it\/de\/produkt\/rialto-3\/\" \/>\n<meta property=\"og:site_name\" content=\"Rimadesio\" \/>\n<meta property=\"article:modified_time\" content=\"2026-04-15T08:42:08+00:00\" \/>\n<meta name=\"twitter:card\" content=\"summary_large_image\" \/>\n<script type=\"application\/ld+json\" class=\"yoast-schema-graph\">{\"@context\":\"https:\/\/schema.org\",\"@graph\":[{\"@type\":\"WebPage\",\"@id\":\"https:\/\/www.rimadesio.it\/de\/produkt\/rialto-3\/\",\"url\":\"https:\/\/www.rimadesio.it\/de\/produkt\/rialto-3\/\",\"name\":\"Rialto - Rimadesio\",\"isPartOf\":{\"@id\":\"https:\/\/www.rimadesio.it\/de\/#website\"},\"datePublished\":\"2024-09-23T09:31:42+00:00\",\"dateModified\":\"2026-04-15T08:42:08+00:00\",\"description\":\"Die Rialto-Kollektion besteht aus M\u00f6beln mit einer starken Pers\u00f6nlichkeit mit hohem Wiedererkennungswert, immer im Einklang mit der Rimadesio-Philosophie,\",\"breadcrumb\":{\"@id\":\"https:\/\/www.rimadesio.it\/de\/produkt\/rialto-3\/#breadcrumb\"},\"inLanguage\":\"de-DE\",\"potentialAction\":[{\"@type\":\"ReadAction\",\"target\":[\"https:\/\/www.rimadesio.it\/de\/produkt\/rialto-3\/\"]}]},{\"@type\":\"BreadcrumbList\",\"@id\":\"https:\/\/www.rimadesio.it\/de\/produkt\/rialto-3\/#breadcrumb\",\"itemListElement\":[{\"@type\":\"ListItem\",\"position\":1,\"name\":\"Homepage\",\"item\":\"https:\/\/www.rimadesio.it\/de\/\"},{\"@type\":\"ListItem\",\"position\":2,\"name\":\"Produkte\",\"item\":\"https:\/\/www.rimadesio.it\/de\/produkt\/\"},{\"@type\":\"ListItem\",\"position\":3,\"name\":\"Wohnsysteme\",\"item\":\"https:\/\/www.rimadesio.it\/de\/produktkategorie\/wohnraum\/\"},{\"@type\":\"ListItem\",\"position\":4,\"name\":\"Barm\u00f6bel\",\"item\":\"https:\/\/www.rimadesio.it\/de\/produktkategorie\/wohnraum\/mobili-bar-de\/\"},{\"@type\":\"ListItem\",\"position\":5,\"name\":\"Rialto\"}]},{\"@type\":\"WebSite\",\"@id\":\"https:\/\/www.rimadesio.it\/de\/#website\",\"url\":\"https:\/\/www.rimadesio.it\/de\/\",\"name\":\"Rimadesio\",\"description\":\"Rimadesio official website\",\"publisher\":{\"@id\":\"https:\/\/www.rimadesio.it\/de\/#organization\"},\"potentialAction\":[{\"@type\":\"SearchAction\",\"target\":{\"@type\":\"EntryPoint\",\"urlTemplate\":\"https:\/\/www.rimadesio.it\/de\/?s={search_term_string}\"},\"query-input\":\"required name=search_term_string\"}],\"inLanguage\":\"de-DE\"},{\"@type\":\"Organization\",\"@id\":\"https:\/\/www.rimadesio.it\/de\/#organization\",\"name\":\"Rimadesio\",\"url\":\"https:\/\/www.rimadesio.it\/de\/\",\"logo\":{\"@type\":\"ImageObject\",\"inLanguage\":\"de-DE\",\"@id\":\"https:\/\/www.rimadesio.it\/de\/#\/schema\/logo\/image\/\",\"url\":\"https:\/\/static.rimadesio.it\/media\/2021\/08\/Logo.png\",\"contentUrl\":\"https:\/\/static.rimadesio.it\/media\/2021\/08\/Logo.png\",\"width\":102,\"height\":18,\"caption\":\"Rimadesio\"},\"image\":{\"@id\":\"https:\/\/www.rimadesio.it\/de\/#\/schema\/logo\/image\/\"}}]}<\/script>\n<!-- \/ Yoast SEO plugin. -->","yoast_head_json":{"title":"Rialto - Rimadesio","description":"Die Rialto-Kollektion besteht aus M\u00f6beln mit einer starken Pers\u00f6nlichkeit mit hohem Wiedererkennungswert, immer im Einklang mit der Rimadesio-Philosophie,","robots":{"index":"index","follow":"follow","max-snippet":"max-snippet:-1","max-image-preview":"max-image-preview:large","max-video-preview":"max-video-preview:-1"},"canonical":"https:\/\/www.rimadesio.it\/de\/produkt\/rialto-3\/","og_locale":"de_DE","og_type":"article","og_title":"Rialto - Rimadesio","og_description":"Die Rialto-Kollektion besteht aus M\u00f6beln mit einer starken Pers\u00f6nlichkeit mit hohem Wiedererkennungswert, immer im Einklang mit der Rimadesio-Philosophie,","og_url":"https:\/\/www.rimadesio.it\/de\/produkt\/rialto-3\/","og_site_name":"Rimadesio","article_modified_time":"2026-04-15T08:42:08+00:00","twitter_card":"summary_large_image","schema":{"@context":"https:\/\/schema.org","@graph":[{"@type":"WebPage","@id":"https:\/\/www.rimadesio.it\/de\/produkt\/rialto-3\/","url":"https:\/\/www.rimadesio.it\/de\/produkt\/rialto-3\/","name":"Rialto - Rimadesio","isPartOf":{"@id":"https:\/\/www.rimadesio.it\/de\/#website"},"datePublished":"2024-09-23T09:31:42+00:00","dateModified":"2026-04-15T08:42:08+00:00","description":"Die Rialto-Kollektion besteht aus M\u00f6beln mit einer starken Pers\u00f6nlichkeit mit hohem Wiedererkennungswert, immer im Einklang mit der Rimadesio-Philosophie,","breadcrumb":{"@id":"https:\/\/www.rimadesio.it\/de\/produkt\/rialto-3\/#breadcrumb"},"inLanguage":"de-DE","potentialAction":[{"@type":"ReadAction","target":["https:\/\/www.rimadesio.it\/de\/produkt\/rialto-3\/"]}]},{"@type":"BreadcrumbList","@id":"https:\/\/www.rimadesio.it\/de\/produkt\/rialto-3\/#breadcrumb","itemListElement":[{"@type":"ListItem","position":1,"name":"Homepage","item":"https:\/\/www.rimadesio.it\/de\/"},{"@type":"ListItem","position":2,"name":"Produkte","item":"https:\/\/www.rimadesio.it\/de\/produkt\/"},{"@type":"ListItem","position":3,"name":"Wohnsysteme","item":"https:\/\/www.rimadesio.it\/de\/produktkategorie\/wohnraum\/"},{"@type":"ListItem","position":4,"name":"Barm\u00f6bel","item":"https:\/\/www.rimadesio.it\/de\/produktkategorie\/wohnraum\/mobili-bar-de\/"},{"@type":"ListItem","position":5,"name":"Rialto"}]},{"@type":"WebSite","@id":"https:\/\/www.rimadesio.it\/de\/#website","url":"https:\/\/www.rimadesio.it\/de\/","name":"Rimadesio","description":"Rimadesio official website","publisher":{"@id":"https:\/\/www.rimadesio.it\/de\/#organization"},"potentialAction":[{"@type":"SearchAction","target":{"@type":"EntryPoint","urlTemplate":"https:\/\/www.rimadesio.it\/de\/?s={search_term_string}"},"query-input":"required name=search_term_string"}],"inLanguage":"de-DE"},{"@type":"Organization","@id":"https:\/\/www.rimadesio.it\/de\/#organization","name":"Rimadesio","url":"https:\/\/www.rimadesio.it\/de\/","logo":{"@type":"ImageObject","inLanguage":"de-DE","@id":"https:\/\/www.rimadesio.it\/de\/#\/schema\/logo\/image\/","url":"https:\/\/static.rimadesio.it\/media\/2021\/08\/Logo.png","contentUrl":"https:\/\/static.rimadesio.it\/media\/2021\/08\/Logo.png","width":102,"height":18,"caption":"Rimadesio"},"image":{"@id":"https:\/\/www.rimadesio.it\/de\/#\/schema\/logo\/image\/"}}]}},"_links":{"self":[{"href":"https:\/\/www.rimadesio.it\/de\/wp-json\/wp\/v2\/product\/166431"}],"collection":[{"href":"https:\/\/www.rimadesio.it\/de\/wp-json\/wp\/v2\/product"}],"about":[{"href":"https:\/\/www.rimadesio.it\/de\/wp-json\/wp\/v2\/types\/product"}],"wp:attachment":[{"href":"https:\/\/www.rimadesio.it\/de\/wp-json\/wp\/v2\/media?parent=166431"}],"wp:term":[{"taxonomy":"product_category","embeddable":true,"href":"https:\/\/www.rimadesio.it\/de\/wp-json\/wp\/v2\/product_category?post=166431"}],"curies":[{"name":"wp","href":"https:\/\/api.w.org\/{rel}","templated":true}]}}