{"id":166418,"date":"2024-09-23T12:10:08","date_gmt":"2024-09-23T10:10:08","guid":{"rendered":"https:\/\/www.rimadesio.it\/?post_type=product&#038;p=166418"},"modified":"2026-04-15T12:18:30","modified_gmt":"2026-04-15T10:18:30","slug":"miglio","status":"publish","type":"product","link":"https:\/\/www.rimadesio.it\/de\/produkt\/miglio\/","title":{"rendered":"Miglio"},"content":{"rendered":"<p>Der in Indien im n\u00f6rdlichen Bundesstaat Rajasthan hergestellte Miglio-Teppich besteht aus hochwertigen, unbehandelten Schurwollfasern aus Neuseeland, die in Handarbeit in ein d\u00fcnnes Jutegarn eingewoben werden, das wiederum in eine Baumwollkette eingewebt wird. Erh\u00e4ltlich in 2 Gr\u00f6\u00dfen und rundem Format, in 3 Farben: rice, grey, charcoal.<\/p>\n","protected":false},"featured_media":0,"template":"","product_category":[637,276],"acf":[],"yoast_head":"<!-- This site is optimized with the Yoast SEO plugin v20.4 - https:\/\/yoast.com\/wordpress\/plugins\/seo\/ -->\n<title>Miglio - Rimadesio<\/title>\n<meta name=\"description\" content=\"Der in Indien im n\u00f6rdlichen Bundesstaat Rajasthan hergestellte Miglio-Teppich besteht aus hochwertigen, unbehandelten Schurwollfasern aus Neuseeland, die\" \/>\n<meta name=\"robots\" content=\"index, follow, max-snippet:-1, max-image-preview:large, max-video-preview:-1\" \/>\n<link rel=\"canonical\" href=\"https:\/\/www.rimadesio.it\/de\/produkt\/miglio\/\" \/>\n<meta property=\"og:locale\" content=\"de_DE\" \/>\n<meta property=\"og:type\" content=\"article\" \/>\n<meta property=\"og:title\" content=\"Miglio - Rimadesio\" \/>\n<meta property=\"og:description\" content=\"Der in Indien im n\u00f6rdlichen Bundesstaat Rajasthan hergestellte Miglio-Teppich besteht aus hochwertigen, unbehandelten Schurwollfasern aus Neuseeland, die\" \/>\n<meta property=\"og:url\" content=\"https:\/\/www.rimadesio.it\/de\/produkt\/miglio\/\" \/>\n<meta property=\"og:site_name\" content=\"Rimadesio\" \/>\n<meta property=\"article:modified_time\" content=\"2026-04-15T10:18:30+00:00\" \/>\n<meta name=\"twitter:card\" content=\"summary_large_image\" \/>\n<script type=\"application\/ld+json\" class=\"yoast-schema-graph\">{\"@context\":\"https:\/\/schema.org\",\"@graph\":[{\"@type\":\"WebPage\",\"@id\":\"https:\/\/www.rimadesio.it\/de\/produkt\/miglio\/\",\"url\":\"https:\/\/www.rimadesio.it\/de\/produkt\/miglio\/\",\"name\":\"Miglio - Rimadesio\",\"isPartOf\":{\"@id\":\"https:\/\/www.rimadesio.it\/de\/#website\"},\"datePublished\":\"2024-09-23T10:10:08+00:00\",\"dateModified\":\"2026-04-15T10:18:30+00:00\",\"description\":\"Der in Indien im n\u00f6rdlichen Bundesstaat Rajasthan hergestellte Miglio-Teppich besteht aus hochwertigen, unbehandelten Schurwollfasern aus Neuseeland, die\",\"breadcrumb\":{\"@id\":\"https:\/\/www.rimadesio.it\/de\/produkt\/miglio\/#breadcrumb\"},\"inLanguage\":\"de-DE\",\"potentialAction\":[{\"@type\":\"ReadAction\",\"target\":[\"https:\/\/www.rimadesio.it\/de\/produkt\/miglio\/\"]}]},{\"@type\":\"BreadcrumbList\",\"@id\":\"https:\/\/www.rimadesio.it\/de\/produkt\/miglio\/#breadcrumb\",\"itemListElement\":[{\"@type\":\"ListItem\",\"position\":1,\"name\":\"Homepage\",\"item\":\"https:\/\/www.rimadesio.it\/de\/\"},{\"@type\":\"ListItem\",\"position\":2,\"name\":\"Produkte\",\"item\":\"https:\/\/www.rimadesio.it\/de\/produkt\/\"},{\"@type\":\"ListItem\",\"position\":3,\"name\":\"Einrichtungsgegenst\u00e4nde\",\"item\":\"https:\/\/www.rimadesio.it\/de\/produktkategorie\/einzelmobel\/\"},{\"@type\":\"ListItem\",\"position\":4,\"name\":\"Teppiche\",\"item\":\"https:\/\/www.rimadesio.it\/de\/produktkategorie\/einzelmobel\/tappeti-de-einzelmobel\/\"},{\"@type\":\"ListItem\",\"position\":5,\"name\":\"Miglio\"}]},{\"@type\":\"WebSite\",\"@id\":\"https:\/\/www.rimadesio.it\/de\/#website\",\"url\":\"https:\/\/www.rimadesio.it\/de\/\",\"name\":\"Rimadesio\",\"description\":\"Rimadesio official website\",\"publisher\":{\"@id\":\"https:\/\/www.rimadesio.it\/de\/#organization\"},\"potentialAction\":[{\"@type\":\"SearchAction\",\"target\":{\"@type\":\"EntryPoint\",\"urlTemplate\":\"https:\/\/www.rimadesio.it\/de\/?s={search_term_string}\"},\"query-input\":\"required name=search_term_string\"}],\"inLanguage\":\"de-DE\"},{\"@type\":\"Organization\",\"@id\":\"https:\/\/www.rimadesio.it\/de\/#organization\",\"name\":\"Rimadesio\",\"url\":\"https:\/\/www.rimadesio.it\/de\/\",\"logo\":{\"@type\":\"ImageObject\",\"inLanguage\":\"de-DE\",\"@id\":\"https:\/\/www.rimadesio.it\/de\/#\/schema\/logo\/image\/\",\"url\":\"https:\/\/static.rimadesio.it\/media\/2021\/08\/Logo.png\",\"contentUrl\":\"https:\/\/static.rimadesio.it\/media\/2021\/08\/Logo.png\",\"width\":102,\"height\":18,\"caption\":\"Rimadesio\"},\"image\":{\"@id\":\"https:\/\/www.rimadesio.it\/de\/#\/schema\/logo\/image\/\"}}]}<\/script>\n<!-- \/ Yoast SEO plugin. -->","yoast_head_json":{"title":"Miglio - Rimadesio","description":"Der in Indien im n\u00f6rdlichen Bundesstaat Rajasthan hergestellte Miglio-Teppich besteht aus hochwertigen, unbehandelten Schurwollfasern aus Neuseeland, die","robots":{"index":"index","follow":"follow","max-snippet":"max-snippet:-1","max-image-preview":"max-image-preview:large","max-video-preview":"max-video-preview:-1"},"canonical":"https:\/\/www.rimadesio.it\/de\/produkt\/miglio\/","og_locale":"de_DE","og_type":"article","og_title":"Miglio - Rimadesio","og_description":"Der in Indien im n\u00f6rdlichen Bundesstaat Rajasthan hergestellte Miglio-Teppich besteht aus hochwertigen, unbehandelten Schurwollfasern aus Neuseeland, die","og_url":"https:\/\/www.rimadesio.it\/de\/produkt\/miglio\/","og_site_name":"Rimadesio","article_modified_time":"2026-04-15T10:18:30+00:00","twitter_card":"summary_large_image","schema":{"@context":"https:\/\/schema.org","@graph":[{"@type":"WebPage","@id":"https:\/\/www.rimadesio.it\/de\/produkt\/miglio\/","url":"https:\/\/www.rimadesio.it\/de\/produkt\/miglio\/","name":"Miglio - Rimadesio","isPartOf":{"@id":"https:\/\/www.rimadesio.it\/de\/#website"},"datePublished":"2024-09-23T10:10:08+00:00","dateModified":"2026-04-15T10:18:30+00:00","description":"Der in Indien im n\u00f6rdlichen Bundesstaat Rajasthan hergestellte Miglio-Teppich besteht aus hochwertigen, unbehandelten Schurwollfasern aus Neuseeland, die","breadcrumb":{"@id":"https:\/\/www.rimadesio.it\/de\/produkt\/miglio\/#breadcrumb"},"inLanguage":"de-DE","potentialAction":[{"@type":"ReadAction","target":["https:\/\/www.rimadesio.it\/de\/produkt\/miglio\/"]}]},{"@type":"BreadcrumbList","@id":"https:\/\/www.rimadesio.it\/de\/produkt\/miglio\/#breadcrumb","itemListElement":[{"@type":"ListItem","position":1,"name":"Homepage","item":"https:\/\/www.rimadesio.it\/de\/"},{"@type":"ListItem","position":2,"name":"Produkte","item":"https:\/\/www.rimadesio.it\/de\/produkt\/"},{"@type":"ListItem","position":3,"name":"Einrichtungsgegenst\u00e4nde","item":"https:\/\/www.rimadesio.it\/de\/produktkategorie\/einzelmobel\/"},{"@type":"ListItem","position":4,"name":"Teppiche","item":"https:\/\/www.rimadesio.it\/de\/produktkategorie\/einzelmobel\/tappeti-de-einzelmobel\/"},{"@type":"ListItem","position":5,"name":"Miglio"}]},{"@type":"WebSite","@id":"https:\/\/www.rimadesio.it\/de\/#website","url":"https:\/\/www.rimadesio.it\/de\/","name":"Rimadesio","description":"Rimadesio official website","publisher":{"@id":"https:\/\/www.rimadesio.it\/de\/#organization"},"potentialAction":[{"@type":"SearchAction","target":{"@type":"EntryPoint","urlTemplate":"https:\/\/www.rimadesio.it\/de\/?s={search_term_string}"},"query-input":"required name=search_term_string"}],"inLanguage":"de-DE"},{"@type":"Organization","@id":"https:\/\/www.rimadesio.it\/de\/#organization","name":"Rimadesio","url":"https:\/\/www.rimadesio.it\/de\/","logo":{"@type":"ImageObject","inLanguage":"de-DE","@id":"https:\/\/www.rimadesio.it\/de\/#\/schema\/logo\/image\/","url":"https:\/\/static.rimadesio.it\/media\/2021\/08\/Logo.png","contentUrl":"https:\/\/static.rimadesio.it\/media\/2021\/08\/Logo.png","width":102,"height":18,"caption":"Rimadesio"},"image":{"@id":"https:\/\/www.rimadesio.it\/de\/#\/schema\/logo\/image\/"}}]}},"_links":{"self":[{"href":"https:\/\/www.rimadesio.it\/de\/wp-json\/wp\/v2\/product\/166418"}],"collection":[{"href":"https:\/\/www.rimadesio.it\/de\/wp-json\/wp\/v2\/product"}],"about":[{"href":"https:\/\/www.rimadesio.it\/de\/wp-json\/wp\/v2\/types\/product"}],"wp:attachment":[{"href":"https:\/\/www.rimadesio.it\/de\/wp-json\/wp\/v2\/media?parent=166418"}],"wp:term":[{"taxonomy":"product_category","embeddable":true,"href":"https:\/\/www.rimadesio.it\/de\/wp-json\/wp\/v2\/product_category?post=166418"}],"curies":[{"name":"wp","href":"https:\/\/api.w.org\/{rel}","templated":true}]}}