{"id":164546,"date":"2024-08-05T10:32:01","date_gmt":"2024-08-05T08:32:01","guid":{"rendered":"https:\/\/www.rimadesio.it\/?post_type=product&#038;p=164546"},"modified":"2026-04-16T12:37:09","modified_gmt":"2026-04-16T10:37:09","slug":"alambra-barversion","status":"publish","type":"product","link":"https:\/\/www.rimadesio.it\/de\/produkt\/alambra-barversion\/","title":{"rendered":"Alambra Barversion"},"content":{"rendered":"<p>Die Barversion von Alambra ist ein Schrank mit einem K\u00fchlschrank im Inneren, der mit offenen F\u00e4chern und T\u00fcren aus Noce, Rovere Termotrattato und Rovere Nero ausgestattet ist. Die Oberteile, Griffe und Tabletts sind aus Kunstleder in den 8 Rimadesio-Musterfarben erh\u00e4ltlich. Ein integriertes LED-Beleuchtungssystem ist ebenfalls vorgesehen.<\/p>\n","protected":false},"featured_media":0,"template":"","product_category":[555,271],"acf":[],"yoast_head":"<!-- This site is optimized with the Yoast SEO plugin v20.4 - https:\/\/yoast.com\/wordpress\/plugins\/seo\/ -->\n<title>Alambra mobili giorno | Rimadesio<\/title>\n<meta name=\"description\" content=\"Die Barversion von Alambra ist ein Schrank mit einem K\u00fchlschrank im Inneren, der mit offenen F\u00e4chern und T\u00fcren aus Noce, Rovere Termotrattato und Rovere\" \/>\n<meta name=\"robots\" content=\"index, follow, max-snippet:-1, max-image-preview:large, max-video-preview:-1\" \/>\n<link rel=\"canonical\" href=\"https:\/\/www.rimadesio.it\/de\/produkt\/alambra-barversion\/\" \/>\n<meta property=\"og:locale\" content=\"de_DE\" \/>\n<meta property=\"og:type\" content=\"article\" \/>\n<meta property=\"og:title\" content=\"Alambra mobili giorno | Rimadesio\" \/>\n<meta property=\"og:description\" content=\"Die Barversion von Alambra ist ein Schrank mit einem K\u00fchlschrank im Inneren, der mit offenen F\u00e4chern und T\u00fcren aus Noce, Rovere Termotrattato und Rovere\" \/>\n<meta property=\"og:url\" content=\"https:\/\/www.rimadesio.it\/de\/produkt\/alambra-barversion\/\" \/>\n<meta property=\"og:site_name\" content=\"Rimadesio\" \/>\n<meta property=\"article:modified_time\" content=\"2026-04-16T10:37:09+00:00\" \/>\n<meta name=\"twitter:card\" content=\"summary_large_image\" \/>\n<script type=\"application\/ld+json\" class=\"yoast-schema-graph\">{\"@context\":\"https:\/\/schema.org\",\"@graph\":[{\"@type\":\"WebPage\",\"@id\":\"https:\/\/www.rimadesio.it\/de\/produkt\/alambra-barversion\/\",\"url\":\"https:\/\/www.rimadesio.it\/de\/produkt\/alambra-barversion\/\",\"name\":\"Alambra mobili giorno | Rimadesio\",\"isPartOf\":{\"@id\":\"https:\/\/www.rimadesio.it\/de\/#website\"},\"datePublished\":\"2024-08-05T08:32:01+00:00\",\"dateModified\":\"2026-04-16T10:37:09+00:00\",\"description\":\"Die Barversion von Alambra ist ein Schrank mit einem K\u00fchlschrank im Inneren, der mit offenen F\u00e4chern und T\u00fcren aus Noce, Rovere Termotrattato und Rovere\",\"breadcrumb\":{\"@id\":\"https:\/\/www.rimadesio.it\/de\/produkt\/alambra-barversion\/#breadcrumb\"},\"inLanguage\":\"de-DE\",\"potentialAction\":[{\"@type\":\"ReadAction\",\"target\":[\"https:\/\/www.rimadesio.it\/de\/produkt\/alambra-barversion\/\"]}]},{\"@type\":\"BreadcrumbList\",\"@id\":\"https:\/\/www.rimadesio.it\/de\/produkt\/alambra-barversion\/#breadcrumb\",\"itemListElement\":[{\"@type\":\"ListItem\",\"position\":1,\"name\":\"Homepage\",\"item\":\"https:\/\/www.rimadesio.it\/de\/\"},{\"@type\":\"ListItem\",\"position\":2,\"name\":\"Produkte\",\"item\":\"https:\/\/www.rimadesio.it\/de\/produkt\/\"},{\"@type\":\"ListItem\",\"position\":3,\"name\":\"Wohnsysteme\",\"item\":\"https:\/\/www.rimadesio.it\/de\/produktkategorie\/wohnraum\/\"},{\"@type\":\"ListItem\",\"position\":4,\"name\":\"Barm\u00f6bel\",\"item\":\"https:\/\/www.rimadesio.it\/de\/produktkategorie\/wohnraum\/mobili-bar-de\/\"},{\"@type\":\"ListItem\",\"position\":5,\"name\":\"Alambra Barversion\"}]},{\"@type\":\"WebSite\",\"@id\":\"https:\/\/www.rimadesio.it\/de\/#website\",\"url\":\"https:\/\/www.rimadesio.it\/de\/\",\"name\":\"Rimadesio\",\"description\":\"Rimadesio official website\",\"publisher\":{\"@id\":\"https:\/\/www.rimadesio.it\/de\/#organization\"},\"potentialAction\":[{\"@type\":\"SearchAction\",\"target\":{\"@type\":\"EntryPoint\",\"urlTemplate\":\"https:\/\/www.rimadesio.it\/de\/?s={search_term_string}\"},\"query-input\":\"required name=search_term_string\"}],\"inLanguage\":\"de-DE\"},{\"@type\":\"Organization\",\"@id\":\"https:\/\/www.rimadesio.it\/de\/#organization\",\"name\":\"Rimadesio\",\"url\":\"https:\/\/www.rimadesio.it\/de\/\",\"logo\":{\"@type\":\"ImageObject\",\"inLanguage\":\"de-DE\",\"@id\":\"https:\/\/www.rimadesio.it\/de\/#\/schema\/logo\/image\/\",\"url\":\"https:\/\/static.rimadesio.it\/media\/2021\/08\/Logo.png\",\"contentUrl\":\"https:\/\/static.rimadesio.it\/media\/2021\/08\/Logo.png\",\"width\":102,\"height\":18,\"caption\":\"Rimadesio\"},\"image\":{\"@id\":\"https:\/\/www.rimadesio.it\/de\/#\/schema\/logo\/image\/\"}}]}<\/script>\n<!-- \/ Yoast SEO plugin. -->","yoast_head_json":{"title":"Alambra mobili giorno | Rimadesio","description":"Die Barversion von Alambra ist ein Schrank mit einem K\u00fchlschrank im Inneren, der mit offenen F\u00e4chern und T\u00fcren aus Noce, Rovere Termotrattato und Rovere","robots":{"index":"index","follow":"follow","max-snippet":"max-snippet:-1","max-image-preview":"max-image-preview:large","max-video-preview":"max-video-preview:-1"},"canonical":"https:\/\/www.rimadesio.it\/de\/produkt\/alambra-barversion\/","og_locale":"de_DE","og_type":"article","og_title":"Alambra mobili giorno | Rimadesio","og_description":"Die Barversion von Alambra ist ein Schrank mit einem K\u00fchlschrank im Inneren, der mit offenen F\u00e4chern und T\u00fcren aus Noce, Rovere Termotrattato und Rovere","og_url":"https:\/\/www.rimadesio.it\/de\/produkt\/alambra-barversion\/","og_site_name":"Rimadesio","article_modified_time":"2026-04-16T10:37:09+00:00","twitter_card":"summary_large_image","schema":{"@context":"https:\/\/schema.org","@graph":[{"@type":"WebPage","@id":"https:\/\/www.rimadesio.it\/de\/produkt\/alambra-barversion\/","url":"https:\/\/www.rimadesio.it\/de\/produkt\/alambra-barversion\/","name":"Alambra mobili giorno | Rimadesio","isPartOf":{"@id":"https:\/\/www.rimadesio.it\/de\/#website"},"datePublished":"2024-08-05T08:32:01+00:00","dateModified":"2026-04-16T10:37:09+00:00","description":"Die Barversion von Alambra ist ein Schrank mit einem K\u00fchlschrank im Inneren, der mit offenen F\u00e4chern und T\u00fcren aus Noce, Rovere Termotrattato und Rovere","breadcrumb":{"@id":"https:\/\/www.rimadesio.it\/de\/produkt\/alambra-barversion\/#breadcrumb"},"inLanguage":"de-DE","potentialAction":[{"@type":"ReadAction","target":["https:\/\/www.rimadesio.it\/de\/produkt\/alambra-barversion\/"]}]},{"@type":"BreadcrumbList","@id":"https:\/\/www.rimadesio.it\/de\/produkt\/alambra-barversion\/#breadcrumb","itemListElement":[{"@type":"ListItem","position":1,"name":"Homepage","item":"https:\/\/www.rimadesio.it\/de\/"},{"@type":"ListItem","position":2,"name":"Produkte","item":"https:\/\/www.rimadesio.it\/de\/produkt\/"},{"@type":"ListItem","position":3,"name":"Wohnsysteme","item":"https:\/\/www.rimadesio.it\/de\/produktkategorie\/wohnraum\/"},{"@type":"ListItem","position":4,"name":"Barm\u00f6bel","item":"https:\/\/www.rimadesio.it\/de\/produktkategorie\/wohnraum\/mobili-bar-de\/"},{"@type":"ListItem","position":5,"name":"Alambra Barversion"}]},{"@type":"WebSite","@id":"https:\/\/www.rimadesio.it\/de\/#website","url":"https:\/\/www.rimadesio.it\/de\/","name":"Rimadesio","description":"Rimadesio official website","publisher":{"@id":"https:\/\/www.rimadesio.it\/de\/#organization"},"potentialAction":[{"@type":"SearchAction","target":{"@type":"EntryPoint","urlTemplate":"https:\/\/www.rimadesio.it\/de\/?s={search_term_string}"},"query-input":"required name=search_term_string"}],"inLanguage":"de-DE"},{"@type":"Organization","@id":"https:\/\/www.rimadesio.it\/de\/#organization","name":"Rimadesio","url":"https:\/\/www.rimadesio.it\/de\/","logo":{"@type":"ImageObject","inLanguage":"de-DE","@id":"https:\/\/www.rimadesio.it\/de\/#\/schema\/logo\/image\/","url":"https:\/\/static.rimadesio.it\/media\/2021\/08\/Logo.png","contentUrl":"https:\/\/static.rimadesio.it\/media\/2021\/08\/Logo.png","width":102,"height":18,"caption":"Rimadesio"},"image":{"@id":"https:\/\/www.rimadesio.it\/de\/#\/schema\/logo\/image\/"}}]}},"_links":{"self":[{"href":"https:\/\/www.rimadesio.it\/de\/wp-json\/wp\/v2\/product\/164546"}],"collection":[{"href":"https:\/\/www.rimadesio.it\/de\/wp-json\/wp\/v2\/product"}],"about":[{"href":"https:\/\/www.rimadesio.it\/de\/wp-json\/wp\/v2\/types\/product"}],"wp:attachment":[{"href":"https:\/\/www.rimadesio.it\/de\/wp-json\/wp\/v2\/media?parent=164546"}],"wp:term":[{"taxonomy":"product_category","embeddable":true,"href":"https:\/\/www.rimadesio.it\/de\/wp-json\/wp\/v2\/product_category?post=164546"}],"curies":[{"name":"wp","href":"https:\/\/api.w.org\/{rel}","templated":true}]}}