{"id":164030,"date":"2024-06-25T14:22:58","date_gmt":"2024-06-25T12:22:58","guid":{"rendered":"https:\/\/www.rimadesio.it\/product\/air-system\/"},"modified":"2026-04-21T10:10:52","modified_gmt":"2026-04-21T08:10:52","slug":"air-system","status":"publish","type":"product","link":"https:\/\/www.rimadesio.it\/de\/produkt\/air-system\/","title":{"rendered":"Air system"},"content":{"rendered":"<p>System mit fixen Paneelen, das in Verbindung mit den bidirektionalen T\u00fcren der Kollektion eine freie Gestaltung des Raums durch lineare, \u00fcber Eck oder T-f\u00f6rmige Kompositionen erm\u00f6glicht. Welche als Raumtrennende oder Nischen L\u00f6sungen Verf\u00fcgbar sind. Air System ist in vier \u00e4sthetischen Ausf\u00fchrungen erh\u00e4ltlich (Grid, Plus, Regular und Pure). Immer ma\u00dfgeschneidert und in Bezug auf Materialien und Ausf\u00fchrungen sehr flexibel.<\/p>\n","protected":false},"featured_media":0,"template":"","product_category":[247,275,619,262],"acf":[],"yoast_head":"<!-- This site is optimized with the Yoast SEO plugin v20.4 - https:\/\/yoast.com\/wordpress\/plugins\/seo\/ -->\n<title>Air system - Rimadesio<\/title>\n<meta name=\"description\" content=\"System mit fixen Paneelen, das in Verbindung mit den bidirektionalen T\u00fcren der Kollektion eine freie Gestaltung des Raums durch lineare, \u00fcber Eck oder\" \/>\n<meta name=\"robots\" content=\"index, follow, max-snippet:-1, max-image-preview:large, max-video-preview:-1\" \/>\n<link rel=\"canonical\" href=\"https:\/\/www.rimadesio.it\/de\/produkt\/air-system\/\" \/>\n<meta property=\"og:locale\" content=\"de_DE\" \/>\n<meta property=\"og:type\" content=\"article\" \/>\n<meta property=\"og:title\" content=\"Air system - Rimadesio\" \/>\n<meta property=\"og:description\" content=\"System mit fixen Paneelen, das in Verbindung mit den bidirektionalen T\u00fcren der Kollektion eine freie Gestaltung des Raums durch lineare, \u00fcber Eck oder\" \/>\n<meta property=\"og:url\" content=\"https:\/\/www.rimadesio.it\/de\/produkt\/air-system\/\" \/>\n<meta property=\"og:site_name\" content=\"Rimadesio\" \/>\n<meta property=\"article:modified_time\" content=\"2026-04-21T08:10:52+00:00\" \/>\n<meta name=\"twitter:card\" content=\"summary_large_image\" \/>\n<script type=\"application\/ld+json\" class=\"yoast-schema-graph\">{\"@context\":\"https:\/\/schema.org\",\"@graph\":[{\"@type\":\"WebPage\",\"@id\":\"https:\/\/www.rimadesio.it\/de\/produkt\/air-system\/\",\"url\":\"https:\/\/www.rimadesio.it\/de\/produkt\/air-system\/\",\"name\":\"Air system - Rimadesio\",\"isPartOf\":{\"@id\":\"https:\/\/www.rimadesio.it\/de\/#website\"},\"datePublished\":\"2024-06-25T12:22:58+00:00\",\"dateModified\":\"2026-04-21T08:10:52+00:00\",\"description\":\"System mit fixen Paneelen, das in Verbindung mit den bidirektionalen T\u00fcren der Kollektion eine freie Gestaltung des Raums durch lineare, \u00fcber Eck oder\",\"breadcrumb\":{\"@id\":\"https:\/\/www.rimadesio.it\/de\/produkt\/air-system\/#breadcrumb\"},\"inLanguage\":\"de-DE\",\"potentialAction\":[{\"@type\":\"ReadAction\",\"target\":[\"https:\/\/www.rimadesio.it\/de\/produkt\/air-system\/\"]}]},{\"@type\":\"BreadcrumbList\",\"@id\":\"https:\/\/www.rimadesio.it\/de\/produkt\/air-system\/#breadcrumb\",\"itemListElement\":[{\"@type\":\"ListItem\",\"position\":1,\"name\":\"Homepage\",\"item\":\"https:\/\/www.rimadesio.it\/de\/\"},{\"@type\":\"ListItem\",\"position\":2,\"name\":\"Produkte\",\"item\":\"https:\/\/www.rimadesio.it\/de\/produkt\/\"},{\"@type\":\"ListItem\",\"position\":3,\"name\":\"B\u00fcrosysteme\",\"item\":\"https:\/\/www.rimadesio.it\/de\/produktkategorie\/burosysteme\/\"},{\"@type\":\"ListItem\",\"position\":4,\"name\":\"Rimadesio verdeckte Schiebet\u00fcren mit Schiene\",\"item\":\"https:\/\/www.rimadesio.it\/de\/produktkategorie\/burosysteme\/trennwandsysteme-office\/\"},{\"@type\":\"ListItem\",\"position\":5,\"name\":\"Air system\"}]},{\"@type\":\"WebSite\",\"@id\":\"https:\/\/www.rimadesio.it\/de\/#website\",\"url\":\"https:\/\/www.rimadesio.it\/de\/\",\"name\":\"Rimadesio\",\"description\":\"Rimadesio official website\",\"publisher\":{\"@id\":\"https:\/\/www.rimadesio.it\/de\/#organization\"},\"potentialAction\":[{\"@type\":\"SearchAction\",\"target\":{\"@type\":\"EntryPoint\",\"urlTemplate\":\"https:\/\/www.rimadesio.it\/de\/?s={search_term_string}\"},\"query-input\":\"required name=search_term_string\"}],\"inLanguage\":\"de-DE\"},{\"@type\":\"Organization\",\"@id\":\"https:\/\/www.rimadesio.it\/de\/#organization\",\"name\":\"Rimadesio\",\"url\":\"https:\/\/www.rimadesio.it\/de\/\",\"logo\":{\"@type\":\"ImageObject\",\"inLanguage\":\"de-DE\",\"@id\":\"https:\/\/www.rimadesio.it\/de\/#\/schema\/logo\/image\/\",\"url\":\"https:\/\/static.rimadesio.it\/media\/2021\/08\/Logo.png\",\"contentUrl\":\"https:\/\/static.rimadesio.it\/media\/2021\/08\/Logo.png\",\"width\":102,\"height\":18,\"caption\":\"Rimadesio\"},\"image\":{\"@id\":\"https:\/\/www.rimadesio.it\/de\/#\/schema\/logo\/image\/\"}}]}<\/script>\n<!-- \/ Yoast SEO plugin. -->","yoast_head_json":{"title":"Air system - Rimadesio","description":"System mit fixen Paneelen, das in Verbindung mit den bidirektionalen T\u00fcren der Kollektion eine freie Gestaltung des Raums durch lineare, \u00fcber Eck oder","robots":{"index":"index","follow":"follow","max-snippet":"max-snippet:-1","max-image-preview":"max-image-preview:large","max-video-preview":"max-video-preview:-1"},"canonical":"https:\/\/www.rimadesio.it\/de\/produkt\/air-system\/","og_locale":"de_DE","og_type":"article","og_title":"Air system - Rimadesio","og_description":"System mit fixen Paneelen, das in Verbindung mit den bidirektionalen T\u00fcren der Kollektion eine freie Gestaltung des Raums durch lineare, \u00fcber Eck oder","og_url":"https:\/\/www.rimadesio.it\/de\/produkt\/air-system\/","og_site_name":"Rimadesio","article_modified_time":"2026-04-21T08:10:52+00:00","twitter_card":"summary_large_image","schema":{"@context":"https:\/\/schema.org","@graph":[{"@type":"WebPage","@id":"https:\/\/www.rimadesio.it\/de\/produkt\/air-system\/","url":"https:\/\/www.rimadesio.it\/de\/produkt\/air-system\/","name":"Air system - Rimadesio","isPartOf":{"@id":"https:\/\/www.rimadesio.it\/de\/#website"},"datePublished":"2024-06-25T12:22:58+00:00","dateModified":"2026-04-21T08:10:52+00:00","description":"System mit fixen Paneelen, das in Verbindung mit den bidirektionalen T\u00fcren der Kollektion eine freie Gestaltung des Raums durch lineare, \u00fcber Eck oder","breadcrumb":{"@id":"https:\/\/www.rimadesio.it\/de\/produkt\/air-system\/#breadcrumb"},"inLanguage":"de-DE","potentialAction":[{"@type":"ReadAction","target":["https:\/\/www.rimadesio.it\/de\/produkt\/air-system\/"]}]},{"@type":"BreadcrumbList","@id":"https:\/\/www.rimadesio.it\/de\/produkt\/air-system\/#breadcrumb","itemListElement":[{"@type":"ListItem","position":1,"name":"Homepage","item":"https:\/\/www.rimadesio.it\/de\/"},{"@type":"ListItem","position":2,"name":"Produkte","item":"https:\/\/www.rimadesio.it\/de\/produkt\/"},{"@type":"ListItem","position":3,"name":"B\u00fcrosysteme","item":"https:\/\/www.rimadesio.it\/de\/produktkategorie\/burosysteme\/"},{"@type":"ListItem","position":4,"name":"Rimadesio verdeckte Schiebet\u00fcren mit Schiene","item":"https:\/\/www.rimadesio.it\/de\/produktkategorie\/burosysteme\/trennwandsysteme-office\/"},{"@type":"ListItem","position":5,"name":"Air system"}]},{"@type":"WebSite","@id":"https:\/\/www.rimadesio.it\/de\/#website","url":"https:\/\/www.rimadesio.it\/de\/","name":"Rimadesio","description":"Rimadesio official website","publisher":{"@id":"https:\/\/www.rimadesio.it\/de\/#organization"},"potentialAction":[{"@type":"SearchAction","target":{"@type":"EntryPoint","urlTemplate":"https:\/\/www.rimadesio.it\/de\/?s={search_term_string}"},"query-input":"required name=search_term_string"}],"inLanguage":"de-DE"},{"@type":"Organization","@id":"https:\/\/www.rimadesio.it\/de\/#organization","name":"Rimadesio","url":"https:\/\/www.rimadesio.it\/de\/","logo":{"@type":"ImageObject","inLanguage":"de-DE","@id":"https:\/\/www.rimadesio.it\/de\/#\/schema\/logo\/image\/","url":"https:\/\/static.rimadesio.it\/media\/2021\/08\/Logo.png","contentUrl":"https:\/\/static.rimadesio.it\/media\/2021\/08\/Logo.png","width":102,"height":18,"caption":"Rimadesio"},"image":{"@id":"https:\/\/www.rimadesio.it\/de\/#\/schema\/logo\/image\/"}}]}},"_links":{"self":[{"href":"https:\/\/www.rimadesio.it\/de\/wp-json\/wp\/v2\/product\/164030"}],"collection":[{"href":"https:\/\/www.rimadesio.it\/de\/wp-json\/wp\/v2\/product"}],"about":[{"href":"https:\/\/www.rimadesio.it\/de\/wp-json\/wp\/v2\/types\/product"}],"wp:attachment":[{"href":"https:\/\/www.rimadesio.it\/de\/wp-json\/wp\/v2\/media?parent=164030"}],"wp:term":[{"taxonomy":"product_category","embeddable":true,"href":"https:\/\/www.rimadesio.it\/de\/wp-json\/wp\/v2\/product_category?post=164030"}],"curies":[{"name":"wp","href":"https:\/\/api.w.org\/{rel}","templated":true}]}}