{"id":161983,"date":"2024-04-02T11:55:23","date_gmt":"2024-04-02T09:55:23","guid":{"rendered":"https:\/\/www.rimadesio.it\/?post_type=product&#038;p=161983"},"modified":"2026-04-21T10:16:11","modified_gmt":"2026-04-21T08:16:11","slug":"air","status":"publish","type":"product","link":"https:\/\/www.rimadesio.it\/de\/produkt\/air\/","title":{"rendered":"Air"},"content":{"rendered":"<p>Air ist ein beidseitiges, bidirektionales Dreht\u00fcrsystem \u00fcber die volle H\u00f6he und b\u00fcndig zur Wand. Die Struktur ist darauf ausgelegt, eine breite Palette visueller Typen und ein Maximum an funktionaler Qualit\u00e4t zu bieten.<br \/>\nAufgrund der vielseitigen Verwendbarkeit des Produkts kann es an einer Wand ohne Pfosten angebracht oder in die Modulor-Verkleidung integriert werden. Die stets nach Ma\u00df gefertigten Modelle erreichen eine maximale H\u00f6he von 3600 mm und eine Breite von 1540 mm.<\/p>\n","protected":false},"featured_media":0,"template":"","product_category":[267,265],"acf":[],"yoast_head":"<!-- This site is optimized with the Yoast SEO plugin v20.4 - https:\/\/yoast.com\/wordpress\/plugins\/seo\/ -->\n<title>Air - Rimadesio<\/title>\n<meta name=\"description\" content=\"Air ist ein beidseitiges, bidirektionales Dreht\u00fcrsystem \u00fcber die volle H\u00f6he und b\u00fcndig zur Wand. Die Struktur ist darauf ausgelegt, eine breite Palette\" \/>\n<meta name=\"robots\" content=\"index, follow, max-snippet:-1, max-image-preview:large, max-video-preview:-1\" \/>\n<link rel=\"canonical\" href=\"https:\/\/www.rimadesio.it\/de\/produkt\/air\/\" \/>\n<meta property=\"og:locale\" content=\"de_DE\" \/>\n<meta property=\"og:type\" content=\"article\" \/>\n<meta property=\"og:title\" content=\"Air - Rimadesio\" \/>\n<meta property=\"og:description\" content=\"Air ist ein beidseitiges, bidirektionales Dreht\u00fcrsystem \u00fcber die volle H\u00f6he und b\u00fcndig zur Wand. Die Struktur ist darauf ausgelegt, eine breite Palette\" \/>\n<meta property=\"og:url\" content=\"https:\/\/www.rimadesio.it\/de\/produkt\/air\/\" \/>\n<meta property=\"og:site_name\" content=\"Rimadesio\" \/>\n<meta property=\"article:modified_time\" content=\"2026-04-21T08:16:11+00:00\" \/>\n<meta name=\"twitter:card\" content=\"summary_large_image\" \/>\n<script type=\"application\/ld+json\" class=\"yoast-schema-graph\">{\"@context\":\"https:\/\/schema.org\",\"@graph\":[{\"@type\":\"WebPage\",\"@id\":\"https:\/\/www.rimadesio.it\/de\/produkt\/air\/\",\"url\":\"https:\/\/www.rimadesio.it\/de\/produkt\/air\/\",\"name\":\"Air - Rimadesio\",\"isPartOf\":{\"@id\":\"https:\/\/www.rimadesio.it\/de\/#website\"},\"datePublished\":\"2024-04-02T09:55:23+00:00\",\"dateModified\":\"2026-04-21T08:16:11+00:00\",\"description\":\"Air ist ein beidseitiges, bidirektionales Dreht\u00fcrsystem \u00fcber die volle H\u00f6he und b\u00fcndig zur Wand. Die Struktur ist darauf ausgelegt, eine breite Palette\",\"breadcrumb\":{\"@id\":\"https:\/\/www.rimadesio.it\/de\/produkt\/air\/#breadcrumb\"},\"inLanguage\":\"de-DE\",\"potentialAction\":[{\"@type\":\"ReadAction\",\"target\":[\"https:\/\/www.rimadesio.it\/de\/produkt\/air\/\"]}]},{\"@type\":\"BreadcrumbList\",\"@id\":\"https:\/\/www.rimadesio.it\/de\/produkt\/air\/#breadcrumb\",\"itemListElement\":[{\"@type\":\"ListItem\",\"position\":1,\"name\":\"Homepage\",\"item\":\"https:\/\/www.rimadesio.it\/de\/\"},{\"@type\":\"ListItem\",\"position\":2,\"name\":\"Produkte\",\"item\":\"https:\/\/www.rimadesio.it\/de\/produkt\/\"},{\"@type\":\"ListItem\",\"position\":3,\"name\":\"T\u00fcren\",\"item\":\"https:\/\/www.rimadesio.it\/de\/produktkategorie\/turen\/\"},{\"@type\":\"ListItem\",\"position\":4,\"name\":\"Pendelt\u00fcren\",\"item\":\"https:\/\/www.rimadesio.it\/de\/produktkategorie\/turen\/pendelturen\/\"},{\"@type\":\"ListItem\",\"position\":5,\"name\":\"Air\"}]},{\"@type\":\"WebSite\",\"@id\":\"https:\/\/www.rimadesio.it\/de\/#website\",\"url\":\"https:\/\/www.rimadesio.it\/de\/\",\"name\":\"Rimadesio\",\"description\":\"Rimadesio official website\",\"publisher\":{\"@id\":\"https:\/\/www.rimadesio.it\/de\/#organization\"},\"potentialAction\":[{\"@type\":\"SearchAction\",\"target\":{\"@type\":\"EntryPoint\",\"urlTemplate\":\"https:\/\/www.rimadesio.it\/de\/?s={search_term_string}\"},\"query-input\":\"required name=search_term_string\"}],\"inLanguage\":\"de-DE\"},{\"@type\":\"Organization\",\"@id\":\"https:\/\/www.rimadesio.it\/de\/#organization\",\"name\":\"Rimadesio\",\"url\":\"https:\/\/www.rimadesio.it\/de\/\",\"logo\":{\"@type\":\"ImageObject\",\"inLanguage\":\"de-DE\",\"@id\":\"https:\/\/www.rimadesio.it\/de\/#\/schema\/logo\/image\/\",\"url\":\"https:\/\/static.rimadesio.it\/media\/2021\/08\/Logo.png\",\"contentUrl\":\"https:\/\/static.rimadesio.it\/media\/2021\/08\/Logo.png\",\"width\":102,\"height\":18,\"caption\":\"Rimadesio\"},\"image\":{\"@id\":\"https:\/\/www.rimadesio.it\/de\/#\/schema\/logo\/image\/\"}}]}<\/script>\n<!-- \/ Yoast SEO plugin. -->","yoast_head_json":{"title":"Air - Rimadesio","description":"Air ist ein beidseitiges, bidirektionales Dreht\u00fcrsystem \u00fcber die volle H\u00f6he und b\u00fcndig zur Wand. Die Struktur ist darauf ausgelegt, eine breite Palette","robots":{"index":"index","follow":"follow","max-snippet":"max-snippet:-1","max-image-preview":"max-image-preview:large","max-video-preview":"max-video-preview:-1"},"canonical":"https:\/\/www.rimadesio.it\/de\/produkt\/air\/","og_locale":"de_DE","og_type":"article","og_title":"Air - Rimadesio","og_description":"Air ist ein beidseitiges, bidirektionales Dreht\u00fcrsystem \u00fcber die volle H\u00f6he und b\u00fcndig zur Wand. Die Struktur ist darauf ausgelegt, eine breite Palette","og_url":"https:\/\/www.rimadesio.it\/de\/produkt\/air\/","og_site_name":"Rimadesio","article_modified_time":"2026-04-21T08:16:11+00:00","twitter_card":"summary_large_image","schema":{"@context":"https:\/\/schema.org","@graph":[{"@type":"WebPage","@id":"https:\/\/www.rimadesio.it\/de\/produkt\/air\/","url":"https:\/\/www.rimadesio.it\/de\/produkt\/air\/","name":"Air - Rimadesio","isPartOf":{"@id":"https:\/\/www.rimadesio.it\/de\/#website"},"datePublished":"2024-04-02T09:55:23+00:00","dateModified":"2026-04-21T08:16:11+00:00","description":"Air ist ein beidseitiges, bidirektionales Dreht\u00fcrsystem \u00fcber die volle H\u00f6he und b\u00fcndig zur Wand. Die Struktur ist darauf ausgelegt, eine breite Palette","breadcrumb":{"@id":"https:\/\/www.rimadesio.it\/de\/produkt\/air\/#breadcrumb"},"inLanguage":"de-DE","potentialAction":[{"@type":"ReadAction","target":["https:\/\/www.rimadesio.it\/de\/produkt\/air\/"]}]},{"@type":"BreadcrumbList","@id":"https:\/\/www.rimadesio.it\/de\/produkt\/air\/#breadcrumb","itemListElement":[{"@type":"ListItem","position":1,"name":"Homepage","item":"https:\/\/www.rimadesio.it\/de\/"},{"@type":"ListItem","position":2,"name":"Produkte","item":"https:\/\/www.rimadesio.it\/de\/produkt\/"},{"@type":"ListItem","position":3,"name":"T\u00fcren","item":"https:\/\/www.rimadesio.it\/de\/produktkategorie\/turen\/"},{"@type":"ListItem","position":4,"name":"Pendelt\u00fcren","item":"https:\/\/www.rimadesio.it\/de\/produktkategorie\/turen\/pendelturen\/"},{"@type":"ListItem","position":5,"name":"Air"}]},{"@type":"WebSite","@id":"https:\/\/www.rimadesio.it\/de\/#website","url":"https:\/\/www.rimadesio.it\/de\/","name":"Rimadesio","description":"Rimadesio official website","publisher":{"@id":"https:\/\/www.rimadesio.it\/de\/#organization"},"potentialAction":[{"@type":"SearchAction","target":{"@type":"EntryPoint","urlTemplate":"https:\/\/www.rimadesio.it\/de\/?s={search_term_string}"},"query-input":"required name=search_term_string"}],"inLanguage":"de-DE"},{"@type":"Organization","@id":"https:\/\/www.rimadesio.it\/de\/#organization","name":"Rimadesio","url":"https:\/\/www.rimadesio.it\/de\/","logo":{"@type":"ImageObject","inLanguage":"de-DE","@id":"https:\/\/www.rimadesio.it\/de\/#\/schema\/logo\/image\/","url":"https:\/\/static.rimadesio.it\/media\/2021\/08\/Logo.png","contentUrl":"https:\/\/static.rimadesio.it\/media\/2021\/08\/Logo.png","width":102,"height":18,"caption":"Rimadesio"},"image":{"@id":"https:\/\/www.rimadesio.it\/de\/#\/schema\/logo\/image\/"}}]}},"_links":{"self":[{"href":"https:\/\/www.rimadesio.it\/de\/wp-json\/wp\/v2\/product\/161983"}],"collection":[{"href":"https:\/\/www.rimadesio.it\/de\/wp-json\/wp\/v2\/product"}],"about":[{"href":"https:\/\/www.rimadesio.it\/de\/wp-json\/wp\/v2\/types\/product"}],"wp:attachment":[{"href":"https:\/\/www.rimadesio.it\/de\/wp-json\/wp\/v2\/media?parent=161983"}],"wp:term":[{"taxonomy":"product_category","embeddable":true,"href":"https:\/\/www.rimadesio.it\/de\/wp-json\/wp\/v2\/product_category?post=161983"}],"curies":[{"name":"wp","href":"https:\/\/api.w.org\/{rel}","templated":true}]}}