{"id":161774,"date":"2024-03-26T15:28:26","date_gmt":"2024-03-26T14:28:26","guid":{"rendered":"https:\/\/www.rimadesio.it\/?post_type=product&#038;p=161774"},"modified":"2025-03-10T15:37:09","modified_gmt":"2025-03-10T14:37:09","slug":"altair","status":"publish","type":"product","link":"https:\/\/www.rimadesio.it\/de\/produkt\/altair\/","title":{"rendered":"Altair"},"content":{"rendered":"<p>Altair, das neue beidseitige Beh\u00e4lter-System ist in verschiedenen Gr\u00f6\u00dfen erh\u00e4ltlich und f\u00fcr Wohnr\u00e4ume oder \u00f6ffentliche R\u00e4ume gedacht. Das charakteristische Element des Systems ist die gro\u00dfe, beidseitig zu \u00f6ffnende Schublade, die auf verdeckten F\u00fchrungen gleitet und das Herausziehen der gro\u00dfen F\u00e4cher aus Olmo und Rovere Termotrattato erm\u00f6glicht. Das System kann in Bezug auf Oberfl\u00e4chenausf\u00fchrung und Zubeh\u00f6r an die Bed\u00fcrfnisse des Kunden angepasst werden, sodass es sich mit allen M\u00f6beln der Kollektion kombinieren l\u00e4sst.<\/p>\n","protected":false},"featured_media":0,"template":"","product_category":[276,256,277,615],"acf":[],"yoast_head":"<!-- This site is optimized with the Yoast SEO plugin v20.4 - https:\/\/yoast.com\/wordpress\/plugins\/seo\/ -->\n<title>Altair - Rimadesio<\/title>\n<meta name=\"description\" content=\"Altair, das neue beidseitige Beh\u00e4lter-System ist in verschiedenen Gr\u00f6\u00dfen erh\u00e4ltlich und f\u00fcr Wohnr\u00e4ume oder \u00f6ffentliche R\u00e4ume gedacht. Das\" \/>\n<meta name=\"robots\" content=\"index, follow, max-snippet:-1, max-image-preview:large, max-video-preview:-1\" \/>\n<link rel=\"canonical\" href=\"https:\/\/www.rimadesio.it\/de\/produkt\/altair\/\" \/>\n<meta property=\"og:locale\" content=\"de_DE\" \/>\n<meta property=\"og:type\" content=\"article\" \/>\n<meta property=\"og:title\" content=\"Altair - Rimadesio\" \/>\n<meta property=\"og:description\" content=\"Altair, das neue beidseitige Beh\u00e4lter-System ist in verschiedenen Gr\u00f6\u00dfen erh\u00e4ltlich und f\u00fcr Wohnr\u00e4ume oder \u00f6ffentliche R\u00e4ume gedacht. Das\" \/>\n<meta property=\"og:url\" content=\"https:\/\/www.rimadesio.it\/de\/produkt\/altair\/\" \/>\n<meta property=\"og:site_name\" content=\"Rimadesio\" \/>\n<meta property=\"article:modified_time\" content=\"2025-03-10T14:37:09+00:00\" \/>\n<meta name=\"twitter:card\" content=\"summary_large_image\" \/>\n<script type=\"application\/ld+json\" class=\"yoast-schema-graph\">{\"@context\":\"https:\/\/schema.org\",\"@graph\":[{\"@type\":\"WebPage\",\"@id\":\"https:\/\/www.rimadesio.it\/de\/produkt\/altair\/\",\"url\":\"https:\/\/www.rimadesio.it\/de\/produkt\/altair\/\",\"name\":\"Altair - Rimadesio\",\"isPartOf\":{\"@id\":\"https:\/\/www.rimadesio.it\/de\/#website\"},\"datePublished\":\"2024-03-26T14:28:26+00:00\",\"dateModified\":\"2025-03-10T14:37:09+00:00\",\"description\":\"Altair, das neue beidseitige Beh\u00e4lter-System ist in verschiedenen Gr\u00f6\u00dfen erh\u00e4ltlich und f\u00fcr Wohnr\u00e4ume oder \u00f6ffentliche R\u00e4ume gedacht. Das\",\"breadcrumb\":{\"@id\":\"https:\/\/www.rimadesio.it\/de\/produkt\/altair\/#breadcrumb\"},\"inLanguage\":\"de-DE\",\"potentialAction\":[{\"@type\":\"ReadAction\",\"target\":[\"https:\/\/www.rimadesio.it\/de\/produkt\/altair\/\"]}]},{\"@type\":\"BreadcrumbList\",\"@id\":\"https:\/\/www.rimadesio.it\/de\/produkt\/altair\/#breadcrumb\",\"itemListElement\":[{\"@type\":\"ListItem\",\"position\":1,\"name\":\"Homepage\",\"item\":\"https:\/\/www.rimadesio.it\/de\/\"},{\"@type\":\"ListItem\",\"position\":2,\"name\":\"Produkte\",\"item\":\"https:\/\/www.rimadesio.it\/de\/produkt\/\"},{\"@type\":\"ListItem\",\"position\":3,\"name\":\"Einrichtungsgegenst\u00e4nde\",\"item\":\"https:\/\/www.rimadesio.it\/de\/produktkategorie\/einzelmobel\/\"},{\"@type\":\"ListItem\",\"position\":4,\"name\":\"Vitrinen und Displays\",\"item\":\"https:\/\/www.rimadesio.it\/de\/produktkategorie\/einzelmobel\/vitrinen-2\/\"},{\"@type\":\"ListItem\",\"position\":5,\"name\":\"Altair\"}]},{\"@type\":\"WebSite\",\"@id\":\"https:\/\/www.rimadesio.it\/de\/#website\",\"url\":\"https:\/\/www.rimadesio.it\/de\/\",\"name\":\"Rimadesio\",\"description\":\"Rimadesio official website\",\"publisher\":{\"@id\":\"https:\/\/www.rimadesio.it\/de\/#organization\"},\"potentialAction\":[{\"@type\":\"SearchAction\",\"target\":{\"@type\":\"EntryPoint\",\"urlTemplate\":\"https:\/\/www.rimadesio.it\/de\/?s={search_term_string}\"},\"query-input\":\"required name=search_term_string\"}],\"inLanguage\":\"de-DE\"},{\"@type\":\"Organization\",\"@id\":\"https:\/\/www.rimadesio.it\/de\/#organization\",\"name\":\"Rimadesio\",\"url\":\"https:\/\/www.rimadesio.it\/de\/\",\"logo\":{\"@type\":\"ImageObject\",\"inLanguage\":\"de-DE\",\"@id\":\"https:\/\/www.rimadesio.it\/de\/#\/schema\/logo\/image\/\",\"url\":\"https:\/\/static.rimadesio.it\/media\/2021\/08\/Logo.png\",\"contentUrl\":\"https:\/\/static.rimadesio.it\/media\/2021\/08\/Logo.png\",\"width\":102,\"height\":18,\"caption\":\"Rimadesio\"},\"image\":{\"@id\":\"https:\/\/www.rimadesio.it\/de\/#\/schema\/logo\/image\/\"}}]}<\/script>\n<!-- \/ Yoast SEO plugin. -->","yoast_head_json":{"title":"Altair - Rimadesio","description":"Altair, das neue beidseitige Beh\u00e4lter-System ist in verschiedenen Gr\u00f6\u00dfen erh\u00e4ltlich und f\u00fcr Wohnr\u00e4ume oder \u00f6ffentliche R\u00e4ume gedacht. Das","robots":{"index":"index","follow":"follow","max-snippet":"max-snippet:-1","max-image-preview":"max-image-preview:large","max-video-preview":"max-video-preview:-1"},"canonical":"https:\/\/www.rimadesio.it\/de\/produkt\/altair\/","og_locale":"de_DE","og_type":"article","og_title":"Altair - Rimadesio","og_description":"Altair, das neue beidseitige Beh\u00e4lter-System ist in verschiedenen Gr\u00f6\u00dfen erh\u00e4ltlich und f\u00fcr Wohnr\u00e4ume oder \u00f6ffentliche R\u00e4ume gedacht. Das","og_url":"https:\/\/www.rimadesio.it\/de\/produkt\/altair\/","og_site_name":"Rimadesio","article_modified_time":"2025-03-10T14:37:09+00:00","twitter_card":"summary_large_image","schema":{"@context":"https:\/\/schema.org","@graph":[{"@type":"WebPage","@id":"https:\/\/www.rimadesio.it\/de\/produkt\/altair\/","url":"https:\/\/www.rimadesio.it\/de\/produkt\/altair\/","name":"Altair - Rimadesio","isPartOf":{"@id":"https:\/\/www.rimadesio.it\/de\/#website"},"datePublished":"2024-03-26T14:28:26+00:00","dateModified":"2025-03-10T14:37:09+00:00","description":"Altair, das neue beidseitige Beh\u00e4lter-System ist in verschiedenen Gr\u00f6\u00dfen erh\u00e4ltlich und f\u00fcr Wohnr\u00e4ume oder \u00f6ffentliche R\u00e4ume gedacht. Das","breadcrumb":{"@id":"https:\/\/www.rimadesio.it\/de\/produkt\/altair\/#breadcrumb"},"inLanguage":"de-DE","potentialAction":[{"@type":"ReadAction","target":["https:\/\/www.rimadesio.it\/de\/produkt\/altair\/"]}]},{"@type":"BreadcrumbList","@id":"https:\/\/www.rimadesio.it\/de\/produkt\/altair\/#breadcrumb","itemListElement":[{"@type":"ListItem","position":1,"name":"Homepage","item":"https:\/\/www.rimadesio.it\/de\/"},{"@type":"ListItem","position":2,"name":"Produkte","item":"https:\/\/www.rimadesio.it\/de\/produkt\/"},{"@type":"ListItem","position":3,"name":"Einrichtungsgegenst\u00e4nde","item":"https:\/\/www.rimadesio.it\/de\/produktkategorie\/einzelmobel\/"},{"@type":"ListItem","position":4,"name":"Vitrinen und Displays","item":"https:\/\/www.rimadesio.it\/de\/produktkategorie\/einzelmobel\/vitrinen-2\/"},{"@type":"ListItem","position":5,"name":"Altair"}]},{"@type":"WebSite","@id":"https:\/\/www.rimadesio.it\/de\/#website","url":"https:\/\/www.rimadesio.it\/de\/","name":"Rimadesio","description":"Rimadesio official website","publisher":{"@id":"https:\/\/www.rimadesio.it\/de\/#organization"},"potentialAction":[{"@type":"SearchAction","target":{"@type":"EntryPoint","urlTemplate":"https:\/\/www.rimadesio.it\/de\/?s={search_term_string}"},"query-input":"required name=search_term_string"}],"inLanguage":"de-DE"},{"@type":"Organization","@id":"https:\/\/www.rimadesio.it\/de\/#organization","name":"Rimadesio","url":"https:\/\/www.rimadesio.it\/de\/","logo":{"@type":"ImageObject","inLanguage":"de-DE","@id":"https:\/\/www.rimadesio.it\/de\/#\/schema\/logo\/image\/","url":"https:\/\/static.rimadesio.it\/media\/2021\/08\/Logo.png","contentUrl":"https:\/\/static.rimadesio.it\/media\/2021\/08\/Logo.png","width":102,"height":18,"caption":"Rimadesio"},"image":{"@id":"https:\/\/www.rimadesio.it\/de\/#\/schema\/logo\/image\/"}}]}},"_links":{"self":[{"href":"https:\/\/www.rimadesio.it\/de\/wp-json\/wp\/v2\/product\/161774"}],"collection":[{"href":"https:\/\/www.rimadesio.it\/de\/wp-json\/wp\/v2\/product"}],"about":[{"href":"https:\/\/www.rimadesio.it\/de\/wp-json\/wp\/v2\/types\/product"}],"wp:attachment":[{"href":"https:\/\/www.rimadesio.it\/de\/wp-json\/wp\/v2\/media?parent=161774"}],"wp:term":[{"taxonomy":"product_category","embeddable":true,"href":"https:\/\/www.rimadesio.it\/de\/wp-json\/wp\/v2\/product_category?post=161774"}],"curies":[{"name":"wp","href":"https:\/\/api.w.org\/{rel}","templated":true}]}}