{"id":156297,"date":"2022-04-26T10:58:03","date_gmt":"2022-04-26T08:58:03","guid":{"rendered":"https:\/\/www.rimadesio.it\/?post_type=product&#038;p=156297"},"modified":"2026-04-15T09:26:56","modified_gmt":"2026-04-15T07:26:56","slug":"cover-open","status":"publish","type":"product","link":"https:\/\/www.rimadesio.it\/de\/produkt\/cover-open\/","title":{"rendered":"Cover Open"},"content":{"rendered":"<p>Cover Open ist Ausdruck der st\u00e4ndigen technischen Forschung von Rimadesio und eine innovative Garderobenl\u00f6sung, die stets auf Ma\u00df gefertigt und perfekt in die Freestanding Version mit Fl\u00fcgelt\u00fcren integriert ist. Erh\u00e4ltlich in linearen, eckigen und C-f\u00f6rmigen Zusammensetzungen, garantiert es dank des breiten Ausstattungsspektrums des Cover-Systems ein H\u00f6chstma\u00df an Anpassung.<\/p>\n","protected":false},"featured_media":0,"template":"","product_category":[257,256],"acf":[],"yoast_head":"<!-- This site is optimized with the Yoast SEO plugin v20.4 - https:\/\/yoast.com\/wordpress\/plugins\/seo\/ -->\n<title>Cover Open - Rimadesio<\/title>\n<meta name=\"description\" content=\"Cover Open ist Ausdruck der st\u00e4ndigen technischen Forschung von Rimadesio und eine innovative Garderobenl\u00f6sung, die stets auf Ma\u00df gefertigt und perfekt in\" \/>\n<meta name=\"robots\" content=\"index, follow, max-snippet:-1, max-image-preview:large, max-video-preview:-1\" \/>\n<link rel=\"canonical\" href=\"https:\/\/www.rimadesio.it\/de\/produkt\/cover-open\/\" \/>\n<meta property=\"og:locale\" content=\"de_DE\" \/>\n<meta property=\"og:type\" content=\"article\" \/>\n<meta property=\"og:title\" content=\"Cover Open - Rimadesio\" \/>\n<meta property=\"og:description\" content=\"Cover Open ist Ausdruck der st\u00e4ndigen technischen Forschung von Rimadesio und eine innovative Garderobenl\u00f6sung, die stets auf Ma\u00df gefertigt und perfekt in\" \/>\n<meta property=\"og:url\" content=\"https:\/\/www.rimadesio.it\/de\/produkt\/cover-open\/\" \/>\n<meta property=\"og:site_name\" content=\"Rimadesio\" \/>\n<meta property=\"article:modified_time\" content=\"2026-04-15T07:26:56+00:00\" \/>\n<meta name=\"twitter:card\" content=\"summary_large_image\" \/>\n<meta name=\"twitter:label1\" content=\"Est. reading time\" \/>\n\t<meta name=\"twitter:data1\" content=\"1 minute\" \/>\n<script type=\"application\/ld+json\" class=\"yoast-schema-graph\">{\"@context\":\"https:\/\/schema.org\",\"@graph\":[{\"@type\":\"WebPage\",\"@id\":\"https:\/\/www.rimadesio.it\/de\/produkt\/cover-open\/\",\"url\":\"https:\/\/www.rimadesio.it\/de\/produkt\/cover-open\/\",\"name\":\"Cover Open - Rimadesio\",\"isPartOf\":{\"@id\":\"https:\/\/www.rimadesio.it\/de\/#website\"},\"datePublished\":\"2022-04-26T08:58:03+00:00\",\"dateModified\":\"2026-04-15T07:26:56+00:00\",\"description\":\"Cover Open ist Ausdruck der st\u00e4ndigen technischen Forschung von Rimadesio und eine innovative Garderobenl\u00f6sung, die stets auf Ma\u00df gefertigt und perfekt in\",\"breadcrumb\":{\"@id\":\"https:\/\/www.rimadesio.it\/de\/produkt\/cover-open\/#breadcrumb\"},\"inLanguage\":\"de-DE\",\"potentialAction\":[{\"@type\":\"ReadAction\",\"target\":[\"https:\/\/www.rimadesio.it\/de\/produkt\/cover-open\/\"]}]},{\"@type\":\"BreadcrumbList\",\"@id\":\"https:\/\/www.rimadesio.it\/de\/produkt\/cover-open\/#breadcrumb\",\"itemListElement\":[{\"@type\":\"ListItem\",\"position\":1,\"name\":\"Homepage\",\"item\":\"https:\/\/www.rimadesio.it\/de\/\"},{\"@type\":\"ListItem\",\"position\":2,\"name\":\"Produkte\",\"item\":\"https:\/\/www.rimadesio.it\/de\/produkt\/\"},{\"@type\":\"ListItem\",\"position\":3,\"name\":\"Schlafzimmersysteme\",\"item\":\"https:\/\/www.rimadesio.it\/de\/produktkategorie\/schlafraum\/\"},{\"@type\":\"ListItem\",\"position\":4,\"name\":\"Schr\u00e4nke\",\"item\":\"https:\/\/www.rimadesio.it\/de\/produktkategorie\/schlafraum\/schranke-und-verriegelungssysteme\/\"},{\"@type\":\"ListItem\",\"position\":5,\"name\":\"Cover Open\"}]},{\"@type\":\"WebSite\",\"@id\":\"https:\/\/www.rimadesio.it\/de\/#website\",\"url\":\"https:\/\/www.rimadesio.it\/de\/\",\"name\":\"Rimadesio\",\"description\":\"Rimadesio official website\",\"publisher\":{\"@id\":\"https:\/\/www.rimadesio.it\/de\/#organization\"},\"potentialAction\":[{\"@type\":\"SearchAction\",\"target\":{\"@type\":\"EntryPoint\",\"urlTemplate\":\"https:\/\/www.rimadesio.it\/de\/?s={search_term_string}\"},\"query-input\":\"required name=search_term_string\"}],\"inLanguage\":\"de-DE\"},{\"@type\":\"Organization\",\"@id\":\"https:\/\/www.rimadesio.it\/de\/#organization\",\"name\":\"Rimadesio\",\"url\":\"https:\/\/www.rimadesio.it\/de\/\",\"logo\":{\"@type\":\"ImageObject\",\"inLanguage\":\"de-DE\",\"@id\":\"https:\/\/www.rimadesio.it\/de\/#\/schema\/logo\/image\/\",\"url\":\"https:\/\/static.rimadesio.it\/media\/2021\/08\/Logo.png\",\"contentUrl\":\"https:\/\/static.rimadesio.it\/media\/2021\/08\/Logo.png\",\"width\":102,\"height\":18,\"caption\":\"Rimadesio\"},\"image\":{\"@id\":\"https:\/\/www.rimadesio.it\/de\/#\/schema\/logo\/image\/\"}}]}<\/script>\n<!-- \/ Yoast SEO plugin. -->","yoast_head_json":{"title":"Cover Open - Rimadesio","description":"Cover Open ist Ausdruck der st\u00e4ndigen technischen Forschung von Rimadesio und eine innovative Garderobenl\u00f6sung, die stets auf Ma\u00df gefertigt und perfekt in","robots":{"index":"index","follow":"follow","max-snippet":"max-snippet:-1","max-image-preview":"max-image-preview:large","max-video-preview":"max-video-preview:-1"},"canonical":"https:\/\/www.rimadesio.it\/de\/produkt\/cover-open\/","og_locale":"de_DE","og_type":"article","og_title":"Cover Open - Rimadesio","og_description":"Cover Open ist Ausdruck der st\u00e4ndigen technischen Forschung von Rimadesio und eine innovative Garderobenl\u00f6sung, die stets auf Ma\u00df gefertigt und perfekt in","og_url":"https:\/\/www.rimadesio.it\/de\/produkt\/cover-open\/","og_site_name":"Rimadesio","article_modified_time":"2026-04-15T07:26:56+00:00","twitter_card":"summary_large_image","twitter_misc":{"Est. reading time":"1 minute"},"schema":{"@context":"https:\/\/schema.org","@graph":[{"@type":"WebPage","@id":"https:\/\/www.rimadesio.it\/de\/produkt\/cover-open\/","url":"https:\/\/www.rimadesio.it\/de\/produkt\/cover-open\/","name":"Cover Open - Rimadesio","isPartOf":{"@id":"https:\/\/www.rimadesio.it\/de\/#website"},"datePublished":"2022-04-26T08:58:03+00:00","dateModified":"2026-04-15T07:26:56+00:00","description":"Cover Open ist Ausdruck der st\u00e4ndigen technischen Forschung von Rimadesio und eine innovative Garderobenl\u00f6sung, die stets auf Ma\u00df gefertigt und perfekt in","breadcrumb":{"@id":"https:\/\/www.rimadesio.it\/de\/produkt\/cover-open\/#breadcrumb"},"inLanguage":"de-DE","potentialAction":[{"@type":"ReadAction","target":["https:\/\/www.rimadesio.it\/de\/produkt\/cover-open\/"]}]},{"@type":"BreadcrumbList","@id":"https:\/\/www.rimadesio.it\/de\/produkt\/cover-open\/#breadcrumb","itemListElement":[{"@type":"ListItem","position":1,"name":"Homepage","item":"https:\/\/www.rimadesio.it\/de\/"},{"@type":"ListItem","position":2,"name":"Produkte","item":"https:\/\/www.rimadesio.it\/de\/produkt\/"},{"@type":"ListItem","position":3,"name":"Schlafzimmersysteme","item":"https:\/\/www.rimadesio.it\/de\/produktkategorie\/schlafraum\/"},{"@type":"ListItem","position":4,"name":"Schr\u00e4nke","item":"https:\/\/www.rimadesio.it\/de\/produktkategorie\/schlafraum\/schranke-und-verriegelungssysteme\/"},{"@type":"ListItem","position":5,"name":"Cover Open"}]},{"@type":"WebSite","@id":"https:\/\/www.rimadesio.it\/de\/#website","url":"https:\/\/www.rimadesio.it\/de\/","name":"Rimadesio","description":"Rimadesio official website","publisher":{"@id":"https:\/\/www.rimadesio.it\/de\/#organization"},"potentialAction":[{"@type":"SearchAction","target":{"@type":"EntryPoint","urlTemplate":"https:\/\/www.rimadesio.it\/de\/?s={search_term_string}"},"query-input":"required name=search_term_string"}],"inLanguage":"de-DE"},{"@type":"Organization","@id":"https:\/\/www.rimadesio.it\/de\/#organization","name":"Rimadesio","url":"https:\/\/www.rimadesio.it\/de\/","logo":{"@type":"ImageObject","inLanguage":"de-DE","@id":"https:\/\/www.rimadesio.it\/de\/#\/schema\/logo\/image\/","url":"https:\/\/static.rimadesio.it\/media\/2021\/08\/Logo.png","contentUrl":"https:\/\/static.rimadesio.it\/media\/2021\/08\/Logo.png","width":102,"height":18,"caption":"Rimadesio"},"image":{"@id":"https:\/\/www.rimadesio.it\/de\/#\/schema\/logo\/image\/"}}]}},"_links":{"self":[{"href":"https:\/\/www.rimadesio.it\/de\/wp-json\/wp\/v2\/product\/156297"}],"collection":[{"href":"https:\/\/www.rimadesio.it\/de\/wp-json\/wp\/v2\/product"}],"about":[{"href":"https:\/\/www.rimadesio.it\/de\/wp-json\/wp\/v2\/types\/product"}],"wp:attachment":[{"href":"https:\/\/www.rimadesio.it\/de\/wp-json\/wp\/v2\/media?parent=156297"}],"wp:term":[{"taxonomy":"product_category","embeddable":true,"href":"https:\/\/www.rimadesio.it\/de\/wp-json\/wp\/v2\/product_category?post=156297"}],"curies":[{"name":"wp","href":"https:\/\/api.w.org\/{rel}","templated":true}]}}